{"id":562,"date":"2021-11-14T11:36:49","date_gmt":"2021-11-14T11:36:49","guid":{"rendered":"https:\/\/kaelberer-online.de\/services\/?page_id=562"},"modified":"2021-11-14T11:36:49","modified_gmt":"2021-11-14T11:36:49","slug":"pc-service-privat-albershausen","status":"publish","type":"page","link":"https:\/\/www.kaelberer-online.de\/services\/privat\/pc-service-privat-albershausen\/","title":{"rendered":"PC Service Privat f\u00fcr Albershausen &#8211; Tel. 07164 909700"},"content":{"rendered":"<h2>Ihr IT-Experte aus der nahe gelegenen Umgebung: <span style=\"color: #4F81BD;\"><strong>kaelberer services<\/strong><\/span> &#8211; unsere Firma ist nur rund 3.1 Kilometer von Ihnen entfernt.<\/h2>\n<p>Bei uns ist Ihre Rechner-Fehlerbehebung in den besten H\u00e4nden! Dar\u00fcber hinaus k\u00f6nnen wir gewissenhaft IT-Wartungen inklusive Virenentfernung an Ihrem PC durchf\u00fchren. Eventuell ben\u00f6tigen Sie kompetente Kaufberatung, Datensicherung oder PC-Aufr\u00fcstung? In diesem Fall sind wir der perfekte Partner!<\/p>\n<h2>Unsere Spezialisten in Zell u. A. legen gro\u00dfen Wert auf pers\u00f6nlichen EDV-Service f\u00fcr unsere Privaten Kunden.<\/h2>\n<p>Nehmen Sie mit uns Kontakt auf unter Telefon 07164 909700 und verlangen Sie unsere PC-Unterst\u00fctzung. Dieses Angebot gilt sowohl in unseren B\u00fcror\u00e4umen als auch via Fernwartung oder vor Ort bei Ihnen in Albershausen. Wir sind Ihre fachkundige Heimcomputer- Betreuung Ihr IT-Profi<\/p>\n<h3>Die Services unserer Firma auf einen Blick:<\/h3>\n<ul>\n<li>Es kommt \u00f6fter vor, als gedacht: ein unachtsamer Moment \u2013 falsche Taste gedr\u00fcckt und die Daten sind gel\u00f6scht.<\/li>\n<li>Installation, Konfiguration von Ger\u00e4ten wie auch Software<\/li>\n<li>Kompetente Schadensabwicklung rund um Heimcomputer und Datensicherung<\/li>\n<li>Erweiterung von Personalcomputer beziehungsweise Notebook<\/li>\n<li>Virenentfernung, Virenschutz wie auch professionelle Datensicherung<\/li>\n<\/ul>\n<p><strong><span style=\"color: #FF0000;\">Erg\u00e4nzende Leistungen auf Anfrage Tel.: 07164 909700<\/span><\/strong><\/p>\n<h2>Installation von Ger\u00e4ten oder Software<\/h2>\n<p>In unserer schnelllebigen Umgebung gibt es unabl\u00e4ssig Neuerungen. Der Erwerb eines neuen PCs, Druckers, Scanners oder einer Fritz box kann f\u00fcr den Laien sehr anspruchsvoll sein. Sie haben weder Zeit noch Wissen, wie moderne Tools genutzt werden? Dann supporten wir Sie nat\u00fcrlich dabei. Nat\u00fcrlich z\u00e4hlt die Ger\u00e4te- sowie Softwareinstallation zu unseren Arbeiten.<\/p>\n<p>Personal Computer sowie Laptop-Aufr\u00fcstung \u2013 verl\u00e4sslich und qualifiziert von kaelberer services.<\/p>\n<p>Technik steht nie still. Um Ihren Heimcomputer auf einem neuesten Stand zu halten, sollte von Zeit zu Zeit eine fachm\u00e4nnische Aufr\u00fcstung durchgef\u00fchrt werden. Ihre Hardware-Aufr\u00fcstung ist bei uns in fachm\u00e4nnischer Hand.<\/p>\n<h2>Schadensabwicklung vom Profi<\/h2>\n<p>Sollte Ihr Rechner nicht mehr korrekt funktionieren oder das Smartphone oder Notebook l\u00e4diert ist, dann wenden Sie sich vertrauensvoll an kaelberer-services.<\/p>\n<p>Vollservice f\u00fcr jegliche Personalcomputer, egal welches Model.<\/p>\n<p>Umfassende Service-Leistungen, die Ihren Computer und Notebook betreffen, \u00fcbernehmen unsere Experten mit reichlich Sorgfalt. <span style=\"color: #4F81BD;\"><strong>kaelberer services<\/strong><\/span> ist Ihr erfahrener Profi f\u00fcr Services in Albershausen. Dabei ist unser Angebot sehr breit gef\u00e4chert. Au\u00dferdem offerieren wir neben PC-Reparatur auch viele EDV-Leistungen wie Datensicherung, Installation von Software und Schulungen.<\/p>\n<h2>PC-Unterst\u00fctzung f\u00fcr Privatkunden<\/h2>\n<p>Die Anforderungen von Privatkunden erfordern h\u00e4ufig passende Services. Unsere Firma ist darauf eingestellt. Ihren \u00e4lteren Laptop m\u00fcssen Sie nicht gleich zum Wertstoffhof bringen, wom\u00f6glich ben\u00f6tigt er nur eine Runderneuerung und eine moderne SSD-Harddisk. In diesem Fall gibt eine Reihe von L\u00f6sungen, Nachhaltigkeit ins Spiel zu bringen.<\/p>\n<p><strong><cite>Rechner-Dienst privat: <span style=\"color: #4F81BD;\"><strong>kaelberer services<\/strong><\/span> Telefon: 07164 909700 &#8211; | E-Mail: support@kaelberer-online.de<\/cite><\/strong><\/p>\n<p>[contact-form-7 id=&#8220;524&#8243; title=&#8220;PC-Service-Privat&#8220;]<\/p>\n","protected":false},"excerpt":{"rendered":"<p>Ihr IT-Experte aus der nahe gelegenen Umgebung: kaelberer services &#8211; unsere Firma ist nur rund 3.1 Kilometer von Ihnen entfernt. Bei uns ist Ihre Rechner-Fehlerbehebung in den besten H\u00e4nden! Dar\u00fcber hinaus k\u00f6nnen wir gewissenhaft IT-Wartungen inklusive Virenentfernung an Ihrem PC durchf\u00fchren. Eventuell ben\u00f6tigen Sie kompetente Kaufberatung, Datensicherung oder PC-Aufr\u00fcstung? In diesem Fall sind wir der &hellip; <a href=\"https:\/\/www.kaelberer-online.de\/services\/privat\/pc-service-privat-albershausen\/\" class=\"more-link\">Continue reading<span class=\"screen-reader-text\"> &#8222;PC Service Privat f\u00fcr Albershausen &#8211; Tel. 07164 909700&#8220;<\/span><\/a><\/p>\n","protected":false},"author":2,"featured_media":563,"parent":486,"menu_order":0,"comment_status":"closed","ping_status":"closed","template":"","meta":{"footnotes":""},"class_list":["post-562","page","type-page","status-publish","has-post-thumbnail","hentry"],"_links":{"self":[{"href":"https:\/\/www.kaelberer-online.de\/services\/wp-json\/wp\/v2\/pages\/562","targetHints":{"allow":["GET"]}}],"collection":[{"href":"https:\/\/www.kaelberer-online.de\/services\/wp-json\/wp\/v2\/pages"}],"about":[{"href":"https:\/\/www.kaelberer-online.de\/services\/wp-json\/wp\/v2\/types\/page"}],"author":[{"embeddable":true,"href":"https:\/\/www.kaelberer-online.de\/services\/wp-json\/wp\/v2\/users\/2"}],"replies":[{"embeddable":true,"href":"https:\/\/www.kaelberer-online.de\/services\/wp-json\/wp\/v2\/comments?post=562"}],"version-history":[{"count":0,"href":"https:\/\/www.kaelberer-online.de\/services\/wp-json\/wp\/v2\/pages\/562\/revisions"}],"up":[{"embeddable":true,"href":"https:\/\/www.kaelberer-online.de\/services\/wp-json\/wp\/v2\/pages\/486"}],"wp:featuredmedia":[{"embeddable":true,"href":"https:\/\/www.kaelberer-online.de\/services\/wp-json\/wp\/v2\/media\/563"}],"wp:attachment":[{"href":"https:\/\/www.kaelberer-online.de\/services\/wp-json\/wp\/v2\/media?parent=562"}],"curies":[{"name":"wp","href":"https:\/\/api.w.org\/{rel}","templated":true}]}}