{"id":474,"date":"2022-02-01T22:41:10","date_gmt":"2022-02-01T22:41:10","guid":{"rendered":"https:\/\/kaelberer-online.de\/services\/?page_id=474"},"modified":"2022-02-01T22:41:10","modified_gmt":"2022-02-01T22:41:10","slug":"isdn-anschluss-analoges-telefon-3cx","status":"publish","type":"page","link":"https:\/\/www.kaelberer-online.de\/services\/telefonanlagen\/isdn-anschluss-analoges-telefon-3cx\/","title":{"rendered":"ISDN ANSCHLUSS ANALOGES TELEFON 3CX Preise Telefon 07164 90 97 00"},"content":{"rendered":"<h2>\n<p>Wissen Sie die Anspr\u00fcche an Ihre neue <strong><strong>3CX<\/strong><\/strong> <strong><strong>Telefonanlage<\/strong><\/strong> schon?<\/p>\n<\/h2>\n<p><h3>Eine aktuelle <strong>3CX<\/strong> <strong>TK-Anlage<\/strong> erleichtert die Unternehmensprozesse. Optimieren Sie Ihr Unternehmen mit einer aktuellen und flexiblen <strong>3CX<\/strong> Telefonanlage. Die <strong>3CX<\/strong> <strong>Telefonanlage<\/strong> die individuell auf Ihre Anforderungen abgestimmt ist und mit Ihrem Unternehmen wachsen kann.<\/h3>\n<\/p>\n<p>Eine neue Arbeitswelt die mobil unterwegs ist. Telefonieren Sie mit einem Handy \u00fcber die <strong>3CX<\/strong> <strong>TK-Anlage<\/strong> mit Ihren Auftraggebern. Nat\u00fcrlich mit Ihrer Festnetz-Telefonnummer als Absenderkennung. bewahren Sie Ihre Privatsph\u00e4re und zeigen Sie Professionalit\u00e4t.<\/p>\n<p>die <strong>3CX<\/strong> <strong>Telefonanlage<\/strong>n werden f\u00fcr mobiles arbeiten konzipiert. Als aktuelle Cloud <strong>3CX<\/strong> <strong>TK-Anlage<\/strong> oder auf der eigenen Hardware hausintern gehostet. Die Installation und die Konfiguration ist unkompliziert. Sie erhalten dadurch eine sichere, zuverl\u00e4ssige sowie anpassbare <strong>3CX<\/strong> TK-Anlage.<\/p>\n<h2>G\u00fcnstige Preise f\u00fcr Ihre neue 3CX <strong>TK-Anlage<\/strong><\/h2>\n<p>Ein hervorragendes Preis- und Leistungsverh\u00e4ltnis. Richten Sie unendlich viele Nebenstellen ein, immer genau da wo Sie sie im Moment brauchen und sparen Sie Kosten.<\/p>\n<h2>St\u00e4rken Sie Ihr Personal.<\/h2>\n<p>Bei Eingang eines Telefonanrufs genau wissen wer im Moment anruft. Infos sind alles. F\u00fcr Mitarbeiter oder die Gesch\u00e4ftsleitung. So wissen Sie pr\u00e4zise was l\u00e4uft. W\u00e4hlen Sie mit einem bequemen Mausklick aus Ihrem CRM oder Ihrer Business Software jede Telefonnummer.<\/p>\n<p>W\u00e4re es nicht toll, wenn Sie von einer zentralen Oberfl\u00e4che heraus jegliche Anrufe realisieren, empfangen und bearbeiten oder aber den Status Ihrer Arbeitskollegen in Erfahrung bringen, eingehende Livechat-News beantworten und Videoanrufe initiieren k\u00f6nnten? Mit dem Webclient als Softphone und der Windows Desktop Applikation wird alles das sowie noch jede Menge mehr machbar.<\/p>\n<h2>Microsoft 365 Einbeziehung<\/h2>\n<p>Verwendet Ihre Firma MS 365? Dann verbinden Sie dieses direkt mit der <strong>3CX<\/strong> <strong>Telefonanlage<\/strong> und vereinen Sie s\u00e4mtliche Vorz\u00fcge beider Systeme! Benutzer k\u00f6nnen \u00fcbergangslos mit beiden Applikationen arbeiten, Kontakte bearbeiten und Verfahren schlanker machen, um ihre Effektivit\u00e4t zu steigern und Klienten zu begeistern. <\/p>\n<h2>Kontakte mit Ihrem <strong>3CX<\/strong> Telefonbuch synchronisieren<\/h2>\n<ol>\n<li>Vollautomatische Synchronisation Ihrer eigenen Kontakte<\/li>\n<li>Updaten gemeinsamer Mailbox-Kontakte mit dem <strong>3CX<\/strong>-Telefonbuch<\/li>\n<li>Anruf synchronisierter Kontakte per Webclient oder portabler Apps<\/li>\n<\/ol>\n<h2>Microsoft Teams Telefonie-Verzahnung<\/h2>\n<ol>\n<li>Ausschalten Microsoft\u00b4s kostspieliger Inlands-\/internationaler Tarife<\/li>\n<\/li>\n<li>Realisierung externer Telefonate via <strong>3CX<\/strong> SIP-Trunks<\/li>\n<\/li>\n<\/ol>\n<h3>Unsere Mitarbeiter beraten, beschaffen Hardware wie auch Softwarel\u00f6sungen, richten ein, konfigurieren, nehmen in Betrieb und Supporten Ihre brandneue <strong>3CX<\/strong> <strong>TK-Anlage<\/strong>. Sie haben Fragen, oder wollen unsere aktuelle Liste der Preise anfordern? Sie erreichen uns unter Telefon 07164 909700 sowie per E-Mail-Nachricht unter support@kaelberer-online.de<\/h3>\n<h2>Konnten wir Ihr Interesse wecken?<\/h2>\n<p>Unz\u00e4hlige weitere tolle Funktionen warten auf Sie.<\/p>\n<ul>\n<li>Einfaches Weiterreichen von Kunden an die richtige Abteilung<\/li>\n<li>Bequemes Erstellen und Organisieren von Nebenstellen \u2013 auch remote<\/li>\n<li>Freih\u00e4ndiges Telefonieren mit Hilfe Siri und Bluetooth-Integration<\/li>\n<li>Keine Lizenzierung je Nebenstelle, grenzenlos viele Nebenstellen<\/li>\n<li>Keine Lizenzierung pro Nebenstelle, unbegrenzt viele Nebenstellen<\/li>\n<li>Simple Nutzerverwaltung spart zahlreiche Stunden Arbeit<\/li>\n<li>Laden Sie die Anwendung aus dem Google Play oder App Store runter<\/li>\n<li>Beginnen eines Videoanrufs von Ihrem Smartphone aus<\/li>\n<li>Bequemes Implementieren und Verwalten ohne Schulungsbedarf<\/li>\n<li>Intelligente Verbindung f\u00fcr nahtlosen Wechsel zwischen Netzwerken<\/li>\n<li>Lockdown-f\u00e4hig mit der kostenfreien Applikation f\u00fcr Web, iOS &#038; Android<\/li>\n<li>Keinerlei Schulung vonn\u00f6ten \u2013 schnell starten<\/li>\n<li>Inbegriffen Backups \u00fcber Nacht und 24\/7-Kontrolle<\/li>\n<li>Zeitgewinnung mittels automatischer Bildschirmanzeige von Kundendaten<\/li>\n<li>Wechsel zwischen Sprach- wie auch Videoanrufen mit einem Fingertipp<\/li>\n<li>Anruf-Protokolle im Kundendatensatz f\u00fcr transparente Anrufhistorie<\/li>\n<li>Zufriedene Kunden und weniger Aufwand f\u00fcr Ihre Besch\u00e4ftigten<\/li>\n<li>App \u00f6ffnen, QR Code scannen \u2013 im Nu sind Sie bereit!<\/li>\n<li>Ab\u00e4ndern des pers\u00f6nlichen Status wie auch Ansicht der Verf\u00fcgbarkeit des Projektteams<\/li>\n<li>Variable eingehende\/ausgehende Vorgaben, DIDs &#038; Ring Groups<\/li>\n<li>Anrufweiterleitung aufbauend auf Kundennummer und Anfrage<\/li>\n<li>SIP-Forking \u2013 parallele Nutzung von <strong>3CX<\/strong> App sowie Tischtelefon<\/li>\n<li>Vernetzen von remote Firmenb\u00fcros und interne Anrufkosten beseitigen<\/li>\n<li>Virtualisieren durch VMware, Hyper-V oder KVM<\/li>\n<li>Automatische Einstellung von Firewall-Regeln<\/li>\n<\/ul>\n<h3>Fragen Sie erg\u00e4nzende Infos und ein Angebot bei uns an. Gerne stellen wir Ihnen auch eine komplette Featureliste zur Verf\u00fcgung.<\/h3>\n<p>[contact-form-7 id=&#8220;5&#8243; title=&#8220;Contact form 1&#8243;]<\/p>\n","protected":false},"excerpt":{"rendered":"<p>Wissen Sie die Anspr\u00fcche an Ihre neue 3CX Telefonanlage schon? Eine aktuelle 3CX TK-Anlage erleichtert die Unternehmensprozesse. Optimieren Sie Ihr Unternehmen mit einer aktuellen und flexiblen 3CX Telefonanlage. Die 3CX Telefonanlage die individuell auf Ihre Anforderungen abgestimmt ist und mit Ihrem Unternehmen wachsen kann. Eine neue Arbeitswelt die mobil unterwegs ist. Telefonieren Sie mit einem &hellip; <a href=\"https:\/\/www.kaelberer-online.de\/services\/telefonanlagen\/isdn-anschluss-analoges-telefon-3cx\/\" class=\"more-link\">Continue reading<span class=\"screen-reader-text\"> &#8222;ISDN ANSCHLUSS ANALOGES TELEFON 3CX Preise Telefon 07164 90 97 00&#8220;<\/span><\/a><\/p>\n","protected":false},"author":2,"featured_media":475,"parent":26,"menu_order":0,"comment_status":"closed","ping_status":"closed","template":"","meta":{"footnotes":""},"class_list":["post-474","page","type-page","status-publish","has-post-thumbnail","hentry"],"_links":{"self":[{"href":"https:\/\/www.kaelberer-online.de\/services\/wp-json\/wp\/v2\/pages\/474","targetHints":{"allow":["GET"]}}],"collection":[{"href":"https:\/\/www.kaelberer-online.de\/services\/wp-json\/wp\/v2\/pages"}],"about":[{"href":"https:\/\/www.kaelberer-online.de\/services\/wp-json\/wp\/v2\/types\/page"}],"author":[{"embeddable":true,"href":"https:\/\/www.kaelberer-online.de\/services\/wp-json\/wp\/v2\/users\/2"}],"replies":[{"embeddable":true,"href":"https:\/\/www.kaelberer-online.de\/services\/wp-json\/wp\/v2\/comments?post=474"}],"version-history":[{"count":0,"href":"https:\/\/www.kaelberer-online.de\/services\/wp-json\/wp\/v2\/pages\/474\/revisions"}],"up":[{"embeddable":true,"href":"https:\/\/www.kaelberer-online.de\/services\/wp-json\/wp\/v2\/pages\/26"}],"wp:featuredmedia":[{"embeddable":true,"href":"https:\/\/www.kaelberer-online.de\/services\/wp-json\/wp\/v2\/media\/475"}],"wp:attachment":[{"href":"https:\/\/www.kaelberer-online.de\/services\/wp-json\/wp\/v2\/media?parent=474"}],"curies":[{"name":"wp","href":"https:\/\/api.w.org\/{rel}","templated":true}]}}