{"id":460,"date":"2021-10-27T05:14:34","date_gmt":"2021-10-27T05:14:34","guid":{"rendered":"https:\/\/kaelberer-online.de\/services\/?page_id=460"},"modified":"2021-10-27T05:14:34","modified_gmt":"2021-10-27T05:14:34","slug":"gsm-gateway-telefonanlage-3cx","status":"publish","type":"page","link":"https:\/\/www.kaelberer-online.de\/services\/telefonanlagen\/gsm-gateway-telefonanlage-3cx\/","title":{"rendered":"GSM GATEWAY TELEFONANLAGE 3CX Beratung Telefon 07164 90 97 00"},"content":{"rendered":"<h2>\n<p>Wissen Sie die Vorgaben an Ihre neue <strong><strong>3CX<\/strong><\/strong> <strong><strong>TK-Anlage<\/strong><\/strong> schon?<\/p>\n<\/h2>\n<p><h3>Eine moderne <strong>3CX<\/strong> <strong>Telefonanlage<\/strong> simplifiziert Ihre Firmenprozesse. Optimieren Sie Ihr Unternehmen mit einer aktuellen und flexiblen <strong>3CX<\/strong> <strong>TK-Anlage<\/strong>. Die <strong>3CX<\/strong> <strong>Telefonanlage<\/strong> die individuell auf Ihre Anforderungen angepasst ist und mit Ihrem Unternehmen gro\u00df werden kann.<\/h3>\n<\/p>\n<p>Eine neue Arbeitswelt ist mobil unterwegs. Telefonieren Sie mit Ihrem Handy \u00fcber die <strong>3CX<\/strong> <strong>Telefonanlage<\/strong> mit Ihren Kunden. Selbstverst\u00e4ndlich mit Ihrer Festnetz-Rufnummer als Absenderkennung. Wahren Sie Ihre Privatsph\u00e4re und zeigen Sie Seriosit\u00e4t.<\/p>\n<p>die <strong>3CX<\/strong> <strong>Telefonanlage<\/strong>n werden auch f\u00fcr flexibles arbeiten entworfen. Als moderne Cloud <strong>3CX<\/strong> <strong>Telefonanlage<\/strong> oder auf der privaten Hardware hausintern gehostet. Eine Installation und die Verwaltung ist unkompliziert. Sie erhalten damit eine sichere, verl\u00e4ssliche sowie flexible <strong>3CX<\/strong> <strong>Telefonanlage<\/strong>.<\/p>\n<h2>Eine kosteneffektive, vielseitige L\u00f6sung<\/h2>\n<p>Ein unschlagbares Preis- und Leistungsverh\u00e4ltnis. Richten Sie unbegrenzt viele Nebenstellen ein, stets exakt da wo Sie sie gerade brauchen und sparen Sie Kosten.<\/p>\n<h2>Ermitteln Sie die Anrufer!<\/h2>\n<p>Bei Eingang eines Anrufs genau wissen wer im Moment anruft. Informationen sind alles. F\u00fcr Besch\u00e4ftigte oder die Direktion. Dadurch wissen Sie exakt was geht. W\u00e4hlen Sie mit einem trivialen Mausklick aus Ihrem CRM oder Ihrer Business Software jede Telefonnummer.<\/p>\n<p>W\u00e4re es nicht toll, wenn Sie von einer zentralen Oberfl\u00e4che heraus alle Anrufe realisieren, annehmen sowie bearbeiten oder aber den Status Ihrer Kollegen in Erfahrung bringen, eingehende Livechat-Nachrichten beantworten und Videoanrufe initiieren k\u00f6nnten? Mit dem Webclient als Softphone und der Windows Desktop Applikation wird alles das sowie noch viel mehr machbar.<\/p>\n<h2>Microsoft 365 Verzahnung<\/h2>\n<p>Benutzt Ihr Unternehmen MS 365? Dann verbinden Sie dieses einfach mit der <strong>3CX<\/strong> <strong>Telefonanlage<\/strong> und vereinen Sie s\u00e4mtliche Vorz\u00fcge beider Systeme! User k\u00f6nnen nahtlos mit beiden Applikationen arbeiten, Kontakte bearbeiten und Arbeitsschritte verschlanken, um die Effektivit\u00e4t zu steigern und Klienten zu inspirieren. <\/p>\n<h2>Kontakte mit Ihrem <strong>3CX<\/strong> Teilnehmerverzeichnis abgleichen<\/h2>\n<h2>MS Teams Telefonie-Verzahnung<\/h2>\n<ol>\n<li>Selektion eines speziellen perfekten SIP-Anbieters Ihrer Gegend<\/li>\n<\/li>\n<li>Realisierung externer Telefonate mittels <strong>3CX<\/strong> SIP-Trunks<\/li>\n<\/li>\n<\/ol>\n<h3>Unsere Mitarbeiter informieren, organisieren Hardware wie auch Softwareanwendungen, richten ein, konfigurieren, nehmen in Betrieb und Supporten Ihre brandneue <strong>3CX<\/strong> <strong>Telefonanlage<\/strong>. Sie haben Fragen, oder wollen die derzeitige Preisliste anfordern? Sie erreichen uns unter Telefon 07164 909700 sowie per E-Mail-Nachricht unter support@kaelberer-online.de<\/h3>\n<h2>Konnten wir Sie neugierig machen?<\/h2>\n<p>Unz\u00e4hlige zus\u00e4tzliche tolle Features warten auf Sie.<\/p>\n<ul>\n<li>Integration von Website-Livechat, Facebook-Messaging sowie Kurznachrichten<\/li>\n<li>Webkonferenzen, mobile Applikationen, Chat inklusive<\/li>\n<li>Eigenst\u00e4ndig Hosten \u00fcber Google, Amazon, Microsoft &#038; mehr<\/li>\n<li>Ab\u00e4ndern des eigenen Status wie auch Ansicht der Verf\u00fcgbarkeit des Teams<\/li>\n<li>Verwaltung von System &#038; Nutzern von beliebigem Standort<\/li>\n<li>Laden Sie die Anwendung aus dem Google Play oder App Store runter<\/li>\n<li>Schnellkonfiguration mit IP-Telefonen, Gateways &#038; SIP-Trunks<\/li>\n<li>Abfrage von Kunden- sowie Fallnummern, um Agenten Zeit zu sparen<\/li>\n<li>Verbesserte Erreichbarkeit f\u00fcr VIP-Klienten au\u00dferhalb der Gesch\u00e4ftszeiten<\/li>\n<li>Intelligente Verbindung f\u00fcr nahtlosen Wechsel zwischen Netzen<\/li>\n<li>Zurverf\u00fcgungstellung per Google Marketplace, Amazon oder Azure<\/li>\n<li>SIP-Forking \u2013 simultane Verwendung von <strong>3CX<\/strong> Anwendung sowie Tischtelefon<\/li>\n<li>Verwendung der Unternehmens-Durchwahlnummer auf Ihrem Handy<\/li>\n<li>Kontrolle \u00fcber die Telefonleitungen und Telefongespr\u00e4chskosten<\/li>\n<li>Gesch\u00fctzte Verbindungen gew\u00e4hrleisten Privatsph\u00e4re und Schutz<\/li>\n<li>Wechsel zwischen Server &#038; Cloud \u2013 integriertes Backup &#038; Restore<\/li>\n<li>PBX Express bootet Ihre <strong>3CX<\/strong>-Instanz in wenigen Minuten<\/li>\n<li>Anmeldung am Webclient \u2013 Details in der Willkommens-E-Mail<\/li>\n<li>Kostenfreie B\u00fcro-Anrufe f\u00fcr remote &#038; reisende Mitarbeiter<\/li>\n<li>Zeitgewinnung mittels automatischer Bildschirmanzeige von Kundendaten<\/li>\n<li>Auf g\u00fcnstigem Raspberry Pi und MiniPC als Telefonie-Appliance<\/li>\n<\/ul>\n<h3>Fragen Sie zus\u00e4tzliche Informationen oder ein Produktangebot bei unserer Firma an. Selbstverst\u00e4ndlich stellen wir Ihnen auch eine komplette Featureliste zur Verf\u00fcgung.<\/h3>\n<p>[contact-form-7 id=&#8220;5&#8243; title=&#8220;Contact form 1&#8243;]<\/p>\n","protected":false},"excerpt":{"rendered":"<p>Wissen Sie die Vorgaben an Ihre neue 3CX TK-Anlage schon? Eine moderne 3CX Telefonanlage simplifiziert Ihre Firmenprozesse. Optimieren Sie Ihr Unternehmen mit einer aktuellen und flexiblen 3CX TK-Anlage. Die 3CX Telefonanlage die individuell auf Ihre Anforderungen angepasst ist und mit Ihrem Unternehmen gro\u00df werden kann. Eine neue Arbeitswelt ist mobil unterwegs. Telefonieren Sie mit Ihrem &hellip; <a href=\"https:\/\/www.kaelberer-online.de\/services\/telefonanlagen\/gsm-gateway-telefonanlage-3cx\/\" class=\"more-link\">Continue reading<span class=\"screen-reader-text\"> &#8222;GSM GATEWAY TELEFONANLAGE 3CX Beratung Telefon 07164 90 97 00&#8220;<\/span><\/a><\/p>\n","protected":false},"author":2,"featured_media":461,"parent":26,"menu_order":0,"comment_status":"closed","ping_status":"closed","template":"","meta":{"footnotes":""},"class_list":["post-460","page","type-page","status-publish","has-post-thumbnail","hentry"],"_links":{"self":[{"href":"https:\/\/www.kaelberer-online.de\/services\/wp-json\/wp\/v2\/pages\/460","targetHints":{"allow":["GET"]}}],"collection":[{"href":"https:\/\/www.kaelberer-online.de\/services\/wp-json\/wp\/v2\/pages"}],"about":[{"href":"https:\/\/www.kaelberer-online.de\/services\/wp-json\/wp\/v2\/types\/page"}],"author":[{"embeddable":true,"href":"https:\/\/www.kaelberer-online.de\/services\/wp-json\/wp\/v2\/users\/2"}],"replies":[{"embeddable":true,"href":"https:\/\/www.kaelberer-online.de\/services\/wp-json\/wp\/v2\/comments?post=460"}],"version-history":[{"count":0,"href":"https:\/\/www.kaelberer-online.de\/services\/wp-json\/wp\/v2\/pages\/460\/revisions"}],"up":[{"embeddable":true,"href":"https:\/\/www.kaelberer-online.de\/services\/wp-json\/wp\/v2\/pages\/26"}],"wp:featuredmedia":[{"embeddable":true,"href":"https:\/\/www.kaelberer-online.de\/services\/wp-json\/wp\/v2\/media\/461"}],"wp:attachment":[{"href":"https:\/\/www.kaelberer-online.de\/services\/wp-json\/wp\/v2\/media?parent=460"}],"curies":[{"name":"wp","href":"https:\/\/api.w.org\/{rel}","templated":true}]}}