{"id":452,"date":"2022-01-16T09:31:08","date_gmt":"2022-01-16T09:31:08","guid":{"rendered":"https:\/\/kaelberer-online.de\/services\/?page_id=452"},"modified":"2022-01-16T09:31:08","modified_gmt":"2022-01-16T09:31:08","slug":"telefonanlage-raspberry-pi-3cx","status":"publish","type":"page","link":"https:\/\/www.kaelberer-online.de\/services\/telefonanlagen\/telefonanlage-raspberry-pi-3cx\/","title":{"rendered":"TELEFONANLAGE RASPBERRY PI 3CX Support Tel. 07164 90 97 00"},"content":{"rendered":"<h2>\n<p>Kennen Sie die Anspr\u00fcche an Ihre neue <strong><strong>3CX<\/strong><\/strong> <strong><strong>TK-Anlage<\/strong><\/strong> bereits?<\/p>\n<\/h2>\n<p><h3>Die aktuelle <strong>3CX<\/strong> <strong>TK-Anlage<\/strong> erleichtert Ihre Firmenprozesse. Optimieren Sie Ihre Firma mit der neuen und flexiblen <strong>3CX<\/strong> <strong>TK-Anlage<\/strong>. Eine <strong>3CX<\/strong> <strong>Telefonanlage<\/strong> die individuell auf Ihre Vorgaben abgestimmt ist und mit dem Unternehmen wachsen kann.<\/h3>\n<\/p>\n<p>Die neue Arbeitswelt ist mobil unterwegs. Telefonieren Sie mit dem Mobiltelefon \u00fcber Ihre <strong>3CX<\/strong> <strong>TK-Anlage<\/strong> mit Ihren Klienten. Nat\u00fcrlich mit Ihrer Festnetz-Rufnummer als Absenderkennung. Wahren Sie Ihre Privatsph\u00e4re und zeigen Sie Seriosit\u00e4t.<\/p>\n<p>Unsere <strong>3CX<\/strong> <strong>TK-Anlage<\/strong>n werden f\u00fcr mobiles arbeiten designed. Als zeitgem\u00e4\u00dfe Cloud <strong>3CX<\/strong> <strong>Telefonanlage<\/strong> oder auf der pers\u00f6nlichen Hardware hausintern gehostet. Eine Installation und die Verwaltung ist unkompliziert. Sie bekommen dadurch eine sichere, verl\u00e4ssliche und hochflexible <strong>3CX<\/strong> TK-Anlage.<\/p>\n<h2>Eine gute, variable L\u00f6sung<\/h2>\n<p>Ein unschlagbares Preis- und Leistungsverh\u00e4ltnis. Richten Sie grenzenlos viele Nebenstellen ein, stets exakt da wo Sie sie gerade ben\u00f6tigen und sparen Sie Kosten.<\/p>\n<h2>Identifizieren Sie die Anrufer!<\/h2>\n<p>Bei Eingang eines Telefonanrufs exakt wissen wer im Moment anruft. Infos sind alles. F\u00fcr Angestellte sowie die Leitung. So wissen Sie exakt was geht. W\u00e4hlen Sie mit einem einfachen Mausklick aus dem CRM oder Ihrer Business Software jede Telefonnummer.<\/p>\n<p>W\u00e4re es nicht super, wenn Sie von einer zentralen Oberfl\u00e4che heraus alle Anrufe t\u00e4tigen, entgegen nehmen sowie bearbeiten oder aber den Status Ihrer Kollegen abfragen, eingehende Livechat-Nachrichten beantworten und Videoanrufe initiieren k\u00f6nnten? Mit einem Webclient als Softphone und der Windows Desktop Applikation wird alles das und noch reichlich mehr machbar.<\/p>\n<h2>MS 365 Verzahnung<\/h2>\n<p>Nutzt Ihre Firma MS 365? Dann verkn\u00fcpfen Sie dieses m\u00fchelos mit der <strong>3CX<\/strong> <strong>TK-Anlage<\/strong> und vereinen Sie jegliche Vorteile beider Systeme! Anwender k\u00f6nnen nahtlos mit beiden Applikationen arbeiten, Kontakte bearbeiten und Verfahren verschlanken, um die Effektivit\u00e4t zu steigern und Kunden zu inspirieren. <\/p>\n<h2>Kontakte mit Ihrem <strong>3CX<\/strong> Telefonbuch synchronisieren<\/h2>\n<ol>\n<li>Anruf synchronisierter Kontakte per Webclient oder portabler Applikationen<\/li>\n<li>Anwendungs-\u00fcbergreifende Verwaltung jeglicher Kontakte in MS 365<\/li>\n<li>Aktualisierung gemeinsamer Mailbox-Kontakte mit dem <strong>3CX<\/strong>-Telefonbuch<\/li>\n<\/ol>\n<h2>Microsoft Teams Telefonie-Integration<\/h2>\n<ol>\n<li>Auswahl eines speziellen perfekten SIP-Providers Ihrer Region<\/li>\n<\/li>\n<li>Realisierung externer Telefonate \u00fcber <strong>3CX<\/strong> SIP-Trunks<\/li>\n<\/li>\n<\/ol>\n<h3>Unsere Mitarbeiter informieren, organisieren Hardware und Softwareanwendungen, richten ein, konfigurieren, nehmen in Betrieb und Supporten Ihre neue <strong>3CX<\/strong> <strong>Telefonanlage<\/strong>. Sie haben Fragen, oder m\u00f6chten unsere aktuelle Liste der Preise anfordern? Sie erreichen uns unter Telefon 07164 909700 oder per E-Mail-Nachricht unter support@kaelberer-online.de<\/h3>\n<h2>Konnten wir Ihr Interesse wecken?<\/h2>\n<p>Jede Menge weitere top Features warten auf Sie.<\/p>\n<ul>\n<li>Verwaltung von System &#038; Nutzern von beliebigem Standort<\/li>\n<li>Anrufweiterleitung aufbauend auf Kundennummer sowie Anfrage<\/li>\n<li>SIP-Forking \u2013 parallele Verwendung von <strong>3CX<\/strong> App und Tischtelefon<\/li>\n<li>Nutzung der Unternehmens-Durchwahlnummer auf Ihrem Handy<\/li>\n<li>Vielseitige hereinkommende\/hinausgehende Vorgaben, DIDs &#038; Ring Groups<\/li>\n<li>Inklusive Backups \u00fcber Nacht sowie 24\/7-Monitoring<\/li>\n<li>Unbegrenzte Anzahl von Usern kostenfrei in <strong>3CX<\/strong> enthalten<\/li>\n<li>Beantwortung von Fragen per Livechat, Facebook &#038; SMS via Apps<\/li>\n<li>Keine Lizenzierung je Nebenstelle, grenzenlos viele Nebenstellen<\/li>\n<li>Perfekte Verbindung f\u00fcr nahtlosen Wechsel zwischen Netzen<\/li>\n<li>Selbst\u00e4ndig Hosten \u00fcber Google, Amazon, Microsoft &#038; weitere<\/li>\n<li>Laden Sie die App aus dem Google Play oder App Store runter<\/li>\n<li>Verzicht auf kostspielige Mobilanrufe zwischen Mitarbeitern wie auch Kunden<\/li>\n<li>Tageszeit-basierte Anrufweiterleitung und Telefonumfragen<\/li>\n<li>Eingebundene browserbasierte Videokonferenzen<\/li>\n<li>W\u00e4hlen Sie im Men\u00fc oben das QR-Code-Symbol f\u00fcr dessen Scan<\/li>\n<\/ul>\n<h3>Fragen Sie mehr Informationen und ein Produktangebot bei uns an. Nat\u00fcrlich stellen wir Ihnen auch eine vollst\u00e4ndige Leistungs\u00fcbersicht zur Verf\u00fcgung.<\/h3>\n<p>[contact-form-7 id=&#8220;5&#8243; title=&#8220;Contact form 1&#8243;]<\/p>\n","protected":false},"excerpt":{"rendered":"<p>Kennen Sie die Anspr\u00fcche an Ihre neue 3CX TK-Anlage bereits? Die aktuelle 3CX TK-Anlage erleichtert Ihre Firmenprozesse. Optimieren Sie Ihre Firma mit der neuen und flexiblen 3CX TK-Anlage. Eine 3CX Telefonanlage die individuell auf Ihre Vorgaben abgestimmt ist und mit dem Unternehmen wachsen kann. Die neue Arbeitswelt ist mobil unterwegs. Telefonieren Sie mit dem Mobiltelefon &hellip; <a href=\"https:\/\/www.kaelberer-online.de\/services\/telefonanlagen\/telefonanlage-raspberry-pi-3cx\/\" class=\"more-link\">Continue reading<span class=\"screen-reader-text\"> &#8222;TELEFONANLAGE RASPBERRY PI 3CX Support Tel. 07164 90 97 00&#8220;<\/span><\/a><\/p>\n","protected":false},"author":2,"featured_media":453,"parent":26,"menu_order":0,"comment_status":"closed","ping_status":"closed","template":"","meta":{"footnotes":""},"class_list":["post-452","page","type-page","status-publish","has-post-thumbnail","hentry"],"_links":{"self":[{"href":"https:\/\/www.kaelberer-online.de\/services\/wp-json\/wp\/v2\/pages\/452","targetHints":{"allow":["GET"]}}],"collection":[{"href":"https:\/\/www.kaelberer-online.de\/services\/wp-json\/wp\/v2\/pages"}],"about":[{"href":"https:\/\/www.kaelberer-online.de\/services\/wp-json\/wp\/v2\/types\/page"}],"author":[{"embeddable":true,"href":"https:\/\/www.kaelberer-online.de\/services\/wp-json\/wp\/v2\/users\/2"}],"replies":[{"embeddable":true,"href":"https:\/\/www.kaelberer-online.de\/services\/wp-json\/wp\/v2\/comments?post=452"}],"version-history":[{"count":0,"href":"https:\/\/www.kaelberer-online.de\/services\/wp-json\/wp\/v2\/pages\/452\/revisions"}],"up":[{"embeddable":true,"href":"https:\/\/www.kaelberer-online.de\/services\/wp-json\/wp\/v2\/pages\/26"}],"wp:featuredmedia":[{"embeddable":true,"href":"https:\/\/www.kaelberer-online.de\/services\/wp-json\/wp\/v2\/media\/453"}],"wp:attachment":[{"href":"https:\/\/www.kaelberer-online.de\/services\/wp-json\/wp\/v2\/media?parent=452"}],"curies":[{"name":"wp","href":"https:\/\/api.w.org\/{rel}","templated":true}]}}