{"id":450,"date":"2021-12-03T16:25:10","date_gmt":"2021-12-03T16:25:10","guid":{"rendered":"https:\/\/kaelberer-online.de\/services\/?page_id=450"},"modified":"2021-12-03T16:25:10","modified_gmt":"2021-12-03T16:25:10","slug":"telefonanlage-aus-der-cloud-3cx","status":"publish","type":"page","link":"https:\/\/www.kaelberer-online.de\/services\/telefonanlagen\/telefonanlage-aus-der-cloud-3cx\/","title":{"rendered":"TELEFONANLAGE AUS DER CLOUD 3CX Beratung Telefon 07164 90 97 00"},"content":{"rendered":"<h2>\n<p>Wissen Sie die Anforderungen an Ihre neue <strong><strong>3CX<\/strong><\/strong> <strong><strong>TK-Anlage<\/strong><\/strong> bereits?<\/p>\n<\/h2>\n<p><h3>Die aktuelle <strong>3CX<\/strong> <strong>TK-Anlage<\/strong> erleichtert die Gesch\u00e4ftsprozesse. Optimieren Sie Ihre Firma mit einer neuen und flexiblen <strong>3CX<\/strong> Telefonanlage. Eine <strong>3CX<\/strong> <strong>Telefonanlage<\/strong> die ma\u00dfgeschneidert auf Ihre Anforderungen zugeschnitten ist und mit Ihrem Unternehmen wachsen kann.<\/h3>\n<\/p>\n<p>Die neue Arbeitswelt ist mobil unterwegs. Kommunizieren Sie mit Ihrem Mobiltelefon \u00fcber Ihre <strong>3CX<\/strong> <strong>TK-Anlage<\/strong> mit Ihren Klienten. Nat\u00fcrlich \u00fcber Ihre Festnetz-Telefonnummer als Absender-Kennung. besch\u00fctzen Sie Ihre Privatsph\u00e4re und zeigen Sie Seriosit\u00e4t.<\/p>\n<p>die <strong>3CX<\/strong> <strong>Telefonanlage<\/strong>n werden auch f\u00fcr mobiles arbeiten konzipiert. Als zeitgem\u00e4\u00dfe Cloud <strong>3CX<\/strong> <strong>Telefonanlage<\/strong> oder auf der pers\u00f6nlichen Hardware hausintern gehostet. Die Installation und die Verwaltung ist unkompliziert. Sie bekommen dadurch eine sichere, zuverl\u00e4ssige und variable <strong>3CX<\/strong> <strong>Telefonanlage<\/strong>.<\/p>\n<h2>Faire Preise f\u00fcr Ihre neue 3CX <strong>TK-Anlage<\/strong><\/h2>\n<p>Ein hervorragendes Preis- und Leistungsverh\u00e4ltnis. Richten Sie unbegrenzt viele Nebenstellen ein, stets exakt da wo Sie sie gerade w\u00fcnschen und sparen Sie Kosten.<\/p>\n<h2>St\u00fctzen Sie Ihr Personal.<\/h2>\n<p>Bei Anrufeingang genau wissen wer im Moment anruft. Informationen sind alles. F\u00fcr Angestellte und die Leitung. Somit wissen Sie pr\u00e4zise was geht. W\u00e4hlen Sie mit einem einfachen Click aus Ihrem CRM oder Ihrer Firmensoftware jede Telefonnummer.<\/p>\n<p>Ist es nicht toll, wenn Sie von einer zentralen Oberfl\u00e4che heraus jegliche Anrufe realisieren, entgegen nehmen und bearbeiten oder aber den Status Ihrer Arbeitskollegen in Erfahrung bringen, eingehende Livechat-Nachrichten beantworten und Videoanrufe initiieren k\u00f6nnten? Mit einem Webclient als Softphone wie auch der Windows Desktop Applikation wird alles das und noch jede Menge mehr machbar.<\/p>\n<h2>Microsoft 365 Verzahnung<\/h2>\n<p>Verwendet Ihr Unternehmen Microsoft 365? In diesem Fall vernetzen Sie dieses direkt mit der <strong>3CX<\/strong> <strong>Telefonanlage<\/strong> und vereinen Sie alle Vorz\u00fcge beider Systeme! User k\u00f6nnen nahtlos mit beiden Applikationen arbeiten, Kontakte organisieren und Verfahren verschlanken, um die Effizienz zu steigern und Kunden zu inspirieren. <\/p>\n<h2>Kontakte mit Ihrem <strong>3CX<\/strong> Teilnehmerverzeichnis abgleichen<\/h2>\n<ol>\n<li>Anruf synchronisierter Kontakte per Webclient oder portabler Applikationen<\/li>\n<li>Automatisierte Synchronisation Ihrer eigenen Kontakte<\/li>\n<li>Anwendungs-\u00fcbergreifende Verwaltung aller Kontakte in MS 365<\/li>\n<\/ol>\n<h2>MS Teams Telefonie-Verzahnung<\/h2>\n<ol>\n<li>Ausschalten Microsoft\u00b4s teurer Inlands-\/internationaler Tarife<\/li>\n<\/li>\n<li>Selektion eines speziellen perfekten SIP-Providers Ihrer Region<\/li>\n<\/li>\n<\/ol>\n<h3>Wir informieren, beschaffen Hardware wie auch Softwarel\u00f6sungen, installieren, konfigurieren, nehmen in Betrieb und Supporten Ihre neue <strong>3CX<\/strong> <strong>Telefonanlage<\/strong>. Sie haben Fragen, oder wollen die derzeitige Preisliste anfordern? Sie erreichen uns unter Telefon 07164 909700 und per Mail unter support@kaelberer-online.de<\/h3>\n<h2>Konnten wir Ihr Interesse wecken?<\/h2>\n<p>Unz\u00e4hlige zus\u00e4tzliche top Features warten auf Sie.<\/p>\n<ul>\n<li>Plug &#038; Play mit IP-Telefonen, Gateways &#038; SIP-Trunks<\/li>\n<li>Lockdown-f\u00e4hig mit der kostenlosen Anwendung f\u00fcr Web, iOS &#038; Android<\/li>\n<li>Kinderleichte Benutzerverwaltung reduziert etliche Arbeitsstunden<\/li>\n<li>Vollautomatische Anpassung von Firewall-Regeln<\/li>\n<li>Keine Lizenzierung je Nebenstelle, unbeschr\u00e4nkt viele Nebenstellen<\/li>\n<li>Administration von System &#038; Nutzern von beliebigem Ort<\/li>\n<li>Direkter Kontakt \u00fcber Anrufe, Video sowie Instant Messaging<\/li>\n<li>Selbst\u00e4ndig Hosten \u00fcber Google, Amazon, Microsoft &#038; mehr<\/li>\n<li>Zeitersparnis durch automatische Anzeige von Kundendaten<\/li>\n<li>Einfaches Erstellen und Verwalten von Nebenstellen \u2013 auch remote<\/li>\n<li>Fernkonfiguration \u00fcber QR-Code an Stelle umst\u00e4ndliche Einrichtung<\/li>\n<li>Keinerlei Tischtelefone notwendig \u2013 Gebrauchen Sie Ihr Handy<\/li>\n<li>Beantwortung von Fragen via Livechat, Facebook &#038; SMS via Apps<\/li>\n<li>Inbegriffen Backups \u00fcber Nacht und 24\/7-Kontrolle<\/li>\n<li>Erstellung eines neuen Kundendatensatzes f\u00fcr neue Rufnummern<\/li>\n<li>Bereitstellung per Google Marketplace, Amazon oder Azure<\/li>\n<li>Beinhaltet mobile Apps f\u00fcr das Betriebssystem Windows, Web, iOS &#038; Android<\/li>\n<li>Telefonrechnung um bis zu 80 % verringern mittels Wechsel zu <strong>3CX<\/strong><\/li>\n<li>Identifikation von Anrufern mit Hilfe CRM-Integration<\/li>\n<li>Laden Sie die Applikation aus dem Google Play oder App Store runter<\/li>\n<li>Einfaches Weiterleiten von Kunden an die korrekte Abteilung<\/li>\n<li>M\u00fcheloses Implementieren und Verwalten ohne Schulungsbedarf<\/li>\n<\/ul>\n<h3>Fordern Sie zus\u00e4tzliche Infos oder ein Produktangebot bei uns an. Selbstverst\u00e4ndlich stellen wir Ihnen auch eine komplette Leistungs\u00fcbersicht zur Verf\u00fcgung.<\/h3>\n<p>[contact-form-7 id=&#8220;5&#8243; title=&#8220;Contact form 1&#8243;]<\/p>\n","protected":false},"excerpt":{"rendered":"<p>Wissen Sie die Anforderungen an Ihre neue 3CX TK-Anlage bereits? Die aktuelle 3CX TK-Anlage erleichtert die Gesch\u00e4ftsprozesse. Optimieren Sie Ihre Firma mit einer neuen und flexiblen 3CX Telefonanlage. Eine 3CX Telefonanlage die ma\u00dfgeschneidert auf Ihre Anforderungen zugeschnitten ist und mit Ihrem Unternehmen wachsen kann. Die neue Arbeitswelt ist mobil unterwegs. Kommunizieren Sie mit Ihrem Mobiltelefon &hellip; <a href=\"https:\/\/www.kaelberer-online.de\/services\/telefonanlagen\/telefonanlage-aus-der-cloud-3cx\/\" class=\"more-link\">Continue reading<span class=\"screen-reader-text\"> &#8222;TELEFONANLAGE AUS DER CLOUD 3CX Beratung Telefon 07164 90 97 00&#8220;<\/span><\/a><\/p>\n","protected":false},"author":2,"featured_media":451,"parent":26,"menu_order":0,"comment_status":"closed","ping_status":"closed","template":"","meta":{"footnotes":""},"class_list":["post-450","page","type-page","status-publish","has-post-thumbnail","hentry"],"_links":{"self":[{"href":"https:\/\/www.kaelberer-online.de\/services\/wp-json\/wp\/v2\/pages\/450","targetHints":{"allow":["GET"]}}],"collection":[{"href":"https:\/\/www.kaelberer-online.de\/services\/wp-json\/wp\/v2\/pages"}],"about":[{"href":"https:\/\/www.kaelberer-online.de\/services\/wp-json\/wp\/v2\/types\/page"}],"author":[{"embeddable":true,"href":"https:\/\/www.kaelberer-online.de\/services\/wp-json\/wp\/v2\/users\/2"}],"replies":[{"embeddable":true,"href":"https:\/\/www.kaelberer-online.de\/services\/wp-json\/wp\/v2\/comments?post=450"}],"version-history":[{"count":0,"href":"https:\/\/www.kaelberer-online.de\/services\/wp-json\/wp\/v2\/pages\/450\/revisions"}],"up":[{"embeddable":true,"href":"https:\/\/www.kaelberer-online.de\/services\/wp-json\/wp\/v2\/pages\/26"}],"wp:featuredmedia":[{"embeddable":true,"href":"https:\/\/www.kaelberer-online.de\/services\/wp-json\/wp\/v2\/media\/451"}],"wp:attachment":[{"href":"https:\/\/www.kaelberer-online.de\/services\/wp-json\/wp\/v2\/media?parent=450"}],"curies":[{"name":"wp","href":"https:\/\/api.w.org\/{rel}","templated":true}]}}