{"id":448,"date":"2021-12-11T01:30:35","date_gmt":"2021-12-11T01:30:35","guid":{"rendered":"https:\/\/kaelberer-online.de\/services\/?page_id=448"},"modified":"2021-12-11T01:30:35","modified_gmt":"2021-12-11T01:30:35","slug":"voip-cloud-anbieter-3cx","status":"publish","type":"page","link":"https:\/\/www.kaelberer-online.de\/services\/telefonanlagen\/voip-cloud-anbieter-3cx\/","title":{"rendered":"VOIP CLOUD ANBIETER 3CX Preise Tel. 07164 90 97 00"},"content":{"rendered":"<h2>\n<p>Wissen Sie die Anforderungen an Ihre neue <strong><strong>3CX<\/strong><\/strong> <strong><strong>TK-Anlage<\/strong><\/strong> bereits?<\/p>\n<\/h2>\n<p><h3>Die moderne <strong>3CX<\/strong> <strong>Telefonanlage<\/strong> vereinfacht die Unternehmensprozesse. Optimieren Sie Ihre Firma mit einer neusten und flexiblen <strong>3CX<\/strong> Telefonanlage. Eine <strong>3CX<\/strong> <strong>Telefonanlage<\/strong> die individuell auf Ihre Erwartungen abgestimmt ist und mit Ihrem Unternehmen gro\u00df werden kann.<\/h3>\n<\/p>\n<p>Eine neue Arbeitswelt ist mobil unterwegs. Kommunizieren Sie mit dem Handy \u00fcber Ihre <strong>3CX<\/strong> <strong>Telefonanlage<\/strong> mit Ihren Kunden. Nat\u00fcrlich mit Ihrer Festnetz-Rufnummer als Absender-Kennung. besch\u00fctzen Sie Ihre Privatsph\u00e4re und beweisen Sie Professionalit\u00e4t.<\/p>\n<p>Unsere <strong>3CX<\/strong> <strong>Telefonanlage<\/strong>n wurden f\u00fcr mobiles arbeiten designed. Als aktuelle Cloud <strong>3CX<\/strong> <strong>Telefonanlage<\/strong> oder auf Ihrer eigenen Hardware hausintern gehostet. Eine Installation und die Verwaltung ist einfach. Sie bekommen damit eine sichere, verl\u00e4ssliche wie auch flexible <strong>3CX<\/strong> TK-Anlage.<\/p>\n<h2>G\u00fcnstige Preise f\u00fcr Ihre neue 3CX <strong>Telefonanlage<\/strong><\/h2>\n<p>Ein unschlagbares Preis- und Leistungsverh\u00e4ltnis. Richten Sie grenzenlos viele Nebenstellen ein, immer exakt da wo Sie sie im Moment brauchen und sparen Sie Kosten.<\/p>\n<h2>St\u00e4rken Sie Ihr Verkaufspersonal.<\/h2>\n<p>Bei Eingang eines Anrufs pr\u00e4zise wissen wer gerade anruft. Informationen sind alles. F\u00fcr Mitarbeiter sowie die Direktion. Somit wissen Sie genau was l\u00e4uft. W\u00e4hlen Sie mit einem simplen Klick aus dem CRM oder Ihrer Business Software jede Telefonnummer.<\/p>\n<p>Ist es nicht super, wenn Sie von einer zentralen Oberfl\u00e4che heraus s\u00e4mtliche Anrufe t\u00e4tigen, entgegen nehmen und bearbeiten oder aber den Status Ihrer Kollegen in Erfahrung bringen, eingehende Chat-News beantworten und Videoanrufe initiieren k\u00f6nnten? Mit einem Webclient als Softphone wie auch der Windows Desktop Applikation wird alles das wie auch noch reichlich mehr realisierbar.<\/p>\n<h2>Microsoft 365 Zusammenf\u00fchrung<\/h2>\n<p>Verwendet Ihre Firma MS 365? In diesem Fall verkn\u00fcpfen Sie dieses ganz leicht mit der <strong>3CX<\/strong> <strong>Telefonanlage<\/strong> und verschmelzen Sie alle Vorz\u00fcge beider Systeme! Anwender k\u00f6nnen nahtlos mit beiden Applikationen arbeiten, Kontakte verwalten und Vorgehensweisen verschlanken, um die Effektivit\u00e4t zu steigern und Kunden zu begeistern. <\/p>\n<h2>Kontakte mit Ihrem <strong>3CX<\/strong> Telefonbuch synchronisieren<\/h2>\n<h2>MS Teams Telefonie-Integration<\/h2>\n<ol>\n<li>Realisierung externer Telefonate \u00fcber <strong>3CX<\/strong> SIP-Trunks<\/li>\n<\/li>\n<li>Ausschalten Microsoft\u00b4s teurer Inlands-\/globaler Tarife<\/li>\n<\/li>\n<\/ol>\n<h3>Unsere Mitarbeiter beraten, organisieren Hardware wie auch Softwarel\u00f6sungen, installieren, konfigurieren, nehmen in Betrieb und Supporten Ihre brandneue <strong>3CX<\/strong> <strong>Telefonanlage<\/strong>. Sie haben Fragen, oder wollen unsere derzeitige Liste der Preise anfordern? Sie erreichen uns unter Telefon 07164 909700 und per Mail unter support@kaelberer-online.de<\/h3>\n<h2>Haben wir Sie neugierig gemacht?<\/h2>\n<p>Viele weitere interessante Funktionen warten auf Sie.<\/p>\n<ul>\n<li>Ab\u00e4ndern des pers\u00f6nlichen Status und Ansicht der Verf\u00fcgbarkeit des Projektteams<\/li>\n<li>Zufriedene Klienten und weniger M\u00fchen f\u00fcr Ihre Kollegen<\/li>\n<li>Selektieren Sie im Men\u00fc oben das QR-Code-Symbol f\u00fcr dessen Scan<\/li>\n<li>Bereitstellung per Google Marketplace, Amazon oder Azure<\/li>\n<li>Webkonferenzen, mobile Apps, Livechat einbegriffen<\/li>\n<li>Anruf-Protokolle im Kundendatensatz f\u00fcr transparente Anrufhistorie<\/li>\n<li>Verzahnung von Website-Livechat, Facebook-Messaging und SMS<\/li>\n<li>Virtualisieren durch VMware, Hyper-V oder KVM<\/li>\n<li>Identifizierung von Anrufern mit Hilfe CRM-Zusammenf\u00fchrung<\/li>\n<li>Direkter Kontakt mittels Anrufe, Video sowie Instant Messaging<\/li>\n<li>Keine Schulung notwendig \u2013 geradewegs einsteigen<\/li>\n<li>Praktische eingehende\/hinausgehende Regeln, DIDs &#038; Ring Groups<\/li>\n<li>Anrufe mit einem einzigen Klick geradewegs aus CRM heraus initiieren<\/li>\n<li>Keine Tischtelefone vonn\u00f6ten \u2013 Verwenden Sie Ihr Handy<\/li>\n<li>SIP-Forking \u2013 simultane Verwendung von <strong>3CX<\/strong> App und Tischtelefon<\/li>\n<li>Enth\u00e4lt mobile Apps f\u00fcr das Betriebssystem Windows, Web, iOS &#038; Android<\/li>\n<li>Zuteilung der Anrufer-ID zu einem Datensatz in Ihrem CRM<\/li>\n<li>Verzicht auf teure Mobilanrufe zwischen Besch\u00e4ftigten und Kunden<\/li>\n<li>Kostenlose Office-Anrufe f\u00fcr remote &#038; reisende Angestellte<\/li>\n<li>Tageszeit-basierte Anrufweiterleitung und Telefonumfragen<\/li>\n<li>Perfekte Skalierbarkeit der <strong>Telefonanlage<\/strong>n-Installation<\/li>\n<li>Gesicherte Verbindungen gew\u00e4hrleisten Privatsph\u00e4re und Schutz<\/li>\n<\/ul>\n<h3>Bitte fordern Sie zus\u00e4tzliche Informationen und ein Produktangebot bei unserer Firma an. Gerne stellen wir Ihnen auch eine vollst\u00e4ndige Leistungs\u00fcbersicht zur Verf\u00fcgung.<\/h3>\n<p>[contact-form-7 id=&#8220;5&#8243; title=&#8220;Contact form 1&#8243;]<\/p>\n","protected":false},"excerpt":{"rendered":"<p>Wissen Sie die Anforderungen an Ihre neue 3CX TK-Anlage bereits? Die moderne 3CX Telefonanlage vereinfacht die Unternehmensprozesse. Optimieren Sie Ihre Firma mit einer neusten und flexiblen 3CX Telefonanlage. Eine 3CX Telefonanlage die individuell auf Ihre Erwartungen abgestimmt ist und mit Ihrem Unternehmen gro\u00df werden kann. Eine neue Arbeitswelt ist mobil unterwegs. Kommunizieren Sie mit dem &hellip; <a href=\"https:\/\/www.kaelberer-online.de\/services\/telefonanlagen\/voip-cloud-anbieter-3cx\/\" class=\"more-link\">Continue reading<span class=\"screen-reader-text\"> &#8222;VOIP CLOUD ANBIETER 3CX Preise Tel. 07164 90 97 00&#8220;<\/span><\/a><\/p>\n","protected":false},"author":2,"featured_media":449,"parent":26,"menu_order":0,"comment_status":"closed","ping_status":"closed","template":"","meta":{"footnotes":""},"class_list":["post-448","page","type-page","status-publish","has-post-thumbnail","hentry"],"_links":{"self":[{"href":"https:\/\/www.kaelberer-online.de\/services\/wp-json\/wp\/v2\/pages\/448","targetHints":{"allow":["GET"]}}],"collection":[{"href":"https:\/\/www.kaelberer-online.de\/services\/wp-json\/wp\/v2\/pages"}],"about":[{"href":"https:\/\/www.kaelberer-online.de\/services\/wp-json\/wp\/v2\/types\/page"}],"author":[{"embeddable":true,"href":"https:\/\/www.kaelberer-online.de\/services\/wp-json\/wp\/v2\/users\/2"}],"replies":[{"embeddable":true,"href":"https:\/\/www.kaelberer-online.de\/services\/wp-json\/wp\/v2\/comments?post=448"}],"version-history":[{"count":0,"href":"https:\/\/www.kaelberer-online.de\/services\/wp-json\/wp\/v2\/pages\/448\/revisions"}],"up":[{"embeddable":true,"href":"https:\/\/www.kaelberer-online.de\/services\/wp-json\/wp\/v2\/pages\/26"}],"wp:featuredmedia":[{"embeddable":true,"href":"https:\/\/www.kaelberer-online.de\/services\/wp-json\/wp\/v2\/media\/449"}],"wp:attachment":[{"href":"https:\/\/www.kaelberer-online.de\/services\/wp-json\/wp\/v2\/media?parent=448"}],"curies":[{"name":"wp","href":"https:\/\/api.w.org\/{rel}","templated":true}]}}