{"id":446,"date":"2021-12-08T00:35:14","date_gmt":"2021-12-08T00:35:14","guid":{"rendered":"https:\/\/kaelberer-online.de\/services\/?page_id=446"},"modified":"2021-12-08T00:35:14","modified_gmt":"2021-12-08T00:35:14","slug":"3cx-ip-telefone","status":"publish","type":"page","link":"https:\/\/www.kaelberer-online.de\/services\/telefonanlagen\/3cx-ip-telefone\/","title":{"rendered":"IPTELEFONE 3CX Installation Telefon 07164 90 97 00"},"content":{"rendered":"<h2>\n<p>Wissen Sie die Anforderungen an Ihre neue <strong><strong>3CX<\/strong><\/strong> <strong><strong>Telefonanlage<\/strong><\/strong> bereits?<\/p>\n<\/h2>\n<p><h3>Eine moderne <strong>3CX<\/strong> <strong>Telefonanlage<\/strong> simplifiziert die Firmenprozesse. Optimieren Sie Ihr Unternehmen mit einer neuen und flexiblen <strong>3CX<\/strong> Telefonanlage. Eine <strong>3CX<\/strong> <strong>TK-Anlage<\/strong> die ma\u00dfgeschneidert auf Ihre Anforderungen zugeschnitten ist und mit dem Unternehmen wachsen kann.<\/h3>\n<\/p>\n<p>Die neue Arbeitswelt die mobil unterwegs ist. Kommunizieren Sie mit dem Smartphone \u00fcber Ihre <strong>3CX<\/strong> <strong>Telefonanlage<\/strong> mit Ihren Kunden. Nat\u00fcrlich mit Ihrer Festnetz-Telefonnummer als Absenderkennung. Wahren Sie Ihre Privatsph\u00e4re und zeigen Sie Professionalit\u00e4t.<\/p>\n<p>Unsere <strong>3CX<\/strong> <strong>Telefonanlage<\/strong>n wurden f\u00fcr flexibles arbeiten entworfen. Als moderne Cloud <strong>3CX<\/strong> <strong>Telefonanlage<\/strong> oder auf der privaten Hardware hausintern gehostet. Die Installation und die Konfiguration ist unkompliziert. Sie bekommen damit eine sichere, zuverl\u00e4ssige sowie anpassungsf\u00e4hige <strong>3CX<\/strong> <strong>Telefonanlage<\/strong>.<\/p>\n<h2>Eine gute, flexible L\u00f6sung<\/h2>\n<p>Ein tolles Preis- und Leistungsverh\u00e4ltnis. Richten Sie grenzenlos viele Nebenstellen ein, immer pr\u00e4zise da wo Sie sie im Moment ben\u00f6tigen und sparen Sie Kosten.<\/p>\n<h2>Identifizieren Sie die Anrufenden!<\/h2>\n<p>Bei Eingang eines Anrufs pr\u00e4zise wissen wer gerade anruft. Informationen sind alles. F\u00fcr Angestellte und die Gesch\u00e4ftsf\u00fchrung. Auf diese Weise wissen Sie exakt was l\u00e4uft. W\u00e4hlen Sie mit einem einfachen Mausklick aus dem CRM oder Ihrer Firmensoftware jede Rufnummer.<\/p>\n<p>W\u00e4re es nicht fantastisch, wenn Sie von einer zentralen Oberfl\u00e4che heraus alle Anrufe realisieren, entgegennehmen wie auch bearbeiten oder aber den Status Ihrer Kollegen in Erfahrung bringen, eingehende Livechat-Nachrichten beantworten und Videoanrufe f\u00fchren k\u00f6nnten? Mit dem Webclient als Softphone wie auch der Windows Desktop App ist all das wie auch noch jede Menge mehr m\u00f6glich.<\/p>\n<h2>Microsoft 365 Einbeziehung<\/h2>\n<p>Nutzt Ihr Unternehmen MS 365? In diesem Fall verkn\u00fcpfen Sie dieses ganz leicht mit der <strong>3CX<\/strong> <strong>TK-Anlage<\/strong> und vereinen Sie alle Vorteile beider Systeme! Benutzer k\u00f6nnen nahtlos mit beiden Applikationen arbeiten, Kontakte bearbeiten und Arbeitsschritte verschlanken, um ihre Effektivit\u00e4t zu steigern und Kunden zu inspirieren. <\/p>\n<h2>Kontakte mit Ihrem <strong>3CX<\/strong> Teilnehmerverzeichnis synchronisieren<\/h2>\n<ol>\n<li>Automatisierte Synchronisation Ihrer privaten Kontakte<\/li>\n<li>Anruf synchronisierter Kontakte per Webclient oder mobilen Applikationen<\/li>\n<li>Aktualisierung gemeinsamer Mailbox-Kontakte mit dem <strong>3CX<\/strong>-Teilnehmerverzeichnis<\/li>\n<\/ol>\n<h2>Microsoft Teams Telefonie-Zusammenf\u00fchrung<\/h2>\n<ol>\n<li>Auswahl eines eigenen preiswerten SIP-Anbieters Ihrer Region<\/li>\n<\/li>\n<li>Realisierung externer Telefongespr\u00e4che \u00fcber <strong>3CX<\/strong> SIP-Trunks<\/li>\n<\/li>\n<\/ol>\n<h3>Unsere Mitarbeiter beraten, organisieren Hardware und Softwarel\u00f6sungen, richten ein, konfigurieren, nehmen in Betrieb und Supporten Ihre brandneue <strong>3CX<\/strong> <strong>TK-Anlage<\/strong>. Sie haben Fragen, oder m\u00f6chten unsere aktuelle Preisliste anfordern? Sie erreichen uns unter Telefon 07164 909700 oder per Mail unter support@kaelberer-online.de<\/h3>\n<h2>Konnten wir Ihr Interesse wecken?<\/h2>\n<p>Unz\u00e4hlige zus\u00e4tzliche top Features warten auf Sie.<\/p>\n<ul>\n<li>Administration von System &#038; Nutzern von beliebigem Ort<\/li>\n<li>Benutzerdefinierte Call Flows automatisieren Anfragen &#038; Arbeitsschritte<\/li>\n<li>In Minuten Benutzer updaten\/hinzuf\u00fcgen wie auch Mailboxen konfigurieren<\/li>\n<li>Wechsel zwischen Sprach- wie auch Video-Telefonaten mit einem Fingertipp<\/li>\n<li>Inbegriffen Backups \u00fcber Nacht und 24\/7-\u00dcberwachung<\/li>\n<li>Laden Sie die App aus dem Google Play oder App Store herunter<\/li>\n<li>Selbst\u00e4ndig Hosten \u00fcber Google, Amazon, Microsoft &#038; weitere<\/li>\n<li>Vernetzen von remote Firmenb\u00fcros und interne Anrufkosten beseitigen<\/li>\n<li>Enth\u00e4lt mobile Apps f\u00fcr das Betriebssystem Windows, Web, iOS &#038; Android<\/li>\n<li>Vollautomatische Anrufaufzeichnung eliminiert manuelle Eintragungen<\/li>\n<li>Beginnen eines Videoanrufs von Ihrem Mobiltelefon aus<\/li>\n<li>Direkter Kontakt via Anrufe, Video und Instant Messaging<\/li>\n<li>Integration von Homepage-Livechat, Facebook-Messaging sowie Kurznachrichten<\/li>\n<li>Einfache Skalierbarkeit der <strong>Telefonanlage<\/strong>n-Installation<\/li>\n<li>Anrufe mit einem einzigen Mausklick geradewegs aus CRM heraus initiieren<\/li>\n<li>Integrierte browserbasierte Videokonferenzen<\/li>\n<li>Selektieren Sie im Men\u00fc oben das QR-Code-Symbol f\u00fcr dessen Scan<\/li>\n<li>Perfekte Nutzerverwaltung reduziert zahlreiche Stunden Arbeit<\/li>\n<li>Absolut keine Schulung notwendig \u2013 schnell einsteigen<\/li>\n<li>Verzicht auf kostspielige Mobilanrufe zwischen Mitarbeitern und Klienten<\/li>\n<\/ul>\n<h3>Fragen Sie mehr Informationen oder ein Produktangebot bei unserer Firma an. Nat\u00fcrlich stellen wir Ihnen auch eine vollst\u00e4ndige Leistungs\u00fcbersicht zur Verf\u00fcgung.<\/h3>\n<p>[contact-form-7 id=&#8220;5&#8243; title=&#8220;Contact form 1&#8243;]<\/p>\n","protected":false},"excerpt":{"rendered":"<p>Wissen Sie die Anforderungen an Ihre neue 3CX Telefonanlage bereits? Eine moderne 3CX Telefonanlage simplifiziert die Firmenprozesse. Optimieren Sie Ihr Unternehmen mit einer neuen und flexiblen 3CX Telefonanlage. Eine 3CX TK-Anlage die ma\u00dfgeschneidert auf Ihre Anforderungen zugeschnitten ist und mit dem Unternehmen wachsen kann. Die neue Arbeitswelt die mobil unterwegs ist. Kommunizieren Sie mit dem &hellip; <a href=\"https:\/\/www.kaelberer-online.de\/services\/telefonanlagen\/3cx-ip-telefone\/\" class=\"more-link\">Continue reading<span class=\"screen-reader-text\"> &#8222;IPTELEFONE 3CX Installation Telefon 07164 90 97 00&#8220;<\/span><\/a><\/p>\n","protected":false},"author":2,"featured_media":447,"parent":26,"menu_order":0,"comment_status":"closed","ping_status":"closed","template":"","meta":{"footnotes":""},"class_list":["post-446","page","type-page","status-publish","has-post-thumbnail","hentry"],"_links":{"self":[{"href":"https:\/\/www.kaelberer-online.de\/services\/wp-json\/wp\/v2\/pages\/446","targetHints":{"allow":["GET"]}}],"collection":[{"href":"https:\/\/www.kaelberer-online.de\/services\/wp-json\/wp\/v2\/pages"}],"about":[{"href":"https:\/\/www.kaelberer-online.de\/services\/wp-json\/wp\/v2\/types\/page"}],"author":[{"embeddable":true,"href":"https:\/\/www.kaelberer-online.de\/services\/wp-json\/wp\/v2\/users\/2"}],"replies":[{"embeddable":true,"href":"https:\/\/www.kaelberer-online.de\/services\/wp-json\/wp\/v2\/comments?post=446"}],"version-history":[{"count":0,"href":"https:\/\/www.kaelberer-online.de\/services\/wp-json\/wp\/v2\/pages\/446\/revisions"}],"up":[{"embeddable":true,"href":"https:\/\/www.kaelberer-online.de\/services\/wp-json\/wp\/v2\/pages\/26"}],"wp:featuredmedia":[{"embeddable":true,"href":"https:\/\/www.kaelberer-online.de\/services\/wp-json\/wp\/v2\/media\/447"}],"wp:attachment":[{"href":"https:\/\/www.kaelberer-online.de\/services\/wp-json\/wp\/v2\/media?parent=446"}],"curies":[{"name":"wp","href":"https:\/\/api.w.org\/{rel}","templated":true}]}}