{"id":442,"date":"2022-01-07T15:38:52","date_gmt":"2022-01-07T15:38:52","guid":{"rendered":"https:\/\/kaelberer-online.de\/services\/?page_id=442"},"modified":"2022-01-07T15:38:52","modified_gmt":"2022-01-07T15:38:52","slug":"vorteile-cloud-telefonanlage-3cx","status":"publish","type":"page","link":"https:\/\/www.kaelberer-online.de\/services\/telefonanlagen\/vorteile-cloud-telefonanlage-3cx\/","title":{"rendered":"VORTEILE CLOUD TELEFONANLAGE 3CX Support Telefon 07164 90 97 00"},"content":{"rendered":"<h2>\n<p>Kennen Sie die Anforderungen an Ihre neue <strong><strong>3CX<\/strong><\/strong> <strong><strong>TK-Anlage<\/strong><\/strong> bereits?<\/p>\n<\/h2>\n<p><h3>Eine aktuelle <strong>3CX<\/strong> <strong>Telefonanlage<\/strong> erleichtert die Unternehmensprozesse. Optimieren Sie Ihr Unternehmen mit der brandneuen und flexiblen <strong>3CX<\/strong> Telefonanlage. Eine <strong>3CX<\/strong> <strong>TK-Anlage<\/strong> die ma\u00dfgeschneidert auf Ihre Erwartungen abgestimmt ist und mit dem Unternehmen gro\u00df werden kann.<\/h3>\n<\/p>\n<p>Die neue Arbeitswelt die mobil unterwegs ist. Telefonieren Sie mit einem Handy \u00fcber Ihre <strong>3CX<\/strong> <strong>TK-Anlage<\/strong> mit Ihren Kunden. Nat\u00fcrlich mit Ihrer Festnetz-Rufnummer als Absender-Kennung. Wahren Sie Ihre Privatsph\u00e4re und beweisen Sie Professionalit\u00e4t.<\/p>\n<p>Unsere <strong>3CX<\/strong> <strong>Telefonanlage<\/strong>n werden auch f\u00fcr flexibles arbeiten entwickelt. Als zeitgem\u00e4\u00dfe Cloud <strong>3CX<\/strong> <strong>TK-Anlage<\/strong> oder auf der eigenen Hardware hausintern gehostet. Eine Installation und die Verwaltung ist einfach. Sie bekommen dadurch eine sichere, verl\u00e4ssliche wie auch variable <strong>3CX<\/strong> <strong>Telefonanlage<\/strong>.<\/p>\n<h2>Die gute, flexible L\u00f6sung<\/h2>\n<p>Ein hervorragendes Preis- und Leistungsverh\u00e4ltnis. Richten Sie grenzenlos viele Nebenstellen ein, stets pr\u00e4zise da wo Sie sie im Moment w\u00fcnschen und sparen Sie Kosten.<\/p>\n<h2>Erkennen Sie die Anrufer!<\/h2>\n<p>Bei Eingang eines Telefonanrufs genau wissen wer im Moment anruft. Infos sind alles. F\u00fcr Mitarbeiter sowie die Leitung. So wissen Sie genau was geht. W\u00e4hlen Sie mit einem trivialen Klick aus Ihrem CRM oder Ihrer Firmensoftware jede Telefonnummer.<\/p>\n<p>W\u00e4re es nicht genial, wenn Sie von einer zentralen Oberfl\u00e4che heraus s\u00e4mtliche Anrufe t\u00e4tigen, annehmen und bearbeiten oder aber den Status Ihrer Kollegen abfragen, eingehende Livechat-Nachrichten beantworten und Videoanrufe f\u00fchren k\u00f6nnten? Mit dem Webclient als Softphone sowie der Windows Desktop Applikation wird all das und noch reichlich mehr m\u00f6glich.<\/p>\n<h2>Microsoft 365 Zusammenf\u00fchrung<\/h2>\n<p>Benutzt Ihr Unternehmen Microsoft 365? In diesem Fall verbinden Sie dieses direkt mit der <strong>3CX<\/strong> <strong>TK-Anlage<\/strong> und kombinieren Sie jegliche Vorz\u00fcge beider Systeme! User k\u00f6nnen nahtlos \u00fcber beide Apps arbeiten, Kontakte verwalten und Arbeitsschritte verschlanken, um die Effizienz zu steigern und Auftraggeber zu begeistern. <\/p>\n<h2>Kontakte mit dem <strong>3CX<\/strong> Teilnehmerverzeichnis abgleichen<\/h2>\n<ol>\n<li>Updaten gemeinsamer Mailbox-Kontakte mit dem <strong>3CX<\/strong>-Telefonbuch<\/li>\n<li>Anruf synchronisierter Kontakte per Webclient oder mobilen Applikationen<\/li>\n<li>Automatisierte Synchronisation Ihrer privaten Kontakte<\/li>\n<\/ol>\n<h2>MS Teams Telefonie-Integration<\/h2>\n<ol>\n<li>Realisierung externer Telefongespr\u00e4che via <strong>3CX<\/strong> SIP-Trunks<\/li>\n<\/li>\n<li>Auswahl eines eigenen optimalen SIP-Providers Ihrer Region<\/li>\n<\/li>\n<li>Eliminieren Microsoft\u00b4s teurer Inlands-\/internationaler Tarife<\/li>\n<\/li>\n<\/ol>\n<h3>Wir informieren, organisieren Hardware wie auch Softwareanwendungen, richten ein, konfigurieren, nehmen in Betrieb und Supporten Ihre brandneue <strong>3CX<\/strong> <strong>Telefonanlage<\/strong>. Sie haben Fragen, oder wollen unsere aktuelle Liste der Preise anfordern? Sie erreichen uns unter Telefon 07164 909700 sowie per Mail unter support@kaelberer-online.de<\/h3>\n<h2>Haben wir Sie neugierig gemacht?<\/h2>\n<p>Jede Menge weitere tolle Funktionen warten auf Sie.<\/p>\n<ul>\n<li>Anrufweiterleitung basierend auf Kundennummer sowie Anfrage<\/li>\n<li>Keine Lizenzierung pro Nebenstelle, unbegrenzt viele Nebenstellen<\/li>\n<li>Simples Weitersenden von Anrufen und Chatten mit Kollegen<\/li>\n<li>Inklusive Backups \u00fcber Nacht und 24\/7-Kontrolle<\/li>\n<li>Verzicht auf kostspielige Mobilanrufe zwischen Besch\u00e4ftigten sowie Klienten<\/li>\n<li>Benutzerdefinierte Call Flows automatisieren Anfragen &#038; Abl\u00e4ufe<\/li>\n<li>Anruf-Protokolle im Kundendatensatz f\u00fcr transparente Anrufhistorie<\/li>\n<li>\u00c4ndern des eigenen Status und Ansicht der Verf\u00fcgbarkeit des Projektteams<\/li>\n<li>Unbegrenzte Menge von Usern umsonst in <strong>3CX<\/strong> enthalten<\/li>\n<li>Zeitersparung durch automatische Bildschirmanzeige von Kundendaten<\/li>\n<li>Telefonrechnung um bis zu 80 % senken durch Wechsel zu <strong>3CX<\/strong><\/li>\n<li>Eingebettete browserbasierte Videokonferenzen<\/li>\n<li>Anmeldung am Webclient \u2013 Details in der Willkommens-E-Mail<\/li>\n<li>Anrufe mit einem einzigen Klick direkt aus CRM heraus f\u00fchren<\/li>\n<li>Automatische Einstellung von Firewall-Regeln<\/li>\n<li>Einfaches Implementieren und Verwalten ohne Schulungsbedarf<\/li>\n<li>Update des eigenen Status &#038; Einsicht der Personal-Verf\u00fcgbarkeit<\/li>\n<li>Verwaltung, Sicherheits-Patches &#038; Version-Upgrades durch <strong>3CX<\/strong><\/li>\n<li>Auf g\u00fcnstigem Raspberry Pi sowie MiniPC als Telefonie-Appliance<\/li>\n<li>Jederzeit zwischen <strong>3CX<\/strong>-Hosting, on-Premise &#038; Ihrer Cloud wechseln<\/li>\n<li>Simple Skalierbarkeit der TK-Installation<\/li>\n<li>Simple Benutzerverwaltung reduziert jede Menge Stunden Arbeit<\/li>\n<\/ul>\n<h3>Fragen Sie mehr Infos sowie ein Produktangebot bei uns an. Gerne stellen wir Ihnen auch eine komplette Featureliste zur Verf\u00fcgung.<\/h3>\n<p>[contact-form-7 id=&#8220;5&#8243; title=&#8220;Contact form 1&#8243;]<\/p>\n","protected":false},"excerpt":{"rendered":"<p>Kennen Sie die Anforderungen an Ihre neue 3CX TK-Anlage bereits? Eine aktuelle 3CX Telefonanlage erleichtert die Unternehmensprozesse. Optimieren Sie Ihr Unternehmen mit der brandneuen und flexiblen 3CX Telefonanlage. Eine 3CX TK-Anlage die ma\u00dfgeschneidert auf Ihre Erwartungen abgestimmt ist und mit dem Unternehmen gro\u00df werden kann. Die neue Arbeitswelt die mobil unterwegs ist. Telefonieren Sie mit &hellip; <a href=\"https:\/\/www.kaelberer-online.de\/services\/telefonanlagen\/vorteile-cloud-telefonanlage-3cx\/\" class=\"more-link\">Continue reading<span class=\"screen-reader-text\"> &#8222;VORTEILE CLOUD TELEFONANLAGE 3CX Support Telefon 07164 90 97 00&#8220;<\/span><\/a><\/p>\n","protected":false},"author":2,"featured_media":443,"parent":26,"menu_order":0,"comment_status":"closed","ping_status":"closed","template":"","meta":{"footnotes":""},"class_list":["post-442","page","type-page","status-publish","has-post-thumbnail","hentry"],"_links":{"self":[{"href":"https:\/\/www.kaelberer-online.de\/services\/wp-json\/wp\/v2\/pages\/442","targetHints":{"allow":["GET"]}}],"collection":[{"href":"https:\/\/www.kaelberer-online.de\/services\/wp-json\/wp\/v2\/pages"}],"about":[{"href":"https:\/\/www.kaelberer-online.de\/services\/wp-json\/wp\/v2\/types\/page"}],"author":[{"embeddable":true,"href":"https:\/\/www.kaelberer-online.de\/services\/wp-json\/wp\/v2\/users\/2"}],"replies":[{"embeddable":true,"href":"https:\/\/www.kaelberer-online.de\/services\/wp-json\/wp\/v2\/comments?post=442"}],"version-history":[{"count":0,"href":"https:\/\/www.kaelberer-online.de\/services\/wp-json\/wp\/v2\/pages\/442\/revisions"}],"up":[{"embeddable":true,"href":"https:\/\/www.kaelberer-online.de\/services\/wp-json\/wp\/v2\/pages\/26"}],"wp:featuredmedia":[{"embeddable":true,"href":"https:\/\/www.kaelberer-online.de\/services\/wp-json\/wp\/v2\/media\/443"}],"wp:attachment":[{"href":"https:\/\/www.kaelberer-online.de\/services\/wp-json\/wp\/v2\/media?parent=442"}],"curies":[{"name":"wp","href":"https:\/\/api.w.org\/{rel}","templated":true}]}}