{"id":440,"date":"2021-11-24T01:24:31","date_gmt":"2021-11-24T01:24:31","guid":{"rendered":"https:\/\/kaelberer-online.de\/services\/?page_id=440"},"modified":"2021-11-24T01:24:31","modified_gmt":"2021-11-24T01:24:31","slug":"3cx-isdn-gateway","status":"publish","type":"page","link":"https:\/\/www.kaelberer-online.de\/services\/telefonanlagen\/3cx-isdn-gateway\/","title":{"rendered":"ISDNGATEWAY 3CX Service Tel. 07164 90 97 00"},"content":{"rendered":"<h2>\n<p>Kennen Sie die Vorgaben an Ihre neue <strong><strong>3CX<\/strong><\/strong> <strong><strong>TK-Anlage<\/strong><\/strong> bereits?<\/p>\n<\/h2>\n<p><h3>Die moderne <strong>3CX<\/strong> <strong>Telefonanlage<\/strong> simplifiziert Ihre Firmenprozesse. Optimieren Sie Ihre Firma mit der neuen und flexiblen <strong>3CX<\/strong> Telefonanlage. Die <strong>3CX<\/strong> <strong>TK-Anlage<\/strong> die ma\u00dfgeschneidert auf Ihre Anspr\u00fcche abgestimmt ist und mit Ihrem Unternehmen gro\u00df werden kann.<\/h3>\n<\/p>\n<p>Eine neue Arbeitswelt die mobil unterwegs ist. Telefonieren Sie mit Ihrem Mobiltelefon \u00fcber die <strong>3CX<\/strong> <strong>TK-Anlage<\/strong> mit Ihren Klienten. Selbstverst\u00e4ndlich mit Ihrer Festnetz-Telefonnummer als Absenderkennung. besch\u00fctzen Sie die Privatsph\u00e4re und beweisen Sie Seriosit\u00e4t.<\/p>\n<p>Unsere <strong>3CX<\/strong> <strong>TK-Anlage<\/strong>n wurden f\u00fcr flexibles arbeiten konzipiert. Als zeitgem\u00e4\u00dfe Cloud <strong>3CX<\/strong> <strong>Telefonanlage<\/strong> oder auf Ihrer privaten Hardware hausintern gehostet. Eine Installation und die Konfiguration ist unkompliziert. Sie bekommen dadurch eine sichere, zuverl\u00e4ssige wie auch variable <strong>3CX<\/strong> <strong>Telefonanlage<\/strong>.<\/p>\n<h2>Faire Preise f\u00fcr Ihre neue 3CX <strong>TK-Anlage<\/strong><\/h2>\n<p>Ein tolles Preis- und Leistungsverh\u00e4ltnis. Richten Sie unendlich viele Nebenstellen ein, immer pr\u00e4zise da wo Sie sie gerade w\u00fcnschen und sparen Sie Kosten.<\/p>\n<h2>Erkennen Sie die Anrufer!<\/h2>\n<p>Bei Eingang eines Anrufs pr\u00e4zise wissen wer gerade anruft. Infos sind alles. F\u00fcr Besch\u00e4ftigte oder die Gesch\u00e4ftsleitung. So wissen Sie genau was l\u00e4uft. W\u00e4hlen Sie mit einem einfachen Klick aus Ihrem CRM oder Ihrer Business Software jede Telefonnummer.<\/p>\n<p>Ist es nicht genial, wenn Sie von einer zentralen Oberfl\u00e4che heraus s\u00e4mtliche Anrufe t\u00e4tigen, empfangen und bearbeiten oder aber den Status Ihrer Kollegen in Erfahrung bringen, eingehende Chat-News beantworten und Videoanrufe f\u00fchren k\u00f6nnten? Mit dem Webclient als Softphone und der Windows Desktop Applikation ist alles das und noch reichlich mehr machbar.<\/p>\n<h2>Microsoft 365 Einbindung<\/h2>\n<p>Verwendet Ihre Firma Microsoft 365? Dann verbinden Sie dieses ganz leicht mit der <strong>3CX<\/strong> <strong>Telefonanlage<\/strong> und verschmelzen Sie s\u00e4mtliche Vorz\u00fcge beider Systeme! Anwender k\u00f6nnen nahtlos \u00fcber beide Apps arbeiten, Kontakte bearbeiten und Vorgehensweisen schlanker machen, um die Effizienz zu steigern und Kunden zu inspirieren. <\/p>\n<h2>Kontakte mit dem <strong>3CX<\/strong> Telefonbuch abgleichen<\/h2>\n<ol>\n<li>Anwendungs-\u00fcbergreifende Verwaltung s\u00e4mtlicher Kontakte in Microsoft 365<\/li>\n<li>Updaten gemeinsamer Mailbox-Kontakte mit dem <strong>3CX<\/strong>-Teilnehmerverzeichnis<\/li>\n<li>Automatische Synchronisation Ihrer eigenen Kontakte<\/li>\n<\/ol>\n<h2>MS Teams Telefonie-Integration<\/h2>\n<ol>\n<li>Auswahl eines eigenen preisg\u00fcnstigen SIP-Dienstleisters Ihrer Gegend<\/li>\n<\/li>\n<li>Durchf\u00fchrung externer Telefongespr\u00e4che mittels <strong>3CX<\/strong> SIP-Trunks<\/li>\n<\/li>\n<\/ol>\n<h3>Unsere Techniker informieren, beschaffen Hardware und Softwarel\u00f6sungen, installieren, konfigurieren, nehmen in Betrieb und Supporten Ihre neue <strong>3CX<\/strong> <strong>TK-Anlage<\/strong>. Sie haben Fragen, oder wollen unsere aktuelle Preisliste anfordern? Sie erreichen uns unter Telefon 07164 909700 und per Mail unter support@kaelberer-online.de<\/h3>\n<h2>Konnten wir Sie neugierig machen?<\/h2>\n<p>Viele weitere interessante Features warten auf Sie.<\/p>\n<ul>\n<li>Simples Weitersenden von Anrufen und Chatten mit Kollegen<\/li>\n<li>Registrierung am Webclient \u2013 Einzelheiten in der Willkommens-E-Mail<\/li>\n<li>Freih\u00e4ndiges Anrufen mit Hilfe Siri wie auch Bluetooth-Einbindung<\/li>\n<li>Nutzung der Unternehmens-Durchwahlnummer auf Ihrem Handy<\/li>\n<li>Identifikation von Anrufern mit Hilfe CRM-Integration<\/li>\n<li>PBX Express bootet Ihre <strong>3CX<\/strong>-Instanz in wenigen Minuten<\/li>\n<li>Selektieren Sie im Men\u00fc oben das QR-Code-Symbol f\u00fcr dessen Scan<\/li>\n<li>Absolut keine Schulung erforderlich \u2013 schnell starten<\/li>\n<li>4-stellige Kostenersparnis f\u00fcr Gespr\u00e4che per SIP-Trunk Ihrer Wahl<\/li>\n<li>Fernkonfiguration \u00fcber QR-Code anstatt umst\u00e4ndliche Einrichtung<\/li>\n<li>Update des pers\u00f6nlichen Status &#038; Einsicht der Personal-Verf\u00fcgbarkeit<\/li>\n<li>Konferenzen, mobile Apps, Chat einbegriffen<\/li>\n<li>Unbegrenzte Zahl von Anwendern zum Nulltarif in <strong>3CX<\/strong> enthalten<\/li>\n<li>Abgesicherte Verbindungen garantieren Privatsph\u00e4re und Schutz<\/li>\n<li>Tageszeit-basierte Anrufweiterleitung und Telefonumfragen<\/li>\n<li>In Minuten Anwender updaten\/hinzuf\u00fcgen sowie Mailboxen einrichten<\/li>\n<li>Zeitgewinn durch automatische Anzeige von Kundendaten<\/li>\n<li>Einleiten eines Videoanrufs von Ihrem Mobiltelefon aus<\/li>\n<li>Zufriedene Kunden sowie weniger M\u00fchen f\u00fcr Ihre Arbeitnehmer<\/li>\n<li>Bereitstellung Ihrer Entit\u00e4t bei einem Super-Cloud-Anbieter<\/li>\n<li>Zuteilung der Anrufer-ID zu einem Datensatz in Ihrem CRM<\/li>\n<li>Wechsel zwischen Sprach- wie auch Video-Telefonaten mit einem Fingertipp<\/li>\n<li>Verzicht auf hochpreisige Mobilanrufe zwischen Mitarbeitern und Klienten<\/li>\n<\/ul>\n<h3>Bitte fordern Sie erg\u00e4nzende Infos und ein Produktangebot bei unserer Firma an. Selbstverst\u00e4ndlich stellen wir Ihnen auch eine vollst\u00e4ndige Featureliste zur Verf\u00fcgung.<\/h3>\n<p>[contact-form-7 id=&#8220;5&#8243; title=&#8220;Contact form 1&#8243;]<\/p>\n","protected":false},"excerpt":{"rendered":"<p>Kennen Sie die Vorgaben an Ihre neue 3CX TK-Anlage bereits? Die moderne 3CX Telefonanlage simplifiziert Ihre Firmenprozesse. Optimieren Sie Ihre Firma mit der neuen und flexiblen 3CX Telefonanlage. Die 3CX TK-Anlage die ma\u00dfgeschneidert auf Ihre Anspr\u00fcche abgestimmt ist und mit Ihrem Unternehmen gro\u00df werden kann. Eine neue Arbeitswelt die mobil unterwegs ist. Telefonieren Sie mit &hellip; <a href=\"https:\/\/www.kaelberer-online.de\/services\/telefonanlagen\/3cx-isdn-gateway\/\" class=\"more-link\">Continue reading<span class=\"screen-reader-text\"> &#8222;ISDNGATEWAY 3CX Service Tel. 07164 90 97 00&#8220;<\/span><\/a><\/p>\n","protected":false},"author":2,"featured_media":441,"parent":26,"menu_order":0,"comment_status":"closed","ping_status":"closed","template":"","meta":{"footnotes":""},"class_list":["post-440","page","type-page","status-publish","has-post-thumbnail","hentry"],"_links":{"self":[{"href":"https:\/\/www.kaelberer-online.de\/services\/wp-json\/wp\/v2\/pages\/440","targetHints":{"allow":["GET"]}}],"collection":[{"href":"https:\/\/www.kaelberer-online.de\/services\/wp-json\/wp\/v2\/pages"}],"about":[{"href":"https:\/\/www.kaelberer-online.de\/services\/wp-json\/wp\/v2\/types\/page"}],"author":[{"embeddable":true,"href":"https:\/\/www.kaelberer-online.de\/services\/wp-json\/wp\/v2\/users\/2"}],"replies":[{"embeddable":true,"href":"https:\/\/www.kaelberer-online.de\/services\/wp-json\/wp\/v2\/comments?post=440"}],"version-history":[{"count":0,"href":"https:\/\/www.kaelberer-online.de\/services\/wp-json\/wp\/v2\/pages\/440\/revisions"}],"up":[{"embeddable":true,"href":"https:\/\/www.kaelberer-online.de\/services\/wp-json\/wp\/v2\/pages\/26"}],"wp:featuredmedia":[{"embeddable":true,"href":"https:\/\/www.kaelberer-online.de\/services\/wp-json\/wp\/v2\/media\/441"}],"wp:attachment":[{"href":"https:\/\/www.kaelberer-online.de\/services\/wp-json\/wp\/v2\/media?parent=440"}],"curies":[{"name":"wp","href":"https:\/\/api.w.org\/{rel}","templated":true}]}}