{"id":434,"date":"2021-11-29T10:05:32","date_gmt":"2021-11-29T10:05:32","guid":{"rendered":"https:\/\/kaelberer-online.de\/services\/?page_id=434"},"modified":"2021-11-29T10:05:32","modified_gmt":"2021-11-29T10:05:32","slug":"switch-telefonanlage-3cx","status":"publish","type":"page","link":"https:\/\/www.kaelberer-online.de\/services\/telefonanlagen\/switch-telefonanlage-3cx\/","title":{"rendered":"SWITCH TELEFONANLAGE 3CX Beratung Telefon 07164 90 97 00"},"content":{"rendered":"<h2>\n<p>Kennen Sie die Anforderungen an Ihre neue <strong><strong>3CX<\/strong><\/strong> <strong><strong>Telefonanlage<\/strong><\/strong> schon?<\/p>\n<\/h2>\n<p><h3>Die aktuelle <strong>3CX<\/strong> <strong>TK-Anlage<\/strong> erleichtert die Gesch\u00e4ftsprozesse. Optimieren Sie Ihr Unternehmen mit einer neuen und flexiblen <strong>3CX<\/strong> <strong>TK-Anlage<\/strong>. Die <strong>3CX<\/strong> <strong>TK-Anlage<\/strong> die individuell auf Ihre Erwartungen zugeschnitten ist und mit Ihrem Unternehmen wachsen kann.<\/h3>\n<\/p>\n<p>Die neue Arbeitswelt die mobil unterwegs ist. Kommunizieren Sie mit dem Smartphone \u00fcber die <strong>3CX<\/strong> <strong>Telefonanlage<\/strong> mit Ihren Auftraggebern. Selbstverst\u00e4ndlich \u00fcber Ihre Festnetz-Telefonnummer als Absenderkennung. bewahren Sie die Privatsph\u00e4re und beweisen Sie Professionalit\u00e4t.<\/p>\n<p>die <strong>3CX<\/strong> <strong>TK-Anlage<\/strong>n werden auch f\u00fcr flexibles arbeiten designed. Als zeitgem\u00e4\u00dfe Cloud <strong>3CX<\/strong> <strong>Telefonanlage<\/strong> oder auf der privaten Hardware hausintern gehostet. Eine Installation und die Konfiguration ist unkompliziert. Sie erhalten damit eine sichere, verl\u00e4ssliche wie auch anpassbare <strong>3CX<\/strong> <strong>Telefonanlage<\/strong>.<\/p>\n<h2>Faire Preise f\u00fcr Ihre neue 3CX <strong>Telefonanlage<\/strong><\/h2>\n<p>Ein tolles Preis- und Leistungsverh\u00e4ltnis. Richten Sie unbegrenzt viele Nebenstellen ein, stets genau da wo Sie sie im Moment brauchen und sparen Sie Kosten.<\/p>\n<h2>Identifizieren Sie die Anrufer!<\/h2>\n<p>Bei Eingang eines Anrufs exakt wissen wer im Moment anruft. Infos sind alles. F\u00fcr Mitarbeiter oder die Gesch\u00e4ftsf\u00fchrung. So wissen Sie exakt was l\u00e4uft. W\u00e4hlen Sie mit einem simplen Click aus dem CRM oder Ihrer Firmensoftware jede Telefonnummer.<\/p>\n<p>Ist es nicht phantastisch, wenn Sie von einer zentralen Oberfl\u00e4che heraus s\u00e4mtliche Anrufe t\u00e4tigen, annehmen sowie bearbeiten oder aber den Status Ihrer Arbeitskollegen in Erfahrung bringen, eingehende Chat-News beantworten und Videoanrufe initiieren k\u00f6nnten? Mit einem Webclient als Softphone wie auch der Windows Desktop Applikation wird alles das wie auch noch jede Menge mehr m\u00f6glich.<\/p>\n<h2>MS 365 Einbeziehung<\/h2>\n<p>Benutzt Ihr Unternehmen Microsoft 365? Dann vernetzen Sie dieses bequem mit der <strong>3CX<\/strong> <strong>Telefonanlage<\/strong> und vereinen Sie s\u00e4mtliche Vorteile beider Systeme! User k\u00f6nnen \u00fcbergangslos mit beiden Apps arbeiten, Kontakte verwalten und Vorgehensweisen schlanker machen, um ihre Effektivit\u00e4t zu erh\u00f6hen und Klienten zu begeistern. <\/p>\n<h2>Kontakte mit dem <strong>3CX<\/strong> Telefonbuch synchronisieren<\/h2>\n<ol>\n<li>Applikation-\u00fcbergreifende Verwaltung s\u00e4mtlicher Kontakte in MS 365<\/li>\n<li>Updaten gemeinsamer Mailbox-Kontakte mit dem <strong>3CX<\/strong>-Teilnehmerverzeichnis<\/li>\n<li>Anruf synchronisierter Kontakte per Webclient oder portabler Apps<\/li>\n<\/ol>\n<h2>Microsoft Teams Telefonie-Integration<\/h2>\n<ol>\n<li>Durchf\u00fchrung externer Telefonate via <strong>3CX<\/strong> SIP-Trunks<\/li>\n<\/li>\n<li>Selektion eines individuellen optimalen SIP-Anbieters Ihrer Gegend<\/li>\n<\/li>\n<li>Eliminieren Microsoft\u00b4s teurer Inlands-\/internationaler Tarife<\/li>\n<\/li>\n<\/ol>\n<h3>Unsere Techniker beraten, beschaffen Hardware sowie Softwareanwendungen, installieren, konfigurieren, nehmen in Betrieb und Supporten Ihre brandneue <strong>3CX<\/strong> <strong>Telefonanlage<\/strong>. Sie haben Fragen, oder m\u00f6chten unsere aktuelle Liste der Preise anfordern? Sie erreichen uns unter Telefon 07164 909700 und per E-Mail-Nachricht unter support@kaelberer-online.de<\/h3>\n<h2>Haben wir Sie neugierig gemacht?<\/h2>\n<p>Unz\u00e4hlige weitere interessante Features warten auf Sie.<\/p>\n<ul>\n<li>Einleiten eines Videoanrufs von Ihrem Mobiltelefon aus<\/li>\n<li>Inbegriffen Backups \u00fcber Nacht sowie 24\/7-\u00dcberwachung<\/li>\n<li>Lockdown-f\u00e4hig mit der kostenlosen Applikation f\u00fcr Web, iOS &#038; Android<\/li>\n<li>Kontrolle \u00fcber die Telefonleitungen und Gespr\u00e4chskosten<\/li>\n<li>Wechsel zwischen Server &#038; Cloud \u2013 integriertes Backup &#038; Restore<\/li>\n<li>M\u00fcheloses Implementieren und Verwalten ohne Schulungsbedarf<\/li>\n<li>Bequemes Weiterreichen von Kunden an die korrekte Abteilung<\/li>\n<li>Perfekte Benutzerverwaltung reduziert zahlreiche Arbeitsstunden<\/li>\n<li>Keine Schulung vonn\u00f6ten \u2013 unmittelbar einsteigen<\/li>\n<li>Erstellung eines neuen Kundendatensatzes f\u00fcr neue Rufnummern<\/li>\n<li>4-stellige Kostenersparnis f\u00fcr Gespr\u00e4che mittels SIP-Trunk Ihrer Auswahl<\/li>\n<li>Zufriedene Kunden wie auch weniger Aufwand f\u00fcr Ihre Arbeitnehmer<\/li>\n<li>Benutzerdefinierte Call Flows automatisieren Anfragen &#038; Arbeitsschritte<\/li>\n<li>Schnellkonfiguration mit IP-Telefonen, Gateways &#038; SIP-Trunks<\/li>\n<li>Anruf-Protokolle im Kundendatensatz f\u00fcr transparente Anrufhistorie<\/li>\n<li>Zuteilung der Anrufer-ID zu einem Datensatz in Ihrem CRM<\/li>\n<li>Flexible eingehende\/hinausgehende Regeln, DIDs &#038; Ring Groups<\/li>\n<\/ul>\n<h3>Bitte fordern Sie erg\u00e4nzende Unterlagen sowie ein Angebot bei unserer Firma an. Nat\u00fcrlich stellen wir Ihnen auch eine komplette Featureliste zur Verf\u00fcgung.<\/h3>\n<p>[contact-form-7 id=&#8220;5&#8243; title=&#8220;Contact form 1&#8243;]<\/p>\n","protected":false},"excerpt":{"rendered":"<p>Kennen Sie die Anforderungen an Ihre neue 3CX Telefonanlage schon? Die aktuelle 3CX TK-Anlage erleichtert die Gesch\u00e4ftsprozesse. Optimieren Sie Ihr Unternehmen mit einer neuen und flexiblen 3CX TK-Anlage. Die 3CX TK-Anlage die individuell auf Ihre Erwartungen zugeschnitten ist und mit Ihrem Unternehmen wachsen kann. Die neue Arbeitswelt die mobil unterwegs ist. Kommunizieren Sie mit dem &hellip; <a href=\"https:\/\/www.kaelberer-online.de\/services\/telefonanlagen\/switch-telefonanlage-3cx\/\" class=\"more-link\">Continue reading<span class=\"screen-reader-text\"> &#8222;SWITCH TELEFONANLAGE 3CX Beratung Telefon 07164 90 97 00&#8220;<\/span><\/a><\/p>\n","protected":false},"author":2,"featured_media":435,"parent":26,"menu_order":0,"comment_status":"closed","ping_status":"closed","template":"","meta":{"footnotes":""},"class_list":["post-434","page","type-page","status-publish","has-post-thumbnail","hentry"],"_links":{"self":[{"href":"https:\/\/www.kaelberer-online.de\/services\/wp-json\/wp\/v2\/pages\/434","targetHints":{"allow":["GET"]}}],"collection":[{"href":"https:\/\/www.kaelberer-online.de\/services\/wp-json\/wp\/v2\/pages"}],"about":[{"href":"https:\/\/www.kaelberer-online.de\/services\/wp-json\/wp\/v2\/types\/page"}],"author":[{"embeddable":true,"href":"https:\/\/www.kaelberer-online.de\/services\/wp-json\/wp\/v2\/users\/2"}],"replies":[{"embeddable":true,"href":"https:\/\/www.kaelberer-online.de\/services\/wp-json\/wp\/v2\/comments?post=434"}],"version-history":[{"count":0,"href":"https:\/\/www.kaelberer-online.de\/services\/wp-json\/wp\/v2\/pages\/434\/revisions"}],"up":[{"embeddable":true,"href":"https:\/\/www.kaelberer-online.de\/services\/wp-json\/wp\/v2\/pages\/26"}],"wp:featuredmedia":[{"embeddable":true,"href":"https:\/\/www.kaelberer-online.de\/services\/wp-json\/wp\/v2\/media\/435"}],"wp:attachment":[{"href":"https:\/\/www.kaelberer-online.de\/services\/wp-json\/wp\/v2\/media?parent=434"}],"curies":[{"name":"wp","href":"https:\/\/api.w.org\/{rel}","templated":true}]}}