{"id":416,"date":"2021-12-04T10:12:23","date_gmt":"2021-12-04T10:12:23","guid":{"rendered":"https:\/\/kaelberer-online.de\/services\/?page_id=416"},"modified":"2021-12-04T10:12:23","modified_gmt":"2021-12-04T10:12:23","slug":"cloud-telefonie-test-3cx","status":"publish","type":"page","link":"https:\/\/www.kaelberer-online.de\/services\/telefonanlagen\/cloud-telefonie-test-3cx\/","title":{"rendered":"CLOUD TELEFONIE TEST 3CX Angebot Tel. 07164 90 97 00"},"content":{"rendered":"<h2>\n<p>Wissen Sie die Vorgaben an Ihre neue <strong><strong>3CX<\/strong><\/strong> <strong><strong>TK-Anlage<\/strong><\/strong> bereits?<\/p>\n<\/h2>\n<p><h3>Eine moderne <strong>3CX<\/strong> <strong>TK-Anlage<\/strong> erleichtert die Firmenprozesse. Optimieren Sie Ihre Firma mit der neusten und flexiblen <strong>3CX<\/strong> Telefonanlage. Die <strong>3CX<\/strong> <strong>TK-Anlage<\/strong> die ma\u00dfgeschneidert auf Ihre Vorgaben zugeschnitten ist und mit dem Unternehmen gro\u00df werden kann.<\/h3>\n<\/p>\n<p>Eine neue Arbeitswelt ist mobil unterwegs. Telefonieren Sie mit Ihrem Mobiltelefon \u00fcber die <strong>3CX<\/strong> <strong>Telefonanlage<\/strong> mit Ihren Kunden. Nat\u00fcrlich mit Ihrer Festnetz-Rufnummer als Absenderkennung. bewahren Sie die Privatsph\u00e4re und zeigen Sie Seriosit\u00e4t.<\/p>\n<p>Unsere <strong>3CX<\/strong> <strong>TK-Anlage<\/strong>n werden f\u00fcr flexibles arbeiten designed. Als aktuelle Cloud <strong>3CX<\/strong> <strong>Telefonanlage<\/strong> oder auf der eigenen Hardware hausintern gehostet. Die Installation und die Konfiguration ist einfach. Sie bekommen dadurch eine sichere, zuverl\u00e4ssige und variable <strong>3CX<\/strong> <strong>Telefonanlage<\/strong>.<\/p>\n<h2>Faire Preise f\u00fcr Ihre neue 3CX <strong>TK-Anlage<\/strong><\/h2>\n<p>Ein unschlagbares Preis- und Leistungsverh\u00e4ltnis. Richten Sie grenzenlos viele Nebenstellen ein, stets exakt da wo Sie sie gerade brauchen und sparen Sie Kosten.<\/p>\n<h2>Erkennen Sie Ihre Anrufer!<\/h2>\n<p>Bei Anrufeingang pr\u00e4zise wissen wer im Moment anruft. Informationen sind alles. F\u00fcr Besch\u00e4ftigte sowie die Gesch\u00e4ftsf\u00fchrung. So wissen Sie exakt was geht. W\u00e4hlen Sie mit einem bequemen Click aus dem CRM oder Ihrer Firmensoftware jede Rufnummer.<\/p>\n<p>W\u00e4re es nicht phantastisch, wenn Sie von einer zentralen Oberfl\u00e4che heraus alle Anrufe realisieren, empfangen und bearbeiten oder aber den Status Ihrer Arbeitskollegen in Erfahrung bringen, eingehende Livechat-Nachrichten beantworten und Videoanrufe f\u00fchren k\u00f6nnten? Mit dem Webclient als Softphone sowie der Windows Desktop App ist alles das sowie noch jede Menge mehr realisierbar.<\/p>\n<h2>Microsoft 365 Verzahnung<\/h2>\n<p>Benutzt Ihr Unternehmen Microsoft 365? In diesem Fall verkn\u00fcpfen Sie dieses unkompliziert mit der <strong>3CX<\/strong> <strong>Telefonanlage<\/strong> und vereinen Sie jegliche Vorz\u00fcge beider Systeme! Benutzer k\u00f6nnen nahtlos \u00fcber beide Apps arbeiten, Kontakte bearbeiten und Vorgehensweisen schlanker machen, um ihre Effizienz zu erh\u00f6hen und Klienten zu inspirieren. <\/p>\n<h2>Kontakte mit Ihrem <strong>3CX<\/strong> Telefonbuch synchronisieren<\/h2>\n<ol>\n<li>Vollautomatische Synchronisation Ihrer privaten Kontakte<\/li>\n<li>App-\u00fcbergreifende Verwaltung jeglicher Kontakte in MS 365<\/li>\n<li>Anruf synchronisierter Kontakte per Webclient oder mobilen Apps<\/li>\n<\/ol>\n<h2>MS Teams Telefonie-Verzahnung<\/h2>\n<ol>\n<li>Durchf\u00fchrung externer Telefongespr\u00e4che \u00fcber <strong>3CX<\/strong> SIP-Trunks<\/li>\n<\/li>\n<li>Selektion eines eigenen optimalen SIP-Providers Ihrer Gegend<\/li>\n<\/li>\n<\/ol>\n<h3>Wir informieren, beschaffen Hardware und Softwareanwendungen, installieren, konfigurieren, nehmen in Betrieb und Supporten Ihre neue <strong>3CX<\/strong> <strong>TK-Anlage<\/strong>. Sie haben Fragen, oder m\u00f6chten die derzeitige Preisliste anfordern? Sie erreichen uns unter Telefon 07164 909700 oder per Mail unter support@kaelberer-online.de<\/h3>\n<h2>Konnten wir Sie neugierig machen?<\/h2>\n<p>Viele weitere tolle Funktionen warten auf Sie.<\/p>\n<ul>\n<li>Ab\u00e4ndern des pers\u00f6nlichen Status und Ansicht der Verf\u00fcgbarkeit des Projektteams<\/li>\n<li>Telefonrechnung um bis zu 80 % reduzieren mittels Wechsel zu <strong>3CX<\/strong><\/li>\n<li>Tageszeit-basierte Anrufweiterleitung und Telefonumfragen<\/li>\n<li>Jederzeit zwischen <strong>3CX<\/strong>-Hosting, on-Premise &#038; Ihrer Cloud wechseln<\/li>\n<li>Anrufweiterleitung basierend auf Kundennummer sowie Anfrage<\/li>\n<li>Bereitstellung Ihrer Instanz bei einem Top-Cloud-Anbieter<\/li>\n<li>Unentgeltliche B\u00fcro-Anrufe f\u00fcr remote &#038; reisende Mitarbeiter<\/li>\n<li>Lockdown-f\u00e4hig mit der kostenlosen Applikation f\u00fcr Web, iOS &#038; Android<\/li>\n<li>Kontrolle \u00fcber die Leitungen und Gespr\u00e4chskosten<\/li>\n<li>Beantwortung von Fragen mittels Livechat, Facebook &#038; SMS via Apps<\/li>\n<li>Identifikation von Anrufern dank CRM-Integration<\/li>\n<li>Erstellung eines neuen Kundendatensatzes f\u00fcr neue Rufnummern<\/li>\n<li>Zuteilung der Anrufer-ID zu einem Datensatz in Ihrem CRM<\/li>\n<li>Keine Schulung notwendig \u2013 unmittelbar einsteigen<\/li>\n<li>Fernkonfiguration \u00fcber QR-Code statt umst\u00e4ndliche Einrichtung<\/li>\n<li>Keine Tischtelefone erforderlich \u2013 Verwenden Sie Ihr Mobiltelefon<\/li>\n<li>Keine Lizenzierung pro Nebenstelle, unbegrenzt viele Nebenstellen<\/li>\n<li>4-stellige Kostenersparnis f\u00fcr Gespr\u00e4che per SIP-Trunk Ihrer Wahl<\/li>\n<li>Laden Sie die Anwendung aus dem Google Play oder App Store herunter<\/li>\n<li>Eingebundene browserbasierte Videokonferenzen<\/li>\n<li>Anwendung \u00f6ffnen, QR Code scannen \u2013 schon sind Sie bereit!<\/li>\n<li>Verwaltung, Sicherheits-Patches &#038; Version-Upgrades durch <strong>3CX<\/strong><\/li>\n<li>In Augenblicken Nutzer updaten\/hinzuf\u00fcgen und Mailboxen realisieren<\/li>\n<\/ul>\n<h3>Bitte fordern Sie erg\u00e4nzende Infos oder ein Produktangebot bei uns an. Selbstverst\u00e4ndlich stellen wir Ihnen auch eine komplette Leistungs\u00fcbersicht zur Verf\u00fcgung.<\/h3>\n<p>[contact-form-7 id=&#8220;5&#8243; title=&#8220;Contact form 1&#8243;]<\/p>\n","protected":false},"excerpt":{"rendered":"<p>Wissen Sie die Vorgaben an Ihre neue 3CX TK-Anlage bereits? Eine moderne 3CX TK-Anlage erleichtert die Firmenprozesse. Optimieren Sie Ihre Firma mit der neusten und flexiblen 3CX Telefonanlage. Die 3CX TK-Anlage die ma\u00dfgeschneidert auf Ihre Vorgaben zugeschnitten ist und mit dem Unternehmen gro\u00df werden kann. Eine neue Arbeitswelt ist mobil unterwegs. Telefonieren Sie mit Ihrem &hellip; <a href=\"https:\/\/www.kaelberer-online.de\/services\/telefonanlagen\/cloud-telefonie-test-3cx\/\" class=\"more-link\">Continue reading<span class=\"screen-reader-text\"> &#8222;CLOUD TELEFONIE TEST 3CX Angebot Tel. 07164 90 97 00&#8220;<\/span><\/a><\/p>\n","protected":false},"author":2,"featured_media":417,"parent":26,"menu_order":0,"comment_status":"closed","ping_status":"closed","template":"","meta":{"footnotes":""},"class_list":["post-416","page","type-page","status-publish","has-post-thumbnail","hentry"],"_links":{"self":[{"href":"https:\/\/www.kaelberer-online.de\/services\/wp-json\/wp\/v2\/pages\/416","targetHints":{"allow":["GET"]}}],"collection":[{"href":"https:\/\/www.kaelberer-online.de\/services\/wp-json\/wp\/v2\/pages"}],"about":[{"href":"https:\/\/www.kaelberer-online.de\/services\/wp-json\/wp\/v2\/types\/page"}],"author":[{"embeddable":true,"href":"https:\/\/www.kaelberer-online.de\/services\/wp-json\/wp\/v2\/users\/2"}],"replies":[{"embeddable":true,"href":"https:\/\/www.kaelberer-online.de\/services\/wp-json\/wp\/v2\/comments?post=416"}],"version-history":[{"count":0,"href":"https:\/\/www.kaelberer-online.de\/services\/wp-json\/wp\/v2\/pages\/416\/revisions"}],"up":[{"embeddable":true,"href":"https:\/\/www.kaelberer-online.de\/services\/wp-json\/wp\/v2\/pages\/26"}],"wp:featuredmedia":[{"embeddable":true,"href":"https:\/\/www.kaelberer-online.de\/services\/wp-json\/wp\/v2\/media\/417"}],"wp:attachment":[{"href":"https:\/\/www.kaelberer-online.de\/services\/wp-json\/wp\/v2\/media?parent=416"}],"curies":[{"name":"wp","href":"https:\/\/api.w.org\/{rel}","templated":true}]}}