{"id":412,"date":"2021-10-26T18:08:00","date_gmt":"2021-10-26T18:08:00","guid":{"rendered":"https:\/\/kaelberer-online.de\/services\/?page_id=412"},"modified":"2021-10-26T18:08:00","modified_gmt":"2021-10-26T18:08:00","slug":"festnetz-telefonanlage-3cx","status":"publish","type":"page","link":"https:\/\/www.kaelberer-online.de\/services\/telefonanlagen\/festnetz-telefonanlage-3cx\/","title":{"rendered":"FESTNETZ TELEFONANLAGE 3CX Angebot Tel. 07164 90 97 00"},"content":{"rendered":"<h2>\n<p>Wissen Sie die Vorgaben an Ihre neue <strong><strong>3CX<\/strong><\/strong> <strong><strong>Telefonanlage<\/strong><\/strong> schon?<\/p>\n<\/h2>\n<p><h3>Eine moderne <strong>3CX<\/strong> <strong>TK-Anlage<\/strong> erleichtert Ihre Gesch\u00e4ftsprozesse. Optimieren Sie Ihr Unternehmen mit der neuen und flexiblen <strong>3CX<\/strong> <strong>TK-Anlage<\/strong>. Eine <strong>3CX<\/strong> <strong>Telefonanlage<\/strong> die ma\u00dfgeschneidert auf Ihre Erwartungen angepasst ist und mit Ihrem Unternehmen wachsen kann.<\/h3>\n<\/p>\n<p>Die neue Arbeitswelt die mobil unterwegs ist. Telefonieren Sie mit einem Handy \u00fcber Ihre <strong>3CX<\/strong> <strong>Telefonanlage<\/strong> mit Ihren Auftraggebern. Selbstverst\u00e4ndlich mit Ihrer Festnetz-Rufnummer als Absenderkennung. bewahren Sie die Privatsph\u00e4re und beweisen Sie Seriosit\u00e4t.<\/p>\n<p>Unsere <strong>3CX<\/strong> <strong>TK-Anlage<\/strong>n wurden f\u00fcr flexibles arbeiten entworfen. Als zeitgem\u00e4\u00dfe Cloud <strong>3CX<\/strong> <strong>Telefonanlage<\/strong> oder auf Ihrer pers\u00f6nlichen Hardware hausintern gehostet. Die Installation und die Verwaltung ist unkompliziert. Sie bekommen damit eine sichere, zuverl\u00e4ssige und vielseitige <strong>3CX<\/strong> TK-Anlage.<\/p>\n<h2>Eine preisg\u00fcnstige, vielseitige L\u00f6sung<\/h2>\n<p>Ein unschlagbares Preis- und Leistungsverh\u00e4ltnis. Richten Sie unendlich viele Nebenstellen ein, immer exakt da wo Sie sie im Moment brauchen und sparen Sie Kosten.<\/p>\n<h2>Erkennen Sie Ihre Anrufenden!<\/h2>\n<p>Bei Eingang eines Telefonanrufs genau wissen wer im Moment anruft. Informationen sind alles. F\u00fcr Mitarbeiter oder die Gesch\u00e4ftsleitung. Somit wissen Sie pr\u00e4zise was geht. W\u00e4hlen Sie mit einem trivialen Mausklick aus Ihrem CRM oder Ihrer Firmensoftware jede Rufnummer.<\/p>\n<p>Ist es nicht phantastisch, wenn Sie von einer zentralen Oberfl\u00e4che heraus s\u00e4mtliche Anrufe t\u00e4tigen, entgegennehmen wie auch bearbeiten oder aber den Status Ihrer Kollegen in Erfahrung bringen, eingehende Chat-News beantworten und Videoanrufe f\u00fchren k\u00f6nnten? Mit dem Webclient als Softphone wie auch der Windows Desktop Applikation wird all das und noch viel mehr m\u00f6glich.<\/p>\n<h2>MS 365 Einbeziehung<\/h2>\n<p>Benutzt Ihre Firma MS 365? Dann verkn\u00fcpfen Sie dieses m\u00fchelos mit der <strong>3CX<\/strong> <strong>Telefonanlage<\/strong> und kombinieren Sie alle Vorteile beider Systeme! User k\u00f6nnen nahtlos mit beiden Apps arbeiten, Kontakte bearbeiten und Arbeitsschritte verschlanken, um die Effektivit\u00e4t zu steigern und Klienten zu inspirieren. <\/p>\n<h2>Kontakte mit Ihrem <strong>3CX<\/strong> Teilnehmerverzeichnis abgleichen<\/h2>\n<ol>\n<li>Automatisierte Synchronisation Ihrer eigenen Kontakte<\/li>\n<li>App-\u00fcbergreifende Verwaltung s\u00e4mtlicher Kontakte in Microsoft 365<\/li>\n<li>Anruf synchronisierter Kontakte per Webclient oder portabler Apps<\/li>\n<\/ol>\n<h2>Microsoft Teams Telefonie-Zusammenf\u00fchrung<\/h2>\n<ol>\n<li>Durchf\u00fchrung externer Telefonate via <strong>3CX<\/strong> SIP-Trunks<\/li>\n<\/li>\n<li>Ausschalten Microsoft\u00b4s kostspieliger Inlands-\/globaler Tarife<\/li>\n<\/li>\n<\/ol>\n<h3>Wir unterst\u00fctzen, organisieren Hardware und Software, installieren, konfigurieren, nehmen in Betrieb und Supporten Ihre brandneue <strong>3CX<\/strong> <strong>Telefonanlage<\/strong>. Sie haben Fragen, oder wollen unsere derzeitige Liste der Preise anfordern? Sie erreichen uns unter Telefon 07164 909700 sowie per Mail unter support@kaelberer-online.de<\/h3>\n<h2>Konnten wir Sie neugierig machen?<\/h2>\n<p>Unz\u00e4hlige zus\u00e4tzliche interessante Funktionen warten auf Sie.<\/p>\n<ul>\n<li>Perfekte Benutzerverwaltung spart etliche Stunden Arbeit<\/li>\n<li>Eingebundene browserbasierte Videokonferenzen<\/li>\n<li>Keine Lizenzierung je Nebenstelle, unendlich viele Nebenstellen<\/li>\n<li>Keine Lizenzierung pro Nebenstelle, grenzenlos viele Nebenstellen<\/li>\n<li>Vollautomatische Anrufaufzeichnung bereinigt manuelle Eintr\u00e4ge<\/li>\n<li>Einfaches Implementieren und Verwalten ohne Schulungsbedarf<\/li>\n<li>Abfrage von Kunden- oder Fallnummern, um Agenten Zeit zu sparen<\/li>\n<li>Zeitgewinnung durch automatische Bildschirmanzeige von Kundendaten<\/li>\n<li>Nutzung der B\u00fcro-Durchwahlnummer auf Ihrem Handy<\/li>\n<li>Lockdown-f\u00e4hig mit der kostenfreien Anwendung f\u00fcr Web, iOS &#038; Android<\/li>\n<li>Virtualisieren durch VMware, Hyper-V oder KVM<\/li>\n<li>Zus\u00e4tzliche Erreichbarkeit f\u00fcr Promi-Klienten au\u00dferhalb der B\u00fcrozeiten<\/li>\n<li>Anrufe mit einem einzigen Mausklick geradewegs aus CRM heraus initiieren<\/li>\n<li>Direkter Kontakt via Anrufe, Video sowie Instant Messaging<\/li>\n<li>Wechsel zwischen Sprach- und Video-Telefonaten mit einem Fingertipp<\/li>\n<li>Zufriedene Kunden und weniger M\u00fchen f\u00fcr Ihre Kollegen<\/li>\n<li>Verzicht auf teure Mobilanrufe zwischen Besch\u00e4ftigten sowie Klienten<\/li>\n<li>Plug &#038; Play mit IP-Telefonen, Gateways &#038; SIP-Trunks<\/li>\n<li>Verbinden von remote Firmenb\u00fcros und interne Anrufkosten eliminieren<\/li>\n<li>Kostenfreie Office-Anrufe f\u00fcr remote &#038; reisende Mitarbeiter<\/li>\n<li>Simples Weiterreichen von Anrufen und Chatten mit Arbeitskollegen<\/li>\n<\/ul>\n<h3>Fragen Sie erg\u00e4nzende Informationen sowie ein Angebot bei uns an. Selbstverst\u00e4ndlich stellen wir Ihnen auch eine komplette Featureliste zur Verf\u00fcgung.<\/h3>\n<p>[contact-form-7 id=&#8220;5&#8243; title=&#8220;Contact form 1&#8243;]<\/p>\n","protected":false},"excerpt":{"rendered":"<p>Wissen Sie die Vorgaben an Ihre neue 3CX Telefonanlage schon? Eine moderne 3CX TK-Anlage erleichtert Ihre Gesch\u00e4ftsprozesse. Optimieren Sie Ihr Unternehmen mit der neuen und flexiblen 3CX TK-Anlage. Eine 3CX Telefonanlage die ma\u00dfgeschneidert auf Ihre Erwartungen angepasst ist und mit Ihrem Unternehmen wachsen kann. Die neue Arbeitswelt die mobil unterwegs ist. Telefonieren Sie mit einem &hellip; <a href=\"https:\/\/www.kaelberer-online.de\/services\/telefonanlagen\/festnetz-telefonanlage-3cx\/\" class=\"more-link\">Continue reading<span class=\"screen-reader-text\"> &#8222;FESTNETZ TELEFONANLAGE 3CX Angebot Tel. 07164 90 97 00&#8220;<\/span><\/a><\/p>\n","protected":false},"author":2,"featured_media":413,"parent":26,"menu_order":0,"comment_status":"closed","ping_status":"closed","template":"","meta":{"footnotes":""},"class_list":["post-412","page","type-page","status-publish","has-post-thumbnail","hentry"],"_links":{"self":[{"href":"https:\/\/www.kaelberer-online.de\/services\/wp-json\/wp\/v2\/pages\/412","targetHints":{"allow":["GET"]}}],"collection":[{"href":"https:\/\/www.kaelberer-online.de\/services\/wp-json\/wp\/v2\/pages"}],"about":[{"href":"https:\/\/www.kaelberer-online.de\/services\/wp-json\/wp\/v2\/types\/page"}],"author":[{"embeddable":true,"href":"https:\/\/www.kaelberer-online.de\/services\/wp-json\/wp\/v2\/users\/2"}],"replies":[{"embeddable":true,"href":"https:\/\/www.kaelberer-online.de\/services\/wp-json\/wp\/v2\/comments?post=412"}],"version-history":[{"count":0,"href":"https:\/\/www.kaelberer-online.de\/services\/wp-json\/wp\/v2\/pages\/412\/revisions"}],"up":[{"embeddable":true,"href":"https:\/\/www.kaelberer-online.de\/services\/wp-json\/wp\/v2\/pages\/26"}],"wp:featuredmedia":[{"embeddable":true,"href":"https:\/\/www.kaelberer-online.de\/services\/wp-json\/wp\/v2\/media\/413"}],"wp:attachment":[{"href":"https:\/\/www.kaelberer-online.de\/services\/wp-json\/wp\/v2\/media?parent=412"}],"curies":[{"name":"wp","href":"https:\/\/api.w.org\/{rel}","templated":true}]}}