{"id":408,"date":"2022-01-26T05:53:06","date_gmt":"2022-01-26T05:53:06","guid":{"rendered":"https:\/\/kaelberer-online.de\/services\/?page_id=408"},"modified":"2022-01-26T05:53:06","modified_gmt":"2022-01-26T05:53:06","slug":"ip-basierte-telefonanlage-3cx","status":"publish","type":"page","link":"https:\/\/www.kaelberer-online.de\/services\/telefonanlagen\/ip-basierte-telefonanlage-3cx\/","title":{"rendered":"IP BASIERTE TELEFONANLAGE 3CX Preise Telefon 07164 90 97 00"},"content":{"rendered":"<h2>\n<p>Kennen Sie die Vorgaben an Ihre neue <strong><strong>3CX<\/strong><\/strong> <strong><strong>Telefonanlage<\/strong><\/strong> bereits?<\/p>\n<\/h2>\n<p><h3>Eine moderne <strong>3CX<\/strong> <strong>Telefonanlage<\/strong> simplifiziert Ihre Unternehmensprozesse. Optimieren Sie Ihre Firma mit der aktuellen und flexiblen <strong>3CX<\/strong> <strong>TK-Anlage<\/strong>. Eine <strong>3CX<\/strong> <strong>TK-Anlage<\/strong> die individuell auf Ihre Anforderungen zugeschnitten ist und mit dem Unternehmen gro\u00df werden kann.<\/h3>\n<\/p>\n<p>Die neue Arbeitswelt die mobil unterwegs ist. Telefonieren Sie mit einem Mobiltelefon \u00fcber Ihre <strong>3CX<\/strong> <strong>Telefonanlage<\/strong> mit Ihren Klienten. Nat\u00fcrlich mit Ihrer Festnetz-Rufnummer als Absender-Kennung. Wahren Sie Ihre Privatsph\u00e4re und zeigen Sie Seriosit\u00e4t.<\/p>\n<p>die <strong>3CX<\/strong> <strong>Telefonanlage<\/strong>n wurden auch f\u00fcr mobiles arbeiten entwickelt. Als aktuelle Cloud <strong>3CX<\/strong> <strong>TK-Anlage<\/strong> oder auf Ihrer privaten Hardware hausintern gehostet. Die Installation und die Konfiguration ist einfach. Sie bekommen damit eine sichere, verl\u00e4ssliche wie auch flexible <strong>3CX<\/strong> <strong>Telefonanlage<\/strong>.<\/p>\n<h2>Faire Preise f\u00fcr Ihre neue 3CX <strong>TK-Anlage<\/strong><\/h2>\n<p>Ein einmaliges Preis- und Leistungsverh\u00e4ltnis. Richten Sie unbegrenzt viele Nebenstellen ein, immer pr\u00e4zise da wo Sie sie gerade w\u00fcnschen und sparen Sie Kosten.<\/p>\n<h2>Identifizieren Sie die Anrufer!<\/h2>\n<p>Bei Eingang eines Telefonanrufs genau wissen wer gerade anruft. Infos sind alles. F\u00fcr Besch\u00e4ftigte oder die Direktion. Auf diese Weise wissen Sie genau was l\u00e4uft. W\u00e4hlen Sie mit einem trivialen Mausklick aus Ihrem CRM oder Ihrer Business Software jede Rufnummer.<\/p>\n<p>W\u00e4re es nicht cool, wenn Sie von einer zentralen Oberfl\u00e4che heraus jegliche Anrufe t\u00e4tigen, annehmen sowie bearbeiten oder aber den Status Ihrer Mitarbeiter abfragen, eingehende Chat-Nachrichten beantworten und Videoanrufe f\u00fchren k\u00f6nnten? Mit einem Webclient als Softphone sowie der Windows Desktop Applikation wird all das und noch reichlich mehr m\u00f6glich.<\/p>\n<h2>MS 365 Verzahnung<\/h2>\n<p>Nutzt Ihre Firma Microsoft 365? In diesem Fall verbinden Sie dieses m\u00fchelos mit der <strong>3CX<\/strong> <strong>Telefonanlage<\/strong> und vereinen Sie jegliche Vorz\u00fcge beider Systeme! User k\u00f6nnen \u00fcbergangslos mit beiden Applikationen arbeiten, Kontakte bearbeiten und Abl\u00e4ufe verschlanken, um ihre Effektivit\u00e4t zu steigern und Kunden zu inspirieren. <\/p>\n<h2>Kontakte mit dem <strong>3CX<\/strong> Teilnehmerverzeichnis synchronisieren<\/h2>\n<ol>\n<li>App-\u00fcbergreifende Administration s\u00e4mtlicher Kontakte in MS 365<\/li>\n<li>Automatische Synchronisation Ihrer privaten Kontakte<\/li>\n<li>Anruf synchronisierter Kontakte per Webclient oder mobilen Apps<\/li>\n<\/ol>\n<h2>Microsoft Teams Telefonie-Integration<\/h2>\n<ol>\n<li>Ausschalten Microsoft\u00b4s teurer Inlands-\/globaler Tarife<\/li>\n<\/li>\n<li>Selektion eines eigenen g\u00fcnstigen SIP-Providers Ihrer Region<\/li>\n<\/li>\n<\/ol>\n<h3>Unsere Mitarbeiter informieren, beschaffen Hardware sowie Softwarel\u00f6sungen, installieren, konfigurieren, nehmen in Betrieb und Supporten Ihre brandneue <strong>3CX<\/strong> <strong>TK-Anlage<\/strong>. Sie haben Fragen, oder wollen die derzeitige Liste der Preise anfordern? Sie erreichen uns unter Telefon 07164 909700 und per Mail unter support@kaelberer-online.de<\/h3>\n<h2>Konnten wir Sie neugierig machen?<\/h2>\n<p>Unz\u00e4hlige zus\u00e4tzliche interessante Funktionen warten auf Sie.<\/p>\n<ul>\n<li>Kontrolle \u00fcber Ihre Leitungen und Gespr\u00e4chskosten<\/li>\n<li>Keine Lizenzierung je Nebenstelle, unbeschr\u00e4nkt viele Nebenstellen<\/li>\n<li>Anmeldung am Webclient \u2013 Einzelheiten in der Willkommens-E-Mail<\/li>\n<li>Anwendung \u00f6ffnen, QR Code scannen \u2013 schon sind Sie bereit!<\/li>\n<li>Wechsel zwischen Server &#038; Cloud \u2013 integriertes Backup &#038; Restore<\/li>\n<li>Verwaltung, Sicherheits-Patches &#038; Version-Upgrades durch <strong>3CX<\/strong><\/li>\n<li>Zusammenf\u00fchrung von Website-Livechat, Facebook-Messaging wie auch SMS<\/li>\n<li>Freih\u00e4ndiges Sprechen dank Siri und Bluetooth-Einbindung<\/li>\n<li>Auf g\u00fcnstigem Raspberry Pi und MiniPC als Telefonie-Appliance<\/li>\n<li>Ver\u00e4ndern des pers\u00f6nlichen Status wie auch Ansicht der Verf\u00fcgbarkeit des Teams<\/li>\n<li>Perfekte Verbindung f\u00fcr nahtlosen Wechsel zwischen Netzwerken<\/li>\n<li>Keine Tischtelefone vonn\u00f6ten \u2013 Verwenden Sie Ihr Handy<\/li>\n<li>Virtualisieren durch VMware, Hyper-V oder KVM<\/li>\n<li>Administration von System &#038; Nutzern von beliebigem Standort<\/li>\n<li>Fernkonfiguration \u00fcber QR-Code an Stelle umst\u00e4ndliche Einrichtung<\/li>\n<li>Zufriedene Kunden sowie weniger M\u00fchen f\u00fcr Ihre Mitarbeiter<\/li>\n<li>Jederzeit zwischen <strong>3CX<\/strong>-Hosting, on-Premise &#038; Ihrer Cloud wechseln<\/li>\n<li>Vollautomatische Anrufaufzeichnung entfernt manuelle Eintragungen<\/li>\n<li>Enth\u00e4lt mobile Apps f\u00fcr das Betriebssystem Windows, Web, iOS &#038; Android<\/li>\n<li>Direkter Kontakt \u00fcber Anrufe, Video wie auch Instant Messaging<\/li>\n<li>Einfaches Weiterleiten von Anrufen und Chatten mit Kollegen<\/li>\n<li>Verwendung der B\u00fcro-Durchwahlnummer auf Ihrem Smartphone<\/li>\n<li>Einleiten eines Videoanrufs von Ihrem Handy aus<\/li>\n<li>Benutzerdefinierte Call Flows automatisieren Anfragen &#038; Prozesse<\/li>\n<li>Tageszeit-basierte Anrufweiterleitung und Telefonumfragen<\/li>\n<\/ul>\n<h3>Bitte fordern Sie zus\u00e4tzliche Infos und ein Produktangebot bei uns an. Nat\u00fcrlich stellen wir Ihnen auch eine vollst\u00e4ndige Leistungs\u00fcbersicht zur Verf\u00fcgung.<\/h3>\n<p>[contact-form-7 id=&#8220;5&#8243; title=&#8220;Contact form 1&#8243;]<\/p>\n","protected":false},"excerpt":{"rendered":"<p>Kennen Sie die Vorgaben an Ihre neue 3CX Telefonanlage bereits? Eine moderne 3CX Telefonanlage simplifiziert Ihre Unternehmensprozesse. Optimieren Sie Ihre Firma mit der aktuellen und flexiblen 3CX TK-Anlage. Eine 3CX TK-Anlage die individuell auf Ihre Anforderungen zugeschnitten ist und mit dem Unternehmen gro\u00df werden kann. Die neue Arbeitswelt die mobil unterwegs ist. Telefonieren Sie mit &hellip; <a href=\"https:\/\/www.kaelberer-online.de\/services\/telefonanlagen\/ip-basierte-telefonanlage-3cx\/\" class=\"more-link\">Continue reading<span class=\"screen-reader-text\"> &#8222;IP BASIERTE TELEFONANLAGE 3CX Preise Telefon 07164 90 97 00&#8220;<\/span><\/a><\/p>\n","protected":false},"author":2,"featured_media":409,"parent":26,"menu_order":0,"comment_status":"closed","ping_status":"closed","template":"","meta":{"footnotes":""},"class_list":["post-408","page","type-page","status-publish","has-post-thumbnail","hentry"],"_links":{"self":[{"href":"https:\/\/www.kaelberer-online.de\/services\/wp-json\/wp\/v2\/pages\/408","targetHints":{"allow":["GET"]}}],"collection":[{"href":"https:\/\/www.kaelberer-online.de\/services\/wp-json\/wp\/v2\/pages"}],"about":[{"href":"https:\/\/www.kaelberer-online.de\/services\/wp-json\/wp\/v2\/types\/page"}],"author":[{"embeddable":true,"href":"https:\/\/www.kaelberer-online.de\/services\/wp-json\/wp\/v2\/users\/2"}],"replies":[{"embeddable":true,"href":"https:\/\/www.kaelberer-online.de\/services\/wp-json\/wp\/v2\/comments?post=408"}],"version-history":[{"count":0,"href":"https:\/\/www.kaelberer-online.de\/services\/wp-json\/wp\/v2\/pages\/408\/revisions"}],"up":[{"embeddable":true,"href":"https:\/\/www.kaelberer-online.de\/services\/wp-json\/wp\/v2\/pages\/26"}],"wp:featuredmedia":[{"embeddable":true,"href":"https:\/\/www.kaelberer-online.de\/services\/wp-json\/wp\/v2\/media\/409"}],"wp:attachment":[{"href":"https:\/\/www.kaelberer-online.de\/services\/wp-json\/wp\/v2\/media?parent=408"}],"curies":[{"name":"wp","href":"https:\/\/api.w.org\/{rel}","templated":true}]}}