{"id":398,"date":"2021-12-29T17:26:37","date_gmt":"2021-12-29T17:26:37","guid":{"rendered":"https:\/\/kaelberer-online.de\/services\/?page_id=398"},"modified":"2021-12-29T17:26:37","modified_gmt":"2021-12-29T17:26:37","slug":"telefon-mit-tapi-schnittstelle-3cx","status":"publish","type":"page","link":"https:\/\/www.kaelberer-online.de\/services\/telefonanlagen\/telefon-mit-tapi-schnittstelle-3cx\/","title":{"rendered":"TELEFON MIT TAPI SCHNITTSTELLE 3CX Service Tel. 07164 90 97 00"},"content":{"rendered":"<h2>\n<p>Wissen Sie die Anspr\u00fcche an Ihre neue <strong><strong>3CX<\/strong><\/strong> <strong><strong>TK-Anlage<\/strong><\/strong> bereits?<\/p>\n<\/h2>\n<p><h3>Eine aktuelle <strong>3CX<\/strong> <strong>Telefonanlage<\/strong> simplifiziert die Gesch\u00e4ftsprozesse. Optimieren Sie Ihre Firma mit einer brandneuen und flexiblen <strong>3CX<\/strong> <strong>TK-Anlage<\/strong>. Eine <strong>3CX<\/strong> <strong>Telefonanlage<\/strong> die ma\u00dfgeschneidert auf Ihre Anforderungen zugeschnitten ist und mit Ihrem Unternehmen wachsen kann.<\/h3>\n<\/p>\n<p>Die neue Arbeitswelt ist mobil unterwegs. Kommunizieren Sie mit dem Handy \u00fcber Ihre <strong>3CX<\/strong> <strong>Telefonanlage<\/strong> mit Ihren Auftraggebern. Nat\u00fcrlich \u00fcber Ihre Festnetz-Telefonnummer als Absender-Kennung. Wahren Sie die Privatsph\u00e4re und zeigen Sie Professionalit\u00e4t.<\/p>\n<p>die <strong>3CX<\/strong> <strong>TK-Anlage<\/strong>n werden auch f\u00fcr flexibles arbeiten entworfen. Als aktuelle Cloud <strong>3CX<\/strong> <strong>Telefonanlage<\/strong> oder auf der privaten Hardware hausintern gehostet. Die Installation und die Verwaltung ist unkompliziert. Sie bekommen dadurch eine sichere, verl\u00e4ssliche sowie hochflexible <strong>3CX<\/strong> <strong>Telefonanlage<\/strong>.<\/p>\n<h2>Die preisg\u00fcnstige, hochflexible L\u00f6sung<\/h2>\n<p>Ein hervorragendes Preis- und Leistungsverh\u00e4ltnis. Richten Sie unbegrenzt viele Nebenstellen ein, stets exakt da wo Sie sie im Moment brauchen und sparen Sie Kosten.<\/p>\n<h2>Ermitteln Sie die Anrufenden!<\/h2>\n<p>Bei Anrufeingang pr\u00e4zise wissen wer im Moment anruft. Informationen sind alles. F\u00fcr Angestellte und die Gesch\u00e4ftsleitung. Somit wissen Sie exakt was geht. W\u00e4hlen Sie mit einem simplen Click aus dem CRM oder Ihrer Firmensoftware jede Rufnummer.<\/p>\n<p>W\u00e4re es nicht cool, wenn Sie von einer zentralen Oberfl\u00e4che heraus alle Anrufe realisieren, empfangen wie auch bearbeiten oder aber den Status Ihrer Mitarbeiter in Erfahrung bringen, eingehende Chat-News beantworten und Videoanrufe initiieren k\u00f6nnten? Mit dem Webclient als Softphone sowie der Windows Desktop Applikation wird alles das sowie noch jede Menge mehr realisierbar.<\/p>\n<h2>Microsoft 365 Einbindung<\/h2>\n<p>Nutzt Ihr Unternehmen Microsoft 365? In diesem Fall verkn\u00fcpfen Sie dieses unkompliziert mit der <strong>3CX<\/strong> <strong>TK-Anlage<\/strong> und verschmelzen Sie alle Vorteile beider Systeme! Benutzer k\u00f6nnen \u00fcbergangslos \u00fcber beide Apps arbeiten, Kontakte verwalten und Vorg\u00e4nge schlanker machen, um die Effizienz zu steigern und Auftraggeber zu begeistern. <\/p>\n<h2>Kontakte mit Ihrem <strong>3CX<\/strong> Telefonbuch abgleichen<\/h2>\n<h2>MS Teams Telefonie-Integration<\/h2>\n<ol>\n<li>Eliminieren Microsoft\u00b4s kostspieliger Inlands-\/internationaler Tarife<\/li>\n<\/li>\n<li>Durchf\u00fchrung externer Telefongespr\u00e4che \u00fcber <strong>3CX<\/strong> SIP-Trunks<\/li>\n<\/li>\n<\/ol>\n<h3>Wir unterst\u00fctzen, organisieren Hardware sowie Softwareanwendungen, installieren, konfigurieren, nehmen in Betrieb und Supporten Ihre brandneue <strong>3CX<\/strong> <strong>TK-Anlage<\/strong>. Sie haben Fragen, oder wollen unsere aktuelle Liste der Preise anfordern? Sie erreichen uns unter Telefon 07164 909700 und per E-Mail-Nachricht unter support@kaelberer-online.de<\/h3>\n<h2>Konnten wir Ihr Aufmerksamkeit wecken?<\/h2>\n<p>Viele zus\u00e4tzliche tolle Funktionen warten auf Sie.<\/p>\n<ul>\n<li>Benutzerdefinierte Call Flows automatisieren Anfragen &#038; Vorgehensweisen<\/li>\n<li>Vollautomatische Einstellung von Firewall-Regularien<\/li>\n<li>Schnellkonfiguration mit IP-Telefonen, Gateways &#038; SIP-Trunks<\/li>\n<li>Kontrolle \u00fcber die Telefonleitungen und Gespr\u00e4chskosten<\/li>\n<li>Laden Sie die Applikation aus dem Google Play oder App Store runter<\/li>\n<li>Simples Weiterleiten von Anrufen und Chatten mit Kollegen<\/li>\n<li>Bereitstellung Ihrer Instanz bei einem Super-Cloud-Anbieter<\/li>\n<li>Abfrage von Klienten- sowie Fallnummern, um Agenten Zeit zu sparen<\/li>\n<li>Erweiterte Erreichbarkeit f\u00fcr VIP-Klienten au\u00dferhalb der B\u00fcrozeiten<\/li>\n<li>Perfekte Verbindung f\u00fcr nahtlosen Wechsel zwischen Netzen<\/li>\n<li>Zeitersparnis durch automatische Anzeige von Kundendaten<\/li>\n<li>Bereitstellung per Google Marketplace, Amazon oder Azure<\/li>\n<li>Keine Lizenzierung je Nebenstelle, unbeschr\u00e4nkt viele Nebenstellen<\/li>\n<li>Direkter Kontakt mittels Anrufe, Video wie auch Instant Messaging<\/li>\n<li>Bietet mobile Apps f\u00fcr Windows, Web, iOS &#038; Android<\/li>\n<li>Zufriedene Kunden und weniger M\u00fchen f\u00fcr Ihre Mitarbeiter<\/li>\n<li>Virtualisieren durch VMware, Hyper-V oder KVM<\/li>\n<li>Anruf-Protokolle im Kundendatensatz f\u00fcr transparente Anrufhistorie<\/li>\n<li>Identifikation von Anrufern mit Hilfe CRM-Zusammenf\u00fchrung<\/li>\n<li>Freih\u00e4ndiges Sprechen dank Siri und Bluetooth-Integration<\/li>\n<\/ul>\n<h3>Fordern Sie mehr Infos sowie ein Produktangebot bei uns an. Nat\u00fcrlich stellen wir Ihnen auch eine vollst\u00e4ndige Featureliste zur Verf\u00fcgung.<\/h3>\n<p>[contact-form-7 id=&#8220;5&#8243; title=&#8220;Contact form 1&#8243;]<\/p>\n","protected":false},"excerpt":{"rendered":"<p>Wissen Sie die Anspr\u00fcche an Ihre neue 3CX TK-Anlage bereits? Eine aktuelle 3CX Telefonanlage simplifiziert die Gesch\u00e4ftsprozesse. Optimieren Sie Ihre Firma mit einer brandneuen und flexiblen 3CX TK-Anlage. Eine 3CX Telefonanlage die ma\u00dfgeschneidert auf Ihre Anforderungen zugeschnitten ist und mit Ihrem Unternehmen wachsen kann. Die neue Arbeitswelt ist mobil unterwegs. Kommunizieren Sie mit dem Handy &hellip; <a href=\"https:\/\/www.kaelberer-online.de\/services\/telefonanlagen\/telefon-mit-tapi-schnittstelle-3cx\/\" class=\"more-link\">Continue reading<span class=\"screen-reader-text\"> &#8222;TELEFON MIT TAPI SCHNITTSTELLE 3CX Service Tel. 07164 90 97 00&#8220;<\/span><\/a><\/p>\n","protected":false},"author":2,"featured_media":399,"parent":26,"menu_order":0,"comment_status":"closed","ping_status":"closed","template":"","meta":{"footnotes":""},"class_list":["post-398","page","type-page","status-publish","has-post-thumbnail","hentry"],"_links":{"self":[{"href":"https:\/\/www.kaelberer-online.de\/services\/wp-json\/wp\/v2\/pages\/398","targetHints":{"allow":["GET"]}}],"collection":[{"href":"https:\/\/www.kaelberer-online.de\/services\/wp-json\/wp\/v2\/pages"}],"about":[{"href":"https:\/\/www.kaelberer-online.de\/services\/wp-json\/wp\/v2\/types\/page"}],"author":[{"embeddable":true,"href":"https:\/\/www.kaelberer-online.de\/services\/wp-json\/wp\/v2\/users\/2"}],"replies":[{"embeddable":true,"href":"https:\/\/www.kaelberer-online.de\/services\/wp-json\/wp\/v2\/comments?post=398"}],"version-history":[{"count":0,"href":"https:\/\/www.kaelberer-online.de\/services\/wp-json\/wp\/v2\/pages\/398\/revisions"}],"up":[{"embeddable":true,"href":"https:\/\/www.kaelberer-online.de\/services\/wp-json\/wp\/v2\/pages\/26"}],"wp:featuredmedia":[{"embeddable":true,"href":"https:\/\/www.kaelberer-online.de\/services\/wp-json\/wp\/v2\/media\/399"}],"wp:attachment":[{"href":"https:\/\/www.kaelberer-online.de\/services\/wp-json\/wp\/v2\/media?parent=398"}],"curies":[{"name":"wp","href":"https:\/\/api.w.org\/{rel}","templated":true}]}}