{"id":392,"date":"2022-01-19T06:44:28","date_gmt":"2022-01-19T06:44:28","guid":{"rendered":"https:\/\/kaelberer-online.de\/services\/?page_id=392"},"modified":"2022-01-19T06:44:28","modified_gmt":"2022-01-19T06:44:28","slug":"tk-telefonanlage-3cx","status":"publish","type":"page","link":"https:\/\/www.kaelberer-online.de\/services\/telefonanlagen\/tk-telefonanlage-3cx\/","title":{"rendered":"TK TELEFONANLAGE 3CX Service Tel. 07164 90 97 00"},"content":{"rendered":"<h2>\n<p>Wissen Sie die Vorgaben an Ihre neue <strong><strong>3CX<\/strong><\/strong> <strong><strong>TK-Anlage<\/strong><\/strong> bereits?<\/p>\n<\/h2>\n<p><h3>Eine moderne <strong>3CX<\/strong> <strong>Telefonanlage<\/strong> simplifiziert Ihre Firmenprozesse. Optimieren Sie Ihre Firma mit der aktuellen und flexiblen <strong>3CX<\/strong> Telefonanlage. Eine <strong>3CX<\/strong> <strong>TK-Anlage<\/strong> die ma\u00dfgeschneidert auf Ihre Erwartungen zugeschnitten ist und mit Ihrem Unternehmen gro\u00df werden kann.<\/h3>\n<\/p>\n<p>Die neue Arbeitswelt ist mobil unterwegs. Kommunizieren Sie mit einem Mobiltelefon \u00fcber Ihre <strong>3CX<\/strong> <strong>Telefonanlage<\/strong> mit Ihren Auftraggebern. Nat\u00fcrlich mit Ihrer Festnetz-Rufnummer als Absenderkennung. Wahren Sie die Privatsph\u00e4re und beweisen Sie Professionalit\u00e4t.<\/p>\n<p>Unsere <strong>3CX<\/strong> <strong>TK-Anlage<\/strong>n werden f\u00fcr flexibles arbeiten entwickelt. Als moderne Cloud <strong>3CX<\/strong> <strong>Telefonanlage<\/strong> oder auf der privaten Hardware hausintern gehostet. Die Installation und die Konfiguration ist unkompliziert. Sie bekommen damit eine sichere, verl\u00e4ssliche wie auch variable <strong>3CX<\/strong> <strong>Telefonanlage<\/strong>.<\/p>\n<h2>Eine gute, anpassungsf\u00e4hige L\u00f6sung<\/h2>\n<p>Ein einmaliges Preis- und Leistungsverh\u00e4ltnis. Richten Sie unbegrenzt viele Nebenstellen ein, stets genau da wo Sie sie gerade w\u00fcnschen und sparen Sie Kosten.<\/p>\n<h2>St\u00fctzen Sie Ihr Verkaufspersonal.<\/h2>\n<p>Bei Eingang eines Telefonanrufs pr\u00e4zise wissen wer im Moment anruft. Infos sind alles. F\u00fcr Mitarbeiter und die Gesch\u00e4ftsleitung. Somit wissen Sie exakt was geht. W\u00e4hlen Sie mit einem trivialen Mausklick aus dem CRM oder Ihrer Firmensoftware jede Telefonnummer.<\/p>\n<p>W\u00e4re es nicht klasse, wenn Sie von einer zentralen Oberfl\u00e4che heraus s\u00e4mtliche Anrufe t\u00e4tigen, entgegennehmen und bearbeiten oder aber den Status Ihrer Mitarbeiter abfragen, eingehende Chat-News beantworten und Videoanrufe f\u00fchren k\u00f6nnten? Mit dem Webclient als Softphone und der Windows Desktop App ist alles das wie auch noch reichlich mehr realisierbar.<\/p>\n<h2>MS 365 Verzahnung<\/h2>\n<p>Nutzt Ihre Firma MS 365? Dann vernetzen Sie dieses unkompliziert mit der <strong>3CX<\/strong> <strong>TK-Anlage<\/strong> und kombinieren Sie alle Vorteile beider Systeme! Anwender k\u00f6nnen \u00fcbergangslos mit beiden Apps arbeiten, Kontakte bearbeiten und Abl\u00e4ufe schlanker machen, um ihre Effektivit\u00e4t zu erh\u00f6hen und Klienten zu inspirieren. <\/p>\n<h2>Kontakte mit dem <strong>3CX<\/strong> Telefonbuch synchronisieren<\/h2>\n<h2>Microsoft Teams Telefonie-Verzahnung<\/h2>\n<ol>\n<li>Eliminieren Microsoft\u00b4s kostspieliger Inlands-\/globaler Tarife<\/li>\n<\/li>\n<li>Durchf\u00fchrung externer Telefonate mittels <strong>3CX<\/strong> SIP-Trunks<\/li>\n<\/li>\n<li>Auswahl eines eigenen preiswerten SIP-Providers Ihrer Gegend<\/li>\n<\/li>\n<\/ol>\n<h3>Unsere Techniker unterst\u00fctzen, beschaffen Hardware wie auch Softwareanwendungen, installieren, konfigurieren, nehmen in Betrieb und Supporten Ihre brandneue <strong>3CX<\/strong> <strong>TK-Anlage<\/strong>. Sie haben Fragen, oder wollen die derzeitige Liste der Preise anfordern? Sie erreichen uns unter Telefon 07164 909700 oder per Mail unter support@kaelberer-online.de<\/h3>\n<h2>Haben wir Sie neugierig gemacht?<\/h2>\n<p>Jede Menge weitere top Funktionen warten auf Sie.<\/p>\n<ul>\n<li>Absolut keine Schulung vonn\u00f6ten \u2013 direkt starten<\/li>\n<li>Fernkonfiguration \u00fcber QR-Code an Stelle umst\u00e4ndliche Einrichtung<\/li>\n<li>Einleiten eines Videoanrufs von Ihrem Handy aus<\/li>\n<li>Variable hereinkommende\/ausgehende Vorgaben, DIDs &#038; Ring Groups<\/li>\n<li>Perfekte Nutzerverwaltung spart zahlreiche Stunden Arbeit<\/li>\n<li>Zus\u00e4tzliche Erreichbarkeit f\u00fcr Promi-Klienten au\u00dferhalb der Gesch\u00e4ftszeiten<\/li>\n<li>Verwaltung, Sicherheits-Patches &#038; Version-Upgrades durch <strong>3CX<\/strong><\/li>\n<li>Einfaches Implementieren und Verwalten ohne Schulungsbedarf<\/li>\n<li>Bereitstellung Ihrer Instanz bei einem Super-Cloud-Anbieter<\/li>\n<li>Kontrolle \u00fcber Ihre Leitungen und Gespr\u00e4chskosten<\/li>\n<li>Tageszeit-basierte Anrufweiterleitung und Telefonumfragen<\/li>\n<li>Kostenfreie Office-Anrufe f\u00fcr remote &#038; reisende Arbeitnehmer<\/li>\n<li>SIP-Forking \u2013 simultane Nutzung von <strong>3CX<\/strong> Anwendung sowie Tischtelefon<\/li>\n<li>Aktualisierung des eigenen Status &#038; Einsicht der Personal-Verf\u00fcgbarkeit<\/li>\n<li>Anrufe mit einem einzigen Click direkt aus CRM heraus f\u00fchren<\/li>\n<li>Perfekte Verbindung f\u00fcr nahtlosen Wechsel zwischen Netzen<\/li>\n<li>Wechsel zwischen Sprach- wie auch Video-Anrufe mit einem Fingertipp<\/li>\n<\/ul>\n<h3>Fragen Sie zus\u00e4tzliche Infos oder ein Angebot bei uns an. Gerne stellen wir Ihnen auch eine komplette Featureliste zur Verf\u00fcgung.<\/h3>\n<p>[contact-form-7 id=&#8220;5&#8243; title=&#8220;Contact form 1&#8243;]<\/p>\n","protected":false},"excerpt":{"rendered":"<p>Wissen Sie die Vorgaben an Ihre neue 3CX TK-Anlage bereits? Eine moderne 3CX Telefonanlage simplifiziert Ihre Firmenprozesse. Optimieren Sie Ihre Firma mit der aktuellen und flexiblen 3CX Telefonanlage. Eine 3CX TK-Anlage die ma\u00dfgeschneidert auf Ihre Erwartungen zugeschnitten ist und mit Ihrem Unternehmen gro\u00df werden kann. Die neue Arbeitswelt ist mobil unterwegs. Kommunizieren Sie mit einem &hellip; <a href=\"https:\/\/www.kaelberer-online.de\/services\/telefonanlagen\/tk-telefonanlage-3cx\/\" class=\"more-link\">Continue reading<span class=\"screen-reader-text\"> &#8222;TK TELEFONANLAGE 3CX Service Tel. 07164 90 97 00&#8220;<\/span><\/a><\/p>\n","protected":false},"author":2,"featured_media":393,"parent":26,"menu_order":0,"comment_status":"closed","ping_status":"closed","template":"","meta":{"footnotes":""},"class_list":["post-392","page","type-page","status-publish","has-post-thumbnail","hentry"],"_links":{"self":[{"href":"https:\/\/www.kaelberer-online.de\/services\/wp-json\/wp\/v2\/pages\/392","targetHints":{"allow":["GET"]}}],"collection":[{"href":"https:\/\/www.kaelberer-online.de\/services\/wp-json\/wp\/v2\/pages"}],"about":[{"href":"https:\/\/www.kaelberer-online.de\/services\/wp-json\/wp\/v2\/types\/page"}],"author":[{"embeddable":true,"href":"https:\/\/www.kaelberer-online.de\/services\/wp-json\/wp\/v2\/users\/2"}],"replies":[{"embeddable":true,"href":"https:\/\/www.kaelberer-online.de\/services\/wp-json\/wp\/v2\/comments?post=392"}],"version-history":[{"count":0,"href":"https:\/\/www.kaelberer-online.de\/services\/wp-json\/wp\/v2\/pages\/392\/revisions"}],"up":[{"embeddable":true,"href":"https:\/\/www.kaelberer-online.de\/services\/wp-json\/wp\/v2\/pages\/26"}],"wp:featuredmedia":[{"embeddable":true,"href":"https:\/\/www.kaelberer-online.de\/services\/wp-json\/wp\/v2\/media\/393"}],"wp:attachment":[{"href":"https:\/\/www.kaelberer-online.de\/services\/wp-json\/wp\/v2\/media?parent=392"}],"curies":[{"name":"wp","href":"https:\/\/api.w.org\/{rel}","templated":true}]}}