{"id":390,"date":"2021-12-07T07:32:17","date_gmt":"2021-12-07T07:32:17","guid":{"rendered":"https:\/\/kaelberer-online.de\/services\/?page_id=390"},"modified":"2021-12-07T07:32:17","modified_gmt":"2021-12-07T07:32:17","slug":"cloud-telefonanlage-kosten-3cx","status":"publish","type":"page","link":"https:\/\/www.kaelberer-online.de\/services\/telefonanlagen\/cloud-telefonanlage-kosten-3cx\/","title":{"rendered":"CLOUD TELEFONANLAGE KOSTEN 3CX Angebot Telefon 07164 90 97 00"},"content":{"rendered":"<h2>\n<p>Kennen Sie die Anforderungen an Ihre neue <strong><strong>3CX<\/strong><\/strong> <strong><strong>Telefonanlage<\/strong><\/strong> schon?<\/p>\n<\/h2>\n<p><h3>Eine aktuelle <strong>3CX<\/strong> <strong>TK-Anlage<\/strong> erleichtert die Firmenprozesse. Optimieren Sie Ihre Firma mit der aktuellen und flexiblen <strong>3CX<\/strong> <strong>TK-Anlage<\/strong>. Eine <strong>3CX<\/strong> <strong>Telefonanlage<\/strong> die individuell auf Ihre Erwartungen angepasst ist und mit dem Unternehmen wachsen kann.<\/h3>\n<\/p>\n<p>Eine neue Arbeitswelt ist mobil unterwegs. Telefonieren Sie mit einem Mobiltelefon \u00fcber Ihre <strong>3CX<\/strong> <strong>Telefonanlage<\/strong> mit Ihren Kunden. Nat\u00fcrlich \u00fcber Ihre Festnetz-Rufnummer als Absenderkennung. besch\u00fctzen Sie Ihre Privatsph\u00e4re und zeigen Sie Professionalit\u00e4t.<\/p>\n<p>Unsere <strong>3CX<\/strong> <strong>Telefonanlage<\/strong>n werden f\u00fcr flexibles arbeiten entwickelt. Als aktuelle Cloud <strong>3CX<\/strong> <strong>Telefonanlage<\/strong> oder auf der privaten Hardware hausintern gehostet. Eine Installation und die Verwaltung ist unkompliziert. Sie bekommen damit eine sichere, verl\u00e4ssliche und vielseitige <strong>3CX<\/strong> TK-Anlage.<\/p>\n<h2>Die preisg\u00fcnstige, anpassungsf\u00e4hige L\u00f6sung<\/h2>\n<p>Ein unschlagbares Preis- und Leistungsverh\u00e4ltnis. Richten Sie grenzenlos viele Nebenstellen ein, stets exakt da wo Sie sie gerade w\u00fcnschen und sparen Sie Kosten.<\/p>\n<h2>Best\u00e4rken Sie Ihr Verkaufspersonal.<\/h2>\n<p>Bei Anrufeingang pr\u00e4zise wissen wer gerade anruft. Informationen sind alles. F\u00fcr Besch\u00e4ftigte oder die Gesch\u00e4ftsleitung. Dadurch wissen Sie exakt was l\u00e4uft. W\u00e4hlen Sie mit einem trivialen Klick aus dem CRM oder Ihrer Business Software jede Telefonnummer.<\/p>\n<p>W\u00e4re es nicht super, wenn Sie von einer zentralen Oberfl\u00e4che heraus alle Anrufe t\u00e4tigen, annehmen sowie bearbeiten oder aber den Status Ihrer Arbeitskollegen abfragen, eingehende Chat-Nachrichten beantworten und Videoanrufe f\u00fchren k\u00f6nnten? Mit einem Webclient als Softphone sowie der Windows Desktop Applikation wird alles das sowie noch jede Menge mehr machbar.<\/p>\n<h2>Microsoft 365 Zusammenf\u00fchrung<\/h2>\n<p>Verwendet Ihr Unternehmen MS 365? In diesem Fall verkn\u00fcpfen Sie dieses unproblematisch mit der <strong>3CX<\/strong> <strong>Telefonanlage<\/strong> und vereinen Sie alle Vorteile beider Systeme! Benutzer k\u00f6nnen nahtlos \u00fcber beide Applikationen arbeiten, Kontakte organisieren und Verfahren verschlanken, um ihre Effizienz zu erh\u00f6hen und Kunden zu inspirieren. <\/p>\n<h2>Kontakte mit dem <strong>3CX<\/strong> Teilnehmerverzeichnis synchronisieren<\/h2>\n<h2>Microsoft Teams Telefonie-Zusammenf\u00fchrung<\/h2>\n<ol>\n<li>Auswahl eines individuellen optimalen SIP-Anbieters Ihrer Gegend<\/li>\n<\/li>\n<li>Eliminieren Microsoft\u00b4s teurer Inlands-\/internationaler Tarife<\/li>\n<\/li>\n<\/ol>\n<h3>Unsere Mitarbeiter unterst\u00fctzen, organisieren Hardware sowie Software, installieren, konfigurieren, nehmen in Betrieb und Supporten Ihre brandneue <strong>3CX<\/strong> <strong>TK-Anlage<\/strong>. Sie haben Fragen, oder wollen die derzeitige Liste der Preise anfordern? Sie erreichen uns unter Telefon 07164 909700 und per Mail unter support@kaelberer-online.de<\/h3>\n<h2>Haben wir Sie neugierig gemacht?<\/h2>\n<p>Unz\u00e4hlige zus\u00e4tzliche interessante Features warten auf Sie.<\/p>\n<ul>\n<li>M\u00fcheloses Erstellen und Bearbeiten von Nebenstellen \u2013 auch remote<\/li>\n<li>SIP-Forking \u2013 simultane Nutzung von <strong>3CX<\/strong> Anwendung sowie Tischtelefon<\/li>\n<li>Aktualisierung des eigenen Status &#038; Einsicht der Team-Verf\u00fcgbarkeit<\/li>\n<li>M\u00fcheloses Implementieren und Verwalten ohne Schulungsbedarf<\/li>\n<li>Konferenzen, mobile Applikationen, Livechat inbegriffen<\/li>\n<li>Kontrolle \u00fcber die Telefonleitungen und Gespr\u00e4chskosten<\/li>\n<li>Keine Lizenzierung je Nebenstelle, unendlich viele Nebenstellen<\/li>\n<li>Anrufe mit einem einzigen Klick unmittelbar aus CRM heraus f\u00fchren<\/li>\n<li>Lockdown-f\u00e4hig mit der kostenlosen Applikation f\u00fcr Web, iOS &#038; Android<\/li>\n<li>Zufriedene Kunden und weniger Aufwand f\u00fcr Ihre Arbeitnehmer<\/li>\n<li>Flexible Erreichbarkeit f\u00fcr Promi-Klienten au\u00dferhalb der Gesch\u00e4ftszeiten<\/li>\n<li>Schnellkonfiguration mit IP-Telefonen, Gateways &#038; SIP-Trunks<\/li>\n<li>Flexible eingehende\/ausgehende Vorgaben, DIDs &#038; Ring Groups<\/li>\n<li>Ver\u00e4ndern des eigenen Status wie auch Ansicht der Verf\u00fcgbarkeit des Projektteams<\/li>\n<li>Beantwortung von Nachfragen mittels Livechat, Facebook &#038; SMS via Apps<\/li>\n<li>Freih\u00e4ndiges Sprechen mit Hilfe Siri und Bluetooth-Einbindung<\/li>\n<li>Zuordnung der Anrufer-ID zu dem Datensatz in Ihrem CRM<\/li>\n<li>Keinerlei Schulung erforderlich \u2013 schnell loslegen<\/li>\n<li>In Augenblicken Anwender aktualisieren\/hinzuf\u00fcgen und Mailboxen konfigurieren<\/li>\n<\/ul>\n<h3>Bitte fordern Sie mehr Informationen und ein Produktangebot bei unserer Firma an. Gerne stellen wir Ihnen auch eine komplette Featureliste zur Verf\u00fcgung.<\/h3>\n<p>[contact-form-7 id=&#8220;5&#8243; title=&#8220;Contact form 1&#8243;]<\/p>\n","protected":false},"excerpt":{"rendered":"<p>Kennen Sie die Anforderungen an Ihre neue 3CX Telefonanlage schon? Eine aktuelle 3CX TK-Anlage erleichtert die Firmenprozesse. Optimieren Sie Ihre Firma mit der aktuellen und flexiblen 3CX TK-Anlage. Eine 3CX Telefonanlage die individuell auf Ihre Erwartungen angepasst ist und mit dem Unternehmen wachsen kann. Eine neue Arbeitswelt ist mobil unterwegs. Telefonieren Sie mit einem Mobiltelefon &hellip; <a href=\"https:\/\/www.kaelberer-online.de\/services\/telefonanlagen\/cloud-telefonanlage-kosten-3cx\/\" class=\"more-link\">Continue reading<span class=\"screen-reader-text\"> &#8222;CLOUD TELEFONANLAGE KOSTEN 3CX Angebot Telefon 07164 90 97 00&#8220;<\/span><\/a><\/p>\n","protected":false},"author":2,"featured_media":391,"parent":26,"menu_order":0,"comment_status":"closed","ping_status":"closed","template":"","meta":{"footnotes":""},"class_list":["post-390","page","type-page","status-publish","has-post-thumbnail","hentry"],"_links":{"self":[{"href":"https:\/\/www.kaelberer-online.de\/services\/wp-json\/wp\/v2\/pages\/390","targetHints":{"allow":["GET"]}}],"collection":[{"href":"https:\/\/www.kaelberer-online.de\/services\/wp-json\/wp\/v2\/pages"}],"about":[{"href":"https:\/\/www.kaelberer-online.de\/services\/wp-json\/wp\/v2\/types\/page"}],"author":[{"embeddable":true,"href":"https:\/\/www.kaelberer-online.de\/services\/wp-json\/wp\/v2\/users\/2"}],"replies":[{"embeddable":true,"href":"https:\/\/www.kaelberer-online.de\/services\/wp-json\/wp\/v2\/comments?post=390"}],"version-history":[{"count":0,"href":"https:\/\/www.kaelberer-online.de\/services\/wp-json\/wp\/v2\/pages\/390\/revisions"}],"up":[{"embeddable":true,"href":"https:\/\/www.kaelberer-online.de\/services\/wp-json\/wp\/v2\/pages\/26"}],"wp:featuredmedia":[{"embeddable":true,"href":"https:\/\/www.kaelberer-online.de\/services\/wp-json\/wp\/v2\/media\/391"}],"wp:attachment":[{"href":"https:\/\/www.kaelberer-online.de\/services\/wp-json\/wp\/v2\/media?parent=390"}],"curies":[{"name":"wp","href":"https:\/\/api.w.org\/{rel}","templated":true}]}}