{"id":380,"date":"2021-12-09T10:35:39","date_gmt":"2021-12-09T10:35:39","guid":{"rendered":"https:\/\/kaelberer-online.de\/services\/?page_id=380"},"modified":"2021-12-09T10:35:39","modified_gmt":"2021-12-09T10:35:39","slug":"3cx-privat","status":"publish","type":"page","link":"https:\/\/www.kaelberer-online.de\/services\/telefonanlagen\/3cx-privat\/","title":{"rendered":"PRIVAT 3CX Installation Telefon 07164 90 97 00"},"content":{"rendered":"<h2>\n<p>Wissen Sie die Anspr\u00fcche an Ihre neue <strong><strong>3CX<\/strong><\/strong> <strong><strong>TK-Anlage<\/strong><\/strong> bereits?<\/p>\n<\/h2>\n<p><h3>Eine moderne <strong>3CX<\/strong> <strong>Telefonanlage<\/strong> erleichtert die Unternehmensprozesse. Optimieren Sie Ihr Unternehmen mit der neuen und flexiblen <strong>3CX<\/strong> Telefonanlage. Eine <strong>3CX<\/strong> <strong>Telefonanlage<\/strong> die ma\u00dfgeschneidert auf Ihre Erwartungen angepasst ist und mit Ihrem Unternehmen gro\u00df werden kann.<\/h3>\n<\/p>\n<p>Eine neue Arbeitswelt die mobil unterwegs ist. Kommunizieren Sie mit einem Smartphone \u00fcber die <strong>3CX<\/strong> <strong>TK-Anlage<\/strong> mit Ihren Auftraggebern. Nat\u00fcrlich mit Ihrer Festnetz-Telefonnummer als Absenderkennung. Wahren Sie Ihre Privatsph\u00e4re und zeigen Sie Seriosit\u00e4t.<\/p>\n<p>die <strong>3CX<\/strong> <strong>Telefonanlage<\/strong>n wurden f\u00fcr flexibles arbeiten entworfen. Als zeitgem\u00e4\u00dfe Cloud <strong>3CX<\/strong> <strong>Telefonanlage<\/strong> oder auf Ihrer privaten Hardware hausintern gehostet. Eine Installation und die Verwaltung ist unkompliziert. Sie bekommen damit eine sichere, zuverl\u00e4ssige wie auch vielseitige <strong>3CX<\/strong> TK-Anlage.<\/p>\n<h2>Eine preiswerte, flexible L\u00f6sung<\/h2>\n<p>Ein hervorragendes Preis- und Leistungsverh\u00e4ltnis. Richten Sie grenzenlos viele Nebenstellen ein, immer genau da wo Sie sie gerade w\u00fcnschen und sparen Sie Kosten.<\/p>\n<h2>St\u00e4rken Sie Ihr Personal.<\/h2>\n<p>Bei Eingang eines Anrufs pr\u00e4zise wissen wer gerade anruft. Infos sind alles. F\u00fcr Angestellte oder die Leitung. Somit wissen Sie exakt was geht. W\u00e4hlen Sie mit einem trivialen Klick aus Ihrem CRM oder Ihrer Business Software jede Rufnummer.<\/p>\n<p>Ist es nicht prima, wenn Sie von einer zentralen Oberfl\u00e4che heraus alle Anrufe t\u00e4tigen, entgegennehmen wie auch bearbeiten oder aber den Status Ihrer Mitarbeiter abfragen, eingehende Chat-News beantworten und Videoanrufe f\u00fchren k\u00f6nnten? Mit dem Webclient als Softphone und der Windows Desktop Applikation ist all das wie auch noch viel mehr realisierbar.<\/p>\n<h2>Microsoft 365 Verzahnung<\/h2>\n<p>Nutzt Ihre Firma Microsoft 365? In diesem Fall verbinden Sie dieses unproblematisch mit der <strong>3CX<\/strong> <strong>Telefonanlage<\/strong> und verschmelzen Sie s\u00e4mtliche Vorteile beider Systeme! User k\u00f6nnen nahtlos \u00fcber beide Apps arbeiten, Kontakte organisieren und Arbeitsschritte verschlanken, um die Effizienz zu erh\u00f6hen und Kunden zu inspirieren. <\/p>\n<h2>Kontakte mit dem <strong>3CX<\/strong> Telefonbuch abgleichen<\/h2>\n<ol>\n<li>Automatisierte Synchronisation Ihrer pers\u00f6nlichen Kontakte<\/li>\n<li>Anruf synchronisierter Kontakte per Webclient oder portabler Applikationen<\/li>\n<li>Aktualisierung gemeinsamer Mailbox-Kontakte mit dem <strong>3CX<\/strong>-Telefonbuch<\/li>\n<\/ol>\n<h2>MS Teams Telefonie-Zusammenf\u00fchrung<\/h2>\n<ol>\n<li>Selektion eines individuellen preiswerten SIP-Dienstleisters Ihrer Region<\/li>\n<\/li>\n<li>Ausschalten Microsoft\u00b4s kostspieliger Inlands-\/globaler Tarife<\/li>\n<\/li>\n<li>Durchf\u00fchrung externer Telefongespr\u00e4che mittels <strong>3CX<\/strong> SIP-Trunks<\/li>\n<\/li>\n<\/ol>\n<h3>Wir beraten, beschaffen Hardware wie auch Softwareanwendungen, richten ein, konfigurieren, nehmen in Betrieb und Supporten Ihre neue <strong>3CX<\/strong> <strong>TK-Anlage<\/strong>. Sie haben Fragen, oder m\u00f6chten unsere aktuelle Preisliste anfordern? Sie erreichen uns unter Telefon 07164 909700 oder per E-Mail-Nachricht unter support@kaelberer-online.de<\/h3>\n<h2>Vermochten wir Ihr Aufmerksamkeit wecken?<\/h2>\n<p>Unz\u00e4hlige zus\u00e4tzliche interessante Funktionen warten auf Sie.<\/p>\n<ul>\n<li>Perfekte Verbindung f\u00fcr nahtlosen Wechsel zwischen Netzwerken<\/li>\n<li>Einleiten eines Videoanrufs von Ihrem Mobiltelefon aus<\/li>\n<li>Laden Sie die Anwendung aus dem Google Play oder App Store runter<\/li>\n<li>Einfaches Implementieren und Verwalten ohne Schulungsbedarf<\/li>\n<li>4-stellige Kostenersparnis f\u00fcr Gespr\u00e4che mittels SIP-Trunk Ihrer Auswahl<\/li>\n<li>Kontrolle \u00fcber die Telefonleitungen und Telefongespr\u00e4chskosten<\/li>\n<li>Telefonrechnung um bis zu 80 % verringern durch Wechsel zu <strong>3CX<\/strong><\/li>\n<li>Beantwortung von Anfragen mittels Livechat, Facebook &#038; SMS via Apps<\/li>\n<li>Perfekte Benutzerverwaltung reduziert unz\u00e4hlige Arbeitsstunden<\/li>\n<li>Anruf-Protokolle im Kundendatensatz f\u00fcr transparente Anrufhistorie<\/li>\n<li>Update des pers\u00f6nlichen Status &#038; Einsicht der Personal-Verf\u00fcgbarkeit<\/li>\n<li>Simples Weitersenden von Anrufen und Chatten mit Arbeitskollegen<\/li>\n<li>Enth\u00e4lt mobile Apps f\u00fcr Windows, Web, iOS &#038; Android<\/li>\n<li>Kostenfreie B\u00fcro-Anrufe f\u00fcr remote &#038; reisende Angestellte<\/li>\n<li>Benutzerdefinierte Call Flows automatisieren Anfragen &#038; Vorgehensweisen<\/li>\n<li>Abfrage von Kunden- und Fallnummern, um Agenten Zeit zu sparen<\/li>\n<li>Keine Lizenzierung je Nebenstelle, unendlich viele Nebenstellen<\/li>\n<\/ul>\n<h3>Fragen Sie zus\u00e4tzliche Infos und ein Produktangebot bei unserer Firma an. Selbstverst\u00e4ndlich stellen wir Ihnen auch eine komplette Featureliste zur Verf\u00fcgung.<\/h3>\n<p>[contact-form-7 id=&#8220;5&#8243; title=&#8220;Contact form 1&#8243;]<\/p>\n","protected":false},"excerpt":{"rendered":"<p>Wissen Sie die Anspr\u00fcche an Ihre neue 3CX TK-Anlage bereits? Eine moderne 3CX Telefonanlage erleichtert die Unternehmensprozesse. Optimieren Sie Ihr Unternehmen mit der neuen und flexiblen 3CX Telefonanlage. Eine 3CX Telefonanlage die ma\u00dfgeschneidert auf Ihre Erwartungen angepasst ist und mit Ihrem Unternehmen gro\u00df werden kann. Eine neue Arbeitswelt die mobil unterwegs ist. Kommunizieren Sie mit &hellip; <a href=\"https:\/\/www.kaelberer-online.de\/services\/telefonanlagen\/3cx-privat\/\" class=\"more-link\">Continue reading<span class=\"screen-reader-text\"> &#8222;PRIVAT 3CX Installation Telefon 07164 90 97 00&#8220;<\/span><\/a><\/p>\n","protected":false},"author":2,"featured_media":381,"parent":26,"menu_order":0,"comment_status":"closed","ping_status":"closed","template":"","meta":{"footnotes":""},"class_list":["post-380","page","type-page","status-publish","has-post-thumbnail","hentry"],"_links":{"self":[{"href":"https:\/\/www.kaelberer-online.de\/services\/wp-json\/wp\/v2\/pages\/380","targetHints":{"allow":["GET"]}}],"collection":[{"href":"https:\/\/www.kaelberer-online.de\/services\/wp-json\/wp\/v2\/pages"}],"about":[{"href":"https:\/\/www.kaelberer-online.de\/services\/wp-json\/wp\/v2\/types\/page"}],"author":[{"embeddable":true,"href":"https:\/\/www.kaelberer-online.de\/services\/wp-json\/wp\/v2\/users\/2"}],"replies":[{"embeddable":true,"href":"https:\/\/www.kaelberer-online.de\/services\/wp-json\/wp\/v2\/comments?post=380"}],"version-history":[{"count":0,"href":"https:\/\/www.kaelberer-online.de\/services\/wp-json\/wp\/v2\/pages\/380\/revisions"}],"up":[{"embeddable":true,"href":"https:\/\/www.kaelberer-online.de\/services\/wp-json\/wp\/v2\/pages\/26"}],"wp:featuredmedia":[{"embeddable":true,"href":"https:\/\/www.kaelberer-online.de\/services\/wp-json\/wp\/v2\/media\/381"}],"wp:attachment":[{"href":"https:\/\/www.kaelberer-online.de\/services\/wp-json\/wp\/v2\/media?parent=380"}],"curies":[{"name":"wp","href":"https:\/\/api.w.org\/{rel}","templated":true}]}}