{"id":378,"date":"2022-01-28T03:42:05","date_gmt":"2022-01-28T03:42:05","guid":{"rendered":"https:\/\/kaelberer-online.de\/services\/?page_id=378"},"modified":"2022-01-28T03:42:05","modified_gmt":"2022-01-28T03:42:05","slug":"telefonanlage-preis-3cx","status":"publish","type":"page","link":"https:\/\/www.kaelberer-online.de\/services\/telefonanlagen\/telefonanlage-preis-3cx\/","title":{"rendered":"TELEFONANLAGE PREIS 3CX Support Telefon 07164 90 97 00"},"content":{"rendered":"<h2>\n<p>Kennen Sie die Anspr\u00fcche an Ihre neue <strong><strong>3CX<\/strong><\/strong> <strong><strong>TK-Anlage<\/strong><\/strong> bereits?<\/p>\n<\/h2>\n<p><h3>Die moderne <strong>3CX<\/strong> <strong>TK-Anlage<\/strong> simplifiziert die Firmenprozesse. Optimieren Sie Ihre Firma mit der neuen und flexiblen <strong>3CX<\/strong> <strong>TK-Anlage<\/strong>. Eine <strong>3CX<\/strong> <strong>Telefonanlage<\/strong> die individuell auf Ihre Erwartungen angepasst ist und mit dem Unternehmen gro\u00df werden kann.<\/h3>\n<\/p>\n<p>Eine neue Arbeitswelt die mobil unterwegs ist. Telefonieren Sie mit einem Smartphone \u00fcber Ihre <strong>3CX<\/strong> <strong>Telefonanlage<\/strong> mit Ihren Kunden. Nat\u00fcrlich \u00fcber Ihre Festnetz-Telefonnummer als Absender-Kennung. besch\u00fctzen Sie die Privatsph\u00e4re und beweisen Sie Professionalit\u00e4t.<\/p>\n<p>Unsere <strong>3CX<\/strong> <strong>TK-Anlage<\/strong>n werden f\u00fcr flexibles arbeiten entwickelt. Als moderne Cloud <strong>3CX<\/strong> <strong>Telefonanlage<\/strong> oder auf der privaten Hardware hausintern gehostet. Eine Installation und die Verwaltung ist einfach. Sie erhalten dadurch eine sichere, zuverl\u00e4ssige sowie anpassungsf\u00e4hige <strong>3CX<\/strong> TK-Anlage.<\/p>\n<h2>Die preisg\u00fcnstige, vielseitige L\u00f6sung<\/h2>\n<p>Ein einmaliges Preis- und Leistungsverh\u00e4ltnis. Richten Sie unbegrenzt viele Nebenstellen ein, immer pr\u00e4zise da wo Sie sie gerade ben\u00f6tigen und sparen Sie Kosten.<\/p>\n<h2>St\u00fctzen Sie Ihr Verkaufspersonal.<\/h2>\n<p>Bei Eingang eines Telefonanrufs exakt wissen wer im Moment anruft. Informationen sind alles. F\u00fcr Angestellte sowie die Direktion. Somit wissen Sie pr\u00e4zise was l\u00e4uft. W\u00e4hlen Sie mit einem trivialen Klick aus dem CRM oder Ihrer Firmensoftware jede Telefonnummer.<\/p>\n<p>Ist es nicht genial, wenn Sie von einer zentralen Oberfl\u00e4che heraus jegliche Anrufe realisieren, entgegen nehmen und bearbeiten oder aber den Status Ihrer Mitarbeiter abfragen, eingehende Livechat-News beantworten und Videoanrufe f\u00fchren k\u00f6nnten? Mit dem Webclient als Softphone sowie der Windows Desktop App ist all das sowie noch reichlich mehr machbar.<\/p>\n<h2>MS 365 Einbeziehung<\/h2>\n<p>Verwendet Ihre Firma MS 365? In diesem Fall vernetzen Sie dieses einfach mit der <strong>3CX<\/strong> <strong>TK-Anlage<\/strong> und verschmelzen Sie alle Vorz\u00fcge beider Systeme! Anwender k\u00f6nnen \u00fcbergangslos \u00fcber beide Applikationen arbeiten, Kontakte verwalten und Arbeitsschritte verschlanken, um ihre Effektivit\u00e4t zu steigern und Klienten zu inspirieren. <\/p>\n<h2>Kontakte mit Ihrem <strong>3CX<\/strong> Teilnehmerverzeichnis abgleichen<\/h2>\n<ol>\n<li>App-\u00fcbergreifende Administration aller Kontakte in MS 365<\/li>\n<li>Vollautomatische Synchronisation Ihrer eigenen Kontakte<\/li>\n<li>Anruf synchronisierter Kontakte per Webclient oder portabler Apps<\/li>\n<\/ol>\n<h2>MS Teams Telefonie-Zusammenf\u00fchrung<\/h2>\n<ol>\n<li>Auswahl eines eigenen perfekten SIP-Dienstleisters Ihrer Gegend<\/li>\n<\/li>\n<li>Eliminieren Microsoft\u00b4s teurer Inlands-\/internationaler Tarife<\/li>\n<\/li>\n<li>Durchf\u00fchrung externer Telefonate via <strong>3CX<\/strong> SIP-Trunks<\/li>\n<\/li>\n<\/ol>\n<h3>Unsere Mitarbeiter unterst\u00fctzen, organisieren Hardware wie auch Softwareanwendungen, richten ein, konfigurieren, nehmen in Betrieb und Supporten Ihre brandneue <strong>3CX<\/strong> <strong>TK-Anlage<\/strong>. Sie haben Fragen, oder m\u00f6chten unsere derzeitige Preisliste anfordern? Sie erreichen uns unter Telefon 07164 909700 und per Mail unter support@kaelberer-online.de<\/h3>\n<h2>Vermochten wir Ihr Interesse wecken?<\/h2>\n<p>Viele weitere interessante Features warten auf Sie.<\/p>\n<ul>\n<li>Administration von System &#038; Nutzern von beliebigem Standort<\/li>\n<li>Jederzeit zwischen <strong>3CX<\/strong>-Hosting, on-Premise &#038; Ihrer Cloud wechseln<\/li>\n<li>Anrufe mit einem einzigen Click unmittelbar aus CRM heraus ausl\u00f6sen<\/li>\n<li>Perfekte Verbindung f\u00fcr nahtlosen Wechsel zwischen Netzwerken<\/li>\n<li>Automatische Konfiguration von Firewall-Regularien<\/li>\n<li>Telefonrechnung um bis zu 80 % senken mittels Wechsel zu <strong>3CX<\/strong><\/li>\n<li>Abfrage von Kunden- und Fallnummern, um Agenten Zeit zu sparen<\/li>\n<li>Anrufweiterleitung aufbauend auf Kundennummer oder Anfrage<\/li>\n<li>Einfache Skalierbarkeit der <strong>Telefonanlage<\/strong>n-Installation<\/li>\n<li>Keine Tischtelefone erforderlich \u2013 Gebrauchen Sie Ihr Smartphone<\/li>\n<li>Inbegriffen Datensicherungen \u00fcber Nacht und 24\/7-Monitoring<\/li>\n<li>Nutzung der Unternehmens-Durchwahlnummer auf Ihrem Smartphone<\/li>\n<li>Zeitersparung durch automatische Bildschirmanzeige von Kundendaten<\/li>\n<li>Integrierte browserbasierte Videokonferenzen<\/li>\n<li>Plug &#038; Play mit IP-Telefonen, Gateways &#038; SIP-Trunks<\/li>\n<li>Beantwortung von Anfragen mittels Livechat, Facebook &#038; SMS via Apps<\/li>\n<li>Konferenzen, mobile Apps, Chat inbegriffen<\/li>\n<li>Lockdown-f\u00e4hig mit der kostenlosen Applikation f\u00fcr Web, iOS &#038; Android<\/li>\n<li>Kostenfreie Office-Anrufe f\u00fcr remote &#038; reisende Angestellte<\/li>\n<li>Enth\u00e4lt mobile Apps f\u00fcr das Betriebssystem Windows, Web, iOS &#038; Android<\/li>\n<li>PBX Express bootet Ihre <strong>3CX<\/strong>-Instanz in wenigen Minuten<\/li>\n<li>4-stellige Kostenersparnis f\u00fcr Gespr\u00e4che per SIP-Trunk Ihrer Auswahl<\/li>\n<li>Anruf-Protokolle im Kundendatensatz f\u00fcr transparente Anrufhistorie<\/li>\n<li>Verzicht auf teure Mobilanrufe zwischen Mitarbeitern und Kunden<\/li>\n<li>Zusammenf\u00fchrung von Homepage-Livechat, Facebook-Messaging und Kurznachrichten<\/li>\n<\/ul>\n<h3>Fordern Sie erg\u00e4nzende Unterlagen sowie ein Produktangebot bei unserer Firma an. Gerne stellen wir Ihnen auch eine vollst\u00e4ndige Leistungs\u00fcbersicht zur Verf\u00fcgung.<\/h3>\n<p>[contact-form-7 id=&#8220;5&#8243; title=&#8220;Contact form 1&#8243;]<\/p>\n","protected":false},"excerpt":{"rendered":"<p>Kennen Sie die Anspr\u00fcche an Ihre neue 3CX TK-Anlage bereits? Die moderne 3CX TK-Anlage simplifiziert die Firmenprozesse. Optimieren Sie Ihre Firma mit der neuen und flexiblen 3CX TK-Anlage. Eine 3CX Telefonanlage die individuell auf Ihre Erwartungen angepasst ist und mit dem Unternehmen gro\u00df werden kann. Eine neue Arbeitswelt die mobil unterwegs ist. Telefonieren Sie mit &hellip; <a href=\"https:\/\/www.kaelberer-online.de\/services\/telefonanlagen\/telefonanlage-preis-3cx\/\" class=\"more-link\">Continue reading<span class=\"screen-reader-text\"> &#8222;TELEFONANLAGE PREIS 3CX Support Telefon 07164 90 97 00&#8220;<\/span><\/a><\/p>\n","protected":false},"author":2,"featured_media":379,"parent":26,"menu_order":0,"comment_status":"closed","ping_status":"closed","template":"","meta":{"footnotes":""},"class_list":["post-378","page","type-page","status-publish","has-post-thumbnail","hentry"],"_links":{"self":[{"href":"https:\/\/www.kaelberer-online.de\/services\/wp-json\/wp\/v2\/pages\/378","targetHints":{"allow":["GET"]}}],"collection":[{"href":"https:\/\/www.kaelberer-online.de\/services\/wp-json\/wp\/v2\/pages"}],"about":[{"href":"https:\/\/www.kaelberer-online.de\/services\/wp-json\/wp\/v2\/types\/page"}],"author":[{"embeddable":true,"href":"https:\/\/www.kaelberer-online.de\/services\/wp-json\/wp\/v2\/users\/2"}],"replies":[{"embeddable":true,"href":"https:\/\/www.kaelberer-online.de\/services\/wp-json\/wp\/v2\/comments?post=378"}],"version-history":[{"count":0,"href":"https:\/\/www.kaelberer-online.de\/services\/wp-json\/wp\/v2\/pages\/378\/revisions"}],"up":[{"embeddable":true,"href":"https:\/\/www.kaelberer-online.de\/services\/wp-json\/wp\/v2\/pages\/26"}],"wp:featuredmedia":[{"embeddable":true,"href":"https:\/\/www.kaelberer-online.de\/services\/wp-json\/wp\/v2\/media\/379"}],"wp:attachment":[{"href":"https:\/\/www.kaelberer-online.de\/services\/wp-json\/wp\/v2\/media?parent=378"}],"curies":[{"name":"wp","href":"https:\/\/api.w.org\/{rel}","templated":true}]}}