{"id":376,"date":"2021-12-10T23:07:50","date_gmt":"2021-12-10T23:07:50","guid":{"rendered":"https:\/\/kaelberer-online.de\/services\/?page_id=376"},"modified":"2021-12-10T23:07:50","modified_gmt":"2021-12-10T23:07:50","slug":"installation-telefonanlage-3cx","status":"publish","type":"page","link":"https:\/\/www.kaelberer-online.de\/services\/telefonanlagen\/installation-telefonanlage-3cx\/","title":{"rendered":"INSTALLATION TELEFONANLAGE 3CX Preise Telefon 07164 90 97 00"},"content":{"rendered":"<h2>\n<p>Kennen Sie die Anspr\u00fcche an Ihre neue <strong><strong>3CX<\/strong><\/strong> <strong><strong>TK-Anlage<\/strong><\/strong> schon?<\/p>\n<\/h2>\n<p><h3>Die aktuelle <strong>3CX<\/strong> <strong>TK-Anlage<\/strong> vereinfacht die Gesch\u00e4ftsprozesse. Optimieren Sie Ihre Firma mit einer neuen und flexiblen <strong>3CX<\/strong> Telefonanlage. Eine <strong>3CX<\/strong> <strong>TK-Anlage<\/strong> die ma\u00dfgeschneidert auf Ihre Vorgaben angepasst ist und mit dem Unternehmen wachsen kann.<\/h3>\n<\/p>\n<p>Eine neue Arbeitswelt die mobil unterwegs ist. Kommunizieren Sie mit Ihrem Mobiltelefon \u00fcber die <strong>3CX<\/strong> <strong>Telefonanlage<\/strong> mit Ihren Klienten. Selbstverst\u00e4ndlich \u00fcber Ihre Festnetz-Rufnummer als Absenderkennung. besch\u00fctzen Sie die Privatsph\u00e4re und beweisen Sie Professionalit\u00e4t.<\/p>\n<p>Unsere <strong>3CX<\/strong> <strong>Telefonanlage<\/strong>n wurden f\u00fcr mobiles arbeiten designed. Als zeitgem\u00e4\u00dfe Cloud <strong>3CX<\/strong> <strong>TK-Anlage<\/strong> oder auf Ihrer eigenen Hardware hausintern gehostet. Die Installation und die Konfiguration ist unkompliziert. Sie bekommen dadurch eine sichere, verl\u00e4ssliche wie auch vielseitige <strong>3CX<\/strong> <strong>Telefonanlage<\/strong>.<\/p>\n<h2>Die preisg\u00fcnstige, anpassungsf\u00e4hige L\u00f6sung<\/h2>\n<p>Ein einmaliges Preis- und Leistungsverh\u00e4ltnis. Richten Sie unendlich viele Nebenstellen ein, immer pr\u00e4zise da wo Sie sie gerade ben\u00f6tigen und sparen Sie Kosten.<\/p>\n<h2>Erkennen Sie die Anrufer!<\/h2>\n<p>Bei Eingang eines Telefonanrufs genau wissen wer gerade anruft. Informationen sind alles. F\u00fcr Angestellte sowie die Leitung. Auf diese Weise wissen Sie pr\u00e4zise was geht. W\u00e4hlen Sie mit einem trivialen Click aus dem CRM oder Ihrer Business Software jede Telefonnummer.<\/p>\n<p>Ist es nicht klasse, wenn Sie von einer zentralen Oberfl\u00e4che heraus s\u00e4mtliche Anrufe t\u00e4tigen, annehmen wie auch bearbeiten oder aber den Status Ihrer Mitarbeiter in Erfahrung bringen, eingehende Chat-Nachrichten beantworten und Videoanrufe f\u00fchren k\u00f6nnten? Mit einem Webclient als Softphone und der Windows Desktop App ist alles das wie auch noch jede Menge mehr m\u00f6glich.<\/p>\n<h2>MS 365 Verzahnung<\/h2>\n<p>Benutzt Ihre Firma Microsoft 365? Dann vernetzen Sie dieses ganz leicht mit der <strong>3CX<\/strong> <strong>Telefonanlage<\/strong> und verschmelzen Sie jegliche Vorz\u00fcge beider Systeme! Anwender k\u00f6nnen nahtlos \u00fcber beide Applikationen arbeiten, Kontakte bearbeiten und Verfahren schlanker machen, um die Effizienz zu erh\u00f6hen und Klienten zu inspirieren. <\/p>\n<h2>Kontakte mit Ihrem <strong>3CX<\/strong> Teilnehmerverzeichnis abgleichen<\/h2>\n<h2>MS Teams Telefonie-Integration<\/h2>\n<ol>\n<li>Auswahl eines individuellen preisg\u00fcnstigen SIP-Providers Ihrer Gegend<\/li>\n<\/li>\n<li>Durchf\u00fchrung externer Telefongespr\u00e4che via <strong>3CX<\/strong> SIP-Trunks<\/li>\n<\/li>\n<\/ol>\n<h3>Unsere Mitarbeiter informieren, organisieren Hardware und Softwareanwendungen, installieren, konfigurieren, nehmen in Betrieb und Supporten Ihre neue <strong>3CX<\/strong> <strong>Telefonanlage<\/strong>. Sie haben Fragen, oder m\u00f6chten unsere derzeitige Liste der Preise anfordern? Sie erreichen uns unter Telefon 07164 909700 sowie per E-Mail-Nachricht unter support@kaelberer-online.de<\/h3>\n<h2>Vermochten wir Ihr Interesse wecken?<\/h2>\n<p>Viele zus\u00e4tzliche tolle Features warten auf Sie.<\/p>\n<ul>\n<li>Anwendung \u00f6ffnen, QR Code scannen \u2013 im Nu sind Sie bereit!<\/li>\n<li>SIP-Forking \u2013 simultane Benutzung von <strong>3CX<\/strong> App sowie Tischtelefon<\/li>\n<li>Verwaltung, Sicherheits-Patches &#038; Version-Upgrades durch <strong>3CX<\/strong><\/li>\n<li>Wechsel zwischen Sprach- wie auch Video-Anrufe mit einem Fingertipp<\/li>\n<li>Keine Lizenzierung je Nebenstelle, unendlich viele Nebenstellen<\/li>\n<li>Perfekte Verbindung f\u00fcr nahtlosen Wechsel zwischen Netzwerken<\/li>\n<li>Vernetzen von remote B\u00fcros und interne Anrufkosten eliminieren<\/li>\n<li>Direkter Kontakt mittels Anrufe, Video und Instant Messaging<\/li>\n<li>Inbegriffen Sicherungen \u00fcber Nacht und 24\/7-Monitoring<\/li>\n<li>Ver\u00e4ndern des pers\u00f6nlichen Status und Ansicht der Verf\u00fcgbarkeit des Teams<\/li>\n<li>Abfrage von Klienten- und Fallnummern, um Agenten Zeit zu sparen<\/li>\n<li>Starten eines Videoanrufs von Ihrem Handy aus<\/li>\n<li>PBX Express startet Ihre <strong>3CX<\/strong>-Instanz in wenigen Minuten<\/li>\n<li>Zufriedene Kunden und weniger M\u00fchen f\u00fcr Ihre Arbeitnehmer<\/li>\n<li>Zeitgewinnung mittels automatischer Bildschirmanzeige von Kundendaten<\/li>\n<li>M\u00fcheloses Erstellen und Organisieren von Nebenstellen \u2013 auch remote<\/li>\n<li>Nutzung der B\u00fcro-Durchwahlnummer auf Ihrem Mobiltelefon<\/li>\n<li>Einfaches Weiterleiten von Anrufen und Chatten mit Arbeitskollegen<\/li>\n<li>Zurverf\u00fcgungstellung per Google Marketplace, Amazon oder Azure<\/li>\n<li>Auf g\u00fcnstigem Raspberry Pi und MiniPC als Telefonie-Appliance<\/li>\n<li>M\u00fcheloses Weiterleiten von Kunden an die richtige Abteilung<\/li>\n<li>Tageszeit-basierte Anrufweiterleitung und Telefonumfragen<\/li>\n<li>Verzicht auf kostspielige Mobilanrufe zwischen Besch\u00e4ftigten wie auch Klienten<\/li>\n<li>Anmeldung am Webclient \u2013 Einzelheiten in der Willkommens-E-Mail<\/li>\n<li>Freih\u00e4ndiges Sprechen dank Siri wie auch Bluetooth-Einbindung<\/li>\n<\/ul>\n<h3>Fragen Sie erg\u00e4nzende Infos sowie ein Produktangebot bei unserer Firma an. Gerne stellen wir Ihnen auch eine komplette Leistungs\u00fcbersicht zur Verf\u00fcgung.<\/h3>\n<p>[contact-form-7 id=&#8220;5&#8243; title=&#8220;Contact form 1&#8243;]<\/p>\n","protected":false},"excerpt":{"rendered":"<p>Kennen Sie die Anspr\u00fcche an Ihre neue 3CX TK-Anlage schon? Die aktuelle 3CX TK-Anlage vereinfacht die Gesch\u00e4ftsprozesse. Optimieren Sie Ihre Firma mit einer neuen und flexiblen 3CX Telefonanlage. Eine 3CX TK-Anlage die ma\u00dfgeschneidert auf Ihre Vorgaben angepasst ist und mit dem Unternehmen wachsen kann. Eine neue Arbeitswelt die mobil unterwegs ist. Kommunizieren Sie mit Ihrem &hellip; <a href=\"https:\/\/www.kaelberer-online.de\/services\/telefonanlagen\/installation-telefonanlage-3cx\/\" class=\"more-link\">Continue reading<span class=\"screen-reader-text\"> &#8222;INSTALLATION TELEFONANLAGE 3CX Preise Telefon 07164 90 97 00&#8220;<\/span><\/a><\/p>\n","protected":false},"author":2,"featured_media":377,"parent":26,"menu_order":0,"comment_status":"closed","ping_status":"closed","template":"","meta":{"footnotes":""},"class_list":["post-376","page","type-page","status-publish","has-post-thumbnail","hentry"],"_links":{"self":[{"href":"https:\/\/www.kaelberer-online.de\/services\/wp-json\/wp\/v2\/pages\/376","targetHints":{"allow":["GET"]}}],"collection":[{"href":"https:\/\/www.kaelberer-online.de\/services\/wp-json\/wp\/v2\/pages"}],"about":[{"href":"https:\/\/www.kaelberer-online.de\/services\/wp-json\/wp\/v2\/types\/page"}],"author":[{"embeddable":true,"href":"https:\/\/www.kaelberer-online.de\/services\/wp-json\/wp\/v2\/users\/2"}],"replies":[{"embeddable":true,"href":"https:\/\/www.kaelberer-online.de\/services\/wp-json\/wp\/v2\/comments?post=376"}],"version-history":[{"count":0,"href":"https:\/\/www.kaelberer-online.de\/services\/wp-json\/wp\/v2\/pages\/376\/revisions"}],"up":[{"embeddable":true,"href":"https:\/\/www.kaelberer-online.de\/services\/wp-json\/wp\/v2\/pages\/26"}],"wp:featuredmedia":[{"embeddable":true,"href":"https:\/\/www.kaelberer-online.de\/services\/wp-json\/wp\/v2\/media\/377"}],"wp:attachment":[{"href":"https:\/\/www.kaelberer-online.de\/services\/wp-json\/wp\/v2\/media?parent=376"}],"curies":[{"name":"wp","href":"https:\/\/api.w.org\/{rel}","templated":true}]}}