{"id":372,"date":"2021-12-08T06:45:49","date_gmt":"2021-12-08T06:45:49","guid":{"rendered":"https:\/\/kaelberer-online.de\/services\/?page_id=372"},"modified":"2021-12-08T06:45:49","modified_gmt":"2021-12-08T06:45:49","slug":"guenstige-telefonanlage-3cx","status":"publish","type":"page","link":"https:\/\/www.kaelberer-online.de\/services\/telefonanlagen\/guenstige-telefonanlage-3cx\/","title":{"rendered":"G\u00dcNSTIGE TELEFONANLAGE 3CX Support Telefon 07164 90 97 00"},"content":{"rendered":"<h2>\n<p>Wissen Sie die Anspr\u00fcche an Ihre neue <strong><strong>3CX<\/strong><\/strong> <strong><strong>Telefonanlage<\/strong><\/strong> schon?<\/p>\n<\/h2>\n<p><h3>Die aktuelle <strong>3CX<\/strong> <strong>Telefonanlage<\/strong> erleichtert Ihre Firmenprozesse. Optimieren Sie Ihre Firma mit einer neuen und flexiblen <strong>3CX<\/strong> <strong>TK-Anlage<\/strong>. Die <strong>3CX<\/strong> <strong>Telefonanlage<\/strong> die ma\u00dfgeschneidert auf Ihre Erwartungen zugeschnitten ist und mit dem Unternehmen gro\u00df werden kann.<\/h3>\n<\/p>\n<p>Die neue Arbeitswelt ist mobil unterwegs. Kommunizieren Sie mit einem Handy \u00fcber die <strong>3CX<\/strong> <strong>TK-Anlage<\/strong> mit Ihren Auftraggebern. Nat\u00fcrlich mit Ihrer Festnetz-Telefonnummer als Absender-Kennung. bewahren Sie die Privatsph\u00e4re und beweisen Sie Seriosit\u00e4t.<\/p>\n<p>die <strong>3CX<\/strong> <strong>Telefonanlage<\/strong>n wurden f\u00fcr mobiles arbeiten entworfen. Als moderne Cloud <strong>3CX<\/strong> <strong>Telefonanlage<\/strong> oder auf der eigenen Hardware hausintern gehostet. Die Installation und die Verwaltung ist unkompliziert. Sie erhalten damit eine sichere, verl\u00e4ssliche und hochflexible <strong>3CX<\/strong> TK-Anlage.<\/p>\n<h2>Gute Preise f\u00fcr Ihre neue 3CX <strong>TK-Anlage<\/strong><\/h2>\n<p>Ein tolles Preis- und Leistungsverh\u00e4ltnis. Richten Sie unendlich viele Nebenstellen ein, immer exakt da wo Sie sie im Moment ben\u00f6tigen und sparen Sie Kosten.<\/p>\n<h2>Ermitteln Sie die Anrufer!<\/h2>\n<p>Bei Anrufeingang pr\u00e4zise wissen wer gerade anruft. Infos sind alles. F\u00fcr Angestellte sowie die Leitung. Auf diese Weise wissen Sie genau was l\u00e4uft. W\u00e4hlen Sie mit einem bequemen Mausklick aus Ihrem CRM oder Ihrer Business Software jede Rufnummer.<\/p>\n<p>Ist es nicht toll, wenn Sie von einer zentralen Oberfl\u00e4che heraus s\u00e4mtliche Anrufe realisieren, entgegen nehmen sowie bearbeiten oder aber den Status Ihrer Kollegen abfragen, eingehende Livechat-Nachrichten beantworten und Videoanrufe initiieren k\u00f6nnten? Mit dem Webclient als Softphone und der Windows Desktop App ist alles das sowie noch reichlich mehr realisierbar.<\/p>\n<h2>MS 365 Integration<\/h2>\n<p>Benutzt Ihre Firma MS 365? Dann vernetzen Sie dieses unproblematisch mit der <strong>3CX<\/strong> <strong>TK-Anlage<\/strong> und verschmelzen Sie s\u00e4mtliche Vorz\u00fcge beider Systeme! User k\u00f6nnen nahtlos \u00fcber beide Applikationen arbeiten, Kontakte verwalten und Prozesse schlanker machen, um die Effektivit\u00e4t zu erh\u00f6hen und Kunden zu inspirieren. <\/p>\n<h2>Kontakte mit Ihrem <strong>3CX<\/strong> Teilnehmerverzeichnis abgleichen<\/h2>\n<h2>MS Teams Telefonie-Verzahnung<\/h2>\n<ol>\n<li>Realisierung externer Telefongespr\u00e4che via <strong>3CX<\/strong> SIP-Trunks<\/li>\n<\/li>\n<li>Selektion eines individuellen perfekten SIP-Anbieters Ihrer Region<\/li>\n<\/li>\n<\/ol>\n<h3>Wir beraten, beschaffen Hardware wie auch Software, richten ein, konfigurieren, nehmen in Betrieb und Supporten Ihre neue <strong>3CX<\/strong> <strong>TK-Anlage<\/strong>. Sie haben Fragen, oder m\u00f6chten unsere aktuelle Preisliste anfordern? Sie erreichen uns unter Telefon 07164 909700 oder per Mail unter support@kaelberer-online.de<\/h3>\n<h2>Konnten wir Ihr Interesse wecken?<\/h2>\n<p>Viele weitere top Funktionen warten auf Sie.<\/p>\n<ul>\n<li>Nutzung der B\u00fcro-Durchwahlnummer auf Ihrem Mobiltelefon<\/li>\n<li>Registrierung am Webclient \u2013 Details in der Willkommens-E-Mail<\/li>\n<li>Uhrzeit-basierte Anrufweiterleitung und Telefonumfragen<\/li>\n<li>Wechsel zwischen Sprach- sowie Video-Anrufe mit einem Fingertipp<\/li>\n<li>Auf g\u00fcnstigem Raspberry Pi und MiniPC als Telefonie-Appliance<\/li>\n<li>Unbegrenzte Zahl von Anwendern umsonst in <strong>3CX<\/strong> enthalten<\/li>\n<li>Direkter Kontakt \u00fcber Anrufe, Video und Instant Messaging<\/li>\n<li>Anwendung \u00f6ffnen, QR Code scannen \u2013 schon sind Sie bereit!<\/li>\n<li>Selbst\u00e4ndig Hosten \u00fcber Google, Amazon, Microsoft &#038; mehr<\/li>\n<li>Beinhaltet mobile Apps f\u00fcr Windows, Web, iOS &#038; Android<\/li>\n<li>Anrufe mit einem einzigen Click unmittelbar aus CRM heraus initiieren<\/li>\n<li>Abfrage von Klienten- sowie Fallnummern, um Agenten Zeit zu sparen<\/li>\n<li>Ab\u00e4ndern des pers\u00f6nlichen Status wie auch Ansicht der Verf\u00fcgbarkeit des Projektteams<\/li>\n<li>Perfekte Skalierbarkeit der TK-Installation<\/li>\n<li>Keine Lizenzierung je Nebenstelle, unbeschr\u00e4nkt viele Nebenstellen<\/li>\n<li>SIP-Forking \u2013 simultane Nutzung von <strong>3CX<\/strong> Anwendung und Tischtelefon<\/li>\n<li>Abgesicherte Verbindungen gew\u00e4hrleisten Privatsph\u00e4re sowie Schutz<\/li>\n<li>Update des eigenen Status &#038; Einsicht der Personal-Verf\u00fcgbarkeit<\/li>\n<li>Verbinden von remote Firmenb\u00fcros und interne Anrufkosten eliminieren<\/li>\n<li>Verbesserte Erreichbarkeit f\u00fcr VIP-Klienten au\u00dferhalb der B\u00fcrozeiten<\/li>\n<li>Flexible hereinkommende\/ausgehende Regeln, DIDs &#038; Ring Groups<\/li>\n<li>Anruf-Protokolle im Kundendatensatz f\u00fcr transparente Anrufhistorie<\/li>\n<li>Beantwortung von Anfragen mittels Livechat, Facebook &#038; SMS via Apps<\/li>\n<li>Bereitstellung per Google Marketplace, Amazon oder Azure<\/li>\n<\/ul>\n<h3>Fragen Sie erg\u00e4nzende Informationen oder ein Angebot bei uns an. Nat\u00fcrlich stellen wir Ihnen auch eine komplette Featureliste zur Verf\u00fcgung.<\/h3>\n<p>[contact-form-7 id=&#8220;5&#8243; title=&#8220;Contact form 1&#8243;]<\/p>\n","protected":false},"excerpt":{"rendered":"<p>Wissen Sie die Anspr\u00fcche an Ihre neue 3CX Telefonanlage schon? Die aktuelle 3CX Telefonanlage erleichtert Ihre Firmenprozesse. Optimieren Sie Ihre Firma mit einer neuen und flexiblen 3CX TK-Anlage. Die 3CX Telefonanlage die ma\u00dfgeschneidert auf Ihre Erwartungen zugeschnitten ist und mit dem Unternehmen gro\u00df werden kann. Die neue Arbeitswelt ist mobil unterwegs. Kommunizieren Sie mit einem &hellip; <a href=\"https:\/\/www.kaelberer-online.de\/services\/telefonanlagen\/guenstige-telefonanlage-3cx\/\" class=\"more-link\">Continue reading<span class=\"screen-reader-text\"> &#8222;G\u00dcNSTIGE TELEFONANLAGE 3CX Support Telefon 07164 90 97 00&#8220;<\/span><\/a><\/p>\n","protected":false},"author":2,"featured_media":373,"parent":26,"menu_order":0,"comment_status":"closed","ping_status":"closed","template":"","meta":{"footnotes":""},"class_list":["post-372","page","type-page","status-publish","has-post-thumbnail","hentry"],"_links":{"self":[{"href":"https:\/\/www.kaelberer-online.de\/services\/wp-json\/wp\/v2\/pages\/372","targetHints":{"allow":["GET"]}}],"collection":[{"href":"https:\/\/www.kaelberer-online.de\/services\/wp-json\/wp\/v2\/pages"}],"about":[{"href":"https:\/\/www.kaelberer-online.de\/services\/wp-json\/wp\/v2\/types\/page"}],"author":[{"embeddable":true,"href":"https:\/\/www.kaelberer-online.de\/services\/wp-json\/wp\/v2\/users\/2"}],"replies":[{"embeddable":true,"href":"https:\/\/www.kaelberer-online.de\/services\/wp-json\/wp\/v2\/comments?post=372"}],"version-history":[{"count":0,"href":"https:\/\/www.kaelberer-online.de\/services\/wp-json\/wp\/v2\/pages\/372\/revisions"}],"up":[{"embeddable":true,"href":"https:\/\/www.kaelberer-online.de\/services\/wp-json\/wp\/v2\/pages\/26"}],"wp:featuredmedia":[{"embeddable":true,"href":"https:\/\/www.kaelberer-online.de\/services\/wp-json\/wp\/v2\/media\/373"}],"wp:attachment":[{"href":"https:\/\/www.kaelberer-online.de\/services\/wp-json\/wp\/v2\/media?parent=372"}],"curies":[{"name":"wp","href":"https:\/\/api.w.org\/{rel}","templated":true}]}}