{"id":370,"date":"2021-11-02T07:14:53","date_gmt":"2021-11-02T07:14:53","guid":{"rendered":"https:\/\/kaelberer-online.de\/services\/?page_id=370"},"modified":"2021-11-02T07:14:53","modified_gmt":"2021-11-02T07:14:53","slug":"telefonanlagen-techniker-3cx","status":"publish","type":"page","link":"https:\/\/www.kaelberer-online.de\/services\/telefonanlagen\/telefonanlagen-techniker-3cx\/","title":{"rendered":"TELEFONANLAGEN TECHNIKER 3CX Service Telefon 07164 90 97 00"},"content":{"rendered":"<h2>\n<p>Kennen Sie die Anspr\u00fcche an Ihre neue <strong><strong>3CX<\/strong><\/strong> <strong><strong>TK-Anlage<\/strong><\/strong> bereits?<\/p>\n<\/h2>\n<p><h3>Eine moderne <strong>3CX<\/strong> <strong>TK-Anlage<\/strong> erleichtert Ihre Unternehmensprozesse. Optimieren Sie Ihre Firma mit der aktuellen und flexiblen <strong>3CX<\/strong> Telefonanlage. Eine <strong>3CX<\/strong> <strong>Telefonanlage<\/strong> die individuell auf Ihre Erwartungen zugeschnitten ist und mit dem Unternehmen gro\u00df werden kann.<\/h3>\n<\/p>\n<p>Die neue Arbeitswelt ist mobil unterwegs. Kommunizieren Sie mit dem Smartphone \u00fcber die <strong>3CX<\/strong> <strong>Telefonanlage<\/strong> mit Ihren Kunden. Selbstverst\u00e4ndlich mit Ihrer Festnetz-Rufnummer als Absenderkennung. bewahren Sie Ihre Privatsph\u00e4re und zeigen Sie Professionalit\u00e4t.<\/p>\n<p>die <strong>3CX<\/strong> <strong>Telefonanlage<\/strong>n wurden auch f\u00fcr flexibles arbeiten designed. Als aktuelle Cloud <strong>3CX<\/strong> <strong>Telefonanlage<\/strong> oder auf Ihrer pers\u00f6nlichen Hardware hausintern gehostet. Die Installation und die Verwaltung ist unkompliziert. Sie erhalten dadurch eine sichere, verl\u00e4ssliche und anpassbare <strong>3CX<\/strong> <strong>Telefonanlage<\/strong>.<\/p>\n<h2>Gute Preise f\u00fcr Ihre neue 3CX <strong>TK-Anlage<\/strong><\/h2>\n<p>Ein tolles Preis- und Leistungsverh\u00e4ltnis. Richten Sie unbegrenzt viele Nebenstellen ein, stets pr\u00e4zise da wo Sie sie gerade ben\u00f6tigen und sparen Sie Kosten.<\/p>\n<h2>Best\u00e4rken Sie Ihr Personal.<\/h2>\n<p>Bei Eingang eines Anrufs exakt wissen wer im Moment anruft. Informationen sind alles. F\u00fcr Angestellte sowie die Gesch\u00e4ftsleitung. Dadurch wissen Sie exakt was geht. W\u00e4hlen Sie mit einem bequemen Klick aus dem CRM oder Ihrer Business Software jede Telefonnummer.<\/p>\n<p>W\u00e4re es nicht prima, wenn Sie von einer zentralen Oberfl\u00e4che heraus alle Anrufe t\u00e4tigen, empfangen sowie bearbeiten oder aber den Status Ihrer Arbeitskollegen abfragen, eingehende Chat-Nachrichten beantworten und Videoanrufe initiieren k\u00f6nnten? Mit einem Webclient als Softphone sowie der Windows Desktop Applikation wird all das und noch viel mehr machbar.<\/p>\n<h2>MS 365 Zusammenf\u00fchrung<\/h2>\n<p>Benutzt Ihr Unternehmen Microsoft 365? Dann verkn\u00fcpfen Sie dieses einfach mit der <strong>3CX<\/strong> <strong>TK-Anlage<\/strong> und kombinieren Sie s\u00e4mtliche Vorz\u00fcge beider Systeme! User k\u00f6nnen nahtlos mit beiden Apps arbeiten, Kontakte bearbeiten und Vorg\u00e4nge schlanker machen, um ihre Effizienz zu steigern und Auftraggeber zu inspirieren. <\/p>\n<h2>Kontakte mit Ihrem <strong>3CX<\/strong> Telefonbuch synchronisieren<\/h2>\n<ol>\n<li>Anwendungs-\u00fcbergreifende Administration aller Kontakte in Microsoft 365<\/li>\n<li>Aktualisierung gemeinschaftlicher Mailbox-Kontakte mit dem <strong>3CX<\/strong>-Telefonbuch<\/li>\n<li>Anruf synchronisierter Kontakte per Webclient oder mobilen Applikationen<\/li>\n<\/ol>\n<h2>MS Teams Telefonie-Verzahnung<\/h2>\n<ol>\n<li>Selektion eines eigenen optimalen SIP-Anbieters Ihrer Gegend<\/li>\n<\/li>\n<li>Ausschalten Microsoft\u00b4s teurer Inlands-\/globaler Tarife<\/li>\n<\/li>\n<\/ol>\n<h3>Wir unterst\u00fctzen, beschaffen Hardware sowie Software, richten ein, konfigurieren, nehmen in Betrieb und Supporten Ihre brandneue <strong>3CX<\/strong> <strong>Telefonanlage<\/strong>. Sie haben Fragen, oder wollen unsere aktuelle Liste der Preise anfordern? Sie erreichen uns unter Telefon 07164 909700 sowie per Mail unter support@kaelberer-online.de<\/h3>\n<h2>Konnten wir Ihr Interesse wecken?<\/h2>\n<p>Viele zus\u00e4tzliche tolle Features warten auf Sie.<\/p>\n<ul>\n<li>Kinderleichte Benutzerverwaltung reduziert zahlreiche Stunden Arbeit<\/li>\n<li>Anrufe mit einem einzigen Mausklick unmittelbar aus CRM heraus f\u00fchren<\/li>\n<li>Selbst\u00e4ndig Hosten via Google, Amazon, Microsoft &#038; weitere<\/li>\n<li>Verbinden von remote B\u00fcros und interne Anrufkosten beseitigen<\/li>\n<li>4-stellige Kostenersparnis f\u00fcr Gespr\u00e4che mittels SIP-Trunk Ihrer Auswahl<\/li>\n<li>PBX Express startet Ihre <strong>3CX<\/strong>-Instanz in wenigen Minuten<\/li>\n<li>Kostenfreie Office-Anrufe f\u00fcr remote &#038; reisende Mitarbeiter<\/li>\n<li>Verzahnung von Onlinepr\u00e4senz-Livechat, Facebook-Messaging sowie Kurznachrichten<\/li>\n<li>Benutzerdefinierte Call Flows automatisieren Anfragen &#038; Arbeitsschritte<\/li>\n<li>Beginnen eines Videoanrufs von Ihrem Handy aus<\/li>\n<li>Kontrolle \u00fcber Ihre Leitungen und Telefongespr\u00e4chskosten<\/li>\n<li>Freih\u00e4ndiges Kommunizieren mit Hilfe Siri wie auch Bluetooth-Einbindung<\/li>\n<li>Enth\u00e4lt mobile Apps f\u00fcr das Betriebssystem Windows, Web, iOS &#038; Android<\/li>\n<li>Keine Lizenzierung je Nebenstelle, grenzenlos viele Nebenstellen<\/li>\n<li>Automatisierte Anrufaufzeichnung entfernt manuelle Eintr\u00e4ge<\/li>\n<li>Keine Tischtelefone vonn\u00f6ten \u2013 Verwenden Sie Ihr Smartphone<\/li>\n<li>Direkter Kontakt via Anrufe, Video und Instant Messaging<\/li>\n<li>Zuordnung der Anrufer-ID zu einem Datensatz in Ihrem CRM<\/li>\n<\/ul>\n<h3>Bitte fordern Sie mehr Infos und ein Angebot bei uns an. Selbstverst\u00e4ndlich stellen wir Ihnen auch eine vollst\u00e4ndige Featureliste zur Verf\u00fcgung.<\/h3>\n<p>[contact-form-7 id=&#8220;5&#8243; title=&#8220;Contact form 1&#8243;]<\/p>\n","protected":false},"excerpt":{"rendered":"<p>Kennen Sie die Anspr\u00fcche an Ihre neue 3CX TK-Anlage bereits? Eine moderne 3CX TK-Anlage erleichtert Ihre Unternehmensprozesse. Optimieren Sie Ihre Firma mit der aktuellen und flexiblen 3CX Telefonanlage. Eine 3CX Telefonanlage die individuell auf Ihre Erwartungen zugeschnitten ist und mit dem Unternehmen gro\u00df werden kann. Die neue Arbeitswelt ist mobil unterwegs. Kommunizieren Sie mit dem &hellip; <a href=\"https:\/\/www.kaelberer-online.de\/services\/telefonanlagen\/telefonanlagen-techniker-3cx\/\" class=\"more-link\">Continue reading<span class=\"screen-reader-text\"> &#8222;TELEFONANLAGEN TECHNIKER 3CX Service Telefon 07164 90 97 00&#8220;<\/span><\/a><\/p>\n","protected":false},"author":2,"featured_media":371,"parent":26,"menu_order":0,"comment_status":"closed","ping_status":"closed","template":"","meta":{"footnotes":""},"class_list":["post-370","page","type-page","status-publish","has-post-thumbnail","hentry"],"_links":{"self":[{"href":"https:\/\/www.kaelberer-online.de\/services\/wp-json\/wp\/v2\/pages\/370","targetHints":{"allow":["GET"]}}],"collection":[{"href":"https:\/\/www.kaelberer-online.de\/services\/wp-json\/wp\/v2\/pages"}],"about":[{"href":"https:\/\/www.kaelberer-online.de\/services\/wp-json\/wp\/v2\/types\/page"}],"author":[{"embeddable":true,"href":"https:\/\/www.kaelberer-online.de\/services\/wp-json\/wp\/v2\/users\/2"}],"replies":[{"embeddable":true,"href":"https:\/\/www.kaelberer-online.de\/services\/wp-json\/wp\/v2\/comments?post=370"}],"version-history":[{"count":0,"href":"https:\/\/www.kaelberer-online.de\/services\/wp-json\/wp\/v2\/pages\/370\/revisions"}],"up":[{"embeddable":true,"href":"https:\/\/www.kaelberer-online.de\/services\/wp-json\/wp\/v2\/pages\/26"}],"wp:featuredmedia":[{"embeddable":true,"href":"https:\/\/www.kaelberer-online.de\/services\/wp-json\/wp\/v2\/media\/371"}],"wp:attachment":[{"href":"https:\/\/www.kaelberer-online.de\/services\/wp-json\/wp\/v2\/media?parent=370"}],"curies":[{"name":"wp","href":"https:\/\/api.w.org\/{rel}","templated":true}]}}