{"id":368,"date":"2021-12-31T11:45:04","date_gmt":"2021-12-31T11:45:04","guid":{"rendered":"https:\/\/kaelberer-online.de\/services\/?page_id=368"},"modified":"2021-12-31T11:45:04","modified_gmt":"2021-12-31T11:45:04","slug":"tapi-faehiges-telefon-3cx","status":"publish","type":"page","link":"https:\/\/www.kaelberer-online.de\/services\/telefonanlagen\/tapi-faehiges-telefon-3cx\/","title":{"rendered":"TAPI F\u00c4HIGES TELEFON 3CX Installation Telefon 07164 90 97 00"},"content":{"rendered":"<h2>\n<p>Kennen Sie die Vorgaben an Ihre neue <strong><strong>3CX<\/strong><\/strong> <strong><strong>TK-Anlage<\/strong><\/strong> bereits?<\/p>\n<\/h2>\n<p><h3>Die moderne <strong>3CX<\/strong> <strong>TK-Anlage<\/strong> erleichtert Ihre Unternehmensprozesse. Optimieren Sie Ihr Unternehmen mit der brandneuen und flexiblen <strong>3CX<\/strong> Telefonanlage. Die <strong>3CX<\/strong> <strong>Telefonanlage<\/strong> die individuell auf Ihre Anspr\u00fcche zugeschnitten ist und mit Ihrem Unternehmen wachsen kann.<\/h3>\n<\/p>\n<p>Die neue Arbeitswelt ist mobil unterwegs. Kommunizieren Sie mit einem Handy \u00fcber die <strong>3CX<\/strong> <strong>Telefonanlage<\/strong> mit Ihren Auftraggebern. Nat\u00fcrlich \u00fcber Ihre Festnetz-Rufnummer als Absenderkennung. Wahren Sie Ihre Privatsph\u00e4re und zeigen Sie Seriosit\u00e4t.<\/p>\n<p>Unsere <strong>3CX<\/strong> <strong>TK-Anlage<\/strong>n werden f\u00fcr mobiles arbeiten entworfen. Als aktuelle Cloud <strong>3CX<\/strong> <strong>TK-Anlage<\/strong> oder auf Ihrer privaten Hardware hausintern gehostet. Die Installation und die Konfiguration ist einfach. Sie bekommen dadurch eine sichere, verl\u00e4ssliche sowie anpassbare <strong>3CX<\/strong> TK-Anlage.<\/p>\n<h2>Die kosteng\u00fcnstige, anpassbare L\u00f6sung<\/h2>\n<p>Ein hervorragendes Preis- und Leistungsverh\u00e4ltnis. Richten Sie grenzenlos viele Nebenstellen ein, immer genau da wo Sie sie im Moment brauchen und sparen Sie Kosten.<\/p>\n<h2>St\u00fctzen Sie Ihr Verkaufspersonal.<\/h2>\n<p>Bei Anrufeingang exakt wissen wer im Moment anruft. Infos sind alles. F\u00fcr Besch\u00e4ftigte sowie die Leitung. So wissen Sie exakt was geht. W\u00e4hlen Sie mit einem einfachen Klick aus dem CRM oder Ihrer Business Software jede Telefonnummer.<\/p>\n<p>Ist es nicht cool, wenn Sie von einer zentralen Oberfl\u00e4che heraus alle Anrufe t\u00e4tigen, empfangen sowie bearbeiten oder aber den Status Ihrer Mitarbeiter abfragen, eingehende Chat-News beantworten und Videoanrufe initiieren k\u00f6nnten? Mit dem Webclient als Softphone sowie der Windows Desktop App wird alles das sowie noch jede Menge mehr machbar.<\/p>\n<h2>MS 365 Verzahnung<\/h2>\n<p>Verwendet Ihr Unternehmen Microsoft 365? In diesem Fall verkn\u00fcpfen Sie dieses m\u00fchelos mit der <strong>3CX<\/strong> <strong>TK-Anlage<\/strong> und verschmelzen Sie s\u00e4mtliche Vorteile beider Systeme! Benutzer k\u00f6nnen \u00fcbergangslos \u00fcber beide Applikationen arbeiten, Kontakte verwalten und Arbeitsschritte schlanker machen, um die Effizienz zu steigern und Klienten zu inspirieren. <\/p>\n<h2>Kontakte mit Ihrem <strong>3CX<\/strong> Telefonbuch abgleichen<\/h2>\n<h2>MS Teams Telefonie-Zusammenf\u00fchrung<\/h2>\n<ol>\n<li>Durchf\u00fchrung externer Telefongespr\u00e4che mittels <strong>3CX<\/strong> SIP-Trunks<\/li>\n<\/li>\n<li>Auswahl eines individuellen preisg\u00fcnstigen SIP-Dienstleisters Ihrer Region<\/li>\n<\/li>\n<\/ol>\n<h3>Unsere Mitarbeiter unterst\u00fctzen, beschaffen Hardware und Softwarel\u00f6sungen, richten ein, konfigurieren, nehmen in Betrieb und Supporten Ihre brandneue <strong>3CX<\/strong> <strong>Telefonanlage<\/strong>. Sie haben Fragen, oder m\u00f6chten unsere aktuelle Preisliste anfordern? Sie erreichen uns unter Telefon 07164 909700 sowie per E-Mail-Nachricht unter support@kaelberer-online.de<\/h3>\n<h2>Konnten wir Ihr Aufmerksamkeit wecken?<\/h2>\n<p>Unz\u00e4hlige weitere top Features warten auf Sie.<\/p>\n<ul>\n<li>Applikation \u00f6ffnen, QR Code scannen \u2013 schon sind Sie bereit!<\/li>\n<li>Zeitersparnis mittels automatischer Anzeige von Kundendaten<\/li>\n<li>Keine Lizenzierung je Nebenstelle, unbeschr\u00e4nkt viele Nebenstellen<\/li>\n<li>Wechsel zwischen Server &#038; Cloud \u2013 integriertes Backup &#038; Restore<\/li>\n<li>Eingebettete browserbasierte Videokonferenzen<\/li>\n<li>Abfrage von Kunden- und Fallnummern, um Agenten Zeit zu sparen<\/li>\n<li>Vernetzen von remote B\u00fcros und interne Anrufkosten eliminieren<\/li>\n<li>Lockdown-f\u00e4hig mit der kostenfreien Anwendung f\u00fcr Web, iOS &#038; Android<\/li>\n<li>Eigenst\u00e4ndig Hosten \u00fcber Google, Amazon, Microsoft &#038; weitere<\/li>\n<li>Bereitstellung per Google Marketplace, Amazon oder Azure<\/li>\n<li>Intelligente Verbindung f\u00fcr nahtlosen Wechsel zwischen Netzwerken<\/li>\n<li>Selektieren Sie im Men\u00fc oben das QR-Code-Symbol f\u00fcr dessen Scan<\/li>\n<li>Keine Schulung notwendig \u2013 unmittelbar starten<\/li>\n<li>Freih\u00e4ndiges Telefonieren dank Siri wie auch Bluetooth-Integration<\/li>\n<li>Kostenlose B\u00fcro-Anrufe f\u00fcr remote &#038; reisende Mitarbeiter<\/li>\n<li>Verwaltung, Sicherheits-Patches &#038; Version-Upgrades durch <strong>3CX<\/strong><\/li>\n<li>Anmeldung am Webclient \u2013 Details in der Willkommens-E-Mail<\/li>\n<li>Unbegrenzte Menge von Benutzern geb\u00fchrenfrei in <strong>3CX<\/strong> enthalten<\/li>\n<li>Anrufe mit einem einzigen Click unmittelbar aus CRM heraus f\u00fchren<\/li>\n<li>Verbesserte Erreichbarkeit f\u00fcr Star-Kunden au\u00dferhalb der Gesch\u00e4ftszeiten<\/li>\n<li>Telefonrechnung um bis zu 80 % verringern mittels Wechsel zu <strong>3CX<\/strong><\/li>\n<li>Verzicht auf teure Mobilanrufe zwischen Mitarbeitern und Kunden<\/li>\n<li>Keine Tischtelefone erforderlich \u2013 Nutzen Sie Ihr Smartphone<\/li>\n<\/ul>\n<h3>Fragen Sie mehr Unterlagen oder ein Angebot bei uns an. Nat\u00fcrlich stellen wir Ihnen auch eine komplette Leistungs\u00fcbersicht zur Verf\u00fcgung.<\/h3>\n<p>[contact-form-7 id=&#8220;5&#8243; title=&#8220;Contact form 1&#8243;]<\/p>\n","protected":false},"excerpt":{"rendered":"<p>Kennen Sie die Vorgaben an Ihre neue 3CX TK-Anlage bereits? Die moderne 3CX TK-Anlage erleichtert Ihre Unternehmensprozesse. Optimieren Sie Ihr Unternehmen mit der brandneuen und flexiblen 3CX Telefonanlage. Die 3CX Telefonanlage die individuell auf Ihre Anspr\u00fcche zugeschnitten ist und mit Ihrem Unternehmen wachsen kann. Die neue Arbeitswelt ist mobil unterwegs. Kommunizieren Sie mit einem Handy &hellip; <a href=\"https:\/\/www.kaelberer-online.de\/services\/telefonanlagen\/tapi-faehiges-telefon-3cx\/\" class=\"more-link\">Continue reading<span class=\"screen-reader-text\"> &#8222;TAPI F\u00c4HIGES TELEFON 3CX Installation Telefon 07164 90 97 00&#8220;<\/span><\/a><\/p>\n","protected":false},"author":2,"featured_media":369,"parent":26,"menu_order":0,"comment_status":"closed","ping_status":"closed","template":"","meta":{"footnotes":""},"class_list":["post-368","page","type-page","status-publish","has-post-thumbnail","hentry"],"_links":{"self":[{"href":"https:\/\/www.kaelberer-online.de\/services\/wp-json\/wp\/v2\/pages\/368","targetHints":{"allow":["GET"]}}],"collection":[{"href":"https:\/\/www.kaelberer-online.de\/services\/wp-json\/wp\/v2\/pages"}],"about":[{"href":"https:\/\/www.kaelberer-online.de\/services\/wp-json\/wp\/v2\/types\/page"}],"author":[{"embeddable":true,"href":"https:\/\/www.kaelberer-online.de\/services\/wp-json\/wp\/v2\/users\/2"}],"replies":[{"embeddable":true,"href":"https:\/\/www.kaelberer-online.de\/services\/wp-json\/wp\/v2\/comments?post=368"}],"version-history":[{"count":0,"href":"https:\/\/www.kaelberer-online.de\/services\/wp-json\/wp\/v2\/pages\/368\/revisions"}],"up":[{"embeddable":true,"href":"https:\/\/www.kaelberer-online.de\/services\/wp-json\/wp\/v2\/pages\/26"}],"wp:featuredmedia":[{"embeddable":true,"href":"https:\/\/www.kaelberer-online.de\/services\/wp-json\/wp\/v2\/media\/369"}],"wp:attachment":[{"href":"https:\/\/www.kaelberer-online.de\/services\/wp-json\/wp\/v2\/media?parent=368"}],"curies":[{"name":"wp","href":"https:\/\/api.w.org\/{rel}","templated":true}]}}