{"id":364,"date":"2021-11-09T19:11:21","date_gmt":"2021-11-09T19:11:21","guid":{"rendered":"https:\/\/kaelberer-online.de\/services\/?page_id=364"},"modified":"2021-11-09T19:11:21","modified_gmt":"2021-11-09T19:11:21","slug":"tuersprechanlage-telefonanlage-3cx","status":"publish","type":"page","link":"https:\/\/www.kaelberer-online.de\/services\/telefonanlagen\/tuersprechanlage-telefonanlage-3cx\/","title":{"rendered":"T\u00dcRSPRECHANLAGE TELEFONANLAGE 3CX Installation Telefon 07164 90 97 00"},"content":{"rendered":"<h2>\n<p>Kennen Sie die Anspr\u00fcche an Ihre neue <strong><strong>3CX<\/strong><\/strong> <strong><strong>TK-Anlage<\/strong><\/strong> schon?<\/p>\n<\/h2>\n<p><h3>Eine aktuelle <strong>3CX<\/strong> <strong>TK-Anlage<\/strong> vereinfacht die Unternehmensprozesse. Optimieren Sie Ihre Firma mit einer aktuellen und flexiblen <strong>3CX<\/strong> <strong>TK-Anlage<\/strong>. Die <strong>3CX<\/strong> <strong>TK-Anlage<\/strong> die individuell auf Ihre Anforderungen abgestimmt ist und mit Ihrem Unternehmen wachsen kann.<\/h3>\n<\/p>\n<p>Eine neue Arbeitswelt ist mobil unterwegs. Kommunizieren Sie mit dem Smartphone \u00fcber die <strong>3CX<\/strong> <strong>TK-Anlage<\/strong> mit Ihren Kunden. Nat\u00fcrlich mit Ihrer Festnetz-Rufnummer als Absenderkennung. besch\u00fctzen Sie die Privatsph\u00e4re und beweisen Sie Professionalit\u00e4t.<\/p>\n<p>die <strong>3CX<\/strong> <strong>TK-Anlage<\/strong>n werden f\u00fcr mobiles arbeiten entwickelt. Als zeitgem\u00e4\u00dfe Cloud <strong>3CX<\/strong> <strong>Telefonanlage<\/strong> oder auf Ihrer eigenen Hardware hausintern gehostet. Eine Installation und die Verwaltung ist einfach. Sie bekommen damit eine sichere, zuverl\u00e4ssige sowie variable <strong>3CX<\/strong> TK-Anlage.<\/p>\n<h2>Die kosteneffektive, hochflexible L\u00f6sung<\/h2>\n<p>Ein einmaliges Preis- und Leistungsverh\u00e4ltnis. Richten Sie unendlich viele Nebenstellen ein, immer pr\u00e4zise da wo Sie sie im Moment w\u00fcnschen und sparen Sie Kosten.<\/p>\n<h2>Identifizieren Sie die Anrufenden!<\/h2>\n<p>Bei Anrufeingang genau wissen wer gerade anruft. Informationen sind alles. F\u00fcr Besch\u00e4ftigte und die Gesch\u00e4ftsf\u00fchrung. Dadurch wissen Sie pr\u00e4zise was geht. W\u00e4hlen Sie mit einem trivialen Mausklick aus dem CRM oder Ihrer Firmensoftware jede Rufnummer.<\/p>\n<p>Ist es nicht gro\u00dfartig, wenn Sie von einer zentralen Oberfl\u00e4che heraus alle Anrufe t\u00e4tigen, annehmen sowie bearbeiten oder aber den Status Ihrer Mitarbeiter abfragen, eingehende Chat-News beantworten und Videoanrufe initiieren k\u00f6nnten? Mit dem Webclient als Softphone und der Windows Desktop Applikation wird all das und noch jede Menge mehr realisierbar.<\/p>\n<h2>Microsoft 365 Einbeziehung<\/h2>\n<p>Verwendet Ihr Unternehmen Microsoft 365? In diesem Fall verbinden Sie dieses ganz leicht mit der <strong>3CX<\/strong> <strong>TK-Anlage<\/strong> und verschmelzen Sie alle Vorteile beider Systeme! Benutzer k\u00f6nnen \u00fcbergangslos \u00fcber beide Applikationen arbeiten, Kontakte bearbeiten und Vorg\u00e4nge verschlanken, um ihre Effektivit\u00e4t zu steigern und Auftraggeber zu begeistern. <\/p>\n<h2>Kontakte mit dem <strong>3CX<\/strong> Teilnehmerverzeichnis abgleichen<\/h2>\n<ol>\n<li>Applikation-\u00fcbergreifende Verwaltung s\u00e4mtlicher Kontakte in MS 365<\/li>\n<li>Automatisierte Synchronisation Ihrer pers\u00f6nlichen Kontakte<\/li>\n<li>Updaten gemeinschaftlicher Mailbox-Kontakte mit dem <strong>3CX<\/strong>-Telefonbuch<\/li>\n<\/ol>\n<h2>Microsoft Teams Telefonie-Integration<\/h2>\n<ol>\n<li>Ausschalten Microsoft\u00b4s kostspieliger Inlands-\/internationaler Tarife<\/li>\n<\/li>\n<li>Auswahl eines speziellen preiswerten SIP-Anbieters Ihrer Region<\/li>\n<\/li>\n<li>Realisierung externer Telefongespr\u00e4che via <strong>3CX<\/strong> SIP-Trunks<\/li>\n<\/li>\n<\/ol>\n<h3>Unsere Techniker unterst\u00fctzen, organisieren Hardware sowie Software, installieren, konfigurieren, nehmen in Betrieb und Supporten Ihre neue <strong>3CX<\/strong> <strong>TK-Anlage<\/strong>. Sie haben Fragen, oder wollen die aktuelle Liste der Preise anfordern? Sie erreichen uns unter Telefon 07164 909700 sowie per E-Mail-Nachricht unter support@kaelberer-online.de<\/h3>\n<h2>Haben wir Sie neugierig gemacht?<\/h2>\n<p>Jede Menge zus\u00e4tzliche top Funktionen warten auf Sie.<\/p>\n<ul>\n<li>Keine Tischtelefone erforderlich \u2013 Verwenden Sie Ihr Smartphone<\/li>\n<li>Kinderleichte Nutzerverwaltung reduziert unz\u00e4hlige Arbeitsstunden<\/li>\n<li>Verzicht auf teure Mobilanrufe zwischen Besch\u00e4ftigten wie auch Kunden<\/li>\n<li>Einfaches Implementieren und Verwalten ohne Schulungsbedarf<\/li>\n<li>Verwaltung von System &#038; Benutzern von beliebigem Ort<\/li>\n<li>Automatisierte Anrufaufzeichnung bereinigt manuelle Eintr\u00e4ge<\/li>\n<li>Vernetzen von remote Firmenb\u00fcros und interne Anrufkosten eliminieren<\/li>\n<li>Kostenfreie B\u00fcro-Anrufe f\u00fcr remote &#038; reisende Angestellte<\/li>\n<li>Kontrolle \u00fcber Ihre Leitungen und Gespr\u00e4chskosten<\/li>\n<li>Webkonferenzen, mobile Applikationen, Livechat inklusive<\/li>\n<li>Zufriedene Klienten und weniger M\u00fchen f\u00fcr Ihre Besch\u00e4ftigten<\/li>\n<li>Keine Lizenzierung pro Nebenstelle, unbeschr\u00e4nkt viele Nebenstellen<\/li>\n<li>Tageszeit-basierte Anrufweiterleitung und Telefonumfragen<\/li>\n<li>Schnellkonfiguration mit IP-Telefonen, Gateways &#038; SIP-Trunks<\/li>\n<li>Unbegrenzte Anzahl von Usern kostenfrei in <strong>3CX<\/strong> enthalten<\/li>\n<li>Benutzerdefinierte Call Flows automatisieren Anfragen &#038; Arbeitsschritte<\/li>\n<\/ul>\n<h3>Fragen Sie weitere Unterlagen sowie ein Produktangebot bei uns an. Selbstverst\u00e4ndlich stellen wir Ihnen auch eine vollst\u00e4ndige Leistungs\u00fcbersicht zur Verf\u00fcgung.<\/h3>\n<p>[contact-form-7 id=&#8220;5&#8243; title=&#8220;Contact form 1&#8243;]<\/p>\n","protected":false},"excerpt":{"rendered":"<p>Kennen Sie die Anspr\u00fcche an Ihre neue 3CX TK-Anlage schon? Eine aktuelle 3CX TK-Anlage vereinfacht die Unternehmensprozesse. Optimieren Sie Ihre Firma mit einer aktuellen und flexiblen 3CX TK-Anlage. Die 3CX TK-Anlage die individuell auf Ihre Anforderungen abgestimmt ist und mit Ihrem Unternehmen wachsen kann. Eine neue Arbeitswelt ist mobil unterwegs. Kommunizieren Sie mit dem Smartphone &hellip; <a href=\"https:\/\/www.kaelberer-online.de\/services\/telefonanlagen\/tuersprechanlage-telefonanlage-3cx\/\" class=\"more-link\">Continue reading<span class=\"screen-reader-text\"> &#8222;T\u00dcRSPRECHANLAGE TELEFONANLAGE 3CX Installation Telefon 07164 90 97 00&#8220;<\/span><\/a><\/p>\n","protected":false},"author":2,"featured_media":365,"parent":26,"menu_order":0,"comment_status":"closed","ping_status":"closed","template":"","meta":{"footnotes":""},"class_list":["post-364","page","type-page","status-publish","has-post-thumbnail","hentry"],"_links":{"self":[{"href":"https:\/\/www.kaelberer-online.de\/services\/wp-json\/wp\/v2\/pages\/364","targetHints":{"allow":["GET"]}}],"collection":[{"href":"https:\/\/www.kaelberer-online.de\/services\/wp-json\/wp\/v2\/pages"}],"about":[{"href":"https:\/\/www.kaelberer-online.de\/services\/wp-json\/wp\/v2\/types\/page"}],"author":[{"embeddable":true,"href":"https:\/\/www.kaelberer-online.de\/services\/wp-json\/wp\/v2\/users\/2"}],"replies":[{"embeddable":true,"href":"https:\/\/www.kaelberer-online.de\/services\/wp-json\/wp\/v2\/comments?post=364"}],"version-history":[{"count":0,"href":"https:\/\/www.kaelberer-online.de\/services\/wp-json\/wp\/v2\/pages\/364\/revisions"}],"up":[{"embeddable":true,"href":"https:\/\/www.kaelberer-online.de\/services\/wp-json\/wp\/v2\/pages\/26"}],"wp:featuredmedia":[{"embeddable":true,"href":"https:\/\/www.kaelberer-online.de\/services\/wp-json\/wp\/v2\/media\/365"}],"wp:attachment":[{"href":"https:\/\/www.kaelberer-online.de\/services\/wp-json\/wp\/v2\/media?parent=364"}],"curies":[{"name":"wp","href":"https:\/\/api.w.org\/{rel}","templated":true}]}}