{"id":358,"date":"2021-11-02T16:40:14","date_gmt":"2021-11-02T16:40:14","guid":{"rendered":"https:\/\/kaelberer-online.de\/services\/?page_id=358"},"modified":"2021-11-02T16:40:14","modified_gmt":"2021-11-02T16:40:14","slug":"telefonanlage-business-3cx","status":"publish","type":"page","link":"https:\/\/www.kaelberer-online.de\/services\/telefonanlagen\/telefonanlage-business-3cx\/","title":{"rendered":"TELEFONANLAGE BUSINESS 3CX Angebot Tel. 07164 90 97 00"},"content":{"rendered":"<h2>\n<p>Kennen Sie die Anforderungen an Ihre neue <strong><strong>3CX<\/strong><\/strong> <strong><strong>Telefonanlage<\/strong><\/strong> schon?<\/p>\n<\/h2>\n<p><h3>Die aktuelle <strong>3CX<\/strong> <strong>TK-Anlage<\/strong> simplifiziert die Unternehmensprozesse. Optimieren Sie Ihr Unternehmen mit einer aktuellen und flexiblen <strong>3CX<\/strong> <strong>TK-Anlage<\/strong>. Eine <strong>3CX<\/strong> <strong>TK-Anlage<\/strong> die ma\u00dfgeschneidert auf Ihre Erwartungen angepasst ist und mit Ihrem Unternehmen gro\u00df werden kann.<\/h3>\n<\/p>\n<p>Eine neue Arbeitswelt ist mobil unterwegs. Kommunizieren Sie mit dem Mobiltelefon \u00fcber Ihre <strong>3CX<\/strong> <strong>TK-Anlage<\/strong> mit Ihren Klienten. Nat\u00fcrlich \u00fcber Ihre Festnetz-Rufnummer als Absenderkennung. bewahren Sie die Privatsph\u00e4re und beweisen Sie Professionalit\u00e4t.<\/p>\n<p>die <strong>3CX<\/strong> <strong>Telefonanlage<\/strong>n werden f\u00fcr flexibles arbeiten designed. Als zeitgem\u00e4\u00dfe Cloud <strong>3CX<\/strong> <strong>Telefonanlage<\/strong> oder auf Ihrer pers\u00f6nlichen Hardware hausintern gehostet. Eine Installation und die Konfiguration ist unkompliziert. Sie erhalten damit eine sichere, zuverl\u00e4ssige wie auch variable <strong>3CX<\/strong> <strong>Telefonanlage<\/strong>.<\/p>\n<h2>Die kosteng\u00fcnstige, vielseitige L\u00f6sung<\/h2>\n<p>Ein hervorragendes Preis- und Leistungsverh\u00e4ltnis. Richten Sie unendlich viele Nebenstellen ein, immer pr\u00e4zise da wo Sie sie im Moment ben\u00f6tigen und sparen Sie Kosten.<\/p>\n<h2>Ermitteln Sie die Anrufenden!<\/h2>\n<p>Bei Anrufeingang exakt wissen wer im Moment anruft. Informationen sind alles. F\u00fcr Mitarbeiter oder die Gesch\u00e4ftsleitung. So wissen Sie exakt was geht. W\u00e4hlen Sie mit einem einfachen Click aus dem CRM oder Ihrer Business Software jede Rufnummer.<\/p>\n<p>W\u00e4re es nicht cool, wenn Sie von einer zentralen Oberfl\u00e4che heraus alle Anrufe t\u00e4tigen, entgegennehmen wie auch bearbeiten oder aber den Status Ihrer Kollegen abfragen, eingehende Livechat-News beantworten und Videoanrufe f\u00fchren k\u00f6nnten? Mit dem Webclient als Softphone wie auch der Windows Desktop App ist alles das wie auch noch jede Menge mehr machbar.<\/p>\n<h2>MS 365 Integration<\/h2>\n<p>Nutzt Ihr Unternehmen Microsoft 365? In diesem Fall vernetzen Sie dieses ganz leicht mit der <strong>3CX<\/strong> <strong>TK-Anlage<\/strong> und verschmelzen Sie s\u00e4mtliche Vorteile beider Systeme! Benutzer k\u00f6nnen \u00fcbergangslos mit beiden Applikationen arbeiten, Kontakte organisieren und Arbeitsschritte schlanker machen, um die Effizienz zu steigern und Kunden zu begeistern. <\/p>\n<h2>Kontakte mit Ihrem <strong>3CX<\/strong> Teilnehmerverzeichnis abgleichen<\/h2>\n<ol>\n<li>Aktualisierung gemeinschaftlicher Mailbox-Kontakte mit dem <strong>3CX<\/strong>-Telefonbuch<\/li>\n<li>Anruf synchronisierter Kontakte per Webclient oder portabler Applikationen<\/li>\n<li>Applikation-\u00fcbergreifende Verwaltung aller Kontakte in MS 365<\/li>\n<\/ol>\n<h2>Microsoft Teams Telefonie-Zusammenf\u00fchrung<\/h2>\n<ol>\n<li>Realisierung externer Telefongespr\u00e4che via <strong>3CX<\/strong> SIP-Trunks<\/li>\n<\/li>\n<li>Selektion eines eigenen preiswerten SIP-Dienstleisters Ihrer Gegend<\/li>\n<\/li>\n<li>Eliminieren Microsoft\u00b4s teurer Inlands-\/globaler Tarife<\/li>\n<\/li>\n<\/ol>\n<h3>Unsere Mitarbeiter informieren, organisieren Hardware wie auch Softwarel\u00f6sungen, installieren, konfigurieren, nehmen in Betrieb und Supporten Ihre neue <strong>3CX<\/strong> <strong>TK-Anlage<\/strong>. Sie haben Fragen, oder m\u00f6chten die derzeitige Preisliste anfordern? Sie erreichen uns unter Telefon 07164 909700 oder per E-Mail-Nachricht unter support@kaelberer-online.de<\/h3>\n<h2>Haben wir Sie neugierig gemacht?<\/h2>\n<p>Jede Menge zus\u00e4tzliche top Funktionen warten auf Sie.<\/p>\n<ul>\n<li>Keine Lizenzierung pro Nebenstelle, unbeschr\u00e4nkt viele Nebenstellen<\/li>\n<li>In Augenblicken Benutzer updaten\/hinzuf\u00fcgen und Mailboxen konfigurieren<\/li>\n<li>Intelligente Skalierbarkeit der TK-Installation<\/li>\n<li>Abgesicherte Verbindungen gew\u00e4hrleisten Privatsph\u00e4re wie auch Schutz<\/li>\n<li>Lockdown-f\u00e4hig mit der kostenlosen App f\u00fcr Web, iOS &#038; Android<\/li>\n<li>Anrufweiterleitung aufbauend auf Kundennummer oder Anfrage<\/li>\n<li>Eingebundene browserbasierte Videokonferenzen<\/li>\n<li>Abfrage von Klienten- und Fallnummern, um Agenten Zeit zu sparen<\/li>\n<li>Zurverf\u00fcgungstellung per Google Marketplace, Amazon oder Azure<\/li>\n<li>Vollautomatische Anpassung von Firewall-Regularien<\/li>\n<li>Freih\u00e4ndiges Sprechen mit Hilfe Siri und Bluetooth-Einbindung<\/li>\n<li>Simple Benutzerverwaltung reduziert jede Menge Stunden Arbeit<\/li>\n<li>PBX Express bootet Ihre <strong>3CX<\/strong>-Instanz in ein paar Minuten<\/li>\n<li>Keine Lizenzierung je Nebenstelle, unendlich viele Nebenstellen<\/li>\n<li>Kostenlose Office-Anrufe f\u00fcr remote &#038; reisende Angestellte<\/li>\n<li>Erstellung eines neuen Kundendatensatzes f\u00fcr neue Rufnummern<\/li>\n<li>Keinerlei Tischtelefone vonn\u00f6ten \u2013 Verwenden Sie Ihr Mobiltelefon<\/li>\n<li>SIP-Forking \u2013 parallele Nutzung von <strong>3CX<\/strong> App sowie Tischtelefon<\/li>\n<li>Kontrolle \u00fcber Ihre Telefonleitungen und Telefongespr\u00e4chskosten<\/li>\n<\/ul>\n<h3>Bitte fordern Sie zus\u00e4tzliche Informationen und ein Angebot bei uns an. Selbstverst\u00e4ndlich stellen wir Ihnen auch eine vollst\u00e4ndige Featureliste zur Verf\u00fcgung.<\/h3>\n<p>[contact-form-7 id=&#8220;5&#8243; title=&#8220;Contact form 1&#8243;]<\/p>\n","protected":false},"excerpt":{"rendered":"<p>Kennen Sie die Anforderungen an Ihre neue 3CX Telefonanlage schon? Die aktuelle 3CX TK-Anlage simplifiziert die Unternehmensprozesse. Optimieren Sie Ihr Unternehmen mit einer aktuellen und flexiblen 3CX TK-Anlage. Eine 3CX TK-Anlage die ma\u00dfgeschneidert auf Ihre Erwartungen angepasst ist und mit Ihrem Unternehmen gro\u00df werden kann. Eine neue Arbeitswelt ist mobil unterwegs. Kommunizieren Sie mit dem &hellip; <a href=\"https:\/\/www.kaelberer-online.de\/services\/telefonanlagen\/telefonanlage-business-3cx\/\" class=\"more-link\">Continue reading<span class=\"screen-reader-text\"> &#8222;TELEFONANLAGE BUSINESS 3CX Angebot Tel. 07164 90 97 00&#8220;<\/span><\/a><\/p>\n","protected":false},"author":2,"featured_media":359,"parent":26,"menu_order":0,"comment_status":"closed","ping_status":"closed","template":"","meta":{"footnotes":""},"class_list":["post-358","page","type-page","status-publish","has-post-thumbnail","hentry"],"_links":{"self":[{"href":"https:\/\/www.kaelberer-online.de\/services\/wp-json\/wp\/v2\/pages\/358","targetHints":{"allow":["GET"]}}],"collection":[{"href":"https:\/\/www.kaelberer-online.de\/services\/wp-json\/wp\/v2\/pages"}],"about":[{"href":"https:\/\/www.kaelberer-online.de\/services\/wp-json\/wp\/v2\/types\/page"}],"author":[{"embeddable":true,"href":"https:\/\/www.kaelberer-online.de\/services\/wp-json\/wp\/v2\/users\/2"}],"replies":[{"embeddable":true,"href":"https:\/\/www.kaelberer-online.de\/services\/wp-json\/wp\/v2\/comments?post=358"}],"version-history":[{"count":0,"href":"https:\/\/www.kaelberer-online.de\/services\/wp-json\/wp\/v2\/pages\/358\/revisions"}],"up":[{"embeddable":true,"href":"https:\/\/www.kaelberer-online.de\/services\/wp-json\/wp\/v2\/pages\/26"}],"wp:featuredmedia":[{"embeddable":true,"href":"https:\/\/www.kaelberer-online.de\/services\/wp-json\/wp\/v2\/media\/359"}],"wp:attachment":[{"href":"https:\/\/www.kaelberer-online.de\/services\/wp-json\/wp\/v2\/media?parent=358"}],"curies":[{"name":"wp","href":"https:\/\/api.w.org\/{rel}","templated":true}]}}