{"id":356,"date":"2021-10-10T09:23:59","date_gmt":"2021-10-10T09:23:59","guid":{"rendered":"https:\/\/kaelberer-online.de\/services\/?page_id=356"},"modified":"2021-10-10T09:23:59","modified_gmt":"2021-10-10T09:23:59","slug":"ip-telefonanlage-kaufen-3cx","status":"publish","type":"page","link":"https:\/\/www.kaelberer-online.de\/services\/telefonanlagen\/ip-telefonanlage-kaufen-3cx\/","title":{"rendered":"IP TELEFONANLAGE KAUFEN 3CX Support Telefon 07164 90 97 00"},"content":{"rendered":"<h2>\n<p>Kennen Sie die Anforderungen an Ihre neue <strong><strong>3CX<\/strong><\/strong> <strong><strong>TK-Anlage<\/strong><\/strong> bereits?<\/p>\n<\/h2>\n<p><h3>Eine aktuelle <strong>3CX<\/strong> <strong>Telefonanlage<\/strong> simplifiziert die Gesch\u00e4ftsprozesse. Optimieren Sie Ihr Unternehmen mit einer neuen und flexiblen <strong>3CX<\/strong> <strong>TK-Anlage<\/strong>. Die <strong>3CX<\/strong> <strong>TK-Anlage<\/strong> die ma\u00dfgeschneidert auf Ihre Anforderungen zugeschnitten ist und mit Ihrem Unternehmen wachsen kann.<\/h3>\n<\/p>\n<p>Eine neue Arbeitswelt die mobil unterwegs ist. Kommunizieren Sie mit einem Handy \u00fcber Ihre <strong>3CX<\/strong> <strong>TK-Anlage<\/strong> mit Ihren Auftraggebern. Nat\u00fcrlich \u00fcber Ihre Festnetz-Rufnummer als Absenderkennung. besch\u00fctzen Sie Ihre Privatsph\u00e4re und zeigen Sie Professionalit\u00e4t.<\/p>\n<p>die <strong>3CX<\/strong> <strong>Telefonanlage<\/strong>n werden f\u00fcr mobiles arbeiten entwickelt. Als zeitgem\u00e4\u00dfe Cloud <strong>3CX<\/strong> <strong>TK-Anlage<\/strong> oder auf Ihrer privaten Hardware hausintern gehostet. Die Installation und die Verwaltung ist einfach. Sie bekommen damit eine sichere, verl\u00e4ssliche wie auch flexible <strong>3CX<\/strong> <strong>Telefonanlage<\/strong>.<\/p>\n<h2>Die g\u00fcnstige, vielseitige L\u00f6sung<\/h2>\n<p>Ein einmaliges Preis- und Leistungsverh\u00e4ltnis. Richten Sie unbegrenzt viele Nebenstellen ein, immer pr\u00e4zise da wo Sie sie gerade w\u00fcnschen und sparen Sie Kosten.<\/p>\n<h2>St\u00fctzen Sie Ihr Personal.<\/h2>\n<p>Bei Anrufeingang genau wissen wer im Moment anruft. Infos sind alles. F\u00fcr Angestellte und die Gesch\u00e4ftsleitung. Somit wissen Sie genau was l\u00e4uft. W\u00e4hlen Sie mit einem trivialen Click aus dem CRM oder Ihrer Business Software jede Telefonnummer.<\/p>\n<p>W\u00e4re es nicht super, wenn Sie von einer zentralen Oberfl\u00e4che heraus s\u00e4mtliche Anrufe t\u00e4tigen, entgegen nehmen und bearbeiten oder aber den Status Ihrer Kollegen in Erfahrung bringen, eingehende Chat-Nachrichten beantworten und Videoanrufe f\u00fchren k\u00f6nnten? Mit dem Webclient als Softphone wie auch der Windows Desktop Applikation ist alles das und noch reichlich mehr realisierbar.<\/p>\n<h2>Microsoft 365 Integration<\/h2>\n<p>Verwendet Ihr Unternehmen Microsoft 365? Dann verbinden Sie dieses ganz leicht mit der <strong>3CX<\/strong> <strong>TK-Anlage<\/strong> und kombinieren Sie alle Vorteile beider Systeme! Benutzer k\u00f6nnen nahtlos mit beiden Applikationen arbeiten, Kontakte verwalten und Arbeitsschritte schlanker machen, um ihre Effektivit\u00e4t zu erh\u00f6hen und Klienten zu begeistern. <\/p>\n<h2>Kontakte mit Ihrem <strong>3CX<\/strong> Telefonbuch synchronisieren<\/h2>\n<h2>Microsoft Teams Telefonie-Verzahnung<\/h2>\n<ol>\n<li>Eliminieren Microsoft\u00b4s kostspieliger Inlands-\/globaler Tarife<\/li>\n<\/li>\n<li>Durchf\u00fchrung externer Telefongespr\u00e4che \u00fcber <strong>3CX<\/strong> SIP-Trunks<\/li>\n<\/li>\n<\/ol>\n<h3>Unsere Mitarbeiter beraten, beschaffen Hardware wie auch Software, installieren, konfigurieren, nehmen in Betrieb und Supporten Ihre brandneue <strong>3CX<\/strong> <strong>TK-Anlage<\/strong>. Sie haben Fragen, oder m\u00f6chten die aktuelle Preisliste anfordern? Sie erreichen uns unter Telefon 07164 909700 sowie per E-Mail-Nachricht unter support@kaelberer-online.de<\/h3>\n<h2>Haben wir Sie neugierig gemacht?<\/h2>\n<p>Jede Menge weitere tolle Funktionen warten auf Sie.<\/p>\n<ul>\n<li>In Minuten Anwender aktualisieren\/hinzuf\u00fcgen wie auch Mailboxen realisieren<\/li>\n<li>Intelligente Skalierbarkeit der TK-Installation<\/li>\n<li>Kostenlose Office-Anrufe f\u00fcr remote &#038; reisende Angestellte<\/li>\n<li>Anrufe mit einem einzigen Klick geradewegs aus CRM heraus ausl\u00f6sen<\/li>\n<li>Vollautomatische Anrufaufzeichnung bereinigt manuelle Eintr\u00e4ge<\/li>\n<li>Ver\u00e4ndern des pers\u00f6nlichen Status wie auch Ansicht der Verf\u00fcgbarkeit des Projektteams<\/li>\n<li>Wechsel zwischen Server &#038; Cloud \u2013 integriertes Backup &#038; Restore<\/li>\n<li>Einfaches Erstellen und Bearbeiten von Nebenstellen \u2013 auch remote<\/li>\n<li>Webkonferenzen, mobile Applikationen, Chat inbegriffen<\/li>\n<li>Selbst\u00e4ndig Hosten \u00fcber Google, Amazon, Microsoft &#038; weitere<\/li>\n<li>W\u00e4hlen Sie im Men\u00fc oben das QR-Code-Symbol f\u00fcr dessen Scan<\/li>\n<li>Beginnen eines Videoanrufs von Ihrem Mobiltelefon aus<\/li>\n<li>Verwaltung von System &#038; Nutzern von beliebigem Standort<\/li>\n<li>Wechsel zwischen Sprach- sowie Video-Telefonaten mit einem Fingertipp<\/li>\n<li>4-stellige Kostenersparnis f\u00fcr Gespr\u00e4che per SIP-Trunk Ihrer Auswahl<\/li>\n<li>Keine Lizenzierung je Nebenstelle, unbegrenzt viele Nebenstellen<\/li>\n<li>Einfache Benutzerverwaltung reduziert zahlreiche Arbeitsstunden<\/li>\n<li>Abfrage von Kunden- oder Fallnummern, um Agenten Zeit zu sparen<\/li>\n<li>Benutzerdefinierte Call Flows automatisieren Anfragen &#038; Abl\u00e4ufe<\/li>\n<li>Integration von Website-Livechat, Facebook-Messaging wie auch SMS<\/li>\n<li>Anmeldung am Webclient \u2013 Details in der Willkommens-E-Mail<\/li>\n<li>PBX Express startet Ihre <strong>3CX<\/strong>-Instanz in nur wenigen Minuten<\/li>\n<li>Anrufweiterleitung basierend auf Kundennummer sowie Anfrage<\/li>\n<\/ul>\n<h3>Bitte fordern Sie mehr Infos sowie ein Produktangebot bei uns an. Gerne stellen wir Ihnen auch eine komplette Leistungs\u00fcbersicht zur Verf\u00fcgung.<\/h3>\n<p>[contact-form-7 id=&#8220;5&#8243; title=&#8220;Contact form 1&#8243;]<\/p>\n","protected":false},"excerpt":{"rendered":"<p>Kennen Sie die Anforderungen an Ihre neue 3CX TK-Anlage bereits? Eine aktuelle 3CX Telefonanlage simplifiziert die Gesch\u00e4ftsprozesse. Optimieren Sie Ihr Unternehmen mit einer neuen und flexiblen 3CX TK-Anlage. Die 3CX TK-Anlage die ma\u00dfgeschneidert auf Ihre Anforderungen zugeschnitten ist und mit Ihrem Unternehmen wachsen kann. Eine neue Arbeitswelt die mobil unterwegs ist. Kommunizieren Sie mit einem &hellip; <a href=\"https:\/\/www.kaelberer-online.de\/services\/telefonanlagen\/ip-telefonanlage-kaufen-3cx\/\" class=\"more-link\">Continue reading<span class=\"screen-reader-text\"> &#8222;IP TELEFONANLAGE KAUFEN 3CX Support Telefon 07164 90 97 00&#8220;<\/span><\/a><\/p>\n","protected":false},"author":2,"featured_media":357,"parent":26,"menu_order":0,"comment_status":"closed","ping_status":"closed","template":"","meta":{"footnotes":""},"class_list":["post-356","page","type-page","status-publish","has-post-thumbnail","hentry"],"_links":{"self":[{"href":"https:\/\/www.kaelberer-online.de\/services\/wp-json\/wp\/v2\/pages\/356","targetHints":{"allow":["GET"]}}],"collection":[{"href":"https:\/\/www.kaelberer-online.de\/services\/wp-json\/wp\/v2\/pages"}],"about":[{"href":"https:\/\/www.kaelberer-online.de\/services\/wp-json\/wp\/v2\/types\/page"}],"author":[{"embeddable":true,"href":"https:\/\/www.kaelberer-online.de\/services\/wp-json\/wp\/v2\/users\/2"}],"replies":[{"embeddable":true,"href":"https:\/\/www.kaelberer-online.de\/services\/wp-json\/wp\/v2\/comments?post=356"}],"version-history":[{"count":0,"href":"https:\/\/www.kaelberer-online.de\/services\/wp-json\/wp\/v2\/pages\/356\/revisions"}],"up":[{"embeddable":true,"href":"https:\/\/www.kaelberer-online.de\/services\/wp-json\/wp\/v2\/pages\/26"}],"wp:featuredmedia":[{"embeddable":true,"href":"https:\/\/www.kaelberer-online.de\/services\/wp-json\/wp\/v2\/media\/357"}],"wp:attachment":[{"href":"https:\/\/www.kaelberer-online.de\/services\/wp-json\/wp\/v2\/media?parent=356"}],"curies":[{"name":"wp","href":"https:\/\/api.w.org\/{rel}","templated":true}]}}