{"id":348,"date":"2021-12-23T08:46:56","date_gmt":"2021-12-23T08:46:56","guid":{"rendered":"https:\/\/kaelberer-online.de\/services\/?page_id=348"},"modified":"2021-12-23T08:46:56","modified_gmt":"2021-12-23T08:46:56","slug":"ip-faehige-telefonanlage-3cx","status":"publish","type":"page","link":"https:\/\/www.kaelberer-online.de\/services\/telefonanlagen\/ip-faehige-telefonanlage-3cx\/","title":{"rendered":"IP F\u00c4HIGE TELEFONANLAGE 3CX Preise Telefon 07164 90 97 00"},"content":{"rendered":"<h2>\n<p>Kennen Sie die Vorgaben an Ihre neue <strong><strong>3CX<\/strong><\/strong> <strong><strong>Telefonanlage<\/strong><\/strong> bereits?<\/p>\n<\/h2>\n<p><h3>Eine moderne <strong>3CX<\/strong> <strong>TK-Anlage<\/strong> erleichtert Ihre Firmenprozesse. Optimieren Sie Ihr Unternehmen mit der neusten und flexiblen <strong>3CX<\/strong> <strong>TK-Anlage<\/strong>. Die <strong>3CX<\/strong> <strong>Telefonanlage<\/strong> die ma\u00dfgeschneidert auf Ihre Erwartungen angepasst ist und mit Ihrem Unternehmen wachsen kann.<\/h3>\n<\/p>\n<p>Eine neue Arbeitswelt die mobil unterwegs ist. Telefonieren Sie mit dem Mobiltelefon \u00fcber die <strong>3CX<\/strong> <strong>TK-Anlage<\/strong> mit Ihren Klienten. Nat\u00fcrlich mit Ihrer Festnetz-Telefonnummer als Absender-Kennung. besch\u00fctzen Sie Ihre Privatsph\u00e4re und beweisen Sie Seriosit\u00e4t.<\/p>\n<p>die <strong>3CX<\/strong> <strong>TK-Anlage<\/strong>n wurden f\u00fcr mobiles arbeiten konzipiert. Als moderne Cloud <strong>3CX<\/strong> <strong>TK-Anlage<\/strong> oder auf Ihrer pers\u00f6nlichen Hardware hausintern gehostet. Eine Installation und die Konfiguration ist unkompliziert. Sie erhalten dadurch eine sichere, verl\u00e4ssliche und anpassbare <strong>3CX<\/strong> TK-Anlage.<\/p>\n<h2>Eine kosteneffektive, hochflexible L\u00f6sung<\/h2>\n<p>Ein hervorragendes Preis- und Leistungsverh\u00e4ltnis. Richten Sie grenzenlos viele Nebenstellen ein, immer pr\u00e4zise da wo Sie sie im Moment brauchen und sparen Sie Kosten.<\/p>\n<h2>Ermitteln Sie Ihre Anrufenden!<\/h2>\n<p>Bei Eingang eines Anrufs pr\u00e4zise wissen wer im Moment anruft. Informationen sind alles. F\u00fcr Angestellte oder die Gesch\u00e4ftsf\u00fchrung. So wissen Sie genau was l\u00e4uft. W\u00e4hlen Sie mit einem bequemen Click aus Ihrem CRM oder Ihrer Business Software jede Telefonnummer.<\/p>\n<p>Ist es nicht super, wenn Sie von einer zentralen Oberfl\u00e4che heraus s\u00e4mtliche Anrufe t\u00e4tigen, entgegennehmen und bearbeiten oder aber den Status Ihrer Arbeitskollegen in Erfahrung bringen, eingehende Chat-Nachrichten beantworten und Videoanrufe f\u00fchren k\u00f6nnten? Mit einem Webclient als Softphone wie auch der Windows Desktop App ist alles das sowie noch reichlich mehr machbar.<\/p>\n<h2>MS 365 Einbindung<\/h2>\n<p>Benutzt Ihre Firma MS 365? In diesem Fall verbinden Sie dieses einfach mit der <strong>3CX<\/strong> <strong>TK-Anlage<\/strong> und kombinieren Sie alle Vorz\u00fcge beider Systeme! Anwender k\u00f6nnen \u00fcbergangslos mit beiden Applikationen arbeiten, Kontakte bearbeiten und Arbeitsschritte verschlanken, um die Effizienz zu steigern und Klienten zu begeistern. <\/p>\n<h2>Kontakte mit dem <strong>3CX<\/strong> Telefonbuch synchronisieren<\/h2>\n<ol>\n<li>Aktualisierung gemeinschaftlicher Mailbox-Kontakte mit dem <strong>3CX<\/strong>-Teilnehmerverzeichnis<\/li>\n<li>Vollautomatische Synchronisation Ihrer privaten Kontakte<\/li>\n<li>Anruf synchronisierter Kontakte per Webclient oder portabler Applikationen<\/li>\n<\/ol>\n<h2>Microsoft Teams Telefonie-Integration<\/h2>\n<ol>\n<li>Realisierung externer Telefongespr\u00e4che via <strong>3CX<\/strong> SIP-Trunks<\/li>\n<\/li>\n<li>Ausschalten Microsoft\u00b4s teurer Inlands-\/globaler Tarife<\/li>\n<\/li>\n<li>Selektion eines individuellen g\u00fcnstigen SIP-Providers Ihrer Region<\/li>\n<\/li>\n<\/ol>\n<h3>Wir beraten, organisieren Hardware wie auch Softwareanwendungen, richten ein, konfigurieren, nehmen in Betrieb und Supporten Ihre brandneue <strong>3CX<\/strong> <strong>TK-Anlage<\/strong>. Sie haben Fragen, oder m\u00f6chten die derzeitige Liste der Preise anfordern? Sie erreichen uns unter Telefon 07164 909700 sowie per E-Mail-Nachricht unter support@kaelberer-online.de<\/h3>\n<h2>Haben wir Sie neugierig gemacht?<\/h2>\n<p>Unz\u00e4hlige zus\u00e4tzliche top Features warten auf Sie.<\/p>\n<ul>\n<li>Intelligente Verbindung f\u00fcr nahtlosen Wechsel zwischen Netzen<\/li>\n<li>Keine Lizenzierung pro Nebenstelle, unbeschr\u00e4nkt viele Nebenstellen<\/li>\n<li>Bereitstellung Ihrer Entit\u00e4t bei einem Super-Cloud-Provider<\/li>\n<li>Bequemes Weiterreichen von Kunden an die korrekte Abteilung<\/li>\n<li>Vollautomatische Anpassung von Firewall-Regularien<\/li>\n<li>Ver\u00e4ndern des pers\u00f6nlichen Status wie auch Ansicht der Verf\u00fcgbarkeit des Projektteams<\/li>\n<li>M\u00fcheloses Implementieren und Verwalten ohne Schulungsbedarf<\/li>\n<li>Anruf-Protokolle im Kundendatensatz f\u00fcr transparente Anrufhistorie<\/li>\n<li>Plug &#038; Play mit IP-Telefonen, Gateways &#038; SIP-Trunks<\/li>\n<li>Absolut keine Schulung notwendig \u2013 direkt starten<\/li>\n<li>Keine Lizenzierung je Nebenstelle, unendlich viele Nebenstellen<\/li>\n<li>M\u00fcheloses Erstellen und Organisieren von Nebenstellen \u2013 auch remote<\/li>\n<li>Perfekte Benutzerverwaltung spart etliche Arbeitsstunden<\/li>\n<li>Simples Weitersenden von Anrufen und Chatten mit Kollegen<\/li>\n<li>Unbegrenzte Anzahl von Usern kostenlos in <strong>3CX<\/strong> enthalten<\/li>\n<li>Verzicht auf \u00fcberteuerte Mobilanrufe zwischen Mitarbeitern und Kunden<\/li>\n<li>Verwendung der Unternehmens-Durchwahlnummer auf Ihrem Smartphone<\/li>\n<li>Zufriedene Kunden wie auch weniger M\u00fchen f\u00fcr Ihre Besch\u00e4ftigten<\/li>\n<li>Eingebettete browserbasierte Videokonferenzen<\/li>\n<\/ul>\n<h3>Fragen Sie erg\u00e4nzende Unterlagen sowie ein Produktangebot bei uns an. Selbstverst\u00e4ndlich stellen wir Ihnen auch eine komplette Featureliste zur Verf\u00fcgung.<\/h3>\n<p>[contact-form-7 id=&#8220;5&#8243; title=&#8220;Contact form 1&#8243;]<\/p>\n","protected":false},"excerpt":{"rendered":"<p>Kennen Sie die Vorgaben an Ihre neue 3CX Telefonanlage bereits? Eine moderne 3CX TK-Anlage erleichtert Ihre Firmenprozesse. Optimieren Sie Ihr Unternehmen mit der neusten und flexiblen 3CX TK-Anlage. Die 3CX Telefonanlage die ma\u00dfgeschneidert auf Ihre Erwartungen angepasst ist und mit Ihrem Unternehmen wachsen kann. Eine neue Arbeitswelt die mobil unterwegs ist. Telefonieren Sie mit dem &hellip; <a href=\"https:\/\/www.kaelberer-online.de\/services\/telefonanlagen\/ip-faehige-telefonanlage-3cx\/\" class=\"more-link\">Continue reading<span class=\"screen-reader-text\"> &#8222;IP F\u00c4HIGE TELEFONANLAGE 3CX Preise Telefon 07164 90 97 00&#8220;<\/span><\/a><\/p>\n","protected":false},"author":2,"featured_media":349,"parent":26,"menu_order":0,"comment_status":"closed","ping_status":"closed","template":"","meta":{"footnotes":""},"class_list":["post-348","page","type-page","status-publish","has-post-thumbnail","hentry"],"_links":{"self":[{"href":"https:\/\/www.kaelberer-online.de\/services\/wp-json\/wp\/v2\/pages\/348","targetHints":{"allow":["GET"]}}],"collection":[{"href":"https:\/\/www.kaelberer-online.de\/services\/wp-json\/wp\/v2\/pages"}],"about":[{"href":"https:\/\/www.kaelberer-online.de\/services\/wp-json\/wp\/v2\/types\/page"}],"author":[{"embeddable":true,"href":"https:\/\/www.kaelberer-online.de\/services\/wp-json\/wp\/v2\/users\/2"}],"replies":[{"embeddable":true,"href":"https:\/\/www.kaelberer-online.de\/services\/wp-json\/wp\/v2\/comments?post=348"}],"version-history":[{"count":0,"href":"https:\/\/www.kaelberer-online.de\/services\/wp-json\/wp\/v2\/pages\/348\/revisions"}],"up":[{"embeddable":true,"href":"https:\/\/www.kaelberer-online.de\/services\/wp-json\/wp\/v2\/pages\/26"}],"wp:featuredmedia":[{"embeddable":true,"href":"https:\/\/www.kaelberer-online.de\/services\/wp-json\/wp\/v2\/media\/349"}],"wp:attachment":[{"href":"https:\/\/www.kaelberer-online.de\/services\/wp-json\/wp\/v2\/media?parent=348"}],"curies":[{"name":"wp","href":"https:\/\/api.w.org\/{rel}","templated":true}]}}