{"id":342,"date":"2021-10-16T18:17:10","date_gmt":"2021-10-16T18:17:10","guid":{"rendered":"https:\/\/kaelberer-online.de\/services\/?page_id=342"},"modified":"2021-10-16T18:17:10","modified_gmt":"2021-10-16T18:17:10","slug":"cloud-pbx-preise-3cx","status":"publish","type":"page","link":"https:\/\/www.kaelberer-online.de\/services\/telefonanlagen\/cloud-pbx-preise-3cx\/","title":{"rendered":"CLOUD PBX PREISE 3CX Installation Tel. 07164 90 97 00"},"content":{"rendered":"<h2>\n<p>Kennen Sie die Vorgaben an Ihre neue <strong><strong>3CX<\/strong><\/strong> <strong><strong>TK-Anlage<\/strong><\/strong> bereits?<\/p>\n<\/h2>\n<p><h3>Eine aktuelle <strong>3CX<\/strong> <strong>Telefonanlage<\/strong> vereinfacht die Firmenprozesse. Optimieren Sie Ihre Firma mit einer neusten und flexiblen <strong>3CX<\/strong> <strong>TK-Anlage<\/strong>. Die <strong>3CX<\/strong> <strong>Telefonanlage<\/strong> die individuell auf Ihre Erwartungen abgestimmt ist und mit dem Unternehmen wachsen kann.<\/h3>\n<\/p>\n<p>Eine neue Arbeitswelt die mobil unterwegs ist. Kommunizieren Sie mit einem Mobiltelefon \u00fcber die <strong>3CX<\/strong> <strong>TK-Anlage<\/strong> mit Ihren Klienten. Nat\u00fcrlich mit Ihrer Festnetz-Telefonnummer als Absenderkennung. bewahren Sie Ihre Privatsph\u00e4re und zeigen Sie Seriosit\u00e4t.<\/p>\n<p>Unsere <strong>3CX<\/strong> <strong>Telefonanlage<\/strong>n wurden f\u00fcr mobiles arbeiten konzipiert. Als aktuelle Cloud <strong>3CX<\/strong> <strong>TK-Anlage<\/strong> oder auf Ihrer privaten Hardware hausintern gehostet. Die Installation und die Verwaltung ist unkompliziert. Sie bekommen damit eine sichere, verl\u00e4ssliche sowie anpassbare <strong>3CX<\/strong> <strong>Telefonanlage<\/strong>.<\/p>\n<h2>Eine g\u00fcnstige, vielseitige L\u00f6sung<\/h2>\n<p>Ein tolles Preis- und Leistungsverh\u00e4ltnis. Richten Sie unendlich viele Nebenstellen ein, immer pr\u00e4zise da wo Sie sie gerade brauchen und sparen Sie Kosten.<\/p>\n<h2>Erkennen Sie Ihre Anrufer!<\/h2>\n<p>Bei Eingang eines Telefonanrufs exakt wissen wer im Moment anruft. Infos sind alles. F\u00fcr Mitarbeiter und die Gesch\u00e4ftsf\u00fchrung. Somit wissen Sie exakt was geht. W\u00e4hlen Sie mit einem simplen Mausklick aus dem CRM oder Ihrer Business Software jede Rufnummer.<\/p>\n<p>Ist es nicht toll, wenn Sie von einer zentralen Oberfl\u00e4che heraus jegliche Anrufe t\u00e4tigen, entgegen nehmen wie auch bearbeiten oder aber den Status Ihrer Kollegen in Erfahrung bringen, eingehende Livechat-Nachrichten beantworten und Videoanrufe f\u00fchren k\u00f6nnten? Mit dem Webclient als Softphone wie auch der Windows Desktop Applikation wird alles das sowie noch viel mehr realisierbar.<\/p>\n<h2>Microsoft 365 Einbindung<\/h2>\n<p>Nutzt Ihre Firma Microsoft 365? Dann verkn\u00fcpfen Sie dieses direkt mit der <strong>3CX<\/strong> <strong>TK-Anlage<\/strong> und kombinieren Sie jegliche Vorz\u00fcge beider Systeme! Benutzer k\u00f6nnen nahtlos \u00fcber beide Applikationen arbeiten, Kontakte organisieren und Arbeitsschritte verschlanken, um ihre Effektivit\u00e4t zu steigern und Klienten zu inspirieren. <\/p>\n<h2>Kontakte mit dem <strong>3CX<\/strong> Teilnehmerverzeichnis synchronisieren<\/h2>\n<ol>\n<li>Automatisierte Synchronisation Ihrer pers\u00f6nlichen Kontakte<\/li>\n<li>Anruf synchronisierter Kontakte per Webclient oder mobilen Apps<\/li>\n<li>Aktualisierung gemeinschaftlicher Mailbox-Kontakte mit dem <strong>3CX<\/strong>-Telefonbuch<\/li>\n<\/ol>\n<h2>MS Teams Telefonie-Zusammenf\u00fchrung<\/h2>\n<ol>\n<li>Auswahl eines eigenen g\u00fcnstigen SIP-Dienstleisters Ihrer Region<\/li>\n<\/li>\n<li>Eliminieren Microsoft\u00b4s teurer Inlands-\/globaler Tarife<\/li>\n<\/li>\n<\/ol>\n<h3>Wir beraten, organisieren Hardware wie auch Softwareanwendungen, installieren, konfigurieren, nehmen in Betrieb und Supporten Ihre brandneue <strong>3CX<\/strong> <strong>Telefonanlage<\/strong>. Sie haben Fragen, oder m\u00f6chten die derzeitige Preisliste anfordern? Sie erreichen uns unter Telefon 07164 909700 und per E-Mail-Nachricht unter support@kaelberer-online.de<\/h3>\n<h2>Konnten wir Ihr Aufmerksamkeit wecken?<\/h2>\n<p>Jede Menge weitere tolle Features warten auf Sie.<\/p>\n<ul>\n<li>Laden Sie die Applikation aus dem Google Play oder App Store runter<\/li>\n<li>Bietet mobile Apps f\u00fcr Windows, Web, iOS &#038; Android<\/li>\n<li>Virtualisieren mit VMware, Hyper-V oder KVM<\/li>\n<li>In Minuten User updaten\/hinzuf\u00fcgen wie auch Mailboxen realisieren<\/li>\n<li>M\u00fcheloses Weiterreichen von Kunden an die korrekte Abteilung<\/li>\n<li>Keine Tischtelefone vonn\u00f6ten \u2013 Verwenden Sie Ihr Smartphone<\/li>\n<li>Lockdown-f\u00e4hig mit der kostenfreien Anwendung f\u00fcr Web, iOS &#038; Android<\/li>\n<li>Konferenzen, mobile Applikationen, Chat inbegriffen<\/li>\n<li>Wechsel zwischen Sprach- und Videoanrufen mit einem Fingertipp<\/li>\n<li>Anmeldung am Webclient \u2013 Details in der Willkommens-E-Mail<\/li>\n<li>Erstellung eines neuen Kundendatensatzes f\u00fcr neue Rufnummern<\/li>\n<li>Geb\u00fchrenfreie B\u00fcro-Anrufe f\u00fcr remote &#038; reisende Angestellte<\/li>\n<li>Update des eigenen Status &#038; Einsicht der Team-Verf\u00fcgbarkeit<\/li>\n<li>Schnellkonfiguration mit IP-Telefonen, Gateways &#038; SIP-Trunks<\/li>\n<li>M\u00fcheloses Implementieren und Verwalten ohne Schulungsbedarf<\/li>\n<li>Abfrage von Klienten- oder Fallnummern, um Agenten Zeit zu sparen<\/li>\n<li>Selbst\u00e4ndig Hosten via Google, Amazon, Microsoft &#038; weitere<\/li>\n<li>Verzicht auf \u00fcberteuerte Mobilanrufe zwischen Mitarbeitern wie auch Kunden<\/li>\n<li>Zurverf\u00fcgungstellung Ihrer Instanz bei einem Top-Cloud-Provider<\/li>\n<li>Anrufweiterleitung aufbauend auf Kundennummer und Anfrage<\/li>\n<li>Keine Lizenzierung pro Nebenstelle, unbegrenzt viele Nebenstellen<\/li>\n<li>Erweiterte Erreichbarkeit f\u00fcr Star-Kunden au\u00dferhalb der Gesch\u00e4ftszeiten<\/li>\n<li>Integrierte browserbasierte Videokonferenzen<\/li>\n<li>Tageszeit-basierte Anrufweiterleitung und Telefonumfragen<\/li>\n<li>Verwaltung von System &#038; Benutzern von beliebigem Ort<\/li>\n<\/ul>\n<h3>Bitte fordern Sie erg\u00e4nzende Unterlagen oder ein Produktangebot bei uns an. Gerne stellen wir Ihnen auch eine vollst\u00e4ndige Leistungs\u00fcbersicht zur Verf\u00fcgung.<\/h3>\n<p>[contact-form-7 id=&#8220;5&#8243; title=&#8220;Contact form 1&#8243;]<\/p>\n","protected":false},"excerpt":{"rendered":"<p>Kennen Sie die Vorgaben an Ihre neue 3CX TK-Anlage bereits? Eine aktuelle 3CX Telefonanlage vereinfacht die Firmenprozesse. Optimieren Sie Ihre Firma mit einer neusten und flexiblen 3CX TK-Anlage. Die 3CX Telefonanlage die individuell auf Ihre Erwartungen abgestimmt ist und mit dem Unternehmen wachsen kann. Eine neue Arbeitswelt die mobil unterwegs ist. Kommunizieren Sie mit einem &hellip; <a href=\"https:\/\/www.kaelberer-online.de\/services\/telefonanlagen\/cloud-pbx-preise-3cx\/\" class=\"more-link\">Continue reading<span class=\"screen-reader-text\"> &#8222;CLOUD PBX PREISE 3CX Installation Tel. 07164 90 97 00&#8220;<\/span><\/a><\/p>\n","protected":false},"author":2,"featured_media":343,"parent":26,"menu_order":0,"comment_status":"closed","ping_status":"closed","template":"","meta":{"footnotes":""},"class_list":["post-342","page","type-page","status-publish","has-post-thumbnail","hentry"],"_links":{"self":[{"href":"https:\/\/www.kaelberer-online.de\/services\/wp-json\/wp\/v2\/pages\/342","targetHints":{"allow":["GET"]}}],"collection":[{"href":"https:\/\/www.kaelberer-online.de\/services\/wp-json\/wp\/v2\/pages"}],"about":[{"href":"https:\/\/www.kaelberer-online.de\/services\/wp-json\/wp\/v2\/types\/page"}],"author":[{"embeddable":true,"href":"https:\/\/www.kaelberer-online.de\/services\/wp-json\/wp\/v2\/users\/2"}],"replies":[{"embeddable":true,"href":"https:\/\/www.kaelberer-online.de\/services\/wp-json\/wp\/v2\/comments?post=342"}],"version-history":[{"count":0,"href":"https:\/\/www.kaelberer-online.de\/services\/wp-json\/wp\/v2\/pages\/342\/revisions"}],"up":[{"embeddable":true,"href":"https:\/\/www.kaelberer-online.de\/services\/wp-json\/wp\/v2\/pages\/26"}],"wp:featuredmedia":[{"embeddable":true,"href":"https:\/\/www.kaelberer-online.de\/services\/wp-json\/wp\/v2\/media\/343"}],"wp:attachment":[{"href":"https:\/\/www.kaelberer-online.de\/services\/wp-json\/wp\/v2\/media?parent=342"}],"curies":[{"name":"wp","href":"https:\/\/api.w.org\/{rel}","templated":true}]}}