{"id":338,"date":"2021-11-16T14:02:14","date_gmt":"2021-11-16T14:02:14","guid":{"rendered":"https:\/\/kaelberer-online.de\/services\/?page_id=338"},"modified":"2021-11-16T14:02:14","modified_gmt":"2021-11-16T14:02:14","slug":"telefonanlage-hotel-3cx","status":"publish","type":"page","link":"https:\/\/www.kaelberer-online.de\/services\/telefonanlagen\/telefonanlage-hotel-3cx\/","title":{"rendered":"TELEFONANLAGE HOTEL 3CX Angebot Tel. 07164 90 97 00"},"content":{"rendered":"<h2>\n<p>Kennen Sie die Anforderungen an Ihre neue <strong><strong>3CX<\/strong><\/strong> <strong><strong>TK-Anlage<\/strong><\/strong> schon?<\/p>\n<\/h2>\n<p><h3>Die aktuelle <strong>3CX<\/strong> <strong>TK-Anlage<\/strong> vereinfacht die Gesch\u00e4ftsprozesse. Optimieren Sie Ihre Firma mit der brandneuen und flexiblen <strong>3CX<\/strong> <strong>TK-Anlage<\/strong>. Die <strong>3CX<\/strong> <strong>TK-Anlage<\/strong> die ma\u00dfgeschneidert auf Ihre Anspr\u00fcche abgestimmt ist und mit dem Unternehmen gro\u00df werden kann.<\/h3>\n<\/p>\n<p>Die neue Arbeitswelt die mobil unterwegs ist. Telefonieren Sie mit dem Smartphone \u00fcber Ihre <strong>3CX<\/strong> <strong>Telefonanlage<\/strong> mit Ihren Klienten. Nat\u00fcrlich mit Ihrer Festnetz-Rufnummer als Absenderkennung. Wahren Sie Ihre Privatsph\u00e4re und beweisen Sie Seriosit\u00e4t.<\/p>\n<p>die <strong>3CX<\/strong> <strong>TK-Anlage<\/strong>n wurden f\u00fcr flexibles arbeiten designed. Als zeitgem\u00e4\u00dfe Cloud <strong>3CX<\/strong> <strong>TK-Anlage<\/strong> oder auf Ihrer privaten Hardware hausintern gehostet. Die Installation und die Verwaltung ist unkompliziert. Sie erhalten dadurch eine sichere, verl\u00e4ssliche und anpassungsf\u00e4hige <strong>3CX<\/strong> <strong>Telefonanlage<\/strong>.<\/p>\n<h2>Faire Preise f\u00fcr Ihre brandneue 3CX <strong>Telefonanlage<\/strong><\/h2>\n<p>Ein einmaliges Preis- und Leistungsverh\u00e4ltnis. Richten Sie grenzenlos viele Nebenstellen ein, immer pr\u00e4zise da wo Sie sie im Moment brauchen und sparen Sie Kosten.<\/p>\n<h2>Erkennen Sie Ihre Anrufenden!<\/h2>\n<p>Bei Eingang eines Anrufs pr\u00e4zise wissen wer im Moment anruft. Informationen sind alles. F\u00fcr Angestellte oder die Gesch\u00e4ftsleitung. So wissen Sie genau was l\u00e4uft. W\u00e4hlen Sie mit einem bequemen Mausklick aus dem CRM oder Ihrer Firmensoftware jede Rufnummer.<\/p>\n<p>Ist es nicht phantastisch, wenn Sie von einer zentralen Oberfl\u00e4che heraus alle Anrufe realisieren, entgegennehmen sowie bearbeiten oder aber den Status Ihrer Arbeitskollegen abfragen, eingehende Chat-News beantworten und Videoanrufe initiieren k\u00f6nnten? Mit dem Webclient als Softphone wie auch der Windows Desktop Applikation wird alles das und noch viel mehr m\u00f6glich.<\/p>\n<h2>Microsoft 365 Einbindung<\/h2>\n<p>Nutzt Ihre Firma Microsoft 365? Dann vernetzen Sie dieses einfach mit der <strong>3CX<\/strong> <strong>TK-Anlage<\/strong> und verschmelzen Sie s\u00e4mtliche Vorz\u00fcge beider Systeme! User k\u00f6nnen \u00fcbergangslos \u00fcber beide Apps arbeiten, Kontakte bearbeiten und Arbeitsschritte verschlanken, um ihre Effizienz zu steigern und Klienten zu begeistern. <\/p>\n<h2>Kontakte mit dem <strong>3CX<\/strong> Telefonbuch synchronisieren<\/h2>\n<h2>Microsoft Teams Telefonie-Verzahnung<\/h2>\n<ol>\n<li>Ausschalten Microsoft\u00b4s kostspieliger Inlands-\/globaler Tarife<\/li>\n<\/li>\n<li>Selektion eines individuellen preisg\u00fcnstigen SIP-Anbieters Ihrer Region<\/li>\n<\/li>\n<\/ol>\n<h3>Unsere Mitarbeiter informieren, beschaffen Hardware wie auch Software, installieren, konfigurieren, nehmen in Betrieb und Supporten Ihre brandneue <strong>3CX<\/strong> <strong>Telefonanlage<\/strong>. Sie haben Fragen, oder m\u00f6chten die aktuelle Preisliste anfordern? Sie erreichen uns unter Telefon 07164 909700 und per E-Mail-Nachricht unter support@kaelberer-online.de<\/h3>\n<h2>Haben wir Sie neugierig gemacht?<\/h2>\n<p>Viele weitere interessante Funktionen warten auf Sie.<\/p>\n<ul>\n<li>Virtualisieren durch VMware, Hyper-V oder KVM<\/li>\n<li>Bequemes Erstellen und Bearbeiten von Nebenstellen \u2013 auch remote<\/li>\n<li>Verbinden von remote B\u00fcros und interne Anrufkosten beseitigen<\/li>\n<li>Erstellung eines neuen Kundendatensatzes f\u00fcr neue Rufnummern<\/li>\n<li>Vollautomatische Einstellung von Firewall-Regularien<\/li>\n<li>Intelligente Verbindung f\u00fcr nahtlosen Wechsel zwischen Netzwerken<\/li>\n<li>Fernkonfiguration \u00fcber QR-Code anstatt umst\u00e4ndliche Einrichtung<\/li>\n<li>Intelligente Benutzerverwaltung reduziert unz\u00e4hlige Arbeitsstunden<\/li>\n<li>Abfrage von Klienten- und Fallnummern, um Agenten Zeit zu sparen<\/li>\n<li>Administration von System &#038; Nutzern von beliebigem Standort<\/li>\n<li>Verzahnung von Website-Livechat, Facebook-Messaging wie auch Kurznachrichten<\/li>\n<li>Keine Lizenzierung je Nebenstelle, unbeschr\u00e4nkt viele Nebenstellen<\/li>\n<li>Keine Lizenzierung pro Nebenstelle, unendlich viele Nebenstellen<\/li>\n<li>Registrierung am Webclient \u2013 Details in der Willkommens-E-Mail<\/li>\n<li>Bereitstellung Ihrer Entit\u00e4t bei einem Super-Cloud-Provider<\/li>\n<\/ul>\n<h3>Fordern Sie weitere Informationen und ein Produktangebot bei uns an. Nat\u00fcrlich stellen wir Ihnen auch eine vollst\u00e4ndige Leistungs\u00fcbersicht zur Verf\u00fcgung.<\/h3>\n<p>[contact-form-7 id=&#8220;5&#8243; title=&#8220;Contact form 1&#8243;]<\/p>\n","protected":false},"excerpt":{"rendered":"<p>Kennen Sie die Anforderungen an Ihre neue 3CX TK-Anlage schon? Die aktuelle 3CX TK-Anlage vereinfacht die Gesch\u00e4ftsprozesse. Optimieren Sie Ihre Firma mit der brandneuen und flexiblen 3CX TK-Anlage. Die 3CX TK-Anlage die ma\u00dfgeschneidert auf Ihre Anspr\u00fcche abgestimmt ist und mit dem Unternehmen gro\u00df werden kann. Die neue Arbeitswelt die mobil unterwegs ist. Telefonieren Sie mit &hellip; <a href=\"https:\/\/www.kaelberer-online.de\/services\/telefonanlagen\/telefonanlage-hotel-3cx\/\" class=\"more-link\">Continue reading<span class=\"screen-reader-text\"> &#8222;TELEFONANLAGE HOTEL 3CX Angebot Tel. 07164 90 97 00&#8220;<\/span><\/a><\/p>\n","protected":false},"author":2,"featured_media":339,"parent":26,"menu_order":0,"comment_status":"closed","ping_status":"closed","template":"","meta":{"footnotes":""},"class_list":["post-338","page","type-page","status-publish","has-post-thumbnail","hentry"],"_links":{"self":[{"href":"https:\/\/www.kaelberer-online.de\/services\/wp-json\/wp\/v2\/pages\/338","targetHints":{"allow":["GET"]}}],"collection":[{"href":"https:\/\/www.kaelberer-online.de\/services\/wp-json\/wp\/v2\/pages"}],"about":[{"href":"https:\/\/www.kaelberer-online.de\/services\/wp-json\/wp\/v2\/types\/page"}],"author":[{"embeddable":true,"href":"https:\/\/www.kaelberer-online.de\/services\/wp-json\/wp\/v2\/users\/2"}],"replies":[{"embeddable":true,"href":"https:\/\/www.kaelberer-online.de\/services\/wp-json\/wp\/v2\/comments?post=338"}],"version-history":[{"count":0,"href":"https:\/\/www.kaelberer-online.de\/services\/wp-json\/wp\/v2\/pages\/338\/revisions"}],"up":[{"embeddable":true,"href":"https:\/\/www.kaelberer-online.de\/services\/wp-json\/wp\/v2\/pages\/26"}],"wp:featuredmedia":[{"embeddable":true,"href":"https:\/\/www.kaelberer-online.de\/services\/wp-json\/wp\/v2\/media\/339"}],"wp:attachment":[{"href":"https:\/\/www.kaelberer-online.de\/services\/wp-json\/wp\/v2\/media?parent=338"}],"curies":[{"name":"wp","href":"https:\/\/api.w.org\/{rel}","templated":true}]}}