{"id":336,"date":"2021-12-29T12:56:31","date_gmt":"2021-12-29T12:56:31","guid":{"rendered":"https:\/\/kaelberer-online.de\/services\/?page_id=336"},"modified":"2021-12-29T12:56:31","modified_gmt":"2021-12-29T12:56:31","slug":"telefon-nebenstellenanlage-3cx","status":"publish","type":"page","link":"https:\/\/www.kaelberer-online.de\/services\/telefonanlagen\/telefon-nebenstellenanlage-3cx\/","title":{"rendered":"TELEFON NEBENSTELLENANLAGE 3CX Preise Telefon 07164 90 97 00"},"content":{"rendered":"<h2>\n<p>Wissen Sie die Anforderungen an Ihre neue <strong><strong>3CX<\/strong><\/strong> <strong><strong>Telefonanlage<\/strong><\/strong> bereits?<\/p>\n<\/h2>\n<p><h3>Die moderne <strong>3CX<\/strong> <strong>Telefonanlage<\/strong> simplifiziert die Firmenprozesse. Optimieren Sie Ihre Firma mit der brandneuen und flexiblen <strong>3CX<\/strong> Telefonanlage. Eine <strong>3CX<\/strong> <strong>TK-Anlage<\/strong> die ma\u00dfgeschneidert auf Ihre Anspr\u00fcche abgestimmt ist und mit Ihrem Unternehmen wachsen kann.<\/h3>\n<\/p>\n<p>Die neue Arbeitswelt die mobil unterwegs ist. Telefonieren Sie mit Ihrem Smartphone \u00fcber die <strong>3CX<\/strong> <strong>TK-Anlage<\/strong> mit Ihren Auftraggebern. Nat\u00fcrlich mit Ihrer Festnetz-Rufnummer als Absenderkennung. bewahren Sie die Privatsph\u00e4re und zeigen Sie Professionalit\u00e4t.<\/p>\n<p>Unsere <strong>3CX<\/strong> <strong>TK-Anlage<\/strong>n wurden auch f\u00fcr flexibles arbeiten konzipiert. Als zeitgem\u00e4\u00dfe Cloud <strong>3CX<\/strong> <strong>TK-Anlage<\/strong> oder auf Ihrer eigenen Hardware hausintern gehostet. Eine Installation und die Verwaltung ist unkompliziert. Sie bekommen damit eine sichere, verl\u00e4ssliche und variable <strong>3CX<\/strong> <strong>Telefonanlage<\/strong>.<\/p>\n<h2>Die g\u00fcnstige, variable L\u00f6sung<\/h2>\n<p>Ein einmaliges Preis- und Leistungsverh\u00e4ltnis. Richten Sie unbegrenzt viele Nebenstellen ein, stets exakt da wo Sie sie im Moment brauchen und sparen Sie Kosten.<\/p>\n<h2>Identifizieren Sie Ihre Anrufenden!<\/h2>\n<p>Bei Anrufeingang genau wissen wer im Moment anruft. Infos sind alles. F\u00fcr Besch\u00e4ftigte oder die Leitung. Dadurch wissen Sie genau was l\u00e4uft. W\u00e4hlen Sie mit einem trivialen Klick aus dem CRM oder Ihrer Business Software jede Rufnummer.<\/p>\n<p>Ist es nicht genial, wenn Sie von einer zentralen Oberfl\u00e4che heraus jegliche Anrufe realisieren, annehmen und bearbeiten oder aber den Status Ihrer Kollegen in Erfahrung bringen, eingehende Livechat-News beantworten und Videoanrufe initiieren k\u00f6nnten? Mit einem Webclient als Softphone wie auch der Windows Desktop App ist alles das sowie noch reichlich mehr realisierbar.<\/p>\n<h2>MS 365 Zusammenf\u00fchrung<\/h2>\n<p>Nutzt Ihre Firma MS 365? In diesem Fall vernetzen Sie dieses einfach mit der <strong>3CX<\/strong> <strong>Telefonanlage<\/strong> und vereinen Sie jegliche Vorz\u00fcge beider Systeme! Anwender k\u00f6nnen nahtlos mit beiden Applikationen arbeiten, Kontakte bearbeiten und Verfahren verschlanken, um die Effektivit\u00e4t zu steigern und Klienten zu begeistern. <\/p>\n<h2>Kontakte mit dem <strong>3CX<\/strong> Telefonbuch synchronisieren<\/h2>\n<h2>MS Teams Telefonie-Verzahnung<\/h2>\n<ol>\n<li>Selektion eines eigenen g\u00fcnstigen SIP-Providers Ihrer Region<\/li>\n<\/li>\n<li>Eliminieren Microsoft\u00b4s kostspieliger Inlands-\/globaler Tarife<\/li>\n<\/li>\n<\/ol>\n<h3>Unsere Mitarbeiter beraten, beschaffen Hardware wie auch Softwarel\u00f6sungen, richten ein, konfigurieren, nehmen in Betrieb und Supporten Ihre neue <strong>3CX<\/strong> <strong>TK-Anlage<\/strong>. Sie haben Fragen, oder wollen die aktuelle Liste der Preise anfordern? Sie erreichen uns unter Telefon 07164 909700 sowie per E-Mail-Nachricht unter support@kaelberer-online.de<\/h3>\n<h2>Konnten wir Sie neugierig machen?<\/h2>\n<p>Viele weitere interessante Funktionen warten auf Sie.<\/p>\n<ul>\n<li>Anmeldung am Webclient \u2013 Details in der Willkommens-E-Mail<\/li>\n<li>Bequemes Erstellen und Organisieren von Nebenstellen \u2013 auch remote<\/li>\n<li>Fernkonfiguration \u00fcber QR-Code statt umst\u00e4ndliche Einrichtung<\/li>\n<li>Kontrolle \u00fcber die Leitungen und Telefongespr\u00e4chskosten<\/li>\n<li>W\u00e4hlen Sie im Men\u00fc oben das QR-Code-Symbol f\u00fcr dessen Scan<\/li>\n<li>Starten eines Videoanrufs von Ihrem Handy aus<\/li>\n<li>Intelligente Nutzerverwaltung spart etliche Arbeitsstunden<\/li>\n<li>Verwendung der Office-Durchwahlnummer auf Ihrem Smartphone<\/li>\n<li>SIP-Forking \u2013 simultane Verwendung von <strong>3CX<\/strong> App sowie Tischtelefon<\/li>\n<li>Wechsel zwischen Server &#038; Cloud \u2013 integriertes Backup &#038; Restore<\/li>\n<li>Auf g\u00fcnstigem Raspberry Pi und MiniPC als Telefonie-Appliance<\/li>\n<li>Keine Tischtelefone notwendig \u2013 Verwenden Sie Ihr Handy<\/li>\n<li>Zeitersparung durch automatische Bildschirmanzeige von Kundendaten<\/li>\n<li>Anrufweiterleitung basierend auf Kundennummer sowie Anfrage<\/li>\n<li>4-stellige Kostenersparnis f\u00fcr Gespr\u00e4che per SIP-Trunk Ihrer Wahl<\/li>\n<li>Abgesicherte Verbindungen gew\u00e4hrleisten Privatsph\u00e4re sowie Schutz<\/li>\n<li>Verzicht auf \u00fcberteuerte Mobilanrufe zwischen Besch\u00e4ftigten und Kunden<\/li>\n<li>Inbegriffen Backups \u00fcber Nacht sowie 24\/7-\u00dcberwachung<\/li>\n<li>Identifikation von Anrufern dank CRM-Integration<\/li>\n<li>Eingebundene browserbasierte Videokonferenzen<\/li>\n<li>Keine Lizenzierung je Nebenstelle, unbeschr\u00e4nkt viele Nebenstellen<\/li>\n<\/ul>\n<h3>Fordern Sie erg\u00e4nzende Informationen sowie ein Angebot bei unserer Firma an. Selbstverst\u00e4ndlich stellen wir Ihnen auch eine vollst\u00e4ndige Featureliste zur Verf\u00fcgung.<\/h3>\n<p>[contact-form-7 id=&#8220;5&#8243; title=&#8220;Contact form 1&#8243;]<\/p>\n","protected":false},"excerpt":{"rendered":"<p>Wissen Sie die Anforderungen an Ihre neue 3CX Telefonanlage bereits? Die moderne 3CX Telefonanlage simplifiziert die Firmenprozesse. Optimieren Sie Ihre Firma mit der brandneuen und flexiblen 3CX Telefonanlage. Eine 3CX TK-Anlage die ma\u00dfgeschneidert auf Ihre Anspr\u00fcche abgestimmt ist und mit Ihrem Unternehmen wachsen kann. Die neue Arbeitswelt die mobil unterwegs ist. Telefonieren Sie mit Ihrem &hellip; <a href=\"https:\/\/www.kaelberer-online.de\/services\/telefonanlagen\/telefon-nebenstellenanlage-3cx\/\" class=\"more-link\">Continue reading<span class=\"screen-reader-text\"> &#8222;TELEFON NEBENSTELLENANLAGE 3CX Preise Telefon 07164 90 97 00&#8220;<\/span><\/a><\/p>\n","protected":false},"author":2,"featured_media":337,"parent":26,"menu_order":0,"comment_status":"closed","ping_status":"closed","template":"","meta":{"footnotes":""},"class_list":["post-336","page","type-page","status-publish","has-post-thumbnail","hentry"],"_links":{"self":[{"href":"https:\/\/www.kaelberer-online.de\/services\/wp-json\/wp\/v2\/pages\/336","targetHints":{"allow":["GET"]}}],"collection":[{"href":"https:\/\/www.kaelberer-online.de\/services\/wp-json\/wp\/v2\/pages"}],"about":[{"href":"https:\/\/www.kaelberer-online.de\/services\/wp-json\/wp\/v2\/types\/page"}],"author":[{"embeddable":true,"href":"https:\/\/www.kaelberer-online.de\/services\/wp-json\/wp\/v2\/users\/2"}],"replies":[{"embeddable":true,"href":"https:\/\/www.kaelberer-online.de\/services\/wp-json\/wp\/v2\/comments?post=336"}],"version-history":[{"count":0,"href":"https:\/\/www.kaelberer-online.de\/services\/wp-json\/wp\/v2\/pages\/336\/revisions"}],"up":[{"embeddable":true,"href":"https:\/\/www.kaelberer-online.de\/services\/wp-json\/wp\/v2\/pages\/26"}],"wp:featuredmedia":[{"embeddable":true,"href":"https:\/\/www.kaelberer-online.de\/services\/wp-json\/wp\/v2\/media\/337"}],"wp:attachment":[{"href":"https:\/\/www.kaelberer-online.de\/services\/wp-json\/wp\/v2\/media?parent=336"}],"curies":[{"name":"wp","href":"https:\/\/api.w.org\/{rel}","templated":true}]}}