{"id":332,"date":"2021-11-03T18:54:41","date_gmt":"2021-11-03T18:54:41","guid":{"rendered":"https:\/\/kaelberer-online.de\/services\/?page_id=332"},"modified":"2021-11-03T18:54:41","modified_gmt":"2021-11-03T18:54:41","slug":"telefonanlage-mit-ivr-3cx","status":"publish","type":"page","link":"https:\/\/www.kaelberer-online.de\/services\/telefonanlagen\/telefonanlage-mit-ivr-3cx\/","title":{"rendered":"TELEFONANLAGE MIT IVR 3CX Preise Telefon 07164 90 97 00"},"content":{"rendered":"<h2>\n<p>Wissen Sie die Anspr\u00fcche an Ihre neue <strong><strong>3CX<\/strong><\/strong> <strong><strong>Telefonanlage<\/strong><\/strong> bereits?<\/p>\n<\/h2>\n<p><h3>Eine aktuelle <strong>3CX<\/strong> <strong>TK-Anlage<\/strong> vereinfacht Ihre Unternehmensprozesse. Optimieren Sie Ihr Unternehmen mit der brandneuen und flexiblen <strong>3CX<\/strong> <strong>TK-Anlage<\/strong>. Die <strong>3CX<\/strong> <strong>TK-Anlage<\/strong> die individuell auf Ihre Erwartungen abgestimmt ist und mit dem Unternehmen wachsen kann.<\/h3>\n<\/p>\n<p>Die neue Arbeitswelt ist mobil unterwegs. Telefonieren Sie mit dem Mobiltelefon \u00fcber die <strong>3CX<\/strong> <strong>Telefonanlage<\/strong> mit Ihren Klienten. Nat\u00fcrlich mit Ihrer Festnetz-Rufnummer als Absenderkennung. Wahren Sie Ihre Privatsph\u00e4re und beweisen Sie Professionalit\u00e4t.<\/p>\n<p>Unsere <strong>3CX<\/strong> <strong>TK-Anlage<\/strong>n wurden auch f\u00fcr flexibles arbeiten konzipiert. Als zeitgem\u00e4\u00dfe Cloud <strong>3CX<\/strong> <strong>TK-Anlage<\/strong> oder auf Ihrer eigenen Hardware hausintern gehostet. Eine Installation und die Konfiguration ist einfach. Sie erhalten dadurch eine sichere, verl\u00e4ssliche wie auch variable <strong>3CX<\/strong> <strong>Telefonanlage<\/strong>.<\/p>\n<h2>Faire Preise f\u00fcr Ihre neue 3CX <strong>TK-Anlage<\/strong><\/h2>\n<p>Ein tolles Preis- und Leistungsverh\u00e4ltnis. Richten Sie unendlich viele Nebenstellen ein, immer exakt da wo Sie sie gerade w\u00fcnschen und sparen Sie Kosten.<\/p>\n<h2>Identifizieren Sie die Anrufenden!<\/h2>\n<p>Bei Anrufeingang exakt wissen wer im Moment anruft. Infos sind alles. F\u00fcr Besch\u00e4ftigte oder die Leitung. Auf diese Weise wissen Sie exakt was l\u00e4uft. W\u00e4hlen Sie mit einem trivialen Click aus Ihrem CRM oder Ihrer Business Software jede Telefonnummer.<\/p>\n<p>Ist es nicht klasse, wenn Sie von einer zentralen Oberfl\u00e4che heraus alle Anrufe t\u00e4tigen, entgegennehmen sowie bearbeiten oder aber den Status Ihrer Kollegen in Erfahrung bringen, eingehende Chat-Nachrichten beantworten und Videoanrufe f\u00fchren k\u00f6nnten? Mit dem Webclient als Softphone sowie der Windows Desktop Applikation ist alles das wie auch noch reichlich mehr machbar.<\/p>\n<h2>Microsoft 365 Integration<\/h2>\n<p>Verwendet Ihre Firma MS 365? Dann verbinden Sie dieses m\u00fchelos mit der <strong>3CX<\/strong> <strong>TK-Anlage<\/strong> und vereinen Sie s\u00e4mtliche Vorteile beider Systeme! Benutzer k\u00f6nnen \u00fcbergangslos mit beiden Apps arbeiten, Kontakte organisieren und Vorgehensweisen verschlanken, um die Effektivit\u00e4t zu steigern und Klienten zu inspirieren. <\/p>\n<h2>Kontakte mit dem <strong>3CX<\/strong> Telefonbuch synchronisieren<\/h2>\n<h2>Microsoft Teams Telefonie-Verzahnung<\/h2>\n<ol>\n<li>Auswahl eines eigenen perfekten SIP-Dienstleisters Ihrer Gegend<\/li>\n<\/li>\n<li>Ausschalten Microsoft\u00b4s kostspieliger Inlands-\/internationaler Tarife<\/li>\n<\/li>\n<\/ol>\n<h3>Unsere Techniker unterst\u00fctzen, organisieren Hardware wie auch Softwarel\u00f6sungen, richten ein, konfigurieren, nehmen in Betrieb und Supporten Ihre neue <strong>3CX<\/strong> <strong>Telefonanlage<\/strong>. Sie haben Fragen, oder m\u00f6chten die derzeitige Preisliste anfordern? Sie erreichen uns unter Telefon 07164 909700 und per Mail unter support@kaelberer-online.de<\/h3>\n<h2>Konnten wir Ihr Aufmerksamkeit wecken?<\/h2>\n<p>Jede Menge zus\u00e4tzliche interessante Features warten auf Sie.<\/p>\n<ul>\n<li>M\u00fcheloses Erstellen und Verwalten von Nebenstellen \u2013 auch remote<\/li>\n<li>Anruf-Protokolle im Kundendatensatz f\u00fcr transparente Anrufhistorie<\/li>\n<li>In Augenblicken Benutzer aktualisieren\/hinzuf\u00fcgen sowie Mailboxen einrichten<\/li>\n<li>Verwaltung von System &#038; Nutzern von beliebigem Ort<\/li>\n<li>Automatische Einstellung von Firewall-Regularien<\/li>\n<li>Erstellung eines neuen Kundendatensatzes f\u00fcr neue Rufnummern<\/li>\n<li>Beantwortung von Nachfragen per Livechat, Facebook &#038; SMS via Apps<\/li>\n<li>Virtualisieren mit VMware, Hyper-V oder KVM<\/li>\n<li>4-stellige Kostenersparnis f\u00fcr Gespr\u00e4che per SIP-Trunk Ihrer Wahl<\/li>\n<li>Telefonrechnung um bis zu 80 % verringern mittels Wechsel zu <strong>3CX<\/strong><\/li>\n<li>Keine Lizenzierung je Nebenstelle, unbeschr\u00e4nkt viele Nebenstellen<\/li>\n<li>Vollautomatische Anrufaufzeichnung eliminiert manuelle Eintragungen<\/li>\n<li>Auf g\u00fcnstigem Raspberry Pi sowie MiniPC als Telefonie-Appliance<\/li>\n<li>Zuteilung der Anrufer-ID zu dem Datensatz in Ihrem CRM<\/li>\n<li>Keine Tischtelefone vonn\u00f6ten \u2013 Ben\u00fctzen Sie Ihr Smartphone<\/li>\n<li>Wechsel zwischen Server &#038; Cloud \u2013 integriertes Backup &#038; Restore<\/li>\n<li>Benutzerdefinierte Call Flows automatisieren Anfragen &#038; Prozesse<\/li>\n<li>Zufriedene Klienten wie auch weniger Aufwand f\u00fcr Ihre Mitarbeiter<\/li>\n<li>Nutzung der B\u00fcro-Durchwahlnummer auf Ihrem Handy<\/li>\n<li>Registrierung am Webclient \u2013 Einzelheiten in der Willkommens-E-Mail<\/li>\n<li>Update des pers\u00f6nlichen Status &#038; Einsicht der Personal-Verf\u00fcgbarkeit<\/li>\n<li>Schnellkonfiguration mit IP-Telefonen, Gateways &#038; SIP-Trunks<\/li>\n<li>Wechsel zwischen Sprach- wie auch Videoanrufen mit einem Fingertipp<\/li>\n<\/ul>\n<h3>Fragen Sie mehr Unterlagen und ein Produktangebot bei unserer Firma an. Gerne stellen wir Ihnen auch eine komplette Featureliste zur Verf\u00fcgung.<\/h3>\n<p>[contact-form-7 id=&#8220;5&#8243; title=&#8220;Contact form 1&#8243;]<\/p>\n","protected":false},"excerpt":{"rendered":"<p>Wissen Sie die Anspr\u00fcche an Ihre neue 3CX Telefonanlage bereits? Eine aktuelle 3CX TK-Anlage vereinfacht Ihre Unternehmensprozesse. Optimieren Sie Ihr Unternehmen mit der brandneuen und flexiblen 3CX TK-Anlage. Die 3CX TK-Anlage die individuell auf Ihre Erwartungen abgestimmt ist und mit dem Unternehmen wachsen kann. Die neue Arbeitswelt ist mobil unterwegs. Telefonieren Sie mit dem Mobiltelefon &hellip; <a href=\"https:\/\/www.kaelberer-online.de\/services\/telefonanlagen\/telefonanlage-mit-ivr-3cx\/\" class=\"more-link\">Continue reading<span class=\"screen-reader-text\"> &#8222;TELEFONANLAGE MIT IVR 3CX Preise Telefon 07164 90 97 00&#8220;<\/span><\/a><\/p>\n","protected":false},"author":2,"featured_media":333,"parent":26,"menu_order":0,"comment_status":"closed","ping_status":"closed","template":"","meta":{"footnotes":""},"class_list":["post-332","page","type-page","status-publish","has-post-thumbnail","hentry"],"_links":{"self":[{"href":"https:\/\/www.kaelberer-online.de\/services\/wp-json\/wp\/v2\/pages\/332","targetHints":{"allow":["GET"]}}],"collection":[{"href":"https:\/\/www.kaelberer-online.de\/services\/wp-json\/wp\/v2\/pages"}],"about":[{"href":"https:\/\/www.kaelberer-online.de\/services\/wp-json\/wp\/v2\/types\/page"}],"author":[{"embeddable":true,"href":"https:\/\/www.kaelberer-online.de\/services\/wp-json\/wp\/v2\/users\/2"}],"replies":[{"embeddable":true,"href":"https:\/\/www.kaelberer-online.de\/services\/wp-json\/wp\/v2\/comments?post=332"}],"version-history":[{"count":0,"href":"https:\/\/www.kaelberer-online.de\/services\/wp-json\/wp\/v2\/pages\/332\/revisions"}],"up":[{"embeddable":true,"href":"https:\/\/www.kaelberer-online.de\/services\/wp-json\/wp\/v2\/pages\/26"}],"wp:featuredmedia":[{"embeddable":true,"href":"https:\/\/www.kaelberer-online.de\/services\/wp-json\/wp\/v2\/media\/333"}],"wp:attachment":[{"href":"https:\/\/www.kaelberer-online.de\/services\/wp-json\/wp\/v2\/media?parent=332"}],"curies":[{"name":"wp","href":"https:\/\/api.w.org\/{rel}","templated":true}]}}