{"id":330,"date":"2021-12-26T10:33:40","date_gmt":"2021-12-26T10:33:40","guid":{"rendered":"https:\/\/kaelberer-online.de\/services\/?page_id=330"},"modified":"2021-12-26T10:33:40","modified_gmt":"2021-12-26T10:33:40","slug":"cloud-telefonanlage-test-3cx","status":"publish","type":"page","link":"https:\/\/www.kaelberer-online.de\/services\/telefonanlagen\/cloud-telefonanlage-test-3cx\/","title":{"rendered":"CLOUD TELEFONANLAGE TEST 3CX Preise Telefon 07164 90 97 00"},"content":{"rendered":"<h2>\n<p>Kennen Sie die Anspr\u00fcche an Ihre neue <strong><strong>3CX<\/strong><\/strong> <strong><strong>Telefonanlage<\/strong><\/strong> schon?<\/p>\n<\/h2>\n<p><h3>Die aktuelle <strong>3CX<\/strong> <strong>TK-Anlage<\/strong> simplifiziert die Unternehmensprozesse. Optimieren Sie Ihr Unternehmen mit einer brandneuen und flexiblen <strong>3CX<\/strong> <strong>TK-Anlage<\/strong>. Die <strong>3CX<\/strong> <strong>TK-Anlage<\/strong> die individuell auf Ihre Anforderungen zugeschnitten ist und mit Ihrem Unternehmen wachsen kann.<\/h3>\n<\/p>\n<p>Eine neue Arbeitswelt die mobil unterwegs ist. Telefonieren Sie mit einem Mobiltelefon \u00fcber die <strong>3CX<\/strong> <strong>Telefonanlage<\/strong> mit Ihren Auftraggebern. Selbstverst\u00e4ndlich \u00fcber Ihre Festnetz-Rufnummer als Absender-Kennung. besch\u00fctzen Sie Ihre Privatsph\u00e4re und zeigen Sie Professionalit\u00e4t.<\/p>\n<p>Unsere <strong>3CX<\/strong> <strong>Telefonanlage<\/strong>n wurden auch f\u00fcr mobiles arbeiten konzipiert. Als moderne Cloud <strong>3CX<\/strong> <strong>Telefonanlage<\/strong> oder auf der pers\u00f6nlichen Hardware hausintern gehostet. Eine Installation und die Verwaltung ist einfach. Sie bekommen dadurch eine sichere, verl\u00e4ssliche wie auch vielseitige <strong>3CX<\/strong> TK-Anlage.<\/p>\n<h2>Faire Preise f\u00fcr Ihre brandneue 3CX <strong>TK-Anlage<\/strong><\/h2>\n<p>Ein unschlagbares Preis- und Leistungsverh\u00e4ltnis. Richten Sie unendlich viele Nebenstellen ein, immer exakt da wo Sie sie im Moment ben\u00f6tigen und sparen Sie Kosten.<\/p>\n<h2>St\u00e4rken Sie Ihr Personal.<\/h2>\n<p>Bei Eingang eines Telefonanrufs pr\u00e4zise wissen wer im Moment anruft. Informationen sind alles. F\u00fcr Angestellte und die Direktion. Auf diese Weise wissen Sie genau was l\u00e4uft. W\u00e4hlen Sie mit einem trivialen Mausklick aus dem CRM oder Ihrer Business Software jede Telefonnummer.<\/p>\n<p>W\u00e4re es nicht phantastisch, wenn Sie von einer zentralen Oberfl\u00e4che heraus alle Anrufe realisieren, empfangen und bearbeiten oder aber den Status Ihrer Mitarbeiter in Erfahrung bringen, eingehende Chat-News beantworten und Videoanrufe f\u00fchren k\u00f6nnten? Mit dem Webclient als Softphone und der Windows Desktop Applikation wird alles das und noch reichlich mehr m\u00f6glich.<\/p>\n<h2>MS 365 Einbindung<\/h2>\n<p>Nutzt Ihr Unternehmen MS 365? Dann vernetzen Sie dieses einfach mit der <strong>3CX<\/strong> <strong>TK-Anlage<\/strong> und kombinieren Sie s\u00e4mtliche Vorteile beider Systeme! User k\u00f6nnen \u00fcbergangslos mit beiden Apps arbeiten, Kontakte verwalten und Vorg\u00e4nge verschlanken, um die Effektivit\u00e4t zu steigern und Auftraggeber zu begeistern. <\/p>\n<h2>Kontakte mit Ihrem <strong>3CX<\/strong> Telefonbuch synchronisieren<\/h2>\n<ol>\n<li>Anruf synchronisierter Kontakte per Webclient oder portabler Apps<\/li>\n<li>Anwendungs-\u00fcbergreifende Administration jeglicher Kontakte in MS 365<\/li>\n<li>Updaten gemeinschaftlicher Mailbox-Kontakte mit dem <strong>3CX<\/strong>-Teilnehmerverzeichnis<\/li>\n<\/ol>\n<h2>Microsoft Teams Telefonie-Integration<\/h2>\n<ol>\n<li>Selektion eines eigenen preiswerten SIP-Providers Ihrer Gegend<\/li>\n<\/li>\n<li>Eliminieren Microsoft\u00b4s kostspieliger Inlands-\/internationaler Tarife<\/li>\n<\/li>\n<li>Realisierung externer Telefonate \u00fcber <strong>3CX<\/strong> SIP-Trunks<\/li>\n<\/li>\n<\/ol>\n<h3>Wir unterst\u00fctzen, organisieren Hardware sowie Softwareanwendungen, richten ein, konfigurieren, nehmen in Betrieb und Supporten Ihre brandneue <strong>3CX<\/strong> <strong>Telefonanlage<\/strong>. Sie haben Fragen, oder wollen unsere aktuelle Liste der Preise anfordern? Sie erreichen uns unter Telefon 07164 909700 sowie per Mail unter support@kaelberer-online.de<\/h3>\n<h2>Konnten wir Sie neugierig machen?<\/h2>\n<p>Unz\u00e4hlige weitere interessante Features warten auf Sie.<\/p>\n<ul>\n<li>Aktualisierung des pers\u00f6nlichen Status &#038; Einsicht der Team-Verf\u00fcgbarkeit<\/li>\n<li>Virtualisieren mit VMware, Hyper-V oder KVM<\/li>\n<li>Unbegrenzte Anzahl von Anwendern geb\u00fchrenfrei in <strong>3CX<\/strong> enthalten<\/li>\n<li>Enth\u00e4lt mobile Apps f\u00fcr Windows, Web, iOS &#038; Android<\/li>\n<li>Registrierung am Webclient \u2013 Details in der Willkommens-E-Mail<\/li>\n<li>Verwaltung, Sicherheits-Patches &#038; Version-Upgrades durch <strong>3CX<\/strong><\/li>\n<li>Einfache Nutzerverwaltung reduziert jede Menge Arbeitsstunden<\/li>\n<li>Jederzeit zwischen <strong>3CX<\/strong>-Hosting, on-Premise &#038; Ihrer Cloud wechseln<\/li>\n<li>Flexible eingehende\/hinausgehende Vorgaben, DIDs &#038; Ring Groups<\/li>\n<li>Zuteilung der Anrufer-ID zu dem Datensatz in Ihrem CRM<\/li>\n<li>Automatische Konfiguration von Firewall-Regeln<\/li>\n<li>Einfache Skalierbarkeit der <strong>Telefonanlage<\/strong>n-Installation<\/li>\n<li>Telefonrechnung um bis zu 80 % senken durch Wechsel zu <strong>3CX<\/strong><\/li>\n<li>Wechsel zwischen Server &#038; Cloud \u2013 integriertes Backup &#038; Restore<\/li>\n<li>App \u00f6ffnen, QR Code scannen \u2013 schon sind Sie bereit!<\/li>\n<li>SIP-Forking \u2013 simultane Verwendung von <strong>3CX<\/strong> Anwendung sowie Tischtelefon<\/li>\n<li>Verzicht auf teure Mobilanrufe zwischen Besch\u00e4ftigten und Kunden<\/li>\n<li>Uhrzeit-basierte Anrufweiterleitung und Telefonumfragen<\/li>\n<li>Integration von Webpr\u00e4senz-Livechat, Facebook-Messaging sowie Kurznachrichten<\/li>\n<li>Lockdown-f\u00e4hig mit der kostenfreien App f\u00fcr Web, iOS &#038; Android<\/li>\n<li>Inklusive Backups \u00fcber Nacht sowie 24\/7-\u00dcberwachung<\/li>\n<li>Anrufe mit einem einzigen Click unmittelbar aus CRM heraus ausl\u00f6sen<\/li>\n<li>Verwaltung von System &#038; Nutzern von beliebigem Ort<\/li>\n<li>Laden Sie die App aus dem Google Play oder App Store herunter<\/li>\n<li>M\u00fcheloses Implementieren und Verwalten ohne Schulungsbedarf<\/li>\n<\/ul>\n<h3>Bitte fordern Sie weitere Informationen sowie ein Produktangebot bei uns an. Gerne stellen wir Ihnen auch eine komplette Featureliste zur Verf\u00fcgung.<\/h3>\n<p>[contact-form-7 id=&#8220;5&#8243; title=&#8220;Contact form 1&#8243;]<\/p>\n","protected":false},"excerpt":{"rendered":"<p>Kennen Sie die Anspr\u00fcche an Ihre neue 3CX Telefonanlage schon? Die aktuelle 3CX TK-Anlage simplifiziert die Unternehmensprozesse. Optimieren Sie Ihr Unternehmen mit einer brandneuen und flexiblen 3CX TK-Anlage. Die 3CX TK-Anlage die individuell auf Ihre Anforderungen zugeschnitten ist und mit Ihrem Unternehmen wachsen kann. Eine neue Arbeitswelt die mobil unterwegs ist. Telefonieren Sie mit einem &hellip; <a href=\"https:\/\/www.kaelberer-online.de\/services\/telefonanlagen\/cloud-telefonanlage-test-3cx\/\" class=\"more-link\">Continue reading<span class=\"screen-reader-text\"> &#8222;CLOUD TELEFONANLAGE TEST 3CX Preise Telefon 07164 90 97 00&#8220;<\/span><\/a><\/p>\n","protected":false},"author":2,"featured_media":331,"parent":26,"menu_order":0,"comment_status":"closed","ping_status":"closed","template":"","meta":{"footnotes":""},"class_list":["post-330","page","type-page","status-publish","has-post-thumbnail","hentry"],"_links":{"self":[{"href":"https:\/\/www.kaelberer-online.de\/services\/wp-json\/wp\/v2\/pages\/330","targetHints":{"allow":["GET"]}}],"collection":[{"href":"https:\/\/www.kaelberer-online.de\/services\/wp-json\/wp\/v2\/pages"}],"about":[{"href":"https:\/\/www.kaelberer-online.de\/services\/wp-json\/wp\/v2\/types\/page"}],"author":[{"embeddable":true,"href":"https:\/\/www.kaelberer-online.de\/services\/wp-json\/wp\/v2\/users\/2"}],"replies":[{"embeddable":true,"href":"https:\/\/www.kaelberer-online.de\/services\/wp-json\/wp\/v2\/comments?post=330"}],"version-history":[{"count":0,"href":"https:\/\/www.kaelberer-online.de\/services\/wp-json\/wp\/v2\/pages\/330\/revisions"}],"up":[{"embeddable":true,"href":"https:\/\/www.kaelberer-online.de\/services\/wp-json\/wp\/v2\/pages\/26"}],"wp:featuredmedia":[{"embeddable":true,"href":"https:\/\/www.kaelberer-online.de\/services\/wp-json\/wp\/v2\/media\/331"}],"wp:attachment":[{"href":"https:\/\/www.kaelberer-online.de\/services\/wp-json\/wp\/v2\/media?parent=330"}],"curies":[{"name":"wp","href":"https:\/\/api.w.org\/{rel}","templated":true}]}}