{"id":324,"date":"2021-12-31T10:05:42","date_gmt":"2021-12-31T10:05:42","guid":{"rendered":"https:\/\/kaelberer-online.de\/services\/?page_id=324"},"modified":"2021-12-31T10:05:42","modified_gmt":"2021-12-31T10:05:42","slug":"telefonanlagenshop-3cx","status":"publish","type":"page","link":"https:\/\/www.kaelberer-online.de\/services\/telefonanlagen\/telefonanlagenshop-3cx\/","title":{"rendered":"TELEFONANLAGENSHOP 3CX Beratung Tel. 07164 90 97 00"},"content":{"rendered":"<h2>\n<p>Kennen Sie die Vorgaben an Ihre neue <strong><strong>3CX<\/strong><\/strong> <strong><strong>TK-Anlage<\/strong><\/strong> bereits?<\/p>\n<\/h2>\n<p><h3>Die moderne <strong>3CX<\/strong> <strong>TK-Anlage<\/strong> simplifiziert Ihre Gesch\u00e4ftsprozesse. Optimieren Sie Ihr Unternehmen mit einer aktuellen und flexiblen <strong>3CX<\/strong> <strong>TK-Anlage<\/strong>. Die <strong>3CX<\/strong> <strong>TK-Anlage<\/strong> die ma\u00dfgeschneidert auf Ihre Vorgaben angepasst ist und mit dem Unternehmen wachsen kann.<\/h3>\n<\/p>\n<p>Die neue Arbeitswelt die mobil unterwegs ist. Kommunizieren Sie mit Ihrem Smartphone \u00fcber die <strong>3CX<\/strong> <strong>TK-Anlage<\/strong> mit Ihren Auftraggebern. Nat\u00fcrlich \u00fcber Ihre Festnetz-Rufnummer als Absender-Kennung. Wahren Sie die Privatsph\u00e4re und beweisen Sie Seriosit\u00e4t.<\/p>\n<p>Unsere <strong>3CX<\/strong> <strong>Telefonanlage<\/strong>n werden f\u00fcr mobiles arbeiten designed. Als aktuelle Cloud <strong>3CX<\/strong> <strong>Telefonanlage<\/strong> oder auf Ihrer eigenen Hardware hausintern gehostet. Eine Installation und die Verwaltung ist einfach. Sie erhalten dadurch eine sichere, verl\u00e4ssliche wie auch variable <strong>3CX<\/strong> <strong>Telefonanlage<\/strong>.<\/p>\n<h2>G\u00fcnstige Preise f\u00fcr Ihre brandneue 3CX <strong>TK-Anlage<\/strong><\/h2>\n<p>Ein einmaliges Preis- und Leistungsverh\u00e4ltnis. Richten Sie unbegrenzt viele Nebenstellen ein, immer genau da wo Sie sie gerade ben\u00f6tigen und sparen Sie Kosten.<\/p>\n<h2>Erkennen Sie die Anrufenden!<\/h2>\n<p>Bei Anrufeingang exakt wissen wer gerade anruft. Infos sind alles. F\u00fcr Besch\u00e4ftigte oder die Gesch\u00e4ftsf\u00fchrung. So wissen Sie pr\u00e4zise was l\u00e4uft. W\u00e4hlen Sie mit einem trivialen Klick aus Ihrem CRM oder Ihrer Firmensoftware jede Telefonnummer.<\/p>\n<p>Ist es nicht gro\u00dfartig, wenn Sie von einer zentralen Oberfl\u00e4che heraus alle Anrufe t\u00e4tigen, annehmen wie auch bearbeiten oder aber den Status Ihrer Mitarbeiter abfragen, eingehende Livechat-Nachrichten beantworten und Videoanrufe f\u00fchren k\u00f6nnten? Mit dem Webclient als Softphone und der Windows Desktop App wird all das wie auch noch jede Menge mehr realisierbar.<\/p>\n<h2>Microsoft 365 Einbeziehung<\/h2>\n<p>Benutzt Ihr Unternehmen MS 365? Dann vernetzen Sie dieses m\u00fchelos mit der <strong>3CX<\/strong> <strong>Telefonanlage<\/strong> und verschmelzen Sie alle Vorz\u00fcge beider Systeme! Benutzer k\u00f6nnen nahtlos mit beiden Applikationen arbeiten, Kontakte verwalten und Vorgehensweisen verschlanken, um ihre Effektivit\u00e4t zu steigern und Kunden zu begeistern. <\/p>\n<h2>Kontakte mit Ihrem <strong>3CX<\/strong> Telefonbuch abgleichen<\/h2>\n<h2>Microsoft Teams Telefonie-Zusammenf\u00fchrung<\/h2>\n<ol>\n<li>Auswahl eines individuellen preiswerten SIP-Anbieters Ihrer Region<\/li>\n<\/li>\n<li>Ausschalten Microsoft\u00b4s kostspieliger Inlands-\/internationaler Tarife<\/li>\n<\/li>\n<\/ol>\n<h3>Unsere Mitarbeiter informieren, beschaffen Hardware und Software, installieren, konfigurieren, nehmen in Betrieb und Supporten Ihre neue <strong>3CX<\/strong> <strong>TK-Anlage<\/strong>. Sie haben Fragen, oder m\u00f6chten die aktuelle Preisliste anfordern? Sie erreichen uns unter Telefon 07164 909700 sowie per Mail unter support@kaelberer-online.de<\/h3>\n<h2>Haben wir Sie neugierig gemacht?<\/h2>\n<p>Jede Menge zus\u00e4tzliche interessante Features warten auf Sie.<\/p>\n<ul>\n<li>Keine Schulung vonn\u00f6ten \u2013 schnell einsteigen<\/li>\n<li>Einfaches Implementieren und Verwalten ohne Schulungsbedarf<\/li>\n<li>Zeitgewinnung durch automatische Bildschirmanzeige von Kundendaten<\/li>\n<li>Verwaltung, Sicherheits-Patches &#038; Version-Upgrades durch <strong>3CX<\/strong><\/li>\n<li>Lockdown-f\u00e4hig mit der kostenlosen Applikation f\u00fcr Web, iOS &#038; Android<\/li>\n<li>Zurverf\u00fcgungstellung per Google Marketplace, Amazon oder Azure<\/li>\n<li>Vielseitige hereinkommende\/hinausgehende Vorgaben, DIDs &#038; Ring Groups<\/li>\n<li>Benutzerdefinierte Call Flows automatisieren Anfragen &#038; Abl\u00e4ufe<\/li>\n<li>Einfaches Weiterleiten von Kunden an die richtige Abteilung<\/li>\n<li>Unbegrenzte Zahl von Benutzern zum Nulltarif in <strong>3CX<\/strong> enthalten<\/li>\n<li>Keinerlei Tischtelefone notwendig \u2013 Verwenden Sie Ihr Mobiltelefon<\/li>\n<li>Wechsel zwischen Server &#038; Cloud \u2013 integriertes Backup &#038; Restore<\/li>\n<li>Anruf-Protokolle im Kundendatensatz f\u00fcr transparente Anrufhistorie<\/li>\n<li>Wechsel zwischen Sprach- wie auch Video-Anrufe mit einem Fingertipp<\/li>\n<li>Zusammenf\u00fchrung von Webpr\u00e4senz-Livechat, Facebook-Messaging und SMS<\/li>\n<li>Update des eigenen Status &#038; Einsicht der Personal-Verf\u00fcgbarkeit<\/li>\n<li>Beantwortung von Fragen via Livechat, Facebook &#038; SMS via Apps<\/li>\n<\/ul>\n<h3>Bitte fordern Sie zus\u00e4tzliche Infos sowie ein Produktangebot bei unserer Firma an. Nat\u00fcrlich stellen wir Ihnen auch eine vollst\u00e4ndige Leistungs\u00fcbersicht zur Verf\u00fcgung.<\/h3>\n<p>[contact-form-7 id=&#8220;5&#8243; title=&#8220;Contact form 1&#8243;]<\/p>\n","protected":false},"excerpt":{"rendered":"<p>Kennen Sie die Vorgaben an Ihre neue 3CX TK-Anlage bereits? Die moderne 3CX TK-Anlage simplifiziert Ihre Gesch\u00e4ftsprozesse. Optimieren Sie Ihr Unternehmen mit einer aktuellen und flexiblen 3CX TK-Anlage. Die 3CX TK-Anlage die ma\u00dfgeschneidert auf Ihre Vorgaben angepasst ist und mit dem Unternehmen wachsen kann. Die neue Arbeitswelt die mobil unterwegs ist. Kommunizieren Sie mit Ihrem &hellip; <a href=\"https:\/\/www.kaelberer-online.de\/services\/telefonanlagen\/telefonanlagenshop-3cx\/\" class=\"more-link\">Continue reading<span class=\"screen-reader-text\"> &#8222;TELEFONANLAGENSHOP 3CX Beratung Tel. 07164 90 97 00&#8220;<\/span><\/a><\/p>\n","protected":false},"author":2,"featured_media":325,"parent":26,"menu_order":0,"comment_status":"closed","ping_status":"closed","template":"","meta":{"footnotes":""},"class_list":["post-324","page","type-page","status-publish","has-post-thumbnail","hentry"],"_links":{"self":[{"href":"https:\/\/www.kaelberer-online.de\/services\/wp-json\/wp\/v2\/pages\/324","targetHints":{"allow":["GET"]}}],"collection":[{"href":"https:\/\/www.kaelberer-online.de\/services\/wp-json\/wp\/v2\/pages"}],"about":[{"href":"https:\/\/www.kaelberer-online.de\/services\/wp-json\/wp\/v2\/types\/page"}],"author":[{"embeddable":true,"href":"https:\/\/www.kaelberer-online.de\/services\/wp-json\/wp\/v2\/users\/2"}],"replies":[{"embeddable":true,"href":"https:\/\/www.kaelberer-online.de\/services\/wp-json\/wp\/v2\/comments?post=324"}],"version-history":[{"count":0,"href":"https:\/\/www.kaelberer-online.de\/services\/wp-json\/wp\/v2\/pages\/324\/revisions"}],"up":[{"embeddable":true,"href":"https:\/\/www.kaelberer-online.de\/services\/wp-json\/wp\/v2\/pages\/26"}],"wp:featuredmedia":[{"embeddable":true,"href":"https:\/\/www.kaelberer-online.de\/services\/wp-json\/wp\/v2\/media\/325"}],"wp:attachment":[{"href":"https:\/\/www.kaelberer-online.de\/services\/wp-json\/wp\/v2\/media?parent=324"}],"curies":[{"name":"wp","href":"https:\/\/api.w.org\/{rel}","templated":true}]}}