{"id":308,"date":"2021-10-21T03:04:26","date_gmt":"2021-10-21T03:04:26","guid":{"rendered":"https:\/\/kaelberer-online.de\/services\/?page_id=308"},"modified":"2021-10-21T03:04:26","modified_gmt":"2021-10-21T03:04:26","slug":"isdn-anschluss-telefon-3cx","status":"publish","type":"page","link":"https:\/\/www.kaelberer-online.de\/services\/telefonanlagen\/isdn-anschluss-telefon-3cx\/","title":{"rendered":"ISDN ANSCHLUSS TELEFON 3CX Angebot Telefon 07164 90 97 00"},"content":{"rendered":"<h2>\n<p>Kennen Sie die Anspr\u00fcche an Ihre neue <strong><strong>3CX<\/strong><\/strong> <strong><strong>TK-Anlage<\/strong><\/strong> bereits?<\/p>\n<\/h2>\n<p><h3>Eine moderne <strong>3CX<\/strong> <strong>Telefonanlage<\/strong> erleichtert die Unternehmensprozesse. Optimieren Sie Ihr Unternehmen mit der neusten und flexiblen <strong>3CX<\/strong> Telefonanlage. Eine <strong>3CX<\/strong> <strong>Telefonanlage<\/strong> die ma\u00dfgeschneidert auf Ihre Anspr\u00fcche abgestimmt ist und mit dem Unternehmen gro\u00df werden kann.<\/h3>\n<\/p>\n<p>Eine neue Arbeitswelt die mobil unterwegs ist. Telefonieren Sie mit Ihrem Mobiltelefon \u00fcber die <strong>3CX<\/strong> <strong>TK-Anlage<\/strong> mit Ihren Kunden. Selbstverst\u00e4ndlich \u00fcber Ihre Festnetz-Telefonnummer als Absender-Kennung. besch\u00fctzen Sie die Privatsph\u00e4re und beweisen Sie Professionalit\u00e4t.<\/p>\n<p>die <strong>3CX<\/strong> <strong>TK-Anlage<\/strong>n wurden f\u00fcr mobiles arbeiten designed. Als moderne Cloud <strong>3CX<\/strong> <strong>TK-Anlage<\/strong> oder auf Ihrer privaten Hardware hausintern gehostet. Die Installation und die Verwaltung ist einfach. Sie erhalten dadurch eine sichere, verl\u00e4ssliche und variable <strong>3CX<\/strong> TK-Anlage.<\/p>\n<h2>Faire Preise f\u00fcr Ihre brandneue 3CX <strong>TK-Anlage<\/strong><\/h2>\n<p>Ein einmaliges Preis- und Leistungsverh\u00e4ltnis. Richten Sie unendlich viele Nebenstellen ein, immer genau da wo Sie sie gerade w\u00fcnschen und sparen Sie Kosten.<\/p>\n<h2>Erkennen Sie Ihre Anrufenden!<\/h2>\n<p>Bei Eingang eines Anrufs exakt wissen wer gerade anruft. Infos sind alles. F\u00fcr Mitarbeiter sowie die Gesch\u00e4ftsf\u00fchrung. Somit wissen Sie exakt was l\u00e4uft. W\u00e4hlen Sie mit einem simplen Mausklick aus dem CRM oder Ihrer Business Software jede Telefonnummer.<\/p>\n<p>W\u00e4re es nicht toll, wenn Sie von einer zentralen Oberfl\u00e4che heraus s\u00e4mtliche Anrufe realisieren, empfangen und bearbeiten oder aber den Status Ihrer Mitarbeiter abfragen, eingehende Chat-Nachrichten beantworten und Videoanrufe f\u00fchren k\u00f6nnten? Mit dem Webclient als Softphone sowie der Windows Desktop Applikation wird all das sowie noch reichlich mehr machbar.<\/p>\n<h2>Microsoft 365 Zusammenf\u00fchrung<\/h2>\n<p>Benutzt Ihre Firma Microsoft 365? Dann verkn\u00fcpfen Sie dieses unproblematisch mit der <strong>3CX<\/strong> <strong>Telefonanlage<\/strong> und kombinieren Sie s\u00e4mtliche Vorz\u00fcge beider Systeme! Anwender k\u00f6nnen nahtlos \u00fcber beide Applikationen arbeiten, Kontakte bearbeiten und Vorgehensweisen schlanker machen, um die Effizienz zu erh\u00f6hen und Kunden zu inspirieren. <\/p>\n<h2>Kontakte mit dem <strong>3CX<\/strong> Teilnehmerverzeichnis synchronisieren<\/h2>\n<h2>MS Teams Telefonie-Integration<\/h2>\n<ol>\n<li>Realisierung externer Telefongespr\u00e4che via <strong>3CX<\/strong> SIP-Trunks<\/li>\n<\/li>\n<li>Eliminieren Microsoft\u00b4s kostspieliger Inlands-\/globaler Tarife<\/li>\n<\/li>\n<\/ol>\n<h3>Unsere Techniker unterst\u00fctzen, organisieren Hardware und Softwareanwendungen, installieren, konfigurieren, nehmen in Betrieb und Supporten Ihre neue <strong>3CX<\/strong> <strong>Telefonanlage<\/strong>. Sie haben Fragen, oder wollen die derzeitige Preisliste anfordern? Sie erreichen uns unter Telefon 07164 909700 sowie per E-Mail-Nachricht unter support@kaelberer-online.de<\/h3>\n<h2>Konnten wir Sie neugierig machen?<\/h2>\n<p>Jede Menge zus\u00e4tzliche top Features warten auf Sie.<\/p>\n<ul>\n<li>Verwendung der Unternehmens-Durchwahlnummer auf Ihrem Smartphone<\/li>\n<li>Enth\u00e4lt mobile Apps f\u00fcr das Betriebssystem Windows, Web, iOS &#038; Android<\/li>\n<li>Kontrolle \u00fcber die Leitungen und Telefongespr\u00e4chskosten<\/li>\n<li>Anruf-Protokolle im Kundendatensatz f\u00fcr transparente Anrufhistorie<\/li>\n<li>Benutzerdefinierte Call Flows automatisieren Anfragen &#038; Arbeitsschritte<\/li>\n<li>Absolut keine Schulung notwendig \u2013 unmittelbar einsteigen<\/li>\n<li>Zurverf\u00fcgungstellung Ihrer Instanz bei einem Top-Cloud-Experten<\/li>\n<li>Simples Weiterreichen von Anrufen und Chatten mit Arbeitskollegen<\/li>\n<li>Direkter Kontakt \u00fcber Anrufe, Video sowie Instant Messaging<\/li>\n<li>Unbegrenzte Zahl von Benutzern umsonst in <strong>3CX<\/strong> enthalten<\/li>\n<li>Verbinden von remote Firmenb\u00fcros und interne Anrufkosten eliminieren<\/li>\n<li>Hochflexible eingehende\/ausgehende Vorgaben, DIDs &#038; Ring Groups<\/li>\n<li>Zeitgewinnung mittels automatischer Anzeige von Kundendaten<\/li>\n<li>Kinderleichte Skalierbarkeit der TK-Installation<\/li>\n<li>Telefonrechnung um bis zu 80 % verringern durch Wechsel zu <strong>3CX<\/strong><\/li>\n<li>Eingebettete browserbasierte Videokonferenzen<\/li>\n<li>Abgesicherte Verbindungen garantieren Privatsph\u00e4re und Schutz<\/li>\n<li>Plug &#038; Play mit IP-Telefonen, Gateways &#038; SIP-Trunks<\/li>\n<li>Starten eines Videoanrufs von Ihrem Smartphone aus<\/li>\n<\/ul>\n<h3>Fordern Sie erg\u00e4nzende Infos sowie ein Produktangebot bei uns an. Nat\u00fcrlich stellen wir Ihnen auch eine komplette Featureliste zur Verf\u00fcgung.<\/h3>\n<p>[contact-form-7 id=&#8220;5&#8243; title=&#8220;Contact form 1&#8243;]<\/p>\n","protected":false},"excerpt":{"rendered":"<p>Kennen Sie die Anspr\u00fcche an Ihre neue 3CX TK-Anlage bereits? Eine moderne 3CX Telefonanlage erleichtert die Unternehmensprozesse. Optimieren Sie Ihr Unternehmen mit der neusten und flexiblen 3CX Telefonanlage. Eine 3CX Telefonanlage die ma\u00dfgeschneidert auf Ihre Anspr\u00fcche abgestimmt ist und mit dem Unternehmen gro\u00df werden kann. Eine neue Arbeitswelt die mobil unterwegs ist. Telefonieren Sie mit &hellip; <a href=\"https:\/\/www.kaelberer-online.de\/services\/telefonanlagen\/isdn-anschluss-telefon-3cx\/\" class=\"more-link\">Continue reading<span class=\"screen-reader-text\"> &#8222;ISDN ANSCHLUSS TELEFON 3CX Angebot Telefon 07164 90 97 00&#8220;<\/span><\/a><\/p>\n","protected":false},"author":2,"featured_media":309,"parent":26,"menu_order":0,"comment_status":"closed","ping_status":"closed","template":"","meta":{"footnotes":""},"class_list":["post-308","page","type-page","status-publish","has-post-thumbnail","hentry"],"_links":{"self":[{"href":"https:\/\/www.kaelberer-online.de\/services\/wp-json\/wp\/v2\/pages\/308","targetHints":{"allow":["GET"]}}],"collection":[{"href":"https:\/\/www.kaelberer-online.de\/services\/wp-json\/wp\/v2\/pages"}],"about":[{"href":"https:\/\/www.kaelberer-online.de\/services\/wp-json\/wp\/v2\/types\/page"}],"author":[{"embeddable":true,"href":"https:\/\/www.kaelberer-online.de\/services\/wp-json\/wp\/v2\/users\/2"}],"replies":[{"embeddable":true,"href":"https:\/\/www.kaelberer-online.de\/services\/wp-json\/wp\/v2\/comments?post=308"}],"version-history":[{"count":0,"href":"https:\/\/www.kaelberer-online.de\/services\/wp-json\/wp\/v2\/pages\/308\/revisions"}],"up":[{"embeddable":true,"href":"https:\/\/www.kaelberer-online.de\/services\/wp-json\/wp\/v2\/pages\/26"}],"wp:featuredmedia":[{"embeddable":true,"href":"https:\/\/www.kaelberer-online.de\/services\/wp-json\/wp\/v2\/media\/309"}],"wp:attachment":[{"href":"https:\/\/www.kaelberer-online.de\/services\/wp-json\/wp\/v2\/media?parent=308"}],"curies":[{"name":"wp","href":"https:\/\/api.w.org\/{rel}","templated":true}]}}