{"id":306,"date":"2021-11-11T23:26:14","date_gmt":"2021-11-11T23:26:14","guid":{"rendered":"https:\/\/kaelberer-online.de\/services\/?page_id=306"},"modified":"2021-11-11T23:26:14","modified_gmt":"2021-11-11T23:26:14","slug":"telefonanlage-3-telefone-3cx","status":"publish","type":"page","link":"https:\/\/www.kaelberer-online.de\/services\/telefonanlagen\/telefonanlage-3-telefone-3cx\/","title":{"rendered":"TELEFONANLAGE 3 TELEFONE 3CX Preise Tel. 07164 90 97 00"},"content":{"rendered":"<h2>\n<p>Wissen Sie die Vorgaben an Ihre neue <strong><strong>3CX<\/strong><\/strong> <strong><strong>Telefonanlage<\/strong><\/strong> schon?<\/p>\n<\/h2>\n<p><h3>Die aktuelle <strong>3CX<\/strong> <strong>TK-Anlage<\/strong> erleichtert die Gesch\u00e4ftsprozesse. Optimieren Sie Ihre Firma mit der neuen und flexiblen <strong>3CX<\/strong> <strong>TK-Anlage<\/strong>. Die <strong>3CX<\/strong> <strong>TK-Anlage<\/strong> die individuell auf Ihre Anspr\u00fcche zugeschnitten ist und mit Ihrem Unternehmen gro\u00df werden kann.<\/h3>\n<\/p>\n<p>Eine neue Arbeitswelt ist mobil unterwegs. Kommunizieren Sie mit Ihrem Mobiltelefon \u00fcber Ihre <strong>3CX<\/strong> <strong>Telefonanlage<\/strong> mit Ihren Kunden. Selbstverst\u00e4ndlich mit Ihrer Festnetz-Rufnummer als Absenderkennung. bewahren Sie die Privatsph\u00e4re und beweisen Sie Professionalit\u00e4t.<\/p>\n<p>die <strong>3CX<\/strong> <strong>TK-Anlage<\/strong>n wurden f\u00fcr flexibles arbeiten entworfen. Als zeitgem\u00e4\u00dfe Cloud <strong>3CX<\/strong> <strong>TK-Anlage<\/strong> oder auf Ihrer pers\u00f6nlichen Hardware hausintern gehostet. Eine Installation und die Verwaltung ist einfach. Sie erhalten dadurch eine sichere, verl\u00e4ssliche sowie flexible <strong>3CX<\/strong> TK-Anlage.<\/p>\n<h2>Faire Preise f\u00fcr Ihre brandneue 3CX <strong>Telefonanlage<\/strong><\/h2>\n<p>Ein einmaliges Preis- und Leistungsverh\u00e4ltnis. Richten Sie grenzenlos viele Nebenstellen ein, stets exakt da wo Sie sie im Moment w\u00fcnschen und sparen Sie Kosten.<\/p>\n<h2>Best\u00e4rken Sie Ihr Verkaufspersonal.<\/h2>\n<p>Bei Eingang eines Anrufs genau wissen wer gerade anruft. Infos sind alles. F\u00fcr Angestellte oder die Gesch\u00e4ftsf\u00fchrung. So wissen Sie exakt was geht. W\u00e4hlen Sie mit einem trivialen Mausklick aus Ihrem CRM oder Ihrer Firmensoftware jede Telefonnummer.<\/p>\n<p>Ist es nicht genial, wenn Sie von einer zentralen Oberfl\u00e4che heraus s\u00e4mtliche Anrufe t\u00e4tigen, annehmen sowie bearbeiten oder aber den Status Ihrer Arbeitskollegen abfragen, eingehende Chat-News beantworten und Videoanrufe f\u00fchren k\u00f6nnten? Mit einem Webclient als Softphone sowie der Windows Desktop Applikation wird all das sowie noch jede Menge mehr m\u00f6glich.<\/p>\n<h2>Microsoft 365 Verzahnung<\/h2>\n<p>Benutzt Ihre Firma Microsoft 365? Dann verbinden Sie dieses unkompliziert mit der <strong>3CX<\/strong> <strong>Telefonanlage<\/strong> und kombinieren Sie jegliche Vorz\u00fcge beider Systeme! Anwender k\u00f6nnen nahtlos \u00fcber beide Applikationen arbeiten, Kontakte bearbeiten und Vorg\u00e4nge verschlanken, um die Effizienz zu erh\u00f6hen und Auftraggeber zu begeistern. <\/p>\n<h2>Kontakte mit dem <strong>3CX<\/strong> Teilnehmerverzeichnis synchronisieren<\/h2>\n<ol>\n<li>Anruf synchronisierter Kontakte per Webclient oder portabler Applikationen<\/li>\n<li>Automatisierte Synchronisation Ihrer pers\u00f6nlichen Kontakte<\/li>\n<li>Anwendungs-\u00fcbergreifende Verwaltung jeglicher Kontakte in MS 365<\/li>\n<\/ol>\n<h2>Microsoft Teams Telefonie-Integration<\/h2>\n<ol>\n<li>Eliminieren Microsoft\u00b4s teurer Inlands-\/internationaler Tarife<\/li>\n<\/li>\n<li>Durchf\u00fchrung externer Telefongespr\u00e4che \u00fcber <strong>3CX<\/strong> SIP-Trunks<\/li>\n<\/li>\n<\/ol>\n<h3>Unsere Techniker unterst\u00fctzen, beschaffen Hardware und Softwarel\u00f6sungen, installieren, konfigurieren, nehmen in Betrieb und Supporten Ihre brandneue <strong>3CX<\/strong> <strong>TK-Anlage<\/strong>. Sie haben Fragen, oder wollen unsere derzeitige Preisliste anfordern? Sie erreichen uns unter Telefon 07164 909700 sowie per E-Mail-Nachricht unter support@kaelberer-online.de<\/h3>\n<h2>Vermochten wir Ihr Interesse wecken?<\/h2>\n<p>Jede Menge zus\u00e4tzliche top Features warten auf Sie.<\/p>\n<ul>\n<li>Anrufe mit einem einzigen Klick geradewegs aus CRM heraus ausl\u00f6sen<\/li>\n<li>Unbegrenzte Anzahl von Anwendern geb\u00fchrenfrei in <strong>3CX<\/strong> enthalten<\/li>\n<li>Registrierung am Webclient \u2013 Einzelheiten in der Willkommens-E-Mail<\/li>\n<li>SIP-Forking \u2013 simultane Nutzung von <strong>3CX<\/strong> App und Tischtelefon<\/li>\n<li>Flexible Erreichbarkeit f\u00fcr Star-Kunden au\u00dferhalb der B\u00fcrozeiten<\/li>\n<li>Freih\u00e4ndiges Kommunizieren mit Hilfe Siri sowie Bluetooth-Einbindung<\/li>\n<li>Verwendung der B\u00fcro-Durchwahlnummer auf Ihrem Mobiltelefon<\/li>\n<li>Benutzerdefinierte Call Flows automatisieren Anfragen &#038; Prozesse<\/li>\n<li>Einfaches Weiterreichen von Kunden an die richtige Abteilung<\/li>\n<li>Simple Skalierbarkeit der TK-Installation<\/li>\n<li>Zurverf\u00fcgungstellung Ihrer Entit\u00e4t bei einem Super-Cloud-Experten<\/li>\n<li>Virtualisieren mit VMware, Hyper-V oder KVM<\/li>\n<li>Unentgeltliche B\u00fcro-Anrufe f\u00fcr remote &#038; reisende Mitarbeiter<\/li>\n<li>Zuordnung der Anrufer-ID zu dem Datensatz in Ihrem CRM<\/li>\n<li>Erstellung eines neuen Kundendatensatzes f\u00fcr neue Rufnummern<\/li>\n<\/ul>\n<h3>Fragen Sie erg\u00e4nzende Infos und ein Produktangebot bei unserer Firma an. Selbstverst\u00e4ndlich stellen wir Ihnen auch eine vollst\u00e4ndige Featureliste zur Verf\u00fcgung.<\/h3>\n<p>[contact-form-7 id=&#8220;5&#8243; title=&#8220;Contact form 1&#8243;]<\/p>\n","protected":false},"excerpt":{"rendered":"<p>Wissen Sie die Vorgaben an Ihre neue 3CX Telefonanlage schon? Die aktuelle 3CX TK-Anlage erleichtert die Gesch\u00e4ftsprozesse. Optimieren Sie Ihre Firma mit der neuen und flexiblen 3CX TK-Anlage. Die 3CX TK-Anlage die individuell auf Ihre Anspr\u00fcche zugeschnitten ist und mit Ihrem Unternehmen gro\u00df werden kann. Eine neue Arbeitswelt ist mobil unterwegs. Kommunizieren Sie mit Ihrem &hellip; <a href=\"https:\/\/www.kaelberer-online.de\/services\/telefonanlagen\/telefonanlage-3-telefone-3cx\/\" class=\"more-link\">Continue reading<span class=\"screen-reader-text\"> &#8222;TELEFONANLAGE 3 TELEFONE 3CX Preise Tel. 07164 90 97 00&#8220;<\/span><\/a><\/p>\n","protected":false},"author":2,"featured_media":307,"parent":26,"menu_order":0,"comment_status":"closed","ping_status":"closed","template":"","meta":{"footnotes":""},"class_list":["post-306","page","type-page","status-publish","has-post-thumbnail","hentry"],"_links":{"self":[{"href":"https:\/\/www.kaelberer-online.de\/services\/wp-json\/wp\/v2\/pages\/306","targetHints":{"allow":["GET"]}}],"collection":[{"href":"https:\/\/www.kaelberer-online.de\/services\/wp-json\/wp\/v2\/pages"}],"about":[{"href":"https:\/\/www.kaelberer-online.de\/services\/wp-json\/wp\/v2\/types\/page"}],"author":[{"embeddable":true,"href":"https:\/\/www.kaelberer-online.de\/services\/wp-json\/wp\/v2\/users\/2"}],"replies":[{"embeddable":true,"href":"https:\/\/www.kaelberer-online.de\/services\/wp-json\/wp\/v2\/comments?post=306"}],"version-history":[{"count":0,"href":"https:\/\/www.kaelberer-online.de\/services\/wp-json\/wp\/v2\/pages\/306\/revisions"}],"up":[{"embeddable":true,"href":"https:\/\/www.kaelberer-online.de\/services\/wp-json\/wp\/v2\/pages\/26"}],"wp:featuredmedia":[{"embeddable":true,"href":"https:\/\/www.kaelberer-online.de\/services\/wp-json\/wp\/v2\/media\/307"}],"wp:attachment":[{"href":"https:\/\/www.kaelberer-online.de\/services\/wp-json\/wp\/v2\/media?parent=306"}],"curies":[{"name":"wp","href":"https:\/\/api.w.org\/{rel}","templated":true}]}}