{"id":302,"date":"2021-11-16T05:00:19","date_gmt":"2021-11-16T05:00:19","guid":{"rendered":"https:\/\/kaelberer-online.de\/services\/?page_id=302"},"modified":"2021-11-16T05:00:19","modified_gmt":"2021-11-16T05:00:19","slug":"telefonanlage-4-nebenstellen-3cx","status":"publish","type":"page","link":"https:\/\/www.kaelberer-online.de\/services\/telefonanlagen\/telefonanlage-4-nebenstellen-3cx\/","title":{"rendered":"TELEFONANLAGE 4 NEBENSTELLEN 3CX Angebot Telefon 07164 90 97 00"},"content":{"rendered":"<h2>\n<p>Kennen Sie die Anspr\u00fcche an Ihre neue <strong><strong>3CX<\/strong><\/strong> <strong><strong>Telefonanlage<\/strong><\/strong> schon?<\/p>\n<\/h2>\n<p><h3>Die moderne <strong>3CX<\/strong> <strong>TK-Anlage<\/strong> vereinfacht die Unternehmensprozesse. Optimieren Sie Ihre Firma mit der neuen und flexiblen <strong>3CX<\/strong> Telefonanlage. Die <strong>3CX<\/strong> <strong>TK-Anlage<\/strong> die ma\u00dfgeschneidert auf Ihre Anforderungen zugeschnitten ist und mit dem Unternehmen wachsen kann.<\/h3>\n<\/p>\n<p>Die neue Arbeitswelt ist mobil unterwegs. Kommunizieren Sie mit einem Mobiltelefon \u00fcber Ihre <strong>3CX<\/strong> <strong>TK-Anlage<\/strong> mit Ihren Klienten. Selbstverst\u00e4ndlich mit Ihrer Festnetz-Telefonnummer als Absenderkennung. bewahren Sie Ihre Privatsph\u00e4re und zeigen Sie Professionalit\u00e4t.<\/p>\n<p>die <strong>3CX<\/strong> <strong>TK-Anlage<\/strong>n wurden f\u00fcr flexibles arbeiten designed. Als moderne Cloud <strong>3CX<\/strong> <strong>TK-Anlage<\/strong> oder auf der eigenen Hardware hausintern gehostet. Die Installation und die Verwaltung ist einfach. Sie bekommen damit eine sichere, verl\u00e4ssliche sowie anpassungsf\u00e4hige <strong>3CX<\/strong> TK-Anlage.<\/p>\n<h2>Gute Preise f\u00fcr Ihre neue 3CX <strong>Telefonanlage<\/strong><\/h2>\n<p>Ein unschlagbares Preis- und Leistungsverh\u00e4ltnis. Richten Sie grenzenlos viele Nebenstellen ein, stets exakt da wo Sie sie im Moment ben\u00f6tigen und sparen Sie Kosten.<\/p>\n<h2>St\u00e4rken Sie Ihr Personal.<\/h2>\n<p>Bei Eingang eines Telefonanrufs genau wissen wer im Moment anruft. Infos sind alles. F\u00fcr Angestellte und die Gesch\u00e4ftsleitung. Dadurch wissen Sie genau was geht. W\u00e4hlen Sie mit einem einfachen Mausklick aus dem CRM oder Ihrer Firmensoftware jede Telefonnummer.<\/p>\n<p>W\u00e4re es nicht fantastisch, wenn Sie von einer zentralen Oberfl\u00e4che heraus alle Anrufe realisieren, entgegen nehmen sowie bearbeiten oder aber den Status Ihrer Kollegen in Erfahrung bringen, eingehende Chat-Nachrichten beantworten und Videoanrufe initiieren k\u00f6nnten? Mit einem Webclient als Softphone sowie der Windows Desktop Applikation wird all das sowie noch jede Menge mehr realisierbar.<\/p>\n<h2>MS 365 Einbindung<\/h2>\n<p>Benutzt Ihre Firma Microsoft 365? Dann vernetzen Sie dieses bequem mit der <strong>3CX<\/strong> <strong>Telefonanlage<\/strong> und kombinieren Sie s\u00e4mtliche Vorz\u00fcge beider Systeme! User k\u00f6nnen \u00fcbergangslos \u00fcber beide Applikationen arbeiten, Kontakte bearbeiten und Abl\u00e4ufe schlanker machen, um die Effektivit\u00e4t zu steigern und Kunden zu inspirieren. <\/p>\n<h2>Kontakte mit Ihrem <strong>3CX<\/strong> Telefonbuch abgleichen<\/h2>\n<h2>MS Teams Telefonie-Zusammenf\u00fchrung<\/h2>\n<ol>\n<li>Selektion eines speziellen preiswerten SIP-Anbieters Ihrer Region<\/li>\n<\/li>\n<li>Realisierung externer Telefongespr\u00e4che mittels <strong>3CX<\/strong> SIP-Trunks<\/li>\n<\/li>\n<\/ol>\n<h3>Unsere Mitarbeiter unterst\u00fctzen, beschaffen Hardware sowie Software, richten ein, konfigurieren, nehmen in Betrieb und Supporten Ihre brandneue <strong>3CX<\/strong> <strong>TK-Anlage<\/strong>. Sie haben Fragen, oder wollen die aktuelle Liste der Preise anfordern? Sie erreichen uns unter Telefon 07164 909700 oder per E-Mail-Nachricht unter support@kaelberer-online.de<\/h3>\n<h2>Konnten wir Sie neugierig machen?<\/h2>\n<p>Jede Menge zus\u00e4tzliche tolle Features warten auf Sie.<\/p>\n<ul>\n<li>Kontrolle \u00fcber Ihre Leitungen und Telefongespr\u00e4chskosten<\/li>\n<li>Erstellung eines neuen Kundendatensatzes f\u00fcr neue Rufnummern<\/li>\n<li>Selbst\u00e4ndig Hosten \u00fcber Google, Amazon, Microsoft &#038; mehr<\/li>\n<li>Selektieren Sie im Men\u00fc oben das QR-Code-Symbol f\u00fcr dessen Scan<\/li>\n<li>Unentgeltliche B\u00fcro-Anrufe f\u00fcr remote &#038; reisende Arbeitnehmer<\/li>\n<li>Einleiten eines Videoanrufs von Ihrem Mobiltelefon aus<\/li>\n<li>Auf g\u00fcnstigem Raspberry Pi und MiniPC als Telefonie-Appliance<\/li>\n<li>Keine Lizenzierung pro Nebenstelle, grenzenlos viele Nebenstellen<\/li>\n<li>Flexible hereinkommende\/ausgehende Vorgaben, DIDs &#038; Ring Groups<\/li>\n<li>Keine Lizenzierung pro Nebenstelle, unbeschr\u00e4nkt viele Nebenstellen<\/li>\n<li>Zusammenf\u00fchrung von Website-Livechat, Facebook-Messaging wie auch SMS<\/li>\n<li>Wechsel zwischen Sprach- wie auch Videoanrufen mit einem Fingertipp<\/li>\n<li>Zuteilung der Anrufer-ID zu einem Datensatz in Ihrem CRM<\/li>\n<li>Automatisierte Anpassung von Firewall-Regeln<\/li>\n<li>Intelligente Nutzerverwaltung spart jede Menge Stunden Arbeit<\/li>\n<li>Zufriedene Klienten wie auch weniger M\u00fchen f\u00fcr Ihre Besch\u00e4ftigten<\/li>\n<li>Simples Weiterreichen von Anrufen und Chatten mit Kollegen<\/li>\n<li>Administration von System &#038; Benutzern von beliebigem Standort<\/li>\n<li>Perfekte Skalierbarkeit der <strong>Telefonanlage<\/strong>n-Installation<\/li>\n<li>Keine Tischtelefone vonn\u00f6ten \u2013 Gebrauchen Sie Ihr Mobiltelefon<\/li>\n<li>Verbinden von remote B\u00fcros und interne Anrufkosten beseitigen<\/li>\n<\/ul>\n<h3>Fragen Sie erg\u00e4nzende Unterlagen und ein Angebot bei unserer Firma an. Nat\u00fcrlich stellen wir Ihnen auch eine komplette Featureliste zur Verf\u00fcgung.<\/h3>\n<p>[contact-form-7 id=&#8220;5&#8243; title=&#8220;Contact form 1&#8243;]<\/p>\n","protected":false},"excerpt":{"rendered":"<p>Kennen Sie die Anspr\u00fcche an Ihre neue 3CX Telefonanlage schon? Die moderne 3CX TK-Anlage vereinfacht die Unternehmensprozesse. Optimieren Sie Ihre Firma mit der neuen und flexiblen 3CX Telefonanlage. Die 3CX TK-Anlage die ma\u00dfgeschneidert auf Ihre Anforderungen zugeschnitten ist und mit dem Unternehmen wachsen kann. Die neue Arbeitswelt ist mobil unterwegs. Kommunizieren Sie mit einem Mobiltelefon &hellip; <a href=\"https:\/\/www.kaelberer-online.de\/services\/telefonanlagen\/telefonanlage-4-nebenstellen-3cx\/\" class=\"more-link\">Continue reading<span class=\"screen-reader-text\"> &#8222;TELEFONANLAGE 4 NEBENSTELLEN 3CX Angebot Telefon 07164 90 97 00&#8220;<\/span><\/a><\/p>\n","protected":false},"author":2,"featured_media":303,"parent":26,"menu_order":0,"comment_status":"closed","ping_status":"closed","template":"","meta":{"footnotes":""},"class_list":["post-302","page","type-page","status-publish","has-post-thumbnail","hentry"],"_links":{"self":[{"href":"https:\/\/www.kaelberer-online.de\/services\/wp-json\/wp\/v2\/pages\/302","targetHints":{"allow":["GET"]}}],"collection":[{"href":"https:\/\/www.kaelberer-online.de\/services\/wp-json\/wp\/v2\/pages"}],"about":[{"href":"https:\/\/www.kaelberer-online.de\/services\/wp-json\/wp\/v2\/types\/page"}],"author":[{"embeddable":true,"href":"https:\/\/www.kaelberer-online.de\/services\/wp-json\/wp\/v2\/users\/2"}],"replies":[{"embeddable":true,"href":"https:\/\/www.kaelberer-online.de\/services\/wp-json\/wp\/v2\/comments?post=302"}],"version-history":[{"count":0,"href":"https:\/\/www.kaelberer-online.de\/services\/wp-json\/wp\/v2\/pages\/302\/revisions"}],"up":[{"embeddable":true,"href":"https:\/\/www.kaelberer-online.de\/services\/wp-json\/wp\/v2\/pages\/26"}],"wp:featuredmedia":[{"embeddable":true,"href":"https:\/\/www.kaelberer-online.de\/services\/wp-json\/wp\/v2\/media\/303"}],"wp:attachment":[{"href":"https:\/\/www.kaelberer-online.de\/services\/wp-json\/wp\/v2\/media?parent=302"}],"curies":[{"name":"wp","href":"https:\/\/api.w.org\/{rel}","templated":true}]}}