{"id":294,"date":"2021-11-23T23:40:45","date_gmt":"2021-11-23T23:40:45","guid":{"rendered":"https:\/\/kaelberer-online.de\/services\/?page_id=294"},"modified":"2021-11-23T23:40:45","modified_gmt":"2021-11-23T23:40:45","slug":"telefon-isdn-faehig-3cx","status":"publish","type":"page","link":"https:\/\/www.kaelberer-online.de\/services\/telefonanlagen\/telefon-isdn-faehig-3cx\/","title":{"rendered":"TELEFON ISDN F\u00c4HIG 3CX Service Telefon 07164 90 97 00"},"content":{"rendered":"<h2>\n<p>Wissen Sie die Anspr\u00fcche an Ihre neue <strong><strong>3CX<\/strong><\/strong> <strong><strong>TK-Anlage<\/strong><\/strong> bereits?<\/p>\n<\/h2>\n<p><h3>Die aktuelle <strong>3CX<\/strong> <strong>Telefonanlage<\/strong> vereinfacht die Firmenprozesse. Optimieren Sie Ihr Unternehmen mit einer brandneuen und flexiblen <strong>3CX<\/strong> <strong>TK-Anlage<\/strong>. Eine <strong>3CX<\/strong> <strong>TK-Anlage<\/strong> die individuell auf Ihre Vorgaben angepasst ist und mit dem Unternehmen gro\u00df werden kann.<\/h3>\n<\/p>\n<p>Eine neue Arbeitswelt ist mobil unterwegs. Kommunizieren Sie mit einem Mobiltelefon \u00fcber Ihre <strong>3CX<\/strong> <strong>Telefonanlage<\/strong> mit Ihren Klienten. Nat\u00fcrlich \u00fcber Ihre Festnetz-Rufnummer als Absenderkennung. Wahren Sie Ihre Privatsph\u00e4re und beweisen Sie Seriosit\u00e4t.<\/p>\n<p>Unsere <strong>3CX<\/strong> <strong>Telefonanlage<\/strong>n werden f\u00fcr flexibles arbeiten designed. Als moderne Cloud <strong>3CX<\/strong> <strong>Telefonanlage<\/strong> oder auf Ihrer privaten Hardware hausintern gehostet. Die Installation und die Konfiguration ist unkompliziert. Sie bekommen dadurch eine sichere, zuverl\u00e4ssige und variable <strong>3CX<\/strong> <strong>Telefonanlage<\/strong>.<\/p>\n<h2>Gute Preise f\u00fcr Ihre brandneue 3CX <strong>Telefonanlage<\/strong><\/h2>\n<p>Ein einmaliges Preis- und Leistungsverh\u00e4ltnis. Richten Sie unendlich viele Nebenstellen ein, stets pr\u00e4zise da wo Sie sie gerade w\u00fcnschen und sparen Sie Kosten.<\/p>\n<h2>Erkennen Sie Ihre Anrufenden!<\/h2>\n<p>Bei Eingang eines Anrufs pr\u00e4zise wissen wer im Moment anruft. Informationen sind alles. F\u00fcr Besch\u00e4ftigte oder die Leitung. Auf diese Weise wissen Sie exakt was geht. W\u00e4hlen Sie mit einem einfachen Klick aus Ihrem CRM oder Ihrer Firmensoftware jede Rufnummer.<\/p>\n<p>Ist es nicht fantastisch, wenn Sie von einer zentralen Oberfl\u00e4che heraus jegliche Anrufe realisieren, entgegennehmen sowie bearbeiten oder aber den Status Ihrer Mitarbeiter abfragen, eingehende Chat-News beantworten und Videoanrufe initiieren k\u00f6nnten? Mit einem Webclient als Softphone sowie der Windows Desktop App ist alles das und noch reichlich mehr machbar.<\/p>\n<h2>MS 365 Integration<\/h2>\n<p>Nutzt Ihre Firma MS 365? In diesem Fall verkn\u00fcpfen Sie dieses direkt mit der <strong>3CX<\/strong> <strong>TK-Anlage<\/strong> und kombinieren Sie alle Vorz\u00fcge beider Systeme! Anwender k\u00f6nnen nahtlos \u00fcber beide Applikationen arbeiten, Kontakte bearbeiten und Arbeitsschritte verschlanken, um ihre Effizienz zu steigern und Auftraggeber zu inspirieren. <\/p>\n<h2>Kontakte mit Ihrem <strong>3CX<\/strong> Telefonbuch abgleichen<\/h2>\n<h2>MS Teams Telefonie-Verzahnung<\/h2>\n<ol>\n<li>Selektion eines eigenen optimalen SIP-Dienstleisters Ihrer Gegend<\/li>\n<\/li>\n<li>Durchf\u00fchrung externer Telefongespr\u00e4che \u00fcber <strong>3CX<\/strong> SIP-Trunks<\/li>\n<\/li>\n<li>Ausschalten Microsoft\u00b4s kostspieliger Inlands-\/internationaler Tarife<\/li>\n<\/li>\n<\/ol>\n<h3>Unsere Techniker beraten, organisieren Hardware wie auch Softwarel\u00f6sungen, installieren, konfigurieren, nehmen in Betrieb und Supporten Ihre brandneue <strong>3CX<\/strong> <strong>TK-Anlage<\/strong>. Sie haben Fragen, oder m\u00f6chten unsere derzeitige Preisliste anfordern? Sie erreichen uns unter Telefon 07164 909700 oder per E-Mail-Nachricht unter support@kaelberer-online.de<\/h3>\n<h2>Konnten wir Sie neugierig machen?<\/h2>\n<p>Unz\u00e4hlige weitere tolle Features warten auf Sie.<\/p>\n<ul>\n<li>Nutzung der B\u00fcro-Durchwahlnummer auf Ihrem Smartphone<\/li>\n<li>Anmeldung am Webclient \u2013 Einzelheiten in der Willkommens-E-Mail<\/li>\n<li>Automatisierte Einstellung von Firewall-Regularien<\/li>\n<li>M\u00fcheloses Weiterleiten von Kunden an die richtige Abteilung<\/li>\n<li>Jederzeit zwischen <strong>3CX<\/strong>-Hosting, on-Premise &#038; Ihrer Cloud wechseln<\/li>\n<li>Bequemes Implementieren und Verwalten ohne Schulungsbedarf<\/li>\n<li>Freih\u00e4ndiges Telefonieren mit Hilfe Siri sowie Bluetooth-Einbindung<\/li>\n<li>Selbst\u00e4ndig Hosten via Google, Amazon, Microsoft &#038; weitere<\/li>\n<li>Ver\u00e4ndern des eigenen Status wie auch Ansicht der Verf\u00fcgbarkeit des Projektteams<\/li>\n<li>Keine Tischtelefone vonn\u00f6ten \u2013 Gebrauchen Sie Ihr Smartphone<\/li>\n<li>Verwaltung, Sicherheits-Patches &#038; Version-Upgrades durch <strong>3CX<\/strong><\/li>\n<li>Verzahnung von Website-Livechat, Facebook-Messaging wie auch Kurznachrichten<\/li>\n<li>Telefonrechnung um bis zu 80 % verringern durch Wechsel zu <strong>3CX<\/strong><\/li>\n<li>Zufriedene Kunden sowie weniger M\u00fchen f\u00fcr Ihre Arbeitnehmer<\/li>\n<li>Keine Lizenzierung je Nebenstelle, unbeschr\u00e4nkt viele Nebenstellen<\/li>\n<li>Beinhaltet mobile Apps f\u00fcr Windows, Web, iOS &#038; Android<\/li>\n<li>Erstellung eines neuen Kundendatensatzes f\u00fcr neue Rufnummern<\/li>\n<li>Inklusive Datensicherungen \u00fcber Nacht und 24\/7-Kontrolle<\/li>\n<li>Eingebettete browserbasierte Videokonferenzen<\/li>\n<li>Schnellkonfiguration mit IP-Telefonen, Gateways &#038; SIP-Trunks<\/li>\n<li>4-stellige Kostenersparnis f\u00fcr Gespr\u00e4che mittels SIP-Trunk Ihrer Auswahl<\/li>\n<li>Direkter Kontakt \u00fcber Anrufe, Video wie auch Instant Messaging<\/li>\n<li>Zuteilung der Anrufer-ID zu dem Datensatz in Ihrem CRM<\/li>\n<li>Einfaches Weiterreichen von Anrufen und Chatten mit Arbeitskollegen<\/li>\n<\/ul>\n<h3>Fordern Sie mehr Infos oder ein Angebot bei unserer Firma an. Nat\u00fcrlich stellen wir Ihnen auch eine vollst\u00e4ndige Featureliste zur Verf\u00fcgung.<\/h3>\n<p>[contact-form-7 id=&#8220;5&#8243; title=&#8220;Contact form 1&#8243;]<\/p>\n","protected":false},"excerpt":{"rendered":"<p>Wissen Sie die Anspr\u00fcche an Ihre neue 3CX TK-Anlage bereits? Die aktuelle 3CX Telefonanlage vereinfacht die Firmenprozesse. Optimieren Sie Ihr Unternehmen mit einer brandneuen und flexiblen 3CX TK-Anlage. Eine 3CX TK-Anlage die individuell auf Ihre Vorgaben angepasst ist und mit dem Unternehmen gro\u00df werden kann. Eine neue Arbeitswelt ist mobil unterwegs. Kommunizieren Sie mit einem &hellip; <a href=\"https:\/\/www.kaelberer-online.de\/services\/telefonanlagen\/telefon-isdn-faehig-3cx\/\" class=\"more-link\">Continue reading<span class=\"screen-reader-text\"> &#8222;TELEFON ISDN F\u00c4HIG 3CX Service Telefon 07164 90 97 00&#8220;<\/span><\/a><\/p>\n","protected":false},"author":2,"featured_media":295,"parent":26,"menu_order":0,"comment_status":"closed","ping_status":"closed","template":"","meta":{"footnotes":""},"class_list":["post-294","page","type-page","status-publish","has-post-thumbnail","hentry"],"_links":{"self":[{"href":"https:\/\/www.kaelberer-online.de\/services\/wp-json\/wp\/v2\/pages\/294","targetHints":{"allow":["GET"]}}],"collection":[{"href":"https:\/\/www.kaelberer-online.de\/services\/wp-json\/wp\/v2\/pages"}],"about":[{"href":"https:\/\/www.kaelberer-online.de\/services\/wp-json\/wp\/v2\/types\/page"}],"author":[{"embeddable":true,"href":"https:\/\/www.kaelberer-online.de\/services\/wp-json\/wp\/v2\/users\/2"}],"replies":[{"embeddable":true,"href":"https:\/\/www.kaelberer-online.de\/services\/wp-json\/wp\/v2\/comments?post=294"}],"version-history":[{"count":0,"href":"https:\/\/www.kaelberer-online.de\/services\/wp-json\/wp\/v2\/pages\/294\/revisions"}],"up":[{"embeddable":true,"href":"https:\/\/www.kaelberer-online.de\/services\/wp-json\/wp\/v2\/pages\/26"}],"wp:featuredmedia":[{"embeddable":true,"href":"https:\/\/www.kaelberer-online.de\/services\/wp-json\/wp\/v2\/media\/295"}],"wp:attachment":[{"href":"https:\/\/www.kaelberer-online.de\/services\/wp-json\/wp\/v2\/media?parent=294"}],"curies":[{"name":"wp","href":"https:\/\/api.w.org\/{rel}","templated":true}]}}