{"id":280,"date":"2022-02-07T11:55:26","date_gmt":"2022-02-07T11:55:26","guid":{"rendered":"https:\/\/kaelberer-online.de\/services\/?page_id=280"},"modified":"2022-02-07T11:55:26","modified_gmt":"2022-02-07T11:55:26","slug":"telefonanlage-mit-tuersprechstelle-3cx","status":"publish","type":"page","link":"https:\/\/www.kaelberer-online.de\/services\/telefonanlagen\/telefonanlage-mit-tuersprechstelle-3cx\/","title":{"rendered":"TELEFONANLAGE MIT T\u00dcRSPRECHSTELLE 3CX Installation Tel. 07164 90 97 00"},"content":{"rendered":"<h2>\n<p>Kennen Sie die Anforderungen an Ihre neue <strong><strong>3CX<\/strong><\/strong> <strong><strong>TK-Anlage<\/strong><\/strong> bereits?<\/p>\n<\/h2>\n<p><h3>Die aktuelle <strong>3CX<\/strong> <strong>TK-Anlage<\/strong> vereinfacht Ihre Unternehmensprozesse. Optimieren Sie Ihre Firma mit einer neusten und flexiblen <strong>3CX<\/strong> <strong>TK-Anlage<\/strong>. Eine <strong>3CX<\/strong> <strong>Telefonanlage<\/strong> die ma\u00dfgeschneidert auf Ihre Anforderungen zugeschnitten ist und mit dem Unternehmen gro\u00df werden kann.<\/h3>\n<\/p>\n<p>Die neue Arbeitswelt ist mobil unterwegs. Kommunizieren Sie mit Ihrem Smartphone \u00fcber Ihre <strong>3CX<\/strong> <strong>TK-Anlage<\/strong> mit Ihren Klienten. Selbstverst\u00e4ndlich mit Ihrer Festnetz-Telefonnummer als Absender-Kennung. besch\u00fctzen Sie Ihre Privatsph\u00e4re und beweisen Sie Professionalit\u00e4t.<\/p>\n<p>die <strong>3CX<\/strong> <strong>Telefonanlage<\/strong>n werden auch f\u00fcr mobiles arbeiten konzipiert. Als moderne Cloud <strong>3CX<\/strong> <strong>TK-Anlage<\/strong> oder auf der pers\u00f6nlichen Hardware hausintern gehostet. Eine Installation und die Verwaltung ist unkompliziert. Sie bekommen dadurch eine sichere, zuverl\u00e4ssige und hochflexible <strong>3CX<\/strong> TK-Anlage.<\/p>\n<h2>Eine kosteneffektive, flexible L\u00f6sung<\/h2>\n<p>Ein einmaliges Preis- und Leistungsverh\u00e4ltnis. Richten Sie grenzenlos viele Nebenstellen ein, stets pr\u00e4zise da wo Sie sie gerade ben\u00f6tigen und sparen Sie Kosten.<\/p>\n<h2>Erkennen Sie Ihre Anrufer!<\/h2>\n<p>Bei Anrufeingang pr\u00e4zise wissen wer gerade anruft. Infos sind alles. F\u00fcr Angestellte sowie die Leitung. Somit wissen Sie pr\u00e4zise was geht. W\u00e4hlen Sie mit einem einfachen Click aus dem CRM oder Ihrer Business Software jede Telefonnummer.<\/p>\n<p>Ist es nicht prima, wenn Sie von einer zentralen Oberfl\u00e4che heraus alle Anrufe realisieren, entgegen nehmen sowie bearbeiten oder aber den Status Ihrer Kollegen in Erfahrung bringen, eingehende Chat-News beantworten und Videoanrufe initiieren k\u00f6nnten? Mit dem Webclient als Softphone sowie der Windows Desktop Applikation wird alles das und noch viel mehr realisierbar.<\/p>\n<h2>Microsoft 365 Zusammenf\u00fchrung<\/h2>\n<p>Benutzt Ihre Firma MS 365? In diesem Fall verkn\u00fcpfen Sie dieses bequem mit der <strong>3CX<\/strong> <strong>TK-Anlage<\/strong> und verschmelzen Sie jegliche Vorteile beider Systeme! Anwender k\u00f6nnen \u00fcbergangslos \u00fcber beide Apps arbeiten, Kontakte verwalten und Abl\u00e4ufe verschlanken, um die Effizienz zu erh\u00f6hen und Klienten zu begeistern. <\/p>\n<h2>Kontakte mit Ihrem <strong>3CX<\/strong> Teilnehmerverzeichnis abgleichen<\/h2>\n<ol>\n<li>App-\u00fcbergreifende Verwaltung s\u00e4mtlicher Kontakte in Microsoft 365<\/li>\n<li>Anruf synchronisierter Kontakte per Webclient oder mobilen Apps<\/li>\n<li>Automatische Synchronisation Ihrer privaten Kontakte<\/li>\n<\/ol>\n<h2>Microsoft Teams Telefonie-Zusammenf\u00fchrung<\/h2>\n<ol>\n<li>Selektion eines speziellen perfekten SIP-Anbieters Ihrer Region<\/li>\n<\/li>\n<li>Realisierung externer Telefongespr\u00e4che mittels <strong>3CX<\/strong> SIP-Trunks<\/li>\n<\/li>\n<li>Eliminieren Microsoft\u00b4s teurer Inlands-\/globaler Tarife<\/li>\n<\/li>\n<\/ol>\n<h3>Unsere Mitarbeiter informieren, organisieren Hardware wie auch Softwarel\u00f6sungen, richten ein, konfigurieren, nehmen in Betrieb und Supporten Ihre neue <strong>3CX<\/strong> <strong>Telefonanlage<\/strong>. Sie haben Fragen, oder wollen die aktuelle Preisliste anfordern? Sie erreichen uns unter Telefon 07164 909700 sowie per E-Mail-Nachricht unter support@kaelberer-online.de<\/h3>\n<h2>Vermochten wir Ihr Aufmerksamkeit wecken?<\/h2>\n<p>Viele zus\u00e4tzliche tolle Funktionen warten auf Sie.<\/p>\n<ul>\n<li>Abfrage von Klienten- oder Fallnummern, um Agenten Zeit zu sparen<\/li>\n<li>Keine Lizenzierung je Nebenstelle, grenzenlos viele Nebenstellen<\/li>\n<li>Inklusive Datensicherungen \u00fcber Nacht und 24\/7-Monitoring<\/li>\n<li>Unbegrenzte Zahl von Usern geb\u00fchrenfrei in <strong>3CX<\/strong> enthalten<\/li>\n<li>Anruf-Protokolle im Kundendatensatz f\u00fcr transparente Anrufhistorie<\/li>\n<li>Bietet mobile Apps f\u00fcr das Betriebssystem Windows, Web, iOS &#038; Android<\/li>\n<li>Beantwortung von Nachfragen via Livechat, Facebook &#038; SMS via Apps<\/li>\n<li>Verzicht auf teure Mobilanrufe zwischen Besch\u00e4ftigten sowie Klienten<\/li>\n<li>Verwendung der Unternehmens-Durchwahlnummer auf Ihrem Smartphone<\/li>\n<li>Direkter Kontakt \u00fcber Anrufe, Video sowie Instant Messaging<\/li>\n<li>Gesicherte Verbindungen gew\u00e4hrleisten Privatsph\u00e4re wie auch Schutz<\/li>\n<li>Verwaltung von System &#038; Nutzern von beliebigem Ort<\/li>\n<li>In Minuten User updaten\/hinzuf\u00fcgen wie auch Mailboxen realisieren<\/li>\n<li>Bereitstellung Ihrer Instanz bei einem Top-Cloud-Anbieter<\/li>\n<li>Freih\u00e4ndiges Anrufen mit Hilfe Siri und Bluetooth-Integration<\/li>\n<li>Anrufweiterleitung basierend auf Kundennummer oder Anfrage<\/li>\n<li>Flexible hereinkommende\/hinausgehende Regeln, DIDs &#038; Ring Groups<\/li>\n<li>Zusammenf\u00fchrung von Onlinepr\u00e4senz-Livechat, Facebook-Messaging wie auch SMS<\/li>\n<li>Anrufe mit einem einzigen Mausklick unmittelbar aus CRM heraus f\u00fchren<\/li>\n<\/ul>\n<h3>Fragen Sie zus\u00e4tzliche Informationen sowie ein Angebot bei uns an. Nat\u00fcrlich stellen wir Ihnen auch eine vollst\u00e4ndige Leistungs\u00fcbersicht zur Verf\u00fcgung.<\/h3>\n<p>[contact-form-7 id=&#8220;5&#8243; title=&#8220;Contact form 1&#8243;]<\/p>\n","protected":false},"excerpt":{"rendered":"<p>Kennen Sie die Anforderungen an Ihre neue 3CX TK-Anlage bereits? Die aktuelle 3CX TK-Anlage vereinfacht Ihre Unternehmensprozesse. Optimieren Sie Ihre Firma mit einer neusten und flexiblen 3CX TK-Anlage. Eine 3CX Telefonanlage die ma\u00dfgeschneidert auf Ihre Anforderungen zugeschnitten ist und mit dem Unternehmen gro\u00df werden kann. Die neue Arbeitswelt ist mobil unterwegs. Kommunizieren Sie mit Ihrem &hellip; <a href=\"https:\/\/www.kaelberer-online.de\/services\/telefonanlagen\/telefonanlage-mit-tuersprechstelle-3cx\/\" class=\"more-link\">Continue reading<span class=\"screen-reader-text\"> &#8222;TELEFONANLAGE MIT T\u00dcRSPRECHSTELLE 3CX Installation Tel. 07164 90 97 00&#8220;<\/span><\/a><\/p>\n","protected":false},"author":2,"featured_media":281,"parent":26,"menu_order":0,"comment_status":"closed","ping_status":"closed","template":"","meta":{"footnotes":""},"class_list":["post-280","page","type-page","status-publish","has-post-thumbnail","hentry"],"_links":{"self":[{"href":"https:\/\/www.kaelberer-online.de\/services\/wp-json\/wp\/v2\/pages\/280","targetHints":{"allow":["GET"]}}],"collection":[{"href":"https:\/\/www.kaelberer-online.de\/services\/wp-json\/wp\/v2\/pages"}],"about":[{"href":"https:\/\/www.kaelberer-online.de\/services\/wp-json\/wp\/v2\/types\/page"}],"author":[{"embeddable":true,"href":"https:\/\/www.kaelberer-online.de\/services\/wp-json\/wp\/v2\/users\/2"}],"replies":[{"embeddable":true,"href":"https:\/\/www.kaelberer-online.de\/services\/wp-json\/wp\/v2\/comments?post=280"}],"version-history":[{"count":0,"href":"https:\/\/www.kaelberer-online.de\/services\/wp-json\/wp\/v2\/pages\/280\/revisions"}],"up":[{"embeddable":true,"href":"https:\/\/www.kaelberer-online.de\/services\/wp-json\/wp\/v2\/pages\/26"}],"wp:featuredmedia":[{"embeddable":true,"href":"https:\/\/www.kaelberer-online.de\/services\/wp-json\/wp\/v2\/media\/281"}],"wp:attachment":[{"href":"https:\/\/www.kaelberer-online.de\/services\/wp-json\/wp\/v2\/media?parent=280"}],"curies":[{"name":"wp","href":"https:\/\/api.w.org\/{rel}","templated":true}]}}