{"id":278,"date":"2022-01-06T06:46:58","date_gmt":"2022-01-06T06:46:58","guid":{"rendered":"https:\/\/kaelberer-online.de\/services\/?page_id=278"},"modified":"2022-01-06T06:46:58","modified_gmt":"2022-01-06T06:46:58","slug":"telefonanlage-analog-4-nebenstellen-3cx","status":"publish","type":"page","link":"https:\/\/www.kaelberer-online.de\/services\/telefonanlagen\/telefonanlage-analog-4-nebenstellen-3cx\/","title":{"rendered":"TELEFONANLAGE ANALOG 4 NEBENSTELLEN 3CX Installation Telefon 07164 90 97 00"},"content":{"rendered":"<h2>\n<p>Kennen Sie die Vorgaben an Ihre neue <strong><strong>3CX<\/strong><\/strong> <strong><strong>Telefonanlage<\/strong><\/strong> bereits?<\/p>\n<\/h2>\n<p><h3>Die moderne <strong>3CX<\/strong> <strong>Telefonanlage<\/strong> erleichtert die Unternehmensprozesse. Optimieren Sie Ihre Firma mit der aktuellen und flexiblen <strong>3CX<\/strong> <strong>TK-Anlage<\/strong>. Eine <strong>3CX<\/strong> <strong>Telefonanlage<\/strong> die individuell auf Ihre Anspr\u00fcche abgestimmt ist und mit Ihrem Unternehmen gro\u00df werden kann.<\/h3>\n<\/p>\n<p>Die neue Arbeitswelt die mobil unterwegs ist. Kommunizieren Sie mit dem Handy \u00fcber Ihre <strong>3CX<\/strong> <strong>Telefonanlage<\/strong> mit Ihren Auftraggebern. Selbstverst\u00e4ndlich mit Ihrer Festnetz-Rufnummer als Absenderkennung. Wahren Sie Ihre Privatsph\u00e4re und beweisen Sie Professionalit\u00e4t.<\/p>\n<p>Unsere <strong>3CX<\/strong> <strong>Telefonanlage<\/strong>n wurden f\u00fcr flexibles arbeiten designed. Als aktuelle Cloud <strong>3CX<\/strong> <strong>TK-Anlage<\/strong> oder auf Ihrer pers\u00f6nlichen Hardware hausintern gehostet. Eine Installation und die Konfiguration ist unkompliziert. Sie bekommen dadurch eine sichere, verl\u00e4ssliche und vielseitige <strong>3CX<\/strong> <strong>Telefonanlage<\/strong>.<\/p>\n<h2>Eine gute, hochflexible L\u00f6sung<\/h2>\n<p>Ein tolles Preis- und Leistungsverh\u00e4ltnis. Richten Sie unbegrenzt viele Nebenstellen ein, immer exakt da wo Sie sie gerade brauchen und sparen Sie Kosten.<\/p>\n<h2>Ermitteln Sie Ihre Anrufer!<\/h2>\n<p>Bei Eingang eines Anrufs genau wissen wer im Moment anruft. Informationen sind alles. F\u00fcr Mitarbeiter sowie die Leitung. Auf diese Weise wissen Sie genau was geht. W\u00e4hlen Sie mit einem einfachen Klick aus Ihrem CRM oder Ihrer Firmensoftware jede Rufnummer.<\/p>\n<p>Ist es nicht phantastisch, wenn Sie von einer zentralen Oberfl\u00e4che heraus jegliche Anrufe realisieren, annehmen wie auch bearbeiten oder aber den Status Ihrer Arbeitskollegen abfragen, eingehende Livechat-News beantworten und Videoanrufe initiieren k\u00f6nnten? Mit einem Webclient als Softphone wie auch der Windows Desktop Applikation ist alles das und noch reichlich mehr realisierbar.<\/p>\n<h2>Microsoft 365 Einbindung<\/h2>\n<p>Verwendet Ihre Firma Microsoft 365? Dann verbinden Sie dieses ganz leicht mit der <strong>3CX<\/strong> <strong>TK-Anlage<\/strong> und verschmelzen Sie s\u00e4mtliche Vorz\u00fcge beider Systeme! Anwender k\u00f6nnen \u00fcbergangslos \u00fcber beide Apps arbeiten, Kontakte organisieren und Arbeitsschritte schlanker machen, um ihre Effektivit\u00e4t zu erh\u00f6hen und Kunden zu begeistern. <\/p>\n<h2>Kontakte mit Ihrem <strong>3CX<\/strong> Telefonbuch abgleichen<\/h2>\n<h2>MS Teams Telefonie-Verzahnung<\/h2>\n<ol>\n<li>Eliminieren Microsoft\u00b4s kostspieliger Inlands-\/globaler Tarife<\/li>\n<\/li>\n<li>Selektion eines speziellen g\u00fcnstigen SIP-Dienstleisters Ihrer Gegend<\/li>\n<\/li>\n<li>Realisierung externer Telefonate via <strong>3CX<\/strong> SIP-Trunks<\/li>\n<\/li>\n<\/ol>\n<h3>Unsere Mitarbeiter unterst\u00fctzen, organisieren Hardware sowie Software, richten ein, konfigurieren, nehmen in Betrieb und Supporten Ihre neue <strong>3CX<\/strong> <strong>TK-Anlage<\/strong>. Sie haben Fragen, oder wollen die aktuelle Preisliste anfordern? Sie erreichen uns unter Telefon 07164 909700 und per Mail unter support@kaelberer-online.de<\/h3>\n<h2>Konnten wir Ihr Aufmerksamkeit wecken?<\/h2>\n<p>Viele zus\u00e4tzliche top Features warten auf Sie.<\/p>\n<ul>\n<li>Direkter Kontakt mittels Anrufe, Video sowie Instant Messaging<\/li>\n<li>Enth\u00e4lt mobile Apps f\u00fcr Windows, Web, iOS &#038; Android<\/li>\n<li>Administration von System &#038; Nutzern von beliebigem Standort<\/li>\n<li>Wechsel zwischen Server &#038; Cloud \u2013 integriertes Backup &#038; Restore<\/li>\n<li>Anrufe mit einem einzigen Mausklick unmittelbar aus CRM heraus f\u00fchren<\/li>\n<li>Beantwortung von Nachfragen mittels Livechat, Facebook &#038; SMS via Apps<\/li>\n<li>Intelligente Verbindung f\u00fcr nahtlosen Wechsel zwischen Netzwerken<\/li>\n<li>In Minuten User aktualisieren\/hinzuf\u00fcgen wie auch Mailboxen einrichten<\/li>\n<li>Registrierung am Webclient \u2013 Einzelheiten in der Willkommens-E-Mail<\/li>\n<li>Integrierte browserbasierte Videokonferenzen<\/li>\n<li>Integration von Website-Livechat, Facebook-Messaging wie auch Kurznachrichten<\/li>\n<li>Laden Sie die App aus dem Google Play oder App Store runter<\/li>\n<li>Telefonrechnung um bis zu 80 % reduzieren durch Wechsel zu <strong>3CX<\/strong><\/li>\n<li>Lockdown-f\u00e4hig mit der kostenfreien App f\u00fcr Web, iOS &#038; Android<\/li>\n<li>Zufriedene Klienten sowie weniger Aufwand f\u00fcr Ihre Arbeitnehmer<\/li>\n<li>Fernkonfiguration \u00fcber QR-Code an Stelle umst\u00e4ndliche Einrichtung<\/li>\n<li>App \u00f6ffnen, QR Code scannen \u2013 schon sind Sie bereit!<\/li>\n<li>Auf g\u00fcnstigem Raspberry Pi und MiniPC als Telefonie-Appliance<\/li>\n<li>Identifizierung von Anrufern mit Hilfe CRM-Zusammenf\u00fchrung<\/li>\n<li>Perfekte Benutzerverwaltung spart unz\u00e4hlige Arbeitsstunden<\/li>\n<li>Einfaches Weiterleiten von Kunden an die richtige Abteilung<\/li>\n<li>SIP-Forking \u2013 parallele Benutzung von <strong>3CX<\/strong> Applikation sowie Tischtelefon<\/li>\n<li>Selbst\u00e4ndig Hosten via Google, Amazon, Microsoft &#038; weitere<\/li>\n<li>Bequemes Implementieren und Verwalten ohne Schulungsbedarf<\/li>\n<\/ul>\n<h3>Fordern Sie mehr Unterlagen sowie ein Produktangebot bei uns an. Gerne stellen wir Ihnen auch eine vollst\u00e4ndige Leistungs\u00fcbersicht zur Verf\u00fcgung.<\/h3>\n<p>[contact-form-7 id=&#8220;5&#8243; title=&#8220;Contact form 1&#8243;]<\/p>\n","protected":false},"excerpt":{"rendered":"<p>Kennen Sie die Vorgaben an Ihre neue 3CX Telefonanlage bereits? Die moderne 3CX Telefonanlage erleichtert die Unternehmensprozesse. Optimieren Sie Ihre Firma mit der aktuellen und flexiblen 3CX TK-Anlage. Eine 3CX Telefonanlage die individuell auf Ihre Anspr\u00fcche abgestimmt ist und mit Ihrem Unternehmen gro\u00df werden kann. Die neue Arbeitswelt die mobil unterwegs ist. Kommunizieren Sie mit &hellip; <a href=\"https:\/\/www.kaelberer-online.de\/services\/telefonanlagen\/telefonanlage-analog-4-nebenstellen-3cx\/\" class=\"more-link\">Continue reading<span class=\"screen-reader-text\"> &#8222;TELEFONANLAGE ANALOG 4 NEBENSTELLEN 3CX Installation Telefon 07164 90 97 00&#8220;<\/span><\/a><\/p>\n","protected":false},"author":2,"featured_media":279,"parent":26,"menu_order":0,"comment_status":"closed","ping_status":"closed","template":"","meta":{"footnotes":""},"class_list":["post-278","page","type-page","status-publish","has-post-thumbnail","hentry"],"_links":{"self":[{"href":"https:\/\/www.kaelberer-online.de\/services\/wp-json\/wp\/v2\/pages\/278","targetHints":{"allow":["GET"]}}],"collection":[{"href":"https:\/\/www.kaelberer-online.de\/services\/wp-json\/wp\/v2\/pages"}],"about":[{"href":"https:\/\/www.kaelberer-online.de\/services\/wp-json\/wp\/v2\/types\/page"}],"author":[{"embeddable":true,"href":"https:\/\/www.kaelberer-online.de\/services\/wp-json\/wp\/v2\/users\/2"}],"replies":[{"embeddable":true,"href":"https:\/\/www.kaelberer-online.de\/services\/wp-json\/wp\/v2\/comments?post=278"}],"version-history":[{"count":0,"href":"https:\/\/www.kaelberer-online.de\/services\/wp-json\/wp\/v2\/pages\/278\/revisions"}],"up":[{"embeddable":true,"href":"https:\/\/www.kaelberer-online.de\/services\/wp-json\/wp\/v2\/pages\/26"}],"wp:featuredmedia":[{"embeddable":true,"href":"https:\/\/www.kaelberer-online.de\/services\/wp-json\/wp\/v2\/media\/279"}],"wp:attachment":[{"href":"https:\/\/www.kaelberer-online.de\/services\/wp-json\/wp\/v2\/media?parent=278"}],"curies":[{"name":"wp","href":"https:\/\/api.w.org\/{rel}","templated":true}]}}