{"id":262,"date":"2021-12-12T15:17:08","date_gmt":"2021-12-12T15:17:08","guid":{"rendered":"https:\/\/kaelberer-online.de\/services\/?page_id=262"},"modified":"2021-12-12T15:17:08","modified_gmt":"2021-12-12T15:17:08","slug":"kosten-telefonanlage-3cx","status":"publish","type":"page","link":"https:\/\/www.kaelberer-online.de\/services\/telefonanlagen\/kosten-telefonanlage-3cx\/","title":{"rendered":"KOSTEN TELEFONANLAGE 3CX Angebot Tel. 07164 90 97 00"},"content":{"rendered":"<h2>\n<p>Wissen Sie die Anforderungen an Ihre neue <strong><strong>3CX<\/strong><\/strong> <strong><strong>TK-Anlage<\/strong><\/strong> bereits?<\/p>\n<\/h2>\n<p><h3>Eine aktuelle <strong>3CX<\/strong> <strong>TK-Anlage<\/strong> simplifiziert die Firmenprozesse. Optimieren Sie Ihr Unternehmen mit einer neusten und flexiblen <strong>3CX<\/strong> <strong>TK-Anlage<\/strong>. Eine <strong>3CX<\/strong> <strong>Telefonanlage<\/strong> die individuell auf Ihre Anspr\u00fcche zugeschnitten ist und mit dem Unternehmen wachsen kann.<\/h3>\n<\/p>\n<p>Die neue Arbeitswelt die mobil unterwegs ist. Telefonieren Sie mit dem Smartphone \u00fcber Ihre <strong>3CX<\/strong> <strong>Telefonanlage<\/strong> mit Ihren Auftraggebern. Nat\u00fcrlich mit Ihrer Festnetz-Rufnummer als Absender-Kennung. bewahren Sie Ihre Privatsph\u00e4re und beweisen Sie Seriosit\u00e4t.<\/p>\n<p>die <strong>3CX<\/strong> <strong>TK-Anlage<\/strong>n werden auch f\u00fcr mobiles arbeiten entworfen. Als zeitgem\u00e4\u00dfe Cloud <strong>3CX<\/strong> <strong>TK-Anlage<\/strong> oder auf Ihrer privaten Hardware hausintern gehostet. Eine Installation und die Verwaltung ist unkompliziert. Sie erhalten dadurch eine sichere, zuverl\u00e4ssige sowie flexible <strong>3CX<\/strong> TK-Anlage.<\/p>\n<h2>Gute Preise f\u00fcr Ihre neue 3CX <strong>Telefonanlage<\/strong><\/h2>\n<p>Ein hervorragendes Preis- und Leistungsverh\u00e4ltnis. Richten Sie grenzenlos viele Nebenstellen ein, stets pr\u00e4zise da wo Sie sie gerade ben\u00f6tigen und sparen Sie Kosten.<\/p>\n<h2>St\u00e4rken Sie Ihr Personal.<\/h2>\n<p>Bei Anrufeingang genau wissen wer gerade anruft. Informationen sind alles. F\u00fcr Angestellte und die Direktion. Somit wissen Sie pr\u00e4zise was geht. W\u00e4hlen Sie mit einem bequemen Mausklick aus Ihrem CRM oder Ihrer Business Software jede Telefonnummer.<\/p>\n<p>Ist es nicht fantastisch, wenn Sie von einer zentralen Oberfl\u00e4che heraus jegliche Anrufe realisieren, entgegennehmen wie auch bearbeiten oder aber den Status Ihrer Arbeitskollegen abfragen, eingehende Livechat-Nachrichten beantworten und Videoanrufe initiieren k\u00f6nnten? Mit einem Webclient als Softphone und der Windows Desktop App wird alles das sowie noch reichlich mehr realisierbar.<\/p>\n<h2>Microsoft 365 Einbindung<\/h2>\n<p>Benutzt Ihr Unternehmen Microsoft 365? Dann verkn\u00fcpfen Sie dieses ganz leicht mit der <strong>3CX<\/strong> <strong>Telefonanlage<\/strong> und vereinen Sie alle Vorteile beider Systeme! User k\u00f6nnen \u00fcbergangslos \u00fcber beide Applikationen arbeiten, Kontakte verwalten und Abl\u00e4ufe verschlanken, um ihre Effizienz zu erh\u00f6hen und Auftraggeber zu inspirieren. <\/p>\n<h2>Kontakte mit Ihrem <strong>3CX<\/strong> Teilnehmerverzeichnis synchronisieren<\/h2>\n<h2>Microsoft Teams Telefonie-Integration<\/h2>\n<ol>\n<li>Eliminieren Microsoft\u00b4s kostspieliger Inlands-\/internationaler Tarife<\/li>\n<\/li>\n<li>Selektion eines eigenen preisg\u00fcnstigen SIP-Dienstleisters Ihrer Gegend<\/li>\n<\/li>\n<\/ol>\n<h3>Wir beraten, organisieren Hardware und Softwareanwendungen, installieren, konfigurieren, nehmen in Betrieb und Supporten Ihre brandneue <strong>3CX<\/strong> <strong>TK-Anlage<\/strong>. Sie haben Fragen, oder m\u00f6chten die aktuelle Liste der Preise anfordern? Sie erreichen uns unter Telefon 07164 909700 und per E-Mail-Nachricht unter support@kaelberer-online.de<\/h3>\n<h2>Konnten wir Ihr Interesse wecken?<\/h2>\n<p>Jede Menge weitere tolle Features warten auf Sie.<\/p>\n<ul>\n<li>Verwaltung, Sicherheits-Patches &#038; Version-Upgrades durch <strong>3CX<\/strong><\/li>\n<li>Anrufweiterleitung basierend auf Kundennummer sowie Anfrage<\/li>\n<li>Absolut keine Schulung notwendig \u2013 unmittelbar starten<\/li>\n<li>Jederzeit zwischen <strong>3CX<\/strong>-Hosting, on-Premise &#038; Ihrer Cloud wechseln<\/li>\n<li>SIP-Forking \u2013 simultane Nutzung von <strong>3CX<\/strong> Anwendung wie auch Tischtelefon<\/li>\n<li>Lockdown-f\u00e4hig mit der kostenlosen Anwendung f\u00fcr Web, iOS &#038; Android<\/li>\n<li>Eingebundene browserbasierte Videokonferenzen<\/li>\n<li>Kinderleichte Benutzerverwaltung spart jede Menge Arbeitsstunden<\/li>\n<li>Erstellung eines neuen Kundendatensatzes f\u00fcr neue Rufnummern<\/li>\n<li>Bereitstellung per Google Marketplace, Amazon oder Azure<\/li>\n<li>Enth\u00e4lt mobile Apps f\u00fcr das Betriebssystem Windows, Web, iOS &#038; Android<\/li>\n<li>Konferenzen, mobile Apps, Chat einbegriffen<\/li>\n<li>Verzicht auf teure Mobilanrufe zwischen Mitarbeitern sowie Klienten<\/li>\n<li>Starten eines Videoanrufs von Ihrem Mobiltelefon aus<\/li>\n<li>Flexible Erreichbarkeit f\u00fcr Star-Klienten au\u00dferhalb der B\u00fcrozeiten<\/li>\n<li>Nutzung der B\u00fcro-Durchwahlnummer auf Ihrem Smartphone<\/li>\n<li>M\u00fcheloses Erstellen und Organisieren von Nebenstellen \u2013 auch remote<\/li>\n<li>Bequemes Implementieren und Verwalten ohne Schulungsbedarf<\/li>\n<li>Fernkonfiguration \u00fcber QR-Code an Stelle umst\u00e4ndliche Einrichtung<\/li>\n<li>Anrufe mit einem einzigen Mausklick direkt aus CRM heraus initiieren<\/li>\n<li>Gesicherte Verbindungen garantieren Privatsph\u00e4re wie auch Schutz<\/li>\n<li>Verwaltung von System &#038; Nutzern von beliebigem Standort<\/li>\n<li>Keinerlei Tischtelefone vonn\u00f6ten \u2013 Verwenden Sie Ihr Handy<\/li>\n<\/ul>\n<h3>Fragen Sie mehr Infos und ein Produktangebot bei unserer Firma an. Selbstverst\u00e4ndlich stellen wir Ihnen auch eine komplette Featureliste zur Verf\u00fcgung.<\/h3>\n<p>[contact-form-7 id=&#8220;5&#8243; title=&#8220;Contact form 1&#8243;]<\/p>\n","protected":false},"excerpt":{"rendered":"<p>Wissen Sie die Anforderungen an Ihre neue 3CX TK-Anlage bereits? Eine aktuelle 3CX TK-Anlage simplifiziert die Firmenprozesse. Optimieren Sie Ihr Unternehmen mit einer neusten und flexiblen 3CX TK-Anlage. Eine 3CX Telefonanlage die individuell auf Ihre Anspr\u00fcche zugeschnitten ist und mit dem Unternehmen wachsen kann. Die neue Arbeitswelt die mobil unterwegs ist. Telefonieren Sie mit dem &hellip; <a href=\"https:\/\/www.kaelberer-online.de\/services\/telefonanlagen\/kosten-telefonanlage-3cx\/\" class=\"more-link\">Continue reading<span class=\"screen-reader-text\"> &#8222;KOSTEN TELEFONANLAGE 3CX Angebot Tel. 07164 90 97 00&#8220;<\/span><\/a><\/p>\n","protected":false},"author":2,"featured_media":263,"parent":26,"menu_order":0,"comment_status":"closed","ping_status":"closed","template":"","meta":{"footnotes":""},"class_list":["post-262","page","type-page","status-publish","has-post-thumbnail","hentry"],"_links":{"self":[{"href":"https:\/\/www.kaelberer-online.de\/services\/wp-json\/wp\/v2\/pages\/262","targetHints":{"allow":["GET"]}}],"collection":[{"href":"https:\/\/www.kaelberer-online.de\/services\/wp-json\/wp\/v2\/pages"}],"about":[{"href":"https:\/\/www.kaelberer-online.de\/services\/wp-json\/wp\/v2\/types\/page"}],"author":[{"embeddable":true,"href":"https:\/\/www.kaelberer-online.de\/services\/wp-json\/wp\/v2\/users\/2"}],"replies":[{"embeddable":true,"href":"https:\/\/www.kaelberer-online.de\/services\/wp-json\/wp\/v2\/comments?post=262"}],"version-history":[{"count":0,"href":"https:\/\/www.kaelberer-online.de\/services\/wp-json\/wp\/v2\/pages\/262\/revisions"}],"up":[{"embeddable":true,"href":"https:\/\/www.kaelberer-online.de\/services\/wp-json\/wp\/v2\/pages\/26"}],"wp:featuredmedia":[{"embeddable":true,"href":"https:\/\/www.kaelberer-online.de\/services\/wp-json\/wp\/v2\/media\/263"}],"wp:attachment":[{"href":"https:\/\/www.kaelberer-online.de\/services\/wp-json\/wp\/v2\/media?parent=262"}],"curies":[{"name":"wp","href":"https:\/\/api.w.org\/{rel}","templated":true}]}}