{"id":260,"date":"2022-01-18T19:25:57","date_gmt":"2022-01-18T19:25:57","guid":{"rendered":"https:\/\/kaelberer-online.de\/services\/?page_id=260"},"modified":"2022-01-18T19:25:57","modified_gmt":"2022-01-18T19:25:57","slug":"3cx-telefonanlage-kosten","status":"publish","type":"page","link":"https:\/\/www.kaelberer-online.de\/services\/telefonanlagen\/3cx-telefonanlage-kosten\/","title":{"rendered":"TELEFONANLAGEKOSTEN 3CX Service Tel. 07164 90 97 00"},"content":{"rendered":"<h2>\n<p>Kennen Sie die Vorgaben an Ihre neue <strong><strong>3CX<\/strong><\/strong> <strong><strong>TK-Anlage<\/strong><\/strong> bereits?<\/p>\n<\/h2>\n<p><h3>Eine aktuelle <strong>3CX<\/strong> <strong>TK-Anlage<\/strong> simplifiziert Ihre Gesch\u00e4ftsprozesse. Optimieren Sie Ihre Firma mit einer neuen und flexiblen <strong>3CX<\/strong> Telefonanlage. Eine <strong>3CX<\/strong> <strong>Telefonanlage<\/strong> die ma\u00dfgeschneidert auf Ihre Anspr\u00fcche abgestimmt ist und mit dem Unternehmen gro\u00df werden kann.<\/h3>\n<\/p>\n<p>Eine neue Arbeitswelt die mobil unterwegs ist. Telefonieren Sie mit Ihrem Smartphone \u00fcber die <strong>3CX<\/strong> <strong>TK-Anlage<\/strong> mit Ihren Klienten. Nat\u00fcrlich mit Ihrer Festnetz-Rufnummer als Absenderkennung. besch\u00fctzen Sie die Privatsph\u00e4re und beweisen Sie Seriosit\u00e4t.<\/p>\n<p>die <strong>3CX<\/strong> <strong>TK-Anlage<\/strong>n wurden f\u00fcr mobiles arbeiten entwickelt. Als moderne Cloud <strong>3CX<\/strong> <strong>Telefonanlage<\/strong> oder auf Ihrer privaten Hardware hausintern gehostet. Die Installation und die Konfiguration ist unkompliziert. Sie erhalten damit eine sichere, zuverl\u00e4ssige sowie variable <strong>3CX<\/strong> <strong>Telefonanlage<\/strong>.<\/p>\n<h2>Faire Preise f\u00fcr Ihre neue 3CX <strong>Telefonanlage<\/strong><\/h2>\n<p>Ein hervorragendes Preis- und Leistungsverh\u00e4ltnis. Richten Sie grenzenlos viele Nebenstellen ein, immer exakt da wo Sie sie gerade w\u00fcnschen und sparen Sie Kosten.<\/p>\n<h2>Identifizieren Sie Ihre Anrufer!<\/h2>\n<p>Bei Eingang eines Anrufs exakt wissen wer im Moment anruft. Informationen sind alles. F\u00fcr Mitarbeiter sowie die Gesch\u00e4ftsleitung. So wissen Sie genau was l\u00e4uft. W\u00e4hlen Sie mit einem simplen Mausklick aus dem CRM oder Ihrer Firmensoftware jede Telefonnummer.<\/p>\n<p>Ist es nicht toll, wenn Sie von einer zentralen Oberfl\u00e4che heraus jegliche Anrufe t\u00e4tigen, empfangen und bearbeiten oder aber den Status Ihrer Kollegen abfragen, eingehende Livechat-News beantworten und Videoanrufe f\u00fchren k\u00f6nnten? Mit dem Webclient als Softphone und der Windows Desktop Applikation wird all das wie auch noch viel mehr m\u00f6glich.<\/p>\n<h2>Microsoft 365 Einbeziehung<\/h2>\n<p>Benutzt Ihr Unternehmen Microsoft 365? In diesem Fall vernetzen Sie dieses ganz leicht mit der <strong>3CX<\/strong> <strong>TK-Anlage<\/strong> und kombinieren Sie s\u00e4mtliche Vorz\u00fcge beider Systeme! Anwender k\u00f6nnen nahtlos mit beiden Apps arbeiten, Kontakte verwalten und Verfahren verschlanken, um ihre Effizienz zu erh\u00f6hen und Kunden zu inspirieren. <\/p>\n<h2>Kontakte mit Ihrem <strong>3CX<\/strong> Teilnehmerverzeichnis abgleichen<\/h2>\n<h2>Microsoft Teams Telefonie-Zusammenf\u00fchrung<\/h2>\n<ol>\n<li>Eliminieren Microsoft\u00b4s kostspieliger Inlands-\/globaler Tarife<\/li>\n<\/li>\n<li>Auswahl eines eigenen g\u00fcnstigen SIP-Anbieters Ihrer Region<\/li>\n<\/li>\n<li>Durchf\u00fchrung externer Telefonate mittels <strong>3CX<\/strong> SIP-Trunks<\/li>\n<\/li>\n<\/ol>\n<h3>Wir beraten, beschaffen Hardware sowie Softwarel\u00f6sungen, installieren, konfigurieren, nehmen in Betrieb und Supporten Ihre neue <strong>3CX<\/strong> <strong>TK-Anlage<\/strong>. Sie haben Fragen, oder wollen die derzeitige Liste der Preise anfordern? Sie erreichen uns unter Telefon 07164 909700 und per E-Mail-Nachricht unter support@kaelberer-online.de<\/h3>\n<h2>Haben wir Sie neugierig gemacht?<\/h2>\n<p>Viele zus\u00e4tzliche interessante Features warten auf Sie.<\/p>\n<ul>\n<li>Schnellkonfiguration mit IP-Telefonen, Gateways &#038; SIP-Trunks<\/li>\n<li>Telefonrechnung um bis zu 80 % reduzieren mittels Wechsel zu <strong>3CX<\/strong><\/li>\n<li>Kinderleichte Nutzerverwaltung reduziert unz\u00e4hlige Stunden Arbeit<\/li>\n<li>Wechsel zwischen Server &#038; Cloud \u2013 integriertes Backup &#038; Restore<\/li>\n<li>Einfaches Weiterreichen von Anrufen und Chatten mit Kollegen<\/li>\n<li>Jederzeit zwischen <strong>3CX<\/strong>-Hosting, on-Premise &#038; Ihrer Cloud wechseln<\/li>\n<li>Verbinden von remote B\u00fcros und interne Anrufkosten eliminieren<\/li>\n<li>Abgesicherte Verbindungen garantieren Privatsph\u00e4re sowie Schutz<\/li>\n<li>Laden Sie die App aus dem Google Play oder App Store herunter<\/li>\n<li>Verzicht auf kostspielige Mobilanrufe zwischen Mitarbeitern wie auch Kunden<\/li>\n<li>Variable eingehende\/ausgehende Vorgaben, DIDs &#038; Ring Groups<\/li>\n<li>Auf g\u00fcnstigem Raspberry Pi oder MiniPC als Telefonie-Appliance<\/li>\n<li>Bequemes Erstellen und Organisieren von Nebenstellen \u2013 auch remote<\/li>\n<li>Integration von Website-Livechat, Facebook-Messaging sowie Kurznachrichten<\/li>\n<li>Benutzerdefinierte Call Flows automatisieren Anfragen &#038; Prozesse<\/li>\n<li>Direkter Kontakt via Anrufe, Video und Instant Messaging<\/li>\n<li>Wechsel zwischen Sprach- und Video-Anrufe mit einem Fingertipp<\/li>\n<li>Erweiterte Erreichbarkeit f\u00fcr Promi-Klienten au\u00dferhalb der Gesch\u00e4ftszeiten<\/li>\n<li>Keine Tischtelefone erforderlich \u2013 Verwenden Sie Ihr Smartphone<\/li>\n<li>Eigenst\u00e4ndig Hosten via Google, Amazon, Microsoft &#038; mehr<\/li>\n<li>Verwaltung, Sicherheits-Patches &#038; Version-Upgrades durch <strong>3CX<\/strong><\/li>\n<li>Einfache Skalierbarkeit der <strong>Telefonanlage<\/strong>n-Installation<\/li>\n<li>Aktualisierung des pers\u00f6nlichen Status &#038; Einsicht der Personal-Verf\u00fcgbarkeit<\/li>\n<li>Kostenfreie B\u00fcro-Anrufe f\u00fcr remote &#038; reisende Mitarbeiter<\/li>\n<\/ul>\n<h3>Fragen Sie erg\u00e4nzende Infos und ein Angebot bei uns an. Gerne stellen wir Ihnen auch eine vollst\u00e4ndige Leistungs\u00fcbersicht zur Verf\u00fcgung.<\/h3>\n<p>[contact-form-7 id=&#8220;5&#8243; title=&#8220;Contact form 1&#8243;]<\/p>\n","protected":false},"excerpt":{"rendered":"<p>Kennen Sie die Vorgaben an Ihre neue 3CX TK-Anlage bereits? Eine aktuelle 3CX TK-Anlage simplifiziert Ihre Gesch\u00e4ftsprozesse. Optimieren Sie Ihre Firma mit einer neuen und flexiblen 3CX Telefonanlage. Eine 3CX Telefonanlage die ma\u00dfgeschneidert auf Ihre Anspr\u00fcche abgestimmt ist und mit dem Unternehmen gro\u00df werden kann. Eine neue Arbeitswelt die mobil unterwegs ist. Telefonieren Sie mit &hellip; <a href=\"https:\/\/www.kaelberer-online.de\/services\/telefonanlagen\/3cx-telefonanlage-kosten\/\" class=\"more-link\">Continue reading<span class=\"screen-reader-text\"> &#8222;TELEFONANLAGEKOSTEN 3CX Service Tel. 07164 90 97 00&#8220;<\/span><\/a><\/p>\n","protected":false},"author":2,"featured_media":261,"parent":26,"menu_order":0,"comment_status":"closed","ping_status":"closed","template":"","meta":{"footnotes":""},"class_list":["post-260","page","type-page","status-publish","has-post-thumbnail","hentry"],"_links":{"self":[{"href":"https:\/\/www.kaelberer-online.de\/services\/wp-json\/wp\/v2\/pages\/260","targetHints":{"allow":["GET"]}}],"collection":[{"href":"https:\/\/www.kaelberer-online.de\/services\/wp-json\/wp\/v2\/pages"}],"about":[{"href":"https:\/\/www.kaelberer-online.de\/services\/wp-json\/wp\/v2\/types\/page"}],"author":[{"embeddable":true,"href":"https:\/\/www.kaelberer-online.de\/services\/wp-json\/wp\/v2\/users\/2"}],"replies":[{"embeddable":true,"href":"https:\/\/www.kaelberer-online.de\/services\/wp-json\/wp\/v2\/comments?post=260"}],"version-history":[{"count":0,"href":"https:\/\/www.kaelberer-online.de\/services\/wp-json\/wp\/v2\/pages\/260\/revisions"}],"up":[{"embeddable":true,"href":"https:\/\/www.kaelberer-online.de\/services\/wp-json\/wp\/v2\/pages\/26"}],"wp:featuredmedia":[{"embeddable":true,"href":"https:\/\/www.kaelberer-online.de\/services\/wp-json\/wp\/v2\/media\/261"}],"wp:attachment":[{"href":"https:\/\/www.kaelberer-online.de\/services\/wp-json\/wp\/v2\/media?parent=260"}],"curies":[{"name":"wp","href":"https:\/\/api.w.org\/{rel}","templated":true}]}}