{"id":252,"date":"2022-01-22T14:19:05","date_gmt":"2022-01-22T14:19:05","guid":{"rendered":"https:\/\/kaelberer-online.de\/services\/?page_id=252"},"modified":"2022-01-22T14:19:05","modified_gmt":"2022-01-22T14:19:05","slug":"3cx-sipgate","status":"publish","type":"page","link":"https:\/\/www.kaelberer-online.de\/services\/telefonanlagen\/3cx-sipgate\/","title":{"rendered":"SIPGATE 3CX Preise Tel. 07164 90 97 00"},"content":{"rendered":"<h2>\n<p>Kennen Sie die Anforderungen an Ihre neue <strong><strong>3CX<\/strong><\/strong> <strong><strong>Telefonanlage<\/strong><\/strong> bereits?<\/p>\n<\/h2>\n<p><h3>Eine aktuelle <strong>3CX<\/strong> <strong>TK-Anlage<\/strong> vereinfacht die Unternehmensprozesse. Optimieren Sie Ihr Unternehmen mit einer neuen und flexiblen <strong>3CX<\/strong> <strong>TK-Anlage<\/strong>. Die <strong>3CX<\/strong> <strong>Telefonanlage<\/strong> die ma\u00dfgeschneidert auf Ihre Anforderungen zugeschnitten ist und mit Ihrem Unternehmen gro\u00df werden kann.<\/h3>\n<\/p>\n<p>Die neue Arbeitswelt ist mobil unterwegs. Kommunizieren Sie mit dem Smartphone \u00fcber Ihre <strong>3CX<\/strong> <strong>TK-Anlage<\/strong> mit Ihren Kunden. Selbstverst\u00e4ndlich \u00fcber Ihre Festnetz-Rufnummer als Absenderkennung. Wahren Sie Ihre Privatsph\u00e4re und beweisen Sie Seriosit\u00e4t.<\/p>\n<p>Unsere <strong>3CX<\/strong> <strong>Telefonanlage<\/strong>n wurden auch f\u00fcr mobiles arbeiten entwickelt. Als moderne Cloud <strong>3CX<\/strong> <strong>Telefonanlage<\/strong> oder auf Ihrer pers\u00f6nlichen Hardware hausintern gehostet. Die Installation und die Konfiguration ist einfach. Sie erhalten dadurch eine sichere, zuverl\u00e4ssige sowie flexible <strong>3CX<\/strong> TK-Anlage.<\/p>\n<h2>Die g\u00fcnstige, flexible L\u00f6sung<\/h2>\n<p>Ein einmaliges Preis- und Leistungsverh\u00e4ltnis. Richten Sie unbegrenzt viele Nebenstellen ein, immer pr\u00e4zise da wo Sie sie gerade w\u00fcnschen und sparen Sie Kosten.<\/p>\n<h2>Identifizieren Sie Ihre Anrufer!<\/h2>\n<p>Bei Eingang eines Telefonanrufs genau wissen wer im Moment anruft. Informationen sind alles. F\u00fcr Angestellte und die Gesch\u00e4ftsleitung. So wissen Sie genau was geht. W\u00e4hlen Sie mit einem simplen Klick aus dem CRM oder Ihrer Firmensoftware jede Rufnummer.<\/p>\n<p>W\u00e4re es nicht klasse, wenn Sie von einer zentralen Oberfl\u00e4che heraus s\u00e4mtliche Anrufe realisieren, empfangen sowie bearbeiten oder aber den Status Ihrer Mitarbeiter abfragen, eingehende Livechat-Nachrichten beantworten und Videoanrufe initiieren k\u00f6nnten? Mit einem Webclient als Softphone sowie der Windows Desktop Applikation wird all das sowie noch viel mehr machbar.<\/p>\n<h2>Microsoft 365 Einbindung<\/h2>\n<p>Benutzt Ihre Firma MS 365? Dann verkn\u00fcpfen Sie dieses m\u00fchelos mit der <strong>3CX<\/strong> <strong>TK-Anlage<\/strong> und kombinieren Sie alle Vorz\u00fcge beider Systeme! User k\u00f6nnen nahtlos mit beiden Applikationen arbeiten, Kontakte bearbeiten und Prozesse schlanker machen, um ihre Effektivit\u00e4t zu erh\u00f6hen und Kunden zu inspirieren. <\/p>\n<h2>Kontakte mit Ihrem <strong>3CX<\/strong> Teilnehmerverzeichnis abgleichen<\/h2>\n<ol>\n<li>Updaten gemeinschaftlicher Mailbox-Kontakte mit dem <strong>3CX<\/strong>-Telefonbuch<\/li>\n<li>Anruf synchronisierter Kontakte per Webclient oder portabler Apps<\/li>\n<li>Automatische Synchronisation Ihrer eigenen Kontakte<\/li>\n<\/ol>\n<h2>MS Teams Telefonie-Integration<\/h2>\n<ol>\n<li>Durchf\u00fchrung externer Telefonate mittels <strong>3CX<\/strong> SIP-Trunks<\/li>\n<\/li>\n<li>Auswahl eines speziellen g\u00fcnstigen SIP-Dienstleisters Ihrer Gegend<\/li>\n<\/li>\n<li>Ausschalten Microsoft\u00b4s kostspieliger Inlands-\/globaler Tarife<\/li>\n<\/li>\n<\/ol>\n<h3>Unsere Techniker unterst\u00fctzen, organisieren Hardware wie auch Software, richten ein, konfigurieren, nehmen in Betrieb und Supporten Ihre brandneue <strong>3CX<\/strong> <strong>TK-Anlage<\/strong>. Sie haben Fragen, oder wollen die aktuelle Liste der Preise anfordern? Sie erreichen uns unter Telefon 07164 909700 oder per Mail unter support@kaelberer-online.de<\/h3>\n<h2>Haben wir Sie neugierig gemacht?<\/h2>\n<p>Unz\u00e4hlige weitere top Funktionen warten auf Sie.<\/p>\n<ul>\n<li>Bequemes Implementieren und Verwalten ohne Schulungsbedarf<\/li>\n<li>Keine Lizenzierung je Nebenstelle, grenzenlos viele Nebenstellen<\/li>\n<li>Zuordnung der Anrufer-ID zu dem Datensatz in Ihrem CRM<\/li>\n<li>Zeitersparung durch automatische Bildschirmanzeige von Kundendaten<\/li>\n<li>Direkter Kontakt mittels Anrufe, Video und Instant Messaging<\/li>\n<li>Unbegrenzte Anzahl von Benutzern umsonst in <strong>3CX<\/strong> enthalten<\/li>\n<li>Lockdown-f\u00e4hig mit der kostenlosen App f\u00fcr Web, iOS &#038; Android<\/li>\n<li>Beginnen eines Videoanrufs von Ihrem Smartphone aus<\/li>\n<li>SIP-Forking \u2013 parallele Nutzung von <strong>3CX<\/strong> App sowie Tischtelefon<\/li>\n<li>Konferenzen, mobile Apps, Livechat inbegriffen<\/li>\n<li>Verzicht auf hochpreisige Mobilanrufe zwischen Mitarbeitern sowie Kunden<\/li>\n<li>Nutzung der Office-Durchwahlnummer auf Ihrem Smartphone<\/li>\n<li>Identifikation von Anrufern mit Hilfe CRM-Integration<\/li>\n<li>Wechsel zwischen Sprach- sowie Video-Telefonaten mit einem Fingertipp<\/li>\n<li>App \u00f6ffnen, QR Code scannen \u2013 im Nu sind Sie bereit!<\/li>\n<li>Zus\u00e4tzliche Erreichbarkeit f\u00fcr Star-Kunden au\u00dferhalb der Gesch\u00e4ftszeiten<\/li>\n<li>Uhrzeit-basierte Anrufweiterleitung und Telefonumfragen<\/li>\n<li>Bereitstellung Ihrer Instanz bei einem Super-Cloud-Experten<\/li>\n<li>Vielseitige eingehende\/ausgehende Regeln, DIDs &#038; Ring Groups<\/li>\n<li>Laden Sie die Applikation aus dem Google Play oder App Store herunter<\/li>\n<li>Automatische Anrufaufzeichnung entfernt manuelle Eintragungen<\/li>\n<li>Gesicherte Verbindungen garantieren Privatsph\u00e4re und Schutz<\/li>\n<li>Kinderleichte Skalierbarkeit der TK-Installation<\/li>\n<li>Kostenlose B\u00fcro-Anrufe f\u00fcr remote &#038; reisende Angestellte<\/li>\n<\/ul>\n<h3>Fragen Sie zus\u00e4tzliche Infos oder ein Angebot bei uns an. Gerne stellen wir Ihnen auch eine komplette Leistungs\u00fcbersicht zur Verf\u00fcgung.<\/h3>\n<p>[contact-form-7 id=&#8220;5&#8243; title=&#8220;Contact form 1&#8243;]<\/p>\n","protected":false},"excerpt":{"rendered":"<p>Kennen Sie die Anforderungen an Ihre neue 3CX Telefonanlage bereits? Eine aktuelle 3CX TK-Anlage vereinfacht die Unternehmensprozesse. Optimieren Sie Ihr Unternehmen mit einer neuen und flexiblen 3CX TK-Anlage. Die 3CX Telefonanlage die ma\u00dfgeschneidert auf Ihre Anforderungen zugeschnitten ist und mit Ihrem Unternehmen gro\u00df werden kann. Die neue Arbeitswelt ist mobil unterwegs. Kommunizieren Sie mit dem &hellip; <a href=\"https:\/\/www.kaelberer-online.de\/services\/telefonanlagen\/3cx-sipgate\/\" class=\"more-link\">Continue reading<span class=\"screen-reader-text\"> &#8222;SIPGATE 3CX Preise Tel. 07164 90 97 00&#8220;<\/span><\/a><\/p>\n","protected":false},"author":2,"featured_media":253,"parent":26,"menu_order":0,"comment_status":"closed","ping_status":"closed","template":"","meta":{"footnotes":""},"class_list":["post-252","page","type-page","status-publish","has-post-thumbnail","hentry"],"_links":{"self":[{"href":"https:\/\/www.kaelberer-online.de\/services\/wp-json\/wp\/v2\/pages\/252","targetHints":{"allow":["GET"]}}],"collection":[{"href":"https:\/\/www.kaelberer-online.de\/services\/wp-json\/wp\/v2\/pages"}],"about":[{"href":"https:\/\/www.kaelberer-online.de\/services\/wp-json\/wp\/v2\/types\/page"}],"author":[{"embeddable":true,"href":"https:\/\/www.kaelberer-online.de\/services\/wp-json\/wp\/v2\/users\/2"}],"replies":[{"embeddable":true,"href":"https:\/\/www.kaelberer-online.de\/services\/wp-json\/wp\/v2\/comments?post=252"}],"version-history":[{"count":0,"href":"https:\/\/www.kaelberer-online.de\/services\/wp-json\/wp\/v2\/pages\/252\/revisions"}],"up":[{"embeddable":true,"href":"https:\/\/www.kaelberer-online.de\/services\/wp-json\/wp\/v2\/pages\/26"}],"wp:featuredmedia":[{"embeddable":true,"href":"https:\/\/www.kaelberer-online.de\/services\/wp-json\/wp\/v2\/media\/253"}],"wp:attachment":[{"href":"https:\/\/www.kaelberer-online.de\/services\/wp-json\/wp\/v2\/media?parent=252"}],"curies":[{"name":"wp","href":"https:\/\/api.w.org\/{rel}","templated":true}]}}