{"id":250,"date":"2021-12-22T00:02:06","date_gmt":"2021-12-22T00:02:06","guid":{"rendered":"https:\/\/kaelberer-online.de\/services\/?page_id=250"},"modified":"2021-12-22T00:02:06","modified_gmt":"2021-12-22T00:02:06","slug":"3cx-telefonkonferenz-3cx","status":"publish","type":"page","link":"https:\/\/www.kaelberer-online.de\/services\/telefonanlagen\/3cx-telefonkonferenz-3cx\/","title":{"rendered":"TELEFONKONFERENZ 3CX Angebot Telefon 07164 90 97 00"},"content":{"rendered":"<h2>\n<p>Wissen Sie die Anspr\u00fcche an Ihre neue <strong><strong>3CX<\/strong><\/strong> <strong><strong>TK-Anlage<\/strong><\/strong> bereits?<\/p>\n<\/h2>\n<p><h3>Eine moderne <strong>3CX<\/strong> <strong>TK-Anlage<\/strong> vereinfacht Ihre Gesch\u00e4ftsprozesse. Optimieren Sie Ihre Firma mit einer brandneuen und flexiblen <strong>3CX<\/strong> <strong>TK-Anlage<\/strong>. Eine <strong>3CX<\/strong> <strong>Telefonanlage<\/strong> die individuell auf Ihre Anspr\u00fcche abgestimmt ist und mit Ihrem Unternehmen wachsen kann.<\/h3>\n<\/p>\n<p>Die neue Arbeitswelt die mobil unterwegs ist. Telefonieren Sie mit einem Smartphone \u00fcber die <strong>3CX<\/strong> <strong>TK-Anlage<\/strong> mit Ihren Kunden. Nat\u00fcrlich \u00fcber Ihre Festnetz-Telefonnummer als Absenderkennung. bewahren Sie Ihre Privatsph\u00e4re und beweisen Sie Professionalit\u00e4t.<\/p>\n<p>Unsere <strong>3CX<\/strong> <strong>TK-Anlage<\/strong>n werden auch f\u00fcr mobiles arbeiten entwickelt. Als moderne Cloud <strong>3CX<\/strong> <strong>Telefonanlage<\/strong> oder auf der eigenen Hardware hausintern gehostet. Die Installation und die Verwaltung ist unkompliziert. Sie bekommen damit eine sichere, verl\u00e4ssliche und hochflexible <strong>3CX<\/strong> <strong>Telefonanlage<\/strong>.<\/p>\n<h2>Gute Preise f\u00fcr Ihre neue 3CX <strong>Telefonanlage<\/strong><\/h2>\n<p>Ein einmaliges Preis- und Leistungsverh\u00e4ltnis. Richten Sie grenzenlos viele Nebenstellen ein, stets exakt da wo Sie sie gerade brauchen und sparen Sie Kosten.<\/p>\n<h2>St\u00e4rken Sie Ihr Personal.<\/h2>\n<p>Bei Eingang eines Anrufs pr\u00e4zise wissen wer gerade anruft. Informationen sind alles. F\u00fcr Besch\u00e4ftigte sowie die Gesch\u00e4ftsf\u00fchrung. So wissen Sie exakt was geht. W\u00e4hlen Sie mit einem bequemen Klick aus Ihrem CRM oder Ihrer Firmensoftware jede Rufnummer.<\/p>\n<p>W\u00e4re es nicht toll, wenn Sie von einer zentralen Oberfl\u00e4che heraus s\u00e4mtliche Anrufe t\u00e4tigen, annehmen sowie bearbeiten oder aber den Status Ihrer Mitarbeiter abfragen, eingehende Chat-News beantworten und Videoanrufe initiieren k\u00f6nnten? Mit dem Webclient als Softphone wie auch der Windows Desktop App wird alles das wie auch noch jede Menge mehr m\u00f6glich.<\/p>\n<h2>MS 365 Zusammenf\u00fchrung<\/h2>\n<p>Nutzt Ihre Firma Microsoft 365? Dann verkn\u00fcpfen Sie dieses unkompliziert mit der <strong>3CX<\/strong> <strong>Telefonanlage<\/strong> und kombinieren Sie jegliche Vorteile beider Systeme! Anwender k\u00f6nnen \u00fcbergangslos \u00fcber beide Apps arbeiten, Kontakte organisieren und Verfahren verschlanken, um die Effizienz zu erh\u00f6hen und Auftraggeber zu inspirieren. <\/p>\n<h2>Kontakte mit Ihrem <strong>3CX<\/strong> Telefonbuch synchronisieren<\/h2>\n<h2>Microsoft Teams Telefonie-Integration<\/h2>\n<ol>\n<li>Selektion eines speziellen g\u00fcnstigen SIP-Providers Ihrer Gegend<\/li>\n<\/li>\n<li>Durchf\u00fchrung externer Telefonate \u00fcber <strong>3CX<\/strong> SIP-Trunks<\/li>\n<\/li>\n<li>Eliminieren Microsoft\u00b4s kostspieliger Inlands-\/globaler Tarife<\/li>\n<\/li>\n<\/ol>\n<h3>Unsere Mitarbeiter informieren, beschaffen Hardware sowie Softwareanwendungen, installieren, konfigurieren, nehmen in Betrieb und Supporten Ihre brandneue <strong>3CX<\/strong> <strong>Telefonanlage<\/strong>. Sie haben Fragen, oder wollen die derzeitige Preisliste anfordern? Sie erreichen uns unter Telefon 07164 909700 sowie per Mail unter support@kaelberer-online.de<\/h3>\n<h2>Konnten wir Sie neugierig machen?<\/h2>\n<p>Unz\u00e4hlige zus\u00e4tzliche top Features warten auf Sie.<\/p>\n<ul>\n<li>Bequemes Erstellen und Bearbeiten von Nebenstellen \u2013 auch remote<\/li>\n<li>M\u00fcheloses Weiterleiten von Kunden an die korrekte Abteilung<\/li>\n<li>Kinderleichte Benutzerverwaltung reduziert jede Menge Arbeitsstunden<\/li>\n<li>Verzicht auf hochpreisige Mobilanrufe zwischen Besch\u00e4ftigten wie auch Klienten<\/li>\n<li>Vernetzen von remote Firmenb\u00fcros und interne Anrufkosten eliminieren<\/li>\n<li>Bietet mobile Apps f\u00fcr das Betriebssystem Windows, Web, iOS &#038; Android<\/li>\n<li>Zeitersparnis mittels automatischer Bildschirmanzeige von Kundendaten<\/li>\n<li>Automatische Einstellung von Firewall-Regeln<\/li>\n<li>Kostenfreie B\u00fcro-Anrufe f\u00fcr remote &#038; reisende Mitarbeiter<\/li>\n<li>Update des pers\u00f6nlichen Status &#038; Einsicht der Personal-Verf\u00fcgbarkeit<\/li>\n<li>Anruf-Protokolle im Kundendatensatz f\u00fcr transparente Anrufhistorie<\/li>\n<li>Freih\u00e4ndiges Sprechen mit Hilfe Siri wie auch Bluetooth-Einbindung<\/li>\n<li>Beantwortung von Anfragen mittels Livechat, Facebook &#038; SMS via Apps<\/li>\n<li>Lockdown-f\u00e4hig mit der kostenlosen Applikation f\u00fcr Web, iOS &#038; Android<\/li>\n<li>Verbesserte Erreichbarkeit f\u00fcr Promi-Kunden au\u00dferhalb der Gesch\u00e4ftszeiten<\/li>\n<li>Verwaltung von System &#038; Nutzern von beliebigem Standort<\/li>\n<li>Unbegrenzte Anzahl von Anwendern kostenfrei in <strong>3CX<\/strong> enthalten<\/li>\n<li>Anmeldung am Webclient \u2013 Einzelheiten in der Willkommens-E-Mail<\/li>\n<\/ul>\n<h3>Fragen Sie weitere Informationen oder ein Angebot bei uns an. Selbstverst\u00e4ndlich stellen wir Ihnen auch eine vollst\u00e4ndige Featureliste zur Verf\u00fcgung.<\/h3>\n<p>[contact-form-7 id=&#8220;5&#8243; title=&#8220;Contact form 1&#8243;]<\/p>\n","protected":false},"excerpt":{"rendered":"<p>Wissen Sie die Anspr\u00fcche an Ihre neue 3CX TK-Anlage bereits? Eine moderne 3CX TK-Anlage vereinfacht Ihre Gesch\u00e4ftsprozesse. Optimieren Sie Ihre Firma mit einer brandneuen und flexiblen 3CX TK-Anlage. Eine 3CX Telefonanlage die individuell auf Ihre Anspr\u00fcche abgestimmt ist und mit Ihrem Unternehmen wachsen kann. Die neue Arbeitswelt die mobil unterwegs ist. Telefonieren Sie mit einem &hellip; <a href=\"https:\/\/www.kaelberer-online.de\/services\/telefonanlagen\/3cx-telefonkonferenz-3cx\/\" class=\"more-link\">Continue reading<span class=\"screen-reader-text\"> &#8222;TELEFONKONFERENZ 3CX Angebot Telefon 07164 90 97 00&#8220;<\/span><\/a><\/p>\n","protected":false},"author":2,"featured_media":251,"parent":26,"menu_order":0,"comment_status":"closed","ping_status":"closed","template":"","meta":{"footnotes":""},"class_list":["post-250","page","type-page","status-publish","has-post-thumbnail","hentry"],"_links":{"self":[{"href":"https:\/\/www.kaelberer-online.de\/services\/wp-json\/wp\/v2\/pages\/250","targetHints":{"allow":["GET"]}}],"collection":[{"href":"https:\/\/www.kaelberer-online.de\/services\/wp-json\/wp\/v2\/pages"}],"about":[{"href":"https:\/\/www.kaelberer-online.de\/services\/wp-json\/wp\/v2\/types\/page"}],"author":[{"embeddable":true,"href":"https:\/\/www.kaelberer-online.de\/services\/wp-json\/wp\/v2\/users\/2"}],"replies":[{"embeddable":true,"href":"https:\/\/www.kaelberer-online.de\/services\/wp-json\/wp\/v2\/comments?post=250"}],"version-history":[{"count":0,"href":"https:\/\/www.kaelberer-online.de\/services\/wp-json\/wp\/v2\/pages\/250\/revisions"}],"up":[{"embeddable":true,"href":"https:\/\/www.kaelberer-online.de\/services\/wp-json\/wp\/v2\/pages\/26"}],"wp:featuredmedia":[{"embeddable":true,"href":"https:\/\/www.kaelberer-online.de\/services\/wp-json\/wp\/v2\/media\/251"}],"wp:attachment":[{"href":"https:\/\/www.kaelberer-online.de\/services\/wp-json\/wp\/v2\/media?parent=250"}],"curies":[{"name":"wp","href":"https:\/\/api.w.org\/{rel}","templated":true}]}}