{"id":248,"date":"2022-01-16T08:54:23","date_gmt":"2022-01-16T08:54:23","guid":{"rendered":"https:\/\/kaelberer-online.de\/services\/?page_id=248"},"modified":"2022-01-16T08:54:23","modified_gmt":"2022-01-16T08:54:23","slug":"sipgate-3cx","status":"publish","type":"page","link":"https:\/\/www.kaelberer-online.de\/services\/telefonanlagen\/sipgate-3cx\/","title":{"rendered":"SIPGATE 3CX Beratung Tel. 07164 90 97 00"},"content":{"rendered":"<h2>\n<p>Kennen Sie die Anforderungen an Ihre neue <strong><strong>3CX<\/strong><\/strong> <strong><strong>Telefonanlage<\/strong><\/strong> bereits?<\/p>\n<\/h2>\n<p><h3>Eine moderne <strong>3CX<\/strong> <strong>Telefonanlage<\/strong> simplifiziert die Firmenprozesse. Optimieren Sie Ihre Firma mit der neusten und flexiblen <strong>3CX<\/strong> <strong>TK-Anlage<\/strong>. Eine <strong>3CX<\/strong> <strong>Telefonanlage<\/strong> die individuell auf Ihre Anspr\u00fcche zugeschnitten ist und mit Ihrem Unternehmen gro\u00df werden kann.<\/h3>\n<\/p>\n<p>Die neue Arbeitswelt die mobil unterwegs ist. Telefonieren Sie mit dem Handy \u00fcber die <strong>3CX<\/strong> <strong>TK-Anlage<\/strong> mit Ihren Kunden. Nat\u00fcrlich \u00fcber Ihre Festnetz-Rufnummer als Absender-Kennung. bewahren Sie die Privatsph\u00e4re und beweisen Sie Professionalit\u00e4t.<\/p>\n<p>Unsere <strong>3CX<\/strong> <strong>TK-Anlage<\/strong>n wurden f\u00fcr mobiles arbeiten entwickelt. Als aktuelle Cloud <strong>3CX<\/strong> <strong>TK-Anlage<\/strong> oder auf Ihrer privaten Hardware hausintern gehostet. Eine Installation und die Konfiguration ist unkompliziert. Sie bekommen dadurch eine sichere, zuverl\u00e4ssige sowie flexible <strong>3CX<\/strong> TK-Anlage.<\/p>\n<h2>Die g\u00fcnstige, flexible L\u00f6sung<\/h2>\n<p>Ein einmaliges Preis- und Leistungsverh\u00e4ltnis. Richten Sie unbegrenzt viele Nebenstellen ein, stets genau da wo Sie sie gerade w\u00fcnschen und sparen Sie Kosten.<\/p>\n<h2>Ermitteln Sie Ihre Anrufenden!<\/h2>\n<p>Bei Anrufeingang genau wissen wer gerade anruft. Informationen sind alles. F\u00fcr Besch\u00e4ftigte oder die Direktion. Dadurch wissen Sie exakt was geht. W\u00e4hlen Sie mit einem simplen Klick aus Ihrem CRM oder Ihrer Business Software jede Telefonnummer.<\/p>\n<p>W\u00e4re es nicht gro\u00dfartig, wenn Sie von einer zentralen Oberfl\u00e4che heraus jegliche Anrufe realisieren, annehmen sowie bearbeiten oder aber den Status Ihrer Mitarbeiter abfragen, eingehende Chat-Nachrichten beantworten und Videoanrufe initiieren k\u00f6nnten? Mit dem Webclient als Softphone und der Windows Desktop App wird alles das wie auch noch jede Menge mehr machbar.<\/p>\n<h2>MS 365 Integration<\/h2>\n<p>Benutzt Ihr Unternehmen MS 365? Dann vernetzen Sie dieses unkompliziert mit der <strong>3CX<\/strong> <strong>Telefonanlage<\/strong> und vereinen Sie s\u00e4mtliche Vorz\u00fcge beider Systeme! User k\u00f6nnen nahtlos mit beiden Apps arbeiten, Kontakte bearbeiten und Vorgehensweisen verschlanken, um ihre Effektivit\u00e4t zu steigern und Kunden zu begeistern. <\/p>\n<h2>Kontakte mit dem <strong>3CX<\/strong> Telefonbuch abgleichen<\/h2>\n<ol>\n<li>Anruf synchronisierter Kontakte per Webclient oder mobilen Apps<\/li>\n<li>Automatisierte Synchronisation Ihrer eigenen Kontakte<\/li>\n<li>Updaten gemeinschaftlicher Mailbox-Kontakte mit dem <strong>3CX<\/strong>-Teilnehmerverzeichnis<\/li>\n<\/ol>\n<h2>MS Teams Telefonie-Verzahnung<\/h2>\n<ol>\n<li>Auswahl eines speziellen optimalen SIP-Providers Ihrer Region<\/li>\n<\/li>\n<li>Eliminieren Microsoft\u00b4s kostspieliger Inlands-\/globaler Tarife<\/li>\n<\/li>\n<\/ol>\n<h3>Unsere Mitarbeiter informieren, beschaffen Hardware und Software, installieren, konfigurieren, nehmen in Betrieb und Supporten Ihre neue <strong>3CX<\/strong> <strong>Telefonanlage<\/strong>. Sie haben Fragen, oder m\u00f6chten unsere derzeitige Preisliste anfordern? Sie erreichen uns unter Telefon 07164 909700 oder per Mail unter support@kaelberer-online.de<\/h3>\n<h2>Vermochten wir Ihr Interesse wecken?<\/h2>\n<p>Viele weitere top Features warten auf Sie.<\/p>\n<ul>\n<li>Zufriedene Kunden wie auch weniger M\u00fchen f\u00fcr Ihre Kollegen<\/li>\n<li>Anruf-Protokolle im Kundendatensatz f\u00fcr transparente Anrufhistorie<\/li>\n<li>Konferenzen, mobile Apps, Livechat inklusive<\/li>\n<li>Wechsel zwischen Sprach- sowie Videoanrufen mit einem Fingertipp<\/li>\n<li>Anrufweiterleitung aufbauend auf Kundennummer und Anfrage<\/li>\n<li>Verbesserte Erreichbarkeit f\u00fcr VIP-Klienten au\u00dferhalb der B\u00fcrozeiten<\/li>\n<li>4-stellige Kostenersparnis f\u00fcr Gespr\u00e4che mittels SIP-Trunk Ihrer Auswahl<\/li>\n<li>Fernkonfiguration \u00fcber QR-Code anstatt umst\u00e4ndliche Einrichtung<\/li>\n<li>Wechsel zwischen Server &#038; Cloud \u2013 integriertes Backup &#038; Restore<\/li>\n<li>Zuteilung der Anrufer-ID zu einem Datensatz in Ihrem CRM<\/li>\n<li>Bequemes Weiterreichen von Kunden an die richtige Abteilung<\/li>\n<li>Integrierte browserbasierte Videokonferenzen<\/li>\n<li>Bietet mobile Apps f\u00fcr das Betriebssystem Windows, Web, iOS &#038; Android<\/li>\n<li>Anwendung \u00f6ffnen, QR Code scannen \u2013 im Nu sind Sie bereit!<\/li>\n<li>Einfache Benutzerverwaltung spart etliche Stunden Arbeit<\/li>\n<li>Beantwortung von Anfragen via Livechat, Facebook &#038; SMS via Apps<\/li>\n<li>Ver\u00e4ndern des eigenen Status wie auch Ansicht der Verf\u00fcgbarkeit des Teams<\/li>\n<li>Auf g\u00fcnstigem Raspberry Pi sowie MiniPC als Telefonie-Appliance<\/li>\n<li>Schnellkonfiguration mit IP-Telefonen, Gateways &#038; SIP-Trunks<\/li>\n<li>SIP-Forking \u2013 parallele Verwendung von <strong>3CX<\/strong> App wie auch Tischtelefon<\/li>\n<li>Kontrolle \u00fcber die Leitungen und Telefongespr\u00e4chskosten<\/li>\n<\/ul>\n<h3>Fragen Sie zus\u00e4tzliche Unterlagen sowie ein Angebot bei unserer Firma an. Selbstverst\u00e4ndlich stellen wir Ihnen auch eine vollst\u00e4ndige Leistungs\u00fcbersicht zur Verf\u00fcgung.<\/h3>\n<p>[contact-form-7 id=&#8220;5&#8243; title=&#8220;Contact form 1&#8243;]<\/p>\n","protected":false},"excerpt":{"rendered":"<p>Kennen Sie die Anforderungen an Ihre neue 3CX Telefonanlage bereits? Eine moderne 3CX Telefonanlage simplifiziert die Firmenprozesse. Optimieren Sie Ihre Firma mit der neusten und flexiblen 3CX TK-Anlage. Eine 3CX Telefonanlage die individuell auf Ihre Anspr\u00fcche zugeschnitten ist und mit Ihrem Unternehmen gro\u00df werden kann. Die neue Arbeitswelt die mobil unterwegs ist. Telefonieren Sie mit &hellip; <a href=\"https:\/\/www.kaelberer-online.de\/services\/telefonanlagen\/sipgate-3cx\/\" class=\"more-link\">Continue reading<span class=\"screen-reader-text\"> &#8222;SIPGATE 3CX Beratung Tel. 07164 90 97 00&#8220;<\/span><\/a><\/p>\n","protected":false},"author":2,"featured_media":249,"parent":26,"menu_order":0,"comment_status":"closed","ping_status":"closed","template":"","meta":{"footnotes":""},"class_list":["post-248","page","type-page","status-publish","has-post-thumbnail","hentry"],"_links":{"self":[{"href":"https:\/\/www.kaelberer-online.de\/services\/wp-json\/wp\/v2\/pages\/248","targetHints":{"allow":["GET"]}}],"collection":[{"href":"https:\/\/www.kaelberer-online.de\/services\/wp-json\/wp\/v2\/pages"}],"about":[{"href":"https:\/\/www.kaelberer-online.de\/services\/wp-json\/wp\/v2\/types\/page"}],"author":[{"embeddable":true,"href":"https:\/\/www.kaelberer-online.de\/services\/wp-json\/wp\/v2\/users\/2"}],"replies":[{"embeddable":true,"href":"https:\/\/www.kaelberer-online.de\/services\/wp-json\/wp\/v2\/comments?post=248"}],"version-history":[{"count":0,"href":"https:\/\/www.kaelberer-online.de\/services\/wp-json\/wp\/v2\/pages\/248\/revisions"}],"up":[{"embeddable":true,"href":"https:\/\/www.kaelberer-online.de\/services\/wp-json\/wp\/v2\/pages\/26"}],"wp:featuredmedia":[{"embeddable":true,"href":"https:\/\/www.kaelberer-online.de\/services\/wp-json\/wp\/v2\/media\/249"}],"wp:attachment":[{"href":"https:\/\/www.kaelberer-online.de\/services\/wp-json\/wp\/v2\/media?parent=248"}],"curies":[{"name":"wp","href":"https:\/\/api.w.org\/{rel}","templated":true}]}}