{"id":244,"date":"2021-10-11T17:22:02","date_gmt":"2021-10-11T17:22:02","guid":{"rendered":"https:\/\/kaelberer-online.de\/services\/?page_id=244"},"modified":"2021-10-11T17:22:02","modified_gmt":"2021-10-11T17:22:02","slug":"firmentelefonanlage-3cx","status":"publish","type":"page","link":"https:\/\/www.kaelberer-online.de\/services\/telefonanlagen\/firmentelefonanlage-3cx\/","title":{"rendered":"FIRMENTELEFONANLAGE 3CX Angebot Tel. 07164 90 97 00"},"content":{"rendered":"<h2>\n<p>Wissen Sie die Anforderungen an Ihre neue <strong><strong>3CX<\/strong><\/strong> <strong><strong>Telefonanlage<\/strong><\/strong> bereits?<\/p>\n<\/h2>\n<p><h3>Die moderne <strong>3CX<\/strong> <strong>TK-Anlage<\/strong> erleichtert die Unternehmensprozesse. Optimieren Sie Ihr Unternehmen mit der neusten und flexiblen <strong>3CX<\/strong> <strong>TK-Anlage<\/strong>. Eine <strong>3CX<\/strong> <strong>TK-Anlage<\/strong> die individuell auf Ihre Vorgaben zugeschnitten ist und mit dem Unternehmen gro\u00df werden kann.<\/h3>\n<\/p>\n<p>Eine neue Arbeitswelt ist mobil unterwegs. Telefonieren Sie mit Ihrem Mobiltelefon \u00fcber Ihre <strong>3CX<\/strong> <strong>Telefonanlage<\/strong> mit Ihren Auftraggebern. Selbstverst\u00e4ndlich mit Ihrer Festnetz-Rufnummer als Absender-Kennung. bewahren Sie die Privatsph\u00e4re und beweisen Sie Seriosit\u00e4t.<\/p>\n<p>Unsere <strong>3CX<\/strong> <strong>Telefonanlage<\/strong>n werden f\u00fcr flexibles arbeiten entworfen. Als zeitgem\u00e4\u00dfe Cloud <strong>3CX<\/strong> <strong>TK-Anlage<\/strong> oder auf der eigenen Hardware hausintern gehostet. Eine Installation und die Konfiguration ist einfach. Sie erhalten damit eine sichere, verl\u00e4ssliche und vielseitige <strong>3CX<\/strong> <strong>Telefonanlage<\/strong>.<\/p>\n<h2>Die kosteneffektive, anpassbare L\u00f6sung<\/h2>\n<p>Ein tolles Preis- und Leistungsverh\u00e4ltnis. Richten Sie grenzenlos viele Nebenstellen ein, immer exakt da wo Sie sie gerade ben\u00f6tigen und sparen Sie Kosten.<\/p>\n<h2>Erkennen Sie Ihre Anrufenden!<\/h2>\n<p>Bei Eingang eines Telefonanrufs genau wissen wer im Moment anruft. Informationen sind alles. F\u00fcr Besch\u00e4ftigte oder die Leitung. So wissen Sie pr\u00e4zise was l\u00e4uft. W\u00e4hlen Sie mit einem einfachen Klick aus Ihrem CRM oder Ihrer Business Software jede Telefonnummer.<\/p>\n<p>Ist es nicht klasse, wenn Sie von einer zentralen Oberfl\u00e4che heraus alle Anrufe realisieren, annehmen wie auch bearbeiten oder aber den Status Ihrer Kollegen in Erfahrung bringen, eingehende Chat-Nachrichten beantworten und Videoanrufe f\u00fchren k\u00f6nnten? Mit dem Webclient als Softphone und der Windows Desktop App ist alles das und noch viel mehr m\u00f6glich.<\/p>\n<h2>MS 365 Integration<\/h2>\n<p>Verwendet Ihr Unternehmen Microsoft 365? Dann verkn\u00fcpfen Sie dieses m\u00fchelos mit der <strong>3CX<\/strong> <strong>TK-Anlage<\/strong> und kombinieren Sie alle Vorteile beider Systeme! Benutzer k\u00f6nnen nahtlos \u00fcber beide Apps arbeiten, Kontakte verwalten und Arbeitsschritte verschlanken, um ihre Effektivit\u00e4t zu steigern und Auftraggeber zu begeistern. <\/p>\n<h2>Kontakte mit dem <strong>3CX<\/strong> Telefonbuch synchronisieren<\/h2>\n<ol>\n<li>Anruf synchronisierter Kontakte per Webclient oder mobilen Apps<\/li>\n<li>Applikation-\u00fcbergreifende Verwaltung jeglicher Kontakte in MS 365<\/li>\n<li>Updaten gemeinsamer Mailbox-Kontakte mit dem <strong>3CX<\/strong>-Telefonbuch<\/li>\n<\/ol>\n<h2>Microsoft Teams Telefonie-Integration<\/h2>\n<ol>\n<li>Auswahl eines eigenen preisg\u00fcnstigen SIP-Providers Ihrer Region<\/li>\n<\/li>\n<li>Durchf\u00fchrung externer Telefonate mittels <strong>3CX<\/strong> SIP-Trunks<\/li>\n<\/li>\n<\/ol>\n<h3>Unsere Mitarbeiter unterst\u00fctzen, organisieren Hardware sowie Softwarel\u00f6sungen, richten ein, konfigurieren, nehmen in Betrieb und Supporten Ihre neue <strong>3CX<\/strong> <strong>Telefonanlage<\/strong>. Sie haben Fragen, oder m\u00f6chten unsere aktuelle Liste der Preise anfordern? Sie erreichen uns unter Telefon 07164 909700 sowie per E-Mail-Nachricht unter support@kaelberer-online.de<\/h3>\n<h2>Vermochten wir Ihr Aufmerksamkeit wecken?<\/h2>\n<p>Unz\u00e4hlige zus\u00e4tzliche tolle Features warten auf Sie.<\/p>\n<ul>\n<li>Keine Lizenzierung pro Nebenstelle, unbegrenzt viele Nebenstellen<\/li>\n<li>In Augenblicken Nutzer updaten\/hinzuf\u00fcgen sowie Mailboxen realisieren<\/li>\n<li>Identifizierung von Anrufern mit Hilfe CRM-Zusammenf\u00fchrung<\/li>\n<li>Benutzerdefinierte Call Flows automatisieren Anfragen &#038; Vorgehensweisen<\/li>\n<li>Integrierte browserbasierte Videokonferenzen<\/li>\n<li>Erstellung eines neuen Kundendatensatzes f\u00fcr neue Rufnummern<\/li>\n<li>Kontrolle \u00fcber die Telefonleitungen und Telefongespr\u00e4chskosten<\/li>\n<li>Inbegriffen Backups \u00fcber Nacht und 24\/7-\u00dcberwachung<\/li>\n<li>Simple Skalierbarkeit der <strong>Telefonanlage<\/strong>n-Installation<\/li>\n<li>Administration von System &#038; Nutzern von beliebigem Ort<\/li>\n<li>Bereitstellung per Google Marketplace, Amazon oder Azure<\/li>\n<li>Bequemes Erstellen und Bearbeiten von Nebenstellen \u2013 auch remote<\/li>\n<li>M\u00fcheloses Implementieren und Verwalten ohne Schulungsbedarf<\/li>\n<li>Unentgeltliche Office-Anrufe f\u00fcr remote &#038; reisende Arbeitnehmer<\/li>\n<li>Fernkonfiguration \u00fcber QR-Code statt umst\u00e4ndliche Einrichtung<\/li>\n<li>Automatisierte Anrufaufzeichnung eliminiert manuelle Eintr\u00e4ge<\/li>\n<li>Intelligente Verbindung f\u00fcr nahtlosen Wechsel zwischen Netzen<\/li>\n<li>Registrierung am Webclient \u2013 Einzelheiten in der Willkommens-E-Mail<\/li>\n<li>Bietet mobile Apps f\u00fcr Windows, Web, iOS &#038; Android<\/li>\n<li>Abfrage von Kunden- und Fallnummern, um Agenten Zeit zu sparen<\/li>\n<li>Auf g\u00fcnstigem Raspberry Pi und MiniPC als Telefonie-Appliance<\/li>\n<li>Webkonferenzen, mobile Apps, Chat einbegriffen<\/li>\n<li>Erweiterte Erreichbarkeit f\u00fcr Star-Klienten au\u00dferhalb der Gesch\u00e4ftszeiten<\/li>\n<\/ul>\n<h3>Fordern Sie zus\u00e4tzliche Infos und ein Angebot bei unserer Firma an. Gerne stellen wir Ihnen auch eine komplette Leistungs\u00fcbersicht zur Verf\u00fcgung.<\/h3>\n<p>[contact-form-7 id=&#8220;5&#8243; title=&#8220;Contact form 1&#8243;]<\/p>\n","protected":false},"excerpt":{"rendered":"<p>Wissen Sie die Anforderungen an Ihre neue 3CX Telefonanlage bereits? Die moderne 3CX TK-Anlage erleichtert die Unternehmensprozesse. Optimieren Sie Ihr Unternehmen mit der neusten und flexiblen 3CX TK-Anlage. Eine 3CX TK-Anlage die individuell auf Ihre Vorgaben zugeschnitten ist und mit dem Unternehmen gro\u00df werden kann. Eine neue Arbeitswelt ist mobil unterwegs. Telefonieren Sie mit Ihrem &hellip; <a href=\"https:\/\/www.kaelberer-online.de\/services\/telefonanlagen\/firmentelefonanlage-3cx\/\" class=\"more-link\">Continue reading<span class=\"screen-reader-text\"> &#8222;FIRMENTELEFONANLAGE 3CX Angebot Tel. 07164 90 97 00&#8220;<\/span><\/a><\/p>\n","protected":false},"author":2,"featured_media":245,"parent":26,"menu_order":0,"comment_status":"closed","ping_status":"closed","template":"","meta":{"footnotes":""},"class_list":["post-244","page","type-page","status-publish","has-post-thumbnail","hentry"],"_links":{"self":[{"href":"https:\/\/www.kaelberer-online.de\/services\/wp-json\/wp\/v2\/pages\/244","targetHints":{"allow":["GET"]}}],"collection":[{"href":"https:\/\/www.kaelberer-online.de\/services\/wp-json\/wp\/v2\/pages"}],"about":[{"href":"https:\/\/www.kaelberer-online.de\/services\/wp-json\/wp\/v2\/types\/page"}],"author":[{"embeddable":true,"href":"https:\/\/www.kaelberer-online.de\/services\/wp-json\/wp\/v2\/users\/2"}],"replies":[{"embeddable":true,"href":"https:\/\/www.kaelberer-online.de\/services\/wp-json\/wp\/v2\/comments?post=244"}],"version-history":[{"count":1,"href":"https:\/\/www.kaelberer-online.de\/services\/wp-json\/wp\/v2\/pages\/244\/revisions"}],"predecessor-version":[{"id":479,"href":"https:\/\/www.kaelberer-online.de\/services\/wp-json\/wp\/v2\/pages\/244\/revisions\/479"}],"up":[{"embeddable":true,"href":"https:\/\/www.kaelberer-online.de\/services\/wp-json\/wp\/v2\/pages\/26"}],"wp:featuredmedia":[{"embeddable":true,"href":"https:\/\/www.kaelberer-online.de\/services\/wp-json\/wp\/v2\/media\/245"}],"wp:attachment":[{"href":"https:\/\/www.kaelberer-online.de\/services\/wp-json\/wp\/v2\/media?parent=244"}],"curies":[{"name":"wp","href":"https:\/\/api.w.org\/{rel}","templated":true}]}}