{"id":240,"date":"2022-01-17T05:10:21","date_gmt":"2022-01-17T05:10:21","guid":{"rendered":"https:\/\/kaelberer-online.de\/services\/?page_id=240"},"modified":"2022-01-17T05:10:21","modified_gmt":"2022-01-17T05:10:21","slug":"analoges-telefon-an-isdn-3cx","status":"publish","type":"page","link":"https:\/\/www.kaelberer-online.de\/services\/telefonanlagen\/analoges-telefon-an-isdn-3cx\/","title":{"rendered":"ANALOGES TELEFON AN ISDN 3CX Beratung Tel. 07164 90 97 00"},"content":{"rendered":"<h2>\n<p>Wissen Sie die Anforderungen an Ihre neue <strong><strong>3CX<\/strong><\/strong> <strong><strong>TK-Anlage<\/strong><\/strong> schon?<\/p>\n<\/h2>\n<p><h3>Eine moderne <strong>3CX<\/strong> <strong>Telefonanlage<\/strong> simplifiziert Ihre Gesch\u00e4ftsprozesse. Optimieren Sie Ihr Unternehmen mit einer brandneuen und flexiblen <strong>3CX<\/strong> <strong>TK-Anlage<\/strong>. Eine <strong>3CX<\/strong> <strong>TK-Anlage<\/strong> die ma\u00dfgeschneidert auf Ihre Anspr\u00fcche zugeschnitten ist und mit dem Unternehmen wachsen kann.<\/h3>\n<\/p>\n<p>Die neue Arbeitswelt die mobil unterwegs ist. Kommunizieren Sie mit einem Mobiltelefon \u00fcber Ihre <strong>3CX<\/strong> <strong>TK-Anlage<\/strong> mit Ihren Auftraggebern. Selbstverst\u00e4ndlich \u00fcber Ihre Festnetz-Rufnummer als Absenderkennung. Wahren Sie Ihre Privatsph\u00e4re und beweisen Sie Professionalit\u00e4t.<\/p>\n<p>Unsere <strong>3CX<\/strong> <strong>TK-Anlage<\/strong>n wurden f\u00fcr flexibles arbeiten designed. Als zeitgem\u00e4\u00dfe Cloud <strong>3CX<\/strong> <strong>Telefonanlage<\/strong> oder auf der pers\u00f6nlichen Hardware hausintern gehostet. Die Installation und die Verwaltung ist unkompliziert. Sie bekommen damit eine sichere, verl\u00e4ssliche und flexible <strong>3CX<\/strong> <strong>Telefonanlage<\/strong>.<\/p>\n<h2>Gute Preise f\u00fcr Ihre neue 3CX <strong>TK-Anlage<\/strong><\/h2>\n<p>Ein tolles Preis- und Leistungsverh\u00e4ltnis. Richten Sie grenzenlos viele Nebenstellen ein, stets genau da wo Sie sie gerade w\u00fcnschen und sparen Sie Kosten.<\/p>\n<h2>St\u00e4rken Sie Ihr Personal.<\/h2>\n<p>Bei Anrufeingang genau wissen wer im Moment anruft. Infos sind alles. F\u00fcr Mitarbeiter und die Leitung. Somit wissen Sie exakt was l\u00e4uft. W\u00e4hlen Sie mit einem trivialen Mausklick aus Ihrem CRM oder Ihrer Business Software jede Rufnummer.<\/p>\n<p>Ist es nicht genial, wenn Sie von einer zentralen Oberfl\u00e4che heraus jegliche Anrufe realisieren, entgegen nehmen wie auch bearbeiten oder aber den Status Ihrer Arbeitskollegen abfragen, eingehende Livechat-News beantworten und Videoanrufe initiieren k\u00f6nnten? Mit dem Webclient als Softphone sowie der Windows Desktop Applikation ist all das und noch reichlich mehr realisierbar.<\/p>\n<h2>Microsoft 365 Einbeziehung<\/h2>\n<p>Benutzt Ihre Firma Microsoft 365? In diesem Fall vernetzen Sie dieses m\u00fchelos mit der <strong>3CX<\/strong> <strong>Telefonanlage<\/strong> und vereinen Sie alle Vorz\u00fcge beider Systeme! Anwender k\u00f6nnen nahtlos \u00fcber beide Applikationen arbeiten, Kontakte bearbeiten und Prozesse schlanker machen, um ihre Effizienz zu steigern und Auftraggeber zu begeistern. <\/p>\n<h2>Kontakte mit dem <strong>3CX<\/strong> Telefonbuch synchronisieren<\/h2>\n<ol>\n<li>Vollautomatische Synchronisation Ihrer pers\u00f6nlichen Kontakte<\/li>\n<li>App-\u00fcbergreifende Verwaltung aller Kontakte in Microsoft 365<\/li>\n<li>Updaten gemeinsamer Mailbox-Kontakte mit dem <strong>3CX<\/strong>-Telefonbuch<\/li>\n<\/ol>\n<h2>Microsoft Teams Telefonie-Verzahnung<\/h2>\n<ol>\n<li>Ausschalten Microsoft\u00b4s teurer Inlands-\/internationaler Tarife<\/li>\n<\/li>\n<li>Durchf\u00fchrung externer Telefongespr\u00e4che \u00fcber <strong>3CX<\/strong> SIP-Trunks<\/li>\n<\/li>\n<li>Selektion eines eigenen g\u00fcnstigen SIP-Dienstleisters Ihrer Gegend<\/li>\n<\/li>\n<\/ol>\n<h3>Unsere Mitarbeiter informieren, beschaffen Hardware wie auch Softwarel\u00f6sungen, installieren, konfigurieren, nehmen in Betrieb und Supporten Ihre brandneue <strong>3CX<\/strong> <strong>Telefonanlage<\/strong>. Sie haben Fragen, oder wollen die derzeitige Liste der Preise anfordern? Sie erreichen uns unter Telefon 07164 909700 und per E-Mail-Nachricht unter support@kaelberer-online.de<\/h3>\n<h2>Konnten wir Sie neugierig machen?<\/h2>\n<p>Jede Menge zus\u00e4tzliche tolle Features warten auf Sie.<\/p>\n<ul>\n<li>Freih\u00e4ndiges Anrufen dank Siri sowie Bluetooth-Integration<\/li>\n<li>Benutzerdefinierte Call Flows automatisieren Anfragen &#038; Vorgehensweisen<\/li>\n<li>Verzicht auf kostspielige Mobilanrufe zwischen Besch\u00e4ftigten wie auch Klienten<\/li>\n<li>Keinerlei Tischtelefone notwendig \u2013 Verwenden Sie Ihr Mobiltelefon<\/li>\n<li>Vernetzen von remote B\u00fcros und interne Anrufkosten eliminieren<\/li>\n<li>Verwaltung von System &#038; Benutzern von beliebigem Ort<\/li>\n<li>In Minuten Anwender updaten\/hinzuf\u00fcgen sowie Mailboxen konfigurieren<\/li>\n<li>Perfekte Skalierbarkeit der TK-Installation<\/li>\n<li>Fernkonfiguration \u00fcber QR-Code statt umst\u00e4ndliche Einrichtung<\/li>\n<li>Auf g\u00fcnstigem Raspberry Pi oder MiniPC als Telefonie-Appliance<\/li>\n<li>Keine Lizenzierung je Nebenstelle, grenzenlos viele Nebenstellen<\/li>\n<li>Beantwortung von Nachfragen mittels Livechat, Facebook &#038; SMS via Apps<\/li>\n<li>Automatische Einstellung von Firewall-Regularien<\/li>\n<li>App \u00f6ffnen, QR Code scannen \u2013 schon sind Sie bereit!<\/li>\n<li>4-stellige Kostenersparnis f\u00fcr Gespr\u00e4che mittels SIP-Trunk Ihrer Wahl<\/li>\n<li>Anrufweiterleitung basierend auf Kundennummer und Anfrage<\/li>\n<li>Plug &#038; Play mit IP-Telefonen, Gateways &#038; SIP-Trunks<\/li>\n<li>Lockdown-f\u00e4hig mit der kostenfreien Anwendung f\u00fcr Web, iOS &#038; Android<\/li>\n<li>Keine Lizenzierung je Nebenstelle, unendlich viele Nebenstellen<\/li>\n<li>Kinderleichte Benutzerverwaltung spart zahlreiche Arbeitsstunden<\/li>\n<li>Bequemes Weiterreichen von Kunden an die korrekte Abteilung<\/li>\n<li>Kontrolle \u00fcber die Telefonleitungen und Telefongespr\u00e4chskosten<\/li>\n<li>Zeitersparnis durch automatische Anzeige von Kundendaten<\/li>\n<li>Eingebettete browserbasierte Videokonferenzen<\/li>\n<\/ul>\n<h3>Fordern Sie mehr Infos und ein Angebot bei uns an. Nat\u00fcrlich stellen wir Ihnen auch eine vollst\u00e4ndige Featureliste zur Verf\u00fcgung.<\/h3>\n<p>[contact-form-7 id=&#8220;5&#8243; title=&#8220;Contact form 1&#8243;]<\/p>\n","protected":false},"excerpt":{"rendered":"<p>Wissen Sie die Anforderungen an Ihre neue 3CX TK-Anlage schon? Eine moderne 3CX Telefonanlage simplifiziert Ihre Gesch\u00e4ftsprozesse. Optimieren Sie Ihr Unternehmen mit einer brandneuen und flexiblen 3CX TK-Anlage. Eine 3CX TK-Anlage die ma\u00dfgeschneidert auf Ihre Anspr\u00fcche zugeschnitten ist und mit dem Unternehmen wachsen kann. Die neue Arbeitswelt die mobil unterwegs ist. Kommunizieren Sie mit einem &hellip; <a href=\"https:\/\/www.kaelberer-online.de\/services\/telefonanlagen\/analoges-telefon-an-isdn-3cx\/\" class=\"more-link\">Continue reading<span class=\"screen-reader-text\"> &#8222;ANALOGES TELEFON AN ISDN 3CX Beratung Tel. 07164 90 97 00&#8220;<\/span><\/a><\/p>\n","protected":false},"author":2,"featured_media":241,"parent":26,"menu_order":0,"comment_status":"closed","ping_status":"closed","template":"","meta":{"footnotes":""},"class_list":["post-240","page","type-page","status-publish","has-post-thumbnail","hentry"],"_links":{"self":[{"href":"https:\/\/www.kaelberer-online.de\/services\/wp-json\/wp\/v2\/pages\/240","targetHints":{"allow":["GET"]}}],"collection":[{"href":"https:\/\/www.kaelberer-online.de\/services\/wp-json\/wp\/v2\/pages"}],"about":[{"href":"https:\/\/www.kaelberer-online.de\/services\/wp-json\/wp\/v2\/types\/page"}],"author":[{"embeddable":true,"href":"https:\/\/www.kaelberer-online.de\/services\/wp-json\/wp\/v2\/users\/2"}],"replies":[{"embeddable":true,"href":"https:\/\/www.kaelberer-online.de\/services\/wp-json\/wp\/v2\/comments?post=240"}],"version-history":[{"count":0,"href":"https:\/\/www.kaelberer-online.de\/services\/wp-json\/wp\/v2\/pages\/240\/revisions"}],"up":[{"embeddable":true,"href":"https:\/\/www.kaelberer-online.de\/services\/wp-json\/wp\/v2\/pages\/26"}],"wp:featuredmedia":[{"embeddable":true,"href":"https:\/\/www.kaelberer-online.de\/services\/wp-json\/wp\/v2\/media\/241"}],"wp:attachment":[{"href":"https:\/\/www.kaelberer-online.de\/services\/wp-json\/wp\/v2\/media?parent=240"}],"curies":[{"name":"wp","href":"https:\/\/api.w.org\/{rel}","templated":true}]}}