{"id":238,"date":"2021-10-13T17:23:23","date_gmt":"2021-10-13T17:23:23","guid":{"rendered":"https:\/\/kaelberer-online.de\/services\/?page_id=238"},"modified":"2021-10-13T17:23:23","modified_gmt":"2021-10-13T17:23:23","slug":"telefonanlage-anschliessen-3cx","status":"publish","type":"page","link":"https:\/\/www.kaelberer-online.de\/services\/telefonanlagen\/telefonanlage-anschliessen-3cx\/","title":{"rendered":"TELEFONANLAGE ANSCHLIESSEN 3CX Support Telefon 07164 90 97 00"},"content":{"rendered":"<h2>\n<p>Wissen Sie die Anspr\u00fcche an Ihre neue <strong><strong>3CX<\/strong><\/strong> <strong><strong>Telefonanlage<\/strong><\/strong> bereits?<\/p>\n<\/h2>\n<p><h3>Eine aktuelle <strong>3CX<\/strong> <strong>TK-Anlage<\/strong> simplifiziert die Unternehmensprozesse. Optimieren Sie Ihr Unternehmen mit der aktuellen und flexiblen <strong>3CX<\/strong> Telefonanlage. Eine <strong>3CX<\/strong> <strong>TK-Anlage<\/strong> die ma\u00dfgeschneidert auf Ihre Anforderungen zugeschnitten ist und mit dem Unternehmen wachsen kann.<\/h3>\n<\/p>\n<p>Die neue Arbeitswelt ist mobil unterwegs. Kommunizieren Sie mit dem Mobiltelefon \u00fcber die <strong>3CX<\/strong> <strong>Telefonanlage<\/strong> mit Ihren Kunden. Selbstverst\u00e4ndlich mit Ihrer Festnetz-Telefonnummer als Absender-Kennung. Wahren Sie die Privatsph\u00e4re und zeigen Sie Seriosit\u00e4t.<\/p>\n<p>Unsere <strong>3CX<\/strong> <strong>TK-Anlage<\/strong>n wurden auch f\u00fcr mobiles arbeiten entwickelt. Als zeitgem\u00e4\u00dfe Cloud <strong>3CX<\/strong> <strong>TK-Anlage<\/strong> oder auf der eigenen Hardware hausintern gehostet. Eine Installation und die Verwaltung ist unkompliziert. Sie bekommen dadurch eine sichere, zuverl\u00e4ssige und vielseitige <strong>3CX<\/strong> <strong>Telefonanlage<\/strong>.<\/p>\n<h2>Die kosteneffektive, anpassungsf\u00e4hige L\u00f6sung<\/h2>\n<p>Ein tolles Preis- und Leistungsverh\u00e4ltnis. Richten Sie grenzenlos viele Nebenstellen ein, stets genau da wo Sie sie gerade brauchen und sparen Sie Kosten.<\/p>\n<h2>Identifizieren Sie die Anrufenden!<\/h2>\n<p>Bei Anrufeingang genau wissen wer gerade anruft. Infos sind alles. F\u00fcr Besch\u00e4ftigte und die Gesch\u00e4ftsf\u00fchrung. Dadurch wissen Sie genau was geht. W\u00e4hlen Sie mit einem trivialen Click aus Ihrem CRM oder Ihrer Firmensoftware jede Rufnummer.<\/p>\n<p>W\u00e4re es nicht genial, wenn Sie von einer zentralen Oberfl\u00e4che heraus alle Anrufe realisieren, entgegennehmen sowie bearbeiten oder aber den Status Ihrer Mitarbeiter in Erfahrung bringen, eingehende Livechat-News beantworten und Videoanrufe f\u00fchren k\u00f6nnten? Mit einem Webclient als Softphone und der Windows Desktop App wird all das wie auch noch viel mehr realisierbar.<\/p>\n<h2>MS 365 Zusammenf\u00fchrung<\/h2>\n<p>Benutzt Ihre Firma Microsoft 365? In diesem Fall vernetzen Sie dieses einfach mit der <strong>3CX<\/strong> <strong>Telefonanlage<\/strong> und verschmelzen Sie jegliche Vorz\u00fcge beider Systeme! User k\u00f6nnen nahtlos mit beiden Apps arbeiten, Kontakte verwalten und Arbeitsschritte verschlanken, um ihre Effektivit\u00e4t zu erh\u00f6hen und Klienten zu inspirieren. <\/p>\n<h2>Kontakte mit dem <strong>3CX<\/strong> Teilnehmerverzeichnis synchronisieren<\/h2>\n<h2>MS Teams Telefonie-Integration<\/h2>\n<ol>\n<li>Selektion eines speziellen optimalen SIP-Dienstleisters Ihrer Gegend<\/li>\n<\/li>\n<li>Eliminieren Microsoft\u00b4s teurer Inlands-\/globaler Tarife<\/li>\n<\/li>\n<\/ol>\n<h3>Unsere Mitarbeiter informieren, organisieren Hardware und Software, richten ein, konfigurieren, nehmen in Betrieb und Supporten Ihre neue <strong>3CX<\/strong> <strong>TK-Anlage<\/strong>. Sie haben Fragen, oder wollen unsere derzeitige Preisliste anfordern? Sie erreichen uns unter Telefon 07164 909700 und per E-Mail-Nachricht unter support@kaelberer-online.de<\/h3>\n<h2>Konnten wir Sie neugierig machen?<\/h2>\n<p>Jede Menge zus\u00e4tzliche top Funktionen warten auf Sie.<\/p>\n<ul>\n<li>Inbegriffen Sicherungen \u00fcber Nacht und 24\/7-\u00dcberwachung<\/li>\n<li>Einfaches Weitersenden von Anrufen und Chatten mit Arbeitskollegen<\/li>\n<li>Konferenzen, mobile Applikationen, Livechat eingeschlossen<\/li>\n<li>Eingebundene browserbasierte Videokonferenzen<\/li>\n<li>Zusammenf\u00fchrung von Homepage-Livechat, Facebook-Messaging sowie Kurznachrichten<\/li>\n<li>Unentgeltliche Office-Anrufe f\u00fcr remote &#038; reisende Angestellte<\/li>\n<li>Keinerlei Schulung vonn\u00f6ten \u2013 geradewegs starten<\/li>\n<li>Uhrzeit-basierte Anrufweiterleitung und Telefonumfragen<\/li>\n<li>Praktische hereinkommende\/ausgehende Vorgaben, DIDs &#038; Ring Groups<\/li>\n<li>Zurverf\u00fcgungstellung Ihrer Entit\u00e4t bei einem Top-Cloud-Experten<\/li>\n<li>Benutzerdefinierte Call Flows automatisieren Anfragen &#038; Vorgehensweisen<\/li>\n<li>Administration von System &#038; Nutzern von beliebigem Ort<\/li>\n<li>Plug &#038; Play mit IP-Telefonen, Gateways &#038; SIP-Trunks<\/li>\n<li>Auf g\u00fcnstigem Raspberry Pi oder MiniPC als Telefonie-Appliance<\/li>\n<li>Laden Sie die Anwendung aus dem Google Play oder App Store herunter<\/li>\n<li>PBX Express bootet Ihre <strong>3CX<\/strong>-Instanz in nur wenigen Minuten<\/li>\n<li>M\u00fcheloses Weiterreichen von Kunden an die richtige Abteilung<\/li>\n<li>Beginnen eines Videoanrufs von Ihrem Mobiltelefon aus<\/li>\n<\/ul>\n<h3>Fragen Sie weitere Infos und ein Angebot bei unserer Firma an. Selbstverst\u00e4ndlich stellen wir Ihnen auch eine komplette Leistungs\u00fcbersicht zur Verf\u00fcgung.<\/h3>\n<p>[contact-form-7 id=&#8220;5&#8243; title=&#8220;Contact form 1&#8243;]<\/p>\n","protected":false},"excerpt":{"rendered":"<p>Wissen Sie die Anspr\u00fcche an Ihre neue 3CX Telefonanlage bereits? Eine aktuelle 3CX TK-Anlage simplifiziert die Unternehmensprozesse. Optimieren Sie Ihr Unternehmen mit der aktuellen und flexiblen 3CX Telefonanlage. Eine 3CX TK-Anlage die ma\u00dfgeschneidert auf Ihre Anforderungen zugeschnitten ist und mit dem Unternehmen wachsen kann. Die neue Arbeitswelt ist mobil unterwegs. Kommunizieren Sie mit dem Mobiltelefon &hellip; <a href=\"https:\/\/www.kaelberer-online.de\/services\/telefonanlagen\/telefonanlage-anschliessen-3cx\/\" class=\"more-link\">Continue reading<span class=\"screen-reader-text\"> &#8222;TELEFONANLAGE ANSCHLIESSEN 3CX Support Telefon 07164 90 97 00&#8220;<\/span><\/a><\/p>\n","protected":false},"author":2,"featured_media":239,"parent":26,"menu_order":0,"comment_status":"closed","ping_status":"closed","template":"","meta":{"footnotes":""},"class_list":["post-238","page","type-page","status-publish","has-post-thumbnail","hentry"],"_links":{"self":[{"href":"https:\/\/www.kaelberer-online.de\/services\/wp-json\/wp\/v2\/pages\/238","targetHints":{"allow":["GET"]}}],"collection":[{"href":"https:\/\/www.kaelberer-online.de\/services\/wp-json\/wp\/v2\/pages"}],"about":[{"href":"https:\/\/www.kaelberer-online.de\/services\/wp-json\/wp\/v2\/types\/page"}],"author":[{"embeddable":true,"href":"https:\/\/www.kaelberer-online.de\/services\/wp-json\/wp\/v2\/users\/2"}],"replies":[{"embeddable":true,"href":"https:\/\/www.kaelberer-online.de\/services\/wp-json\/wp\/v2\/comments?post=238"}],"version-history":[{"count":0,"href":"https:\/\/www.kaelberer-online.de\/services\/wp-json\/wp\/v2\/pages\/238\/revisions"}],"up":[{"embeddable":true,"href":"https:\/\/www.kaelberer-online.de\/services\/wp-json\/wp\/v2\/pages\/26"}],"wp:featuredmedia":[{"embeddable":true,"href":"https:\/\/www.kaelberer-online.de\/services\/wp-json\/wp\/v2\/media\/239"}],"wp:attachment":[{"href":"https:\/\/www.kaelberer-online.de\/services\/wp-json\/wp\/v2\/media?parent=238"}],"curies":[{"name":"wp","href":"https:\/\/api.w.org\/{rel}","templated":true}]}}