{"id":230,"date":"2021-12-10T06:56:38","date_gmt":"2021-12-10T06:56:38","guid":{"rendered":"https:\/\/kaelberer-online.de\/services\/?page_id=230"},"modified":"2021-12-10T06:56:38","modified_gmt":"2021-12-10T06:56:38","slug":"sip-tk-anlage-3cx","status":"publish","type":"page","link":"https:\/\/www.kaelberer-online.de\/services\/telefonanlagen\/sip-tk-anlage-3cx\/","title":{"rendered":"SIP TK ANLAGE 3CX Support Telefon 07164 90 97 00"},"content":{"rendered":"<h2>\n<p>Wissen Sie die Vorgaben an Ihre neue <strong><strong>3CX<\/strong><\/strong> <strong><strong>TK-Anlage<\/strong><\/strong> bereits?<\/p>\n<\/h2>\n<p><h3>Eine moderne <strong>3CX<\/strong> <strong>Telefonanlage<\/strong> simplifiziert Ihre Gesch\u00e4ftsprozesse. Optimieren Sie Ihr Unternehmen mit einer aktuellen und flexiblen <strong>3CX<\/strong> <strong>TK-Anlage<\/strong>. Die <strong>3CX<\/strong> <strong>Telefonanlage<\/strong> die ma\u00dfgeschneidert auf Ihre Anforderungen angepasst ist und mit Ihrem Unternehmen gro\u00df werden kann.<\/h3>\n<\/p>\n<p>Die neue Arbeitswelt ist mobil unterwegs. Telefonieren Sie mit einem Smartphone \u00fcber die <strong>3CX<\/strong> <strong>TK-Anlage<\/strong> mit Ihren Auftraggebern. Selbstverst\u00e4ndlich \u00fcber Ihre Festnetz-Rufnummer als Absender-Kennung. bewahren Sie die Privatsph\u00e4re und beweisen Sie Seriosit\u00e4t.<\/p>\n<p>die <strong>3CX<\/strong> <strong>TK-Anlage<\/strong>n wurden auch f\u00fcr mobiles arbeiten designed. Als moderne Cloud <strong>3CX<\/strong> <strong>Telefonanlage<\/strong> oder auf der eigenen Hardware hausintern gehostet. Eine Installation und die Konfiguration ist unkompliziert. Sie bekommen damit eine sichere, verl\u00e4ssliche sowie hochflexible <strong>3CX<\/strong> TK-Anlage.<\/p>\n<h2>Gute Preise f\u00fcr Ihre neue 3CX <strong>Telefonanlage<\/strong><\/h2>\n<p>Ein unschlagbares Preis- und Leistungsverh\u00e4ltnis. Richten Sie grenzenlos viele Nebenstellen ein, immer pr\u00e4zise da wo Sie sie im Moment w\u00fcnschen und sparen Sie Kosten.<\/p>\n<h2>Ermitteln Sie Ihre Anrufer!<\/h2>\n<p>Bei Anrufeingang genau wissen wer im Moment anruft. Infos sind alles. F\u00fcr Besch\u00e4ftigte oder die Gesch\u00e4ftsleitung. Auf diese Weise wissen Sie genau was geht. W\u00e4hlen Sie mit einem einfachen Klick aus Ihrem CRM oder Ihrer Business Software jede Rufnummer.<\/p>\n<p>W\u00e4re es nicht gro\u00dfartig, wenn Sie von einer zentralen Oberfl\u00e4che heraus alle Anrufe realisieren, empfangen wie auch bearbeiten oder aber den Status Ihrer Kollegen in Erfahrung bringen, eingehende Livechat-Nachrichten beantworten und Videoanrufe f\u00fchren k\u00f6nnten? Mit dem Webclient als Softphone wie auch der Windows Desktop App wird all das und noch viel mehr machbar.<\/p>\n<h2>MS 365 Einbindung<\/h2>\n<p>Benutzt Ihre Firma Microsoft 365? In diesem Fall verkn\u00fcpfen Sie dieses einfach mit der <strong>3CX<\/strong> <strong>TK-Anlage<\/strong> und kombinieren Sie jegliche Vorteile beider Systeme! Anwender k\u00f6nnen nahtlos \u00fcber beide Apps arbeiten, Kontakte verwalten und Arbeitsschritte schlanker machen, um ihre Effektivit\u00e4t zu erh\u00f6hen und Klienten zu inspirieren. <\/p>\n<h2>Kontakte mit Ihrem <strong>3CX<\/strong> Telefonbuch abgleichen<\/h2>\n<ol>\n<li>Anruf synchronisierter Kontakte per Webclient oder mobilen Apps<\/li>\n<li>Aktualisierung gemeinsamer Mailbox-Kontakte mit dem <strong>3CX<\/strong>-Teilnehmerverzeichnis<\/li>\n<li>Applikation-\u00fcbergreifende Administration jeglicher Kontakte in MS 365<\/li>\n<\/ol>\n<h2>Microsoft Teams Telefonie-Integration<\/h2>\n<ol>\n<li>Durchf\u00fchrung externer Telefonate \u00fcber <strong>3CX<\/strong> SIP-Trunks<\/li>\n<\/li>\n<li>Eliminieren Microsoft\u00b4s teurer Inlands-\/globaler Tarife<\/li>\n<\/li>\n<\/ol>\n<h3>Wir beraten, organisieren Hardware und Software, installieren, konfigurieren, nehmen in Betrieb und Supporten Ihre brandneue <strong>3CX<\/strong> <strong>Telefonanlage<\/strong>. Sie haben Fragen, oder wollen unsere derzeitige Liste der Preise anfordern? Sie erreichen uns unter Telefon 07164 909700 sowie per E-Mail-Nachricht unter support@kaelberer-online.de<\/h3>\n<h2>Vermochten wir Ihr Interesse wecken?<\/h2>\n<p>Viele weitere top Features warten auf Sie.<\/p>\n<ul>\n<li>Beginnen eines Videoanrufs von Ihrem Smartphone aus<\/li>\n<li>Nutzung der B\u00fcro-Durchwahlnummer auf Ihrem Mobiltelefon<\/li>\n<li>Anrufweiterleitung aufbauend auf Kundennummer sowie Anfrage<\/li>\n<li>Anwendung \u00f6ffnen, QR Code scannen \u2013 im Nu sind Sie bereit!<\/li>\n<li>Identifizierung von Anrufern mit Hilfe CRM-Integration<\/li>\n<li>Wechsel zwischen Sprach- wie auch Video-Anrufe mit einem Fingertipp<\/li>\n<li>4-stellige Kostenersparnis f\u00fcr Gespr\u00e4che mittels SIP-Trunk Ihrer Auswahl<\/li>\n<li>Keine Lizenzierung je Nebenstelle, grenzenlos viele Nebenstellen<\/li>\n<li>Administration von System &#038; Benutzern von beliebigem Ort<\/li>\n<li>Verwaltung, Sicherheits-Patches &#038; Version-Upgrades durch <strong>3CX<\/strong><\/li>\n<li>Zurverf\u00fcgungstellung per Google Marketplace, Amazon oder Azure<\/li>\n<li>Laden Sie die Anwendung aus dem Google Play oder App Store herunter<\/li>\n<li>Bequemes Implementieren und Verwalten ohne Schulungsbedarf<\/li>\n<li>Konferenzen, mobile Applikationen, Chat inklusive<\/li>\n<li>Praktische hereinkommende\/hinausgehende Vorgaben, DIDs &#038; Ring Groups<\/li>\n<li>Zuteilung der Anrufer-ID zu dem Datensatz in Ihrem CRM<\/li>\n<li>Update des pers\u00f6nlichen Status &#038; Einsicht der Personal-Verf\u00fcgbarkeit<\/li>\n<li>Keinerlei Tischtelefone vonn\u00f6ten \u2013 Nutzen Sie Ihr Mobiltelefon<\/li>\n<\/ul>\n<h3>Bitte fordern Sie erg\u00e4nzende Infos sowie ein Angebot bei uns an. Selbstverst\u00e4ndlich stellen wir Ihnen auch eine vollst\u00e4ndige Leistungs\u00fcbersicht zur Verf\u00fcgung.<\/h3>\n<p>[contact-form-7 id=&#8220;5&#8243; title=&#8220;Contact form 1&#8243;]<\/p>\n","protected":false},"excerpt":{"rendered":"<p>Wissen Sie die Vorgaben an Ihre neue 3CX TK-Anlage bereits? Eine moderne 3CX Telefonanlage simplifiziert Ihre Gesch\u00e4ftsprozesse. Optimieren Sie Ihr Unternehmen mit einer aktuellen und flexiblen 3CX TK-Anlage. Die 3CX Telefonanlage die ma\u00dfgeschneidert auf Ihre Anforderungen angepasst ist und mit Ihrem Unternehmen gro\u00df werden kann. Die neue Arbeitswelt ist mobil unterwegs. Telefonieren Sie mit einem &hellip; <a href=\"https:\/\/www.kaelberer-online.de\/services\/telefonanlagen\/sip-tk-anlage-3cx\/\" class=\"more-link\">Continue reading<span class=\"screen-reader-text\"> &#8222;SIP TK ANLAGE 3CX Support Telefon 07164 90 97 00&#8220;<\/span><\/a><\/p>\n","protected":false},"author":2,"featured_media":231,"parent":26,"menu_order":0,"comment_status":"closed","ping_status":"closed","template":"","meta":{"footnotes":""},"class_list":["post-230","page","type-page","status-publish","has-post-thumbnail","hentry"],"_links":{"self":[{"href":"https:\/\/www.kaelberer-online.de\/services\/wp-json\/wp\/v2\/pages\/230","targetHints":{"allow":["GET"]}}],"collection":[{"href":"https:\/\/www.kaelberer-online.de\/services\/wp-json\/wp\/v2\/pages"}],"about":[{"href":"https:\/\/www.kaelberer-online.de\/services\/wp-json\/wp\/v2\/types\/page"}],"author":[{"embeddable":true,"href":"https:\/\/www.kaelberer-online.de\/services\/wp-json\/wp\/v2\/users\/2"}],"replies":[{"embeddable":true,"href":"https:\/\/www.kaelberer-online.de\/services\/wp-json\/wp\/v2\/comments?post=230"}],"version-history":[{"count":0,"href":"https:\/\/www.kaelberer-online.de\/services\/wp-json\/wp\/v2\/pages\/230\/revisions"}],"up":[{"embeddable":true,"href":"https:\/\/www.kaelberer-online.de\/services\/wp-json\/wp\/v2\/pages\/26"}],"wp:featuredmedia":[{"embeddable":true,"href":"https:\/\/www.kaelberer-online.de\/services\/wp-json\/wp\/v2\/media\/231"}],"wp:attachment":[{"href":"https:\/\/www.kaelberer-online.de\/services\/wp-json\/wp\/v2\/media?parent=230"}],"curies":[{"name":"wp","href":"https:\/\/api.w.org\/{rel}","templated":true}]}}