{"id":220,"date":"2021-12-24T04:32:44","date_gmt":"2021-12-24T04:32:44","guid":{"rendered":"https:\/\/kaelberer-online.de\/services\/?page_id=220"},"modified":"2021-12-24T04:32:44","modified_gmt":"2021-12-24T04:32:44","slug":"telefonanlage-fuer-kleines-buero-3cx","status":"publish","type":"page","link":"https:\/\/www.kaelberer-online.de\/services\/telefonanlagen\/telefonanlage-fuer-kleines-buero-3cx\/","title":{"rendered":"TELEFONANLAGE F\u00dcR KLEINES B\u00dcRO 3CX Angebot Telefon 07164 90 97 00"},"content":{"rendered":"<h2>\n<p>Wissen Sie die Anforderungen an Ihre neue <strong><strong>3CX<\/strong><\/strong> <strong><strong>Telefonanlage<\/strong><\/strong> schon?<\/p>\n<\/h2>\n<p><h3>Eine moderne <strong>3CX<\/strong> <strong>Telefonanlage<\/strong> vereinfacht die Firmenprozesse. Optimieren Sie Ihr Unternehmen mit einer neuen und flexiblen <strong>3CX<\/strong> Telefonanlage. Eine <strong>3CX<\/strong> <strong>Telefonanlage<\/strong> die individuell auf Ihre Vorgaben abgestimmt ist und mit dem Unternehmen wachsen kann.<\/h3>\n<\/p>\n<p>Eine neue Arbeitswelt ist mobil unterwegs. Kommunizieren Sie mit Ihrem Mobiltelefon \u00fcber die <strong>3CX<\/strong> <strong>TK-Anlage<\/strong> mit Ihren Klienten. Selbstverst\u00e4ndlich mit Ihrer Festnetz-Rufnummer als Absenderkennung. bewahren Sie die Privatsph\u00e4re und zeigen Sie Professionalit\u00e4t.<\/p>\n<p>die <strong>3CX<\/strong> <strong>Telefonanlage<\/strong>n wurden f\u00fcr flexibles arbeiten entworfen. Als moderne Cloud <strong>3CX<\/strong> <strong>TK-Anlage<\/strong> oder auf Ihrer eigenen Hardware hausintern gehostet. Die Installation und die Verwaltung ist einfach. Sie erhalten damit eine sichere, zuverl\u00e4ssige und flexible <strong>3CX<\/strong> TK-Anlage.<\/p>\n<h2>Die kosteneffektive, anpassbare L\u00f6sung<\/h2>\n<p>Ein hervorragendes Preis- und Leistungsverh\u00e4ltnis. Richten Sie unendlich viele Nebenstellen ein, stets genau da wo Sie sie im Moment brauchen und sparen Sie Kosten.<\/p>\n<h2>Identifizieren Sie Ihre Anrufer!<\/h2>\n<p>Bei Anrufeingang pr\u00e4zise wissen wer im Moment anruft. Informationen sind alles. F\u00fcr Besch\u00e4ftigte sowie die Leitung. Auf diese Weise wissen Sie exakt was geht. W\u00e4hlen Sie mit einem bequemen Mausklick aus Ihrem CRM oder Ihrer Business Software jede Rufnummer.<\/p>\n<p>Ist es nicht prima, wenn Sie von einer zentralen Oberfl\u00e4che heraus alle Anrufe t\u00e4tigen, annehmen und bearbeiten oder aber den Status Ihrer Mitarbeiter abfragen, eingehende Livechat-Nachrichten beantworten und Videoanrufe initiieren k\u00f6nnten? Mit dem Webclient als Softphone und der Windows Desktop App ist all das sowie noch reichlich mehr machbar.<\/p>\n<h2>Microsoft 365 Einbindung<\/h2>\n<p>Nutzt Ihr Unternehmen Microsoft 365? In diesem Fall verkn\u00fcpfen Sie dieses m\u00fchelos mit der <strong>3CX<\/strong> <strong>Telefonanlage<\/strong> und verschmelzen Sie alle Vorz\u00fcge beider Systeme! Benutzer k\u00f6nnen nahtlos mit beiden Applikationen arbeiten, Kontakte bearbeiten und Verfahren verschlanken, um ihre Effizienz zu steigern und Kunden zu inspirieren. <\/p>\n<h2>Kontakte mit Ihrem <strong>3CX<\/strong> Teilnehmerverzeichnis abgleichen<\/h2>\n<ol>\n<li>Automatische Synchronisation Ihrer eigenen Kontakte<\/li>\n<li>App-\u00fcbergreifende Verwaltung jeglicher Kontakte in MS 365<\/li>\n<li>Updaten gemeinsamer Mailbox-Kontakte mit dem <strong>3CX<\/strong>-Teilnehmerverzeichnis<\/li>\n<\/ol>\n<h2>MS Teams Telefonie-Zusammenf\u00fchrung<\/h2>\n<ol>\n<li>Durchf\u00fchrung externer Telefonate mittels <strong>3CX<\/strong> SIP-Trunks<\/li>\n<\/li>\n<li>Ausschalten Microsoft\u00b4s teurer Inlands-\/internationaler Tarife<\/li>\n<\/li>\n<li>Auswahl eines individuellen perfekten SIP-Anbieters Ihrer Gegend<\/li>\n<\/li>\n<\/ol>\n<h3>Unsere Mitarbeiter unterst\u00fctzen, organisieren Hardware wie auch Softwarel\u00f6sungen, installieren, konfigurieren, nehmen in Betrieb und Supporten Ihre brandneue <strong>3CX<\/strong> <strong>Telefonanlage<\/strong>. Sie haben Fragen, oder m\u00f6chten unsere derzeitige Preisliste anfordern? Sie erreichen uns unter Telefon 07164 909700 und per Mail unter support@kaelberer-online.de<\/h3>\n<h2>Konnten wir Sie neugierig machen?<\/h2>\n<p>Viele zus\u00e4tzliche tolle Features warten auf Sie.<\/p>\n<ul>\n<li>Unbegrenzte Anzahl von Usern kostenlos in <strong>3CX<\/strong> enthalten<\/li>\n<li>Zurverf\u00fcgungstellung Ihrer Entit\u00e4t bei einem Super-Cloud-Experten<\/li>\n<li>Auf g\u00fcnstigem Raspberry Pi und MiniPC als Telefonie-Appliance<\/li>\n<li>App \u00f6ffnen, QR Code scannen \u2013 im Nu sind Sie bereit!<\/li>\n<li>Wechsel zwischen Sprach- wie auch Videoanrufen mit einem Fingertipp<\/li>\n<li>Anrufe mit einem einzigen Klick geradewegs aus CRM heraus f\u00fchren<\/li>\n<li>SIP-Forking \u2013 simultane Nutzung von <strong>3CX<\/strong> App und Tischtelefon<\/li>\n<li>Keine Tischtelefone notwendig \u2013 Verwenden Sie Ihr Smartphone<\/li>\n<li>Enth\u00e4lt mobile Apps f\u00fcr Windows, Web, iOS &#038; Android<\/li>\n<li>M\u00fcheloses Erstellen und Bearbeiten von Nebenstellen \u2013 auch remote<\/li>\n<li>Telefonrechnung um bis zu 80 % senken durch Wechsel zu <strong>3CX<\/strong><\/li>\n<li>Zuteilung der Anrufer-ID zu einem Datensatz in Ihrem CRM<\/li>\n<li>Abfrage von Kunden- oder Fallnummern, um Agenten Zeit zu sparen<\/li>\n<li>Anrufweiterleitung aufbauend auf Kundennummer und Anfrage<\/li>\n<li>Fernkonfiguration \u00fcber QR-Code anstatt umst\u00e4ndliche Einrichtung<\/li>\n<li>Aktualisierung des pers\u00f6nlichen Status &#038; Einsicht der Personal-Verf\u00fcgbarkeit<\/li>\n<li>Laden Sie die Applikation aus dem Google Play oder App Store herunter<\/li>\n<li>Zufriedene Kunden und weniger M\u00fchen f\u00fcr Ihre Mitarbeiter<\/li>\n<li>Freih\u00e4ndiges Kommunizieren dank Siri wie auch Bluetooth-Integration<\/li>\n<li>Eigenst\u00e4ndig Hosten \u00fcber Google, Amazon, Microsoft &#038; mehr<\/li>\n<li>Vollautomatische Einstellung von Firewall-Regularien<\/li>\n<li>Lockdown-f\u00e4hig mit der kostenlosen Anwendung f\u00fcr Web, iOS &#038; Android<\/li>\n<li>Geb\u00fchrenfreie B\u00fcro-Anrufe f\u00fcr remote &#038; reisende Arbeitnehmer<\/li>\n<\/ul>\n<h3>Fordern Sie mehr Infos oder ein Produktangebot bei unserer Firma an. Gerne stellen wir Ihnen auch eine komplette Featureliste zur Verf\u00fcgung.<\/h3>\n<p>[contact-form-7 id=&#8220;5&#8243; title=&#8220;Contact form 1&#8243;]<\/p>\n","protected":false},"excerpt":{"rendered":"<p>Wissen Sie die Anforderungen an Ihre neue 3CX Telefonanlage schon? Eine moderne 3CX Telefonanlage vereinfacht die Firmenprozesse. Optimieren Sie Ihr Unternehmen mit einer neuen und flexiblen 3CX Telefonanlage. Eine 3CX Telefonanlage die individuell auf Ihre Vorgaben abgestimmt ist und mit dem Unternehmen wachsen kann. Eine neue Arbeitswelt ist mobil unterwegs. Kommunizieren Sie mit Ihrem Mobiltelefon &hellip; <a href=\"https:\/\/www.kaelberer-online.de\/services\/telefonanlagen\/telefonanlage-fuer-kleines-buero-3cx\/\" class=\"more-link\">Continue reading<span class=\"screen-reader-text\"> &#8222;TELEFONANLAGE F\u00dcR KLEINES B\u00dcRO 3CX Angebot Telefon 07164 90 97 00&#8220;<\/span><\/a><\/p>\n","protected":false},"author":2,"featured_media":221,"parent":26,"menu_order":0,"comment_status":"closed","ping_status":"closed","template":"","meta":{"footnotes":""},"class_list":["post-220","page","type-page","status-publish","has-post-thumbnail","hentry"],"_links":{"self":[{"href":"https:\/\/www.kaelberer-online.de\/services\/wp-json\/wp\/v2\/pages\/220","targetHints":{"allow":["GET"]}}],"collection":[{"href":"https:\/\/www.kaelberer-online.de\/services\/wp-json\/wp\/v2\/pages"}],"about":[{"href":"https:\/\/www.kaelberer-online.de\/services\/wp-json\/wp\/v2\/types\/page"}],"author":[{"embeddable":true,"href":"https:\/\/www.kaelberer-online.de\/services\/wp-json\/wp\/v2\/users\/2"}],"replies":[{"embeddable":true,"href":"https:\/\/www.kaelberer-online.de\/services\/wp-json\/wp\/v2\/comments?post=220"}],"version-history":[{"count":0,"href":"https:\/\/www.kaelberer-online.de\/services\/wp-json\/wp\/v2\/pages\/220\/revisions"}],"up":[{"embeddable":true,"href":"https:\/\/www.kaelberer-online.de\/services\/wp-json\/wp\/v2\/pages\/26"}],"wp:featuredmedia":[{"embeddable":true,"href":"https:\/\/www.kaelberer-online.de\/services\/wp-json\/wp\/v2\/media\/221"}],"wp:attachment":[{"href":"https:\/\/www.kaelberer-online.de\/services\/wp-json\/wp\/v2\/media?parent=220"}],"curies":[{"name":"wp","href":"https:\/\/api.w.org\/{rel}","templated":true}]}}