{"id":214,"date":"2022-01-23T03:48:38","date_gmt":"2022-01-23T03:48:38","guid":{"rendered":"https:\/\/kaelberer-online.de\/services\/?page_id=214"},"modified":"2022-01-23T03:48:38","modified_gmt":"2022-01-23T03:48:38","slug":"telefonanlage-kosten-3cx","status":"publish","type":"page","link":"https:\/\/www.kaelberer-online.de\/services\/telefonanlagen\/telefonanlage-kosten-3cx\/","title":{"rendered":"TELEFONANLAGE KOSTEN 3CX Service Telefon 07164 90 97 00"},"content":{"rendered":"<h2>\n<p>Wissen Sie die Vorgaben an Ihre neue <strong><strong>3CX<\/strong><\/strong> <strong><strong>Telefonanlage<\/strong><\/strong> schon?<\/p>\n<\/h2>\n<p><h3>Die aktuelle <strong>3CX<\/strong> <strong>TK-Anlage<\/strong> vereinfacht die Unternehmensprozesse. Optimieren Sie Ihre Firma mit der neuen und flexiblen <strong>3CX<\/strong> <strong>TK-Anlage<\/strong>. Eine <strong>3CX<\/strong> <strong>TK-Anlage<\/strong> die ma\u00dfgeschneidert auf Ihre Anspr\u00fcche zugeschnitten ist und mit dem Unternehmen gro\u00df werden kann.<\/h3>\n<\/p>\n<p>Die neue Arbeitswelt die mobil unterwegs ist. Telefonieren Sie mit dem Mobiltelefon \u00fcber die <strong>3CX<\/strong> <strong>TK-Anlage<\/strong> mit Ihren Klienten. Selbstverst\u00e4ndlich mit Ihrer Festnetz-Telefonnummer als Absender-Kennung. Wahren Sie die Privatsph\u00e4re und zeigen Sie Professionalit\u00e4t.<\/p>\n<p>Unsere <strong>3CX<\/strong> <strong>Telefonanlage<\/strong>n wurden auch f\u00fcr flexibles arbeiten entworfen. Als moderne Cloud <strong>3CX<\/strong> <strong>Telefonanlage<\/strong> oder auf der eigenen Hardware hausintern gehostet. Die Installation und die Konfiguration ist unkompliziert. Sie erhalten damit eine sichere, verl\u00e4ssliche sowie variable <strong>3CX<\/strong> <strong>Telefonanlage<\/strong>.<\/p>\n<h2>Die kosteng\u00fcnstige, flexible L\u00f6sung<\/h2>\n<p>Ein unschlagbares Preis- und Leistungsverh\u00e4ltnis. Richten Sie unbegrenzt viele Nebenstellen ein, stets genau da wo Sie sie gerade w\u00fcnschen und sparen Sie Kosten.<\/p>\n<h2>Identifizieren Sie Ihre Anrufer!<\/h2>\n<p>Bei Anrufeingang pr\u00e4zise wissen wer gerade anruft. Infos sind alles. F\u00fcr Angestellte sowie die Gesch\u00e4ftsf\u00fchrung. Somit wissen Sie pr\u00e4zise was l\u00e4uft. W\u00e4hlen Sie mit einem bequemen Mausklick aus Ihrem CRM oder Ihrer Business Software jede Telefonnummer.<\/p>\n<p>Ist es nicht phantastisch, wenn Sie von einer zentralen Oberfl\u00e4che heraus s\u00e4mtliche Anrufe t\u00e4tigen, entgegen nehmen wie auch bearbeiten oder aber den Status Ihrer Mitarbeiter in Erfahrung bringen, eingehende Chat-News beantworten und Videoanrufe initiieren k\u00f6nnten? Mit dem Webclient als Softphone sowie der Windows Desktop Applikation wird alles das sowie noch viel mehr realisierbar.<\/p>\n<h2>MS 365 Integration<\/h2>\n<p>Benutzt Ihr Unternehmen Microsoft 365? Dann verbinden Sie dieses ganz leicht mit der <strong>3CX<\/strong> <strong>TK-Anlage<\/strong> und kombinieren Sie alle Vorteile beider Systeme! Benutzer k\u00f6nnen \u00fcbergangslos \u00fcber beide Applikationen arbeiten, Kontakte bearbeiten und Abl\u00e4ufe schlanker machen, um ihre Effizienz zu erh\u00f6hen und Kunden zu begeistern. <\/p>\n<h2>Kontakte mit dem <strong>3CX<\/strong> Teilnehmerverzeichnis abgleichen<\/h2>\n<ol>\n<li>Aktualisierung gemeinschaftlicher Mailbox-Kontakte mit dem <strong>3CX<\/strong>-Telefonbuch<\/li>\n<li>Anruf synchronisierter Kontakte per Webclient oder portabler Apps<\/li>\n<li>Automatisierte Synchronisation Ihrer privaten Kontakte<\/li>\n<\/ol>\n<h2>Microsoft Teams Telefonie-Verzahnung<\/h2>\n<ol>\n<li>Realisierung externer Telefongespr\u00e4che \u00fcber <strong>3CX<\/strong> SIP-Trunks<\/li>\n<\/li>\n<li>Ausschalten Microsoft\u00b4s kostspieliger Inlands-\/globaler Tarife<\/li>\n<\/li>\n<li>Auswahl eines individuellen optimalen SIP-Dienstleisters Ihrer Gegend<\/li>\n<\/li>\n<\/ol>\n<h3>Wir unterst\u00fctzen, organisieren Hardware und Softwarel\u00f6sungen, richten ein, konfigurieren, nehmen in Betrieb und Supporten Ihre brandneue <strong>3CX<\/strong> <strong>Telefonanlage<\/strong>. Sie haben Fragen, oder wollen die derzeitige Liste der Preise anfordern? Sie erreichen uns unter Telefon 07164 909700 oder per E-Mail-Nachricht unter support@kaelberer-online.de<\/h3>\n<h2>Konnten wir Ihr Aufmerksamkeit wecken?<\/h2>\n<p>Jede Menge weitere top Funktionen warten auf Sie.<\/p>\n<ul>\n<li>Uhrzeit-basierte Anrufweiterleitung und Telefonumfragen<\/li>\n<li>Kontrolle \u00fcber Ihre Leitungen und Gespr\u00e4chskosten<\/li>\n<li>Auf g\u00fcnstigem Raspberry Pi oder MiniPC als Telefonie-Appliance<\/li>\n<li>Zuordnung der Anrufer-ID zu einem Datensatz in Ihrem CRM<\/li>\n<li>Direkter Kontakt \u00fcber Anrufe, Video sowie Instant Messaging<\/li>\n<li>Verbinden von remote B\u00fcros und interne Anrufkosten eliminieren<\/li>\n<li>Erweiterte Erreichbarkeit f\u00fcr VIP-Klienten au\u00dferhalb der B\u00fcrozeiten<\/li>\n<li>Simples Weiterreichen von Anrufen und Chatten mit Kollegen<\/li>\n<li>Abfrage von Kunden- und Fallnummern, um Agenten Zeit zu sparen<\/li>\n<li>Fernkonfiguration \u00fcber QR-Code statt umst\u00e4ndliche Einrichtung<\/li>\n<li>Jederzeit zwischen <strong>3CX<\/strong>-Hosting, on-Premise &#038; Ihrer Cloud wechseln<\/li>\n<li>Verwaltung, Sicherheits-Patches &#038; Version-Upgrades durch <strong>3CX<\/strong><\/li>\n<li>Einfaches Implementieren und Verwalten ohne Schulungsbedarf<\/li>\n<li>Bequemes Weiterleiten von Kunden an die richtige Abteilung<\/li>\n<li>Anrufweiterleitung aufbauend auf Kundennummer sowie Anfrage<\/li>\n<li>Aktualisierung des pers\u00f6nlichen Status &#038; Einsicht der Team-Verf\u00fcgbarkeit<\/li>\n<li>Lockdown-f\u00e4hig mit der kostenfreien Anwendung f\u00fcr Web, iOS &#038; Android<\/li>\n<li>Keine Lizenzierung je Nebenstelle, unbegrenzt viele Nebenstellen<\/li>\n<li>Benutzerdefinierte Call Flows automatisieren Anfragen &#038; Vorgehensweisen<\/li>\n<li>Keine Lizenzierung je Nebenstelle, unbeschr\u00e4nkt viele Nebenstellen<\/li>\n<li>Identifizierung von Anrufern mit Hilfe CRM-Integration<\/li>\n<\/ul>\n<h3>Fragen Sie mehr Infos und ein Produktangebot bei uns an. Selbstverst\u00e4ndlich stellen wir Ihnen auch eine vollst\u00e4ndige Leistungs\u00fcbersicht zur Verf\u00fcgung.<\/h3>\n<p>[contact-form-7 id=&#8220;5&#8243; title=&#8220;Contact form 1&#8243;]<\/p>\n","protected":false},"excerpt":{"rendered":"<p>Wissen Sie die Vorgaben an Ihre neue 3CX Telefonanlage schon? Die aktuelle 3CX TK-Anlage vereinfacht die Unternehmensprozesse. Optimieren Sie Ihre Firma mit der neuen und flexiblen 3CX TK-Anlage. Eine 3CX TK-Anlage die ma\u00dfgeschneidert auf Ihre Anspr\u00fcche zugeschnitten ist und mit dem Unternehmen gro\u00df werden kann. Die neue Arbeitswelt die mobil unterwegs ist. Telefonieren Sie mit &hellip; <a href=\"https:\/\/www.kaelberer-online.de\/services\/telefonanlagen\/telefonanlage-kosten-3cx\/\" class=\"more-link\">Continue reading<span class=\"screen-reader-text\"> &#8222;TELEFONANLAGE KOSTEN 3CX Service Telefon 07164 90 97 00&#8220;<\/span><\/a><\/p>\n","protected":false},"author":2,"featured_media":215,"parent":26,"menu_order":0,"comment_status":"closed","ping_status":"closed","template":"","meta":{"footnotes":""},"class_list":["post-214","page","type-page","status-publish","has-post-thumbnail","hentry"],"_links":{"self":[{"href":"https:\/\/www.kaelberer-online.de\/services\/wp-json\/wp\/v2\/pages\/214","targetHints":{"allow":["GET"]}}],"collection":[{"href":"https:\/\/www.kaelberer-online.de\/services\/wp-json\/wp\/v2\/pages"}],"about":[{"href":"https:\/\/www.kaelberer-online.de\/services\/wp-json\/wp\/v2\/types\/page"}],"author":[{"embeddable":true,"href":"https:\/\/www.kaelberer-online.de\/services\/wp-json\/wp\/v2\/users\/2"}],"replies":[{"embeddable":true,"href":"https:\/\/www.kaelberer-online.de\/services\/wp-json\/wp\/v2\/comments?post=214"}],"version-history":[{"count":0,"href":"https:\/\/www.kaelberer-online.de\/services\/wp-json\/wp\/v2\/pages\/214\/revisions"}],"up":[{"embeddable":true,"href":"https:\/\/www.kaelberer-online.de\/services\/wp-json\/wp\/v2\/pages\/26"}],"wp:featuredmedia":[{"embeddable":true,"href":"https:\/\/www.kaelberer-online.de\/services\/wp-json\/wp\/v2\/media\/215"}],"wp:attachment":[{"href":"https:\/\/www.kaelberer-online.de\/services\/wp-json\/wp\/v2\/media?parent=214"}],"curies":[{"name":"wp","href":"https:\/\/api.w.org\/{rel}","templated":true}]}}