{"id":210,"date":"2022-02-06T07:44:24","date_gmt":"2022-02-06T07:44:24","guid":{"rendered":"https:\/\/kaelberer-online.de\/services\/?page_id=210"},"modified":"2022-02-06T07:44:24","modified_gmt":"2022-02-06T07:44:24","slug":"neue-telefonanlage-3cx","status":"publish","type":"page","link":"https:\/\/www.kaelberer-online.de\/services\/telefonanlagen\/neue-telefonanlage-3cx\/","title":{"rendered":"NEUE TELEFONANLAGE 3CX Beratung Tel. 07164 90 97 00"},"content":{"rendered":"<h2>\n<p>Kennen Sie die Anforderungen an Ihre neue <strong><strong>3CX<\/strong><\/strong> <strong><strong>TK-Anlage<\/strong><\/strong> schon?<\/p>\n<\/h2>\n<p><h3>Eine aktuelle <strong>3CX<\/strong> <strong>Telefonanlage<\/strong> vereinfacht Ihre Firmenprozesse. Optimieren Sie Ihr Unternehmen mit einer neusten und flexiblen <strong>3CX<\/strong> <strong>TK-Anlage<\/strong>. Eine <strong>3CX<\/strong> <strong>Telefonanlage<\/strong> die ma\u00dfgeschneidert auf Ihre Anspr\u00fcche zugeschnitten ist und mit dem Unternehmen wachsen kann.<\/h3>\n<\/p>\n<p>Die neue Arbeitswelt ist mobil unterwegs. Telefonieren Sie mit Ihrem Smartphone \u00fcber Ihre <strong>3CX<\/strong> <strong>TK-Anlage<\/strong> mit Ihren Kunden. Nat\u00fcrlich mit Ihrer Festnetz-Telefonnummer als Absender-Kennung. bewahren Sie die Privatsph\u00e4re und zeigen Sie Professionalit\u00e4t.<\/p>\n<p>Unsere <strong>3CX<\/strong> <strong>TK-Anlage<\/strong>n werden auch f\u00fcr mobiles arbeiten entwickelt. Als moderne Cloud <strong>3CX<\/strong> <strong>Telefonanlage<\/strong> oder auf Ihrer privaten Hardware hausintern gehostet. Eine Installation und die Verwaltung ist einfach. Sie bekommen dadurch eine sichere, zuverl\u00e4ssige wie auch vielseitige <strong>3CX<\/strong> <strong>Telefonanlage<\/strong>.<\/p>\n<h2>Gute Preise f\u00fcr Ihre brandneue 3CX <strong>TK-Anlage<\/strong><\/h2>\n<p>Ein tolles Preis- und Leistungsverh\u00e4ltnis. Richten Sie unbegrenzt viele Nebenstellen ein, immer exakt da wo Sie sie gerade w\u00fcnschen und sparen Sie Kosten.<\/p>\n<h2>Ermitteln Sie Ihre Anrufenden!<\/h2>\n<p>Bei Eingang eines Anrufs genau wissen wer gerade anruft. Infos sind alles. F\u00fcr Angestellte sowie die Gesch\u00e4ftsf\u00fchrung. Somit wissen Sie pr\u00e4zise was l\u00e4uft. W\u00e4hlen Sie mit einem trivialen Klick aus dem CRM oder Ihrer Business Software jede Telefonnummer.<\/p>\n<p>W\u00e4re es nicht gro\u00dfartig, wenn Sie von einer zentralen Oberfl\u00e4che heraus alle Anrufe t\u00e4tigen, empfangen wie auch bearbeiten oder aber den Status Ihrer Mitarbeiter in Erfahrung bringen, eingehende Livechat-News beantworten und Videoanrufe f\u00fchren k\u00f6nnten? Mit dem Webclient als Softphone sowie der Windows Desktop Applikation ist alles das und noch jede Menge mehr machbar.<\/p>\n<h2>MS 365 Verzahnung<\/h2>\n<p>Benutzt Ihr Unternehmen MS 365? Dann verbinden Sie dieses direkt mit der <strong>3CX<\/strong> <strong>Telefonanlage<\/strong> und kombinieren Sie jegliche Vorz\u00fcge beider Systeme! Benutzer k\u00f6nnen nahtlos mit beiden Apps arbeiten, Kontakte bearbeiten und Vorgehensweisen verschlanken, um ihre Effektivit\u00e4t zu steigern und Auftraggeber zu inspirieren. <\/p>\n<h2>Kontakte mit Ihrem <strong>3CX<\/strong> Telefonbuch synchronisieren<\/h2>\n<ol>\n<li>Aktualisierung gemeinschaftlicher Mailbox-Kontakte mit dem <strong>3CX<\/strong>-Telefonbuch<\/li>\n<li>Anruf synchronisierter Kontakte per Webclient oder portabler Apps<\/li>\n<li>App-\u00fcbergreifende Verwaltung s\u00e4mtlicher Kontakte in MS 365<\/li>\n<\/ol>\n<h2>Microsoft Teams Telefonie-Zusammenf\u00fchrung<\/h2>\n<ol>\n<li>Realisierung externer Telefongespr\u00e4che via <strong>3CX<\/strong> SIP-Trunks<\/li>\n<\/li>\n<li>Auswahl eines speziellen g\u00fcnstigen SIP-Dienstleisters Ihrer Gegend<\/li>\n<\/li>\n<\/ol>\n<h3>Unsere Techniker unterst\u00fctzen, beschaffen Hardware und Software, installieren, konfigurieren, nehmen in Betrieb und Supporten Ihre brandneue <strong>3CX<\/strong> <strong>Telefonanlage<\/strong>. Sie haben Fragen, oder m\u00f6chten die aktuelle Liste der Preise anfordern? Sie erreichen uns unter Telefon 07164 909700 sowie per Mail unter support@kaelberer-online.de<\/h3>\n<h2>Konnten wir Ihr Aufmerksamkeit wecken?<\/h2>\n<p>Unz\u00e4hlige weitere tolle Funktionen warten auf Sie.<\/p>\n<ul>\n<li>M\u00fcheloses Weiterleiten von Kunden an die korrekte Abteilung<\/li>\n<li>Lockdown-f\u00e4hig mit der kostenfreien Applikation f\u00fcr Web, iOS &#038; Android<\/li>\n<li>Verzicht auf teure Mobilanrufe zwischen Besch\u00e4ftigten sowie Kunden<\/li>\n<li>Zeitersparung mittels automatischer Bildschirmanzeige von Kundendaten<\/li>\n<li>Direkter Kontakt \u00fcber Anrufe, Video und Instant Messaging<\/li>\n<li>Unbegrenzte Zahl von Benutzern kostenlos in <strong>3CX<\/strong> enthalten<\/li>\n<li>Virtualisieren mit VMware, Hyper-V oder KVM<\/li>\n<li>Bereitstellung Ihrer Instanz bei einem Top-Cloud-Experten<\/li>\n<li>Zusammenf\u00fchrung von Website-Livechat, Facebook-Messaging und Kurznachrichten<\/li>\n<li>Kontrolle \u00fcber Ihre Telefonleitungen und Gespr\u00e4chskosten<\/li>\n<li>Zufriedene Klienten und weniger M\u00fchen f\u00fcr Ihre Arbeitnehmer<\/li>\n<li>Abfrage von Kunden- oder Fallnummern, um Agenten Zeit zu sparen<\/li>\n<li>Wechsel zwischen Sprach- sowie Video-Telefonaten mit einem Fingertipp<\/li>\n<li>Integrierte browserbasierte Videokonferenzen<\/li>\n<li>M\u00fcheloses Implementieren und Verwalten ohne Schulungsbedarf<\/li>\n<li>Zurverf\u00fcgungstellung per Google Marketplace, Amazon oder Azure<\/li>\n<li>Verbinden von remote Firmenb\u00fcros und interne Anrufkosten eliminieren<\/li>\n<li>Anrufweiterleitung aufbauend auf Kundennummer sowie Anfrage<\/li>\n<li>In Augenblicken Benutzer aktualisieren\/hinzuf\u00fcgen wie auch Mailboxen einrichten<\/li>\n<li>Einfache Skalierbarkeit der TK-Installation<\/li>\n<li>Tageszeit-basierte Anrufweiterleitung und Telefonumfragen<\/li>\n<li>Update des eigenen Status &#038; Einsicht der Personal-Verf\u00fcgbarkeit<\/li>\n<\/ul>\n<h3>Fragen Sie zus\u00e4tzliche Informationen sowie ein Produktangebot bei unserer Firma an. Gerne stellen wir Ihnen auch eine komplette Featureliste zur Verf\u00fcgung.<\/h3>\n<p>[contact-form-7 id=&#8220;5&#8243; title=&#8220;Contact form 1&#8243;]<\/p>\n","protected":false},"excerpt":{"rendered":"<p>Kennen Sie die Anforderungen an Ihre neue 3CX TK-Anlage schon? Eine aktuelle 3CX Telefonanlage vereinfacht Ihre Firmenprozesse. Optimieren Sie Ihr Unternehmen mit einer neusten und flexiblen 3CX TK-Anlage. Eine 3CX Telefonanlage die ma\u00dfgeschneidert auf Ihre Anspr\u00fcche zugeschnitten ist und mit dem Unternehmen wachsen kann. Die neue Arbeitswelt ist mobil unterwegs. Telefonieren Sie mit Ihrem Smartphone &hellip; <a href=\"https:\/\/www.kaelberer-online.de\/services\/telefonanlagen\/neue-telefonanlage-3cx\/\" class=\"more-link\">Continue reading<span class=\"screen-reader-text\"> &#8222;NEUE TELEFONANLAGE 3CX Beratung Tel. 07164 90 97 00&#8220;<\/span><\/a><\/p>\n","protected":false},"author":2,"featured_media":211,"parent":26,"menu_order":0,"comment_status":"closed","ping_status":"closed","template":"","meta":{"footnotes":""},"class_list":["post-210","page","type-page","status-publish","has-post-thumbnail","hentry"],"_links":{"self":[{"href":"https:\/\/www.kaelberer-online.de\/services\/wp-json\/wp\/v2\/pages\/210","targetHints":{"allow":["GET"]}}],"collection":[{"href":"https:\/\/www.kaelberer-online.de\/services\/wp-json\/wp\/v2\/pages"}],"about":[{"href":"https:\/\/www.kaelberer-online.de\/services\/wp-json\/wp\/v2\/types\/page"}],"author":[{"embeddable":true,"href":"https:\/\/www.kaelberer-online.de\/services\/wp-json\/wp\/v2\/users\/2"}],"replies":[{"embeddable":true,"href":"https:\/\/www.kaelberer-online.de\/services\/wp-json\/wp\/v2\/comments?post=210"}],"version-history":[{"count":0,"href":"https:\/\/www.kaelberer-online.de\/services\/wp-json\/wp\/v2\/pages\/210\/revisions"}],"up":[{"embeddable":true,"href":"https:\/\/www.kaelberer-online.de\/services\/wp-json\/wp\/v2\/pages\/26"}],"wp:featuredmedia":[{"embeddable":true,"href":"https:\/\/www.kaelberer-online.de\/services\/wp-json\/wp\/v2\/media\/211"}],"wp:attachment":[{"href":"https:\/\/www.kaelberer-online.de\/services\/wp-json\/wp\/v2\/media?parent=210"}],"curies":[{"name":"wp","href":"https:\/\/api.w.org\/{rel}","templated":true}]}}